{"id":9283,"date":"2023-07-03T10:38:51","date_gmt":"2023-07-03T10:38:51","guid":{"rendered":"https:\/\/labonacarn.com\/producte\/guisantes-y-patata-hervida-al-vacio-100-natural\/"},"modified":"2023-07-03T11:30:09","modified_gmt":"2023-07-03T11:30:09","slug":"guisantes-y-patata-hervida-100-natural","status":"publish","type":"product","link":"https:\/\/labonacarn.com\/es\/producte\/guisantes-y-patata-hervida-100-natural\/","title":{"rendered":"Guisantes y patata hervida al vac\u00edo 100% natural"},"content":{"rendered":"<h4>Guisantes y patata hervida al vac\u00edo 100% natural<\/h4>\n<p>Te presentamos un buen plato de guisantes y patata hervida, envasado al vac\u00edo, con un peso neto de 250 grs. Como ingredientes principales contiene guisantes, patata y sal. No lleva ning\u00fan otro a\u00f1adido.<\/p>\n<h4>Listo en dos minutos<\/h4>\n<p>Para poder comer este producto, tienes que perforar el envase y calentarlo en el microondas durante dos minutos a 700w de potencia.<br \/>\nPasado este tiempo, corta el envase, saca el agua y ya lo puedes emplatar.<br \/>\nCuando te entregamos este producto, lo tienes que guardar siempre en una temperatura entre 0 i 3\u00ba grados. Si lo deseas tambi\u00e9n lo puedes congelar.<br \/>\nComo siempre, es un producto totalmente natural y apto para todo el mundo.<\/p>\n","protected":false},"excerpt":{"rendered":"<h4>Un buen plato de guisantes y patatas en dos minutos !!!<\/h4>\n","protected":false},"featured_media":9280,"template":"","meta":{"_acf_changed":false,"_joinchat":[]},"product_brand":[],"product_cat":[103,68,65,105,104],"product_tag":[188,189,210],"class_list":{"0":"post-9283","1":"product","2":"type-product","3":"status-publish","4":"has-post-thumbnail","6":"product_cat-hago-deporte","7":"product_cat-hago-dieta","8":"product_cat-la-despensa","9":"product_cat-no-quiero-cocinar","10":"product_cat-para-los-reyes-de-la-casa","11":"product_tag-calidad-es","12":"product_tag-no-quiero-cocinar","13":"product_tag-verdura-es","15":"first","16":"instock","17":"taxable","18":"shipping-taxable","19":"purchasable","20":"product-type-simple"},"acf":[],"yoast_head":"<!-- This site is optimized with the Yoast SEO plugin v27.4 - https:\/\/yoast.com\/product\/yoast-seo-wordpress\/ -->\n<title>Guisantes y patata hervida al vac\u00edo 100% natural - labonacarn.com<\/title>\n<meta name=\"description\" content=\"Guisantes con patata hervida al vac\u00edo, 100% natural, sin ning\u00fan otro a\u00f1adido. Un plato que lo puedes calentar en el microondas y comerlo en dos minutos !!!\" \/>\n<meta name=\"robots\" content=\"index, follow, max-snippet:-1, max-image-preview:large, max-video-preview:-1\" \/>\n<link rel=\"canonical\" href=\"https:\/\/labonacarn.com\/es\/producte\/guisantes-y-patata-hervida-100-natural\/\" \/>\n<meta property=\"og:locale\" content=\"es_ES\" \/>\n<meta property=\"og:type\" content=\"article\" \/>\n<meta property=\"og:title\" content=\"Guisantes y patata hervida al vac\u00edo 100% natural - labonacarn.com\" \/>\n<meta property=\"og:description\" content=\"Guisantes con patata hervida al vac\u00edo, 100% natural, sin ning\u00fan otro a\u00f1adido. Un plato que lo puedes calentar en el microondas y comerlo en dos minutos !!!\" \/>\n<meta property=\"og:url\" content=\"https:\/\/labonacarn.com\/es\/producte\/guisantes-y-patata-hervida-100-natural\/\" \/>\n<meta property=\"og:site_name\" content=\"labonacarn.com\" \/>\n<meta property=\"article:modified_time\" content=\"2023-07-03T11:30:09+00:00\" \/>\n<meta property=\"og:image\" content=\"https:\/\/labonacarn.com\/wp-content\/uploads\/2023\/07\/IMG20230617122009-scaled.jpg\" \/>\n\t<meta property=\"og:image:width\" content=\"2560\" \/>\n\t<meta property=\"og:image:height\" content=\"1920\" \/>\n\t<meta property=\"og:image:type\" content=\"image\/jpeg\" \/>\n<meta name=\"twitter:card\" content=\"summary_large_image\" \/>\n<meta name=\"twitter:label1\" content=\"Tiempo de lectura\" \/>\n\t<meta name=\"twitter:data1\" content=\"1 minuto\" \/>\n<script type=\"application\/ld+json\" class=\"yoast-schema-graph\">{\"@context\":\"https:\\\/\\\/schema.org\",\"@graph\":[{\"@type\":\"WebPage\",\"@id\":\"https:\\\/\\\/labonacarn.com\\\/es\\\/producte\\\/guisantes-y-patata-hervida-100-natural\\\/\",\"url\":\"https:\\\/\\\/labonacarn.com\\\/es\\\/producte\\\/guisantes-y-patata-hervida-100-natural\\\/\",\"name\":\"Guisantes y patata hervida al vac\u00edo 100% natural - labonacarn.com\",\"isPartOf\":{\"@id\":\"https:\\\/\\\/labonacarn.com\\\/es\\\/#website\"},\"primaryImageOfPage\":{\"@id\":\"https:\\\/\\\/labonacarn.com\\\/es\\\/producte\\\/guisantes-y-patata-hervida-100-natural\\\/#primaryimage\"},\"image\":{\"@id\":\"https:\\\/\\\/labonacarn.com\\\/es\\\/producte\\\/guisantes-y-patata-hervida-100-natural\\\/#primaryimage\"},\"thumbnailUrl\":\"https:\\\/\\\/labonacarn.com\\\/wp-content\\\/uploads\\\/2023\\\/07\\\/IMG20230617122009-scaled.jpg\",\"datePublished\":\"2023-07-03T10:38:51+00:00\",\"dateModified\":\"2023-07-03T11:30:09+00:00\",\"description\":\"Guisantes con patata hervida al vac\u00edo, 100% natural, sin ning\u00fan otro a\u00f1adido. Un plato que lo puedes calentar en el microondas y comerlo en dos minutos !!!\",\"breadcrumb\":{\"@id\":\"https:\\\/\\\/labonacarn.com\\\/es\\\/producte\\\/guisantes-y-patata-hervida-100-natural\\\/#breadcrumb\"},\"inLanguage\":\"es\",\"potentialAction\":[{\"@type\":\"ReadAction\",\"target\":[\"https:\\\/\\\/labonacarn.com\\\/es\\\/producte\\\/guisantes-y-patata-hervida-100-natural\\\/\"]}]},{\"@type\":\"ImageObject\",\"inLanguage\":\"es\",\"@id\":\"https:\\\/\\\/labonacarn.com\\\/es\\\/producte\\\/guisantes-y-patata-hervida-100-natural\\\/#primaryimage\",\"url\":\"https:\\\/\\\/labonacarn.com\\\/wp-content\\\/uploads\\\/2023\\\/07\\\/IMG20230617122009-scaled.jpg\",\"contentUrl\":\"https:\\\/\\\/labonacarn.com\\\/wp-content\\\/uploads\\\/2023\\\/07\\\/IMG20230617122009-scaled.jpg\",\"width\":2560,\"height\":1920,\"caption\":\"Guisantes y patata hervida\"},{\"@type\":\"BreadcrumbList\",\"@id\":\"https:\\\/\\\/labonacarn.com\\\/es\\\/producte\\\/guisantes-y-patata-hervida-100-natural\\\/#breadcrumb\",\"itemListElement\":[{\"@type\":\"ListItem\",\"position\":1,\"name\":\"Portada\",\"item\":\"https:\\\/\\\/labonacarn.com\\\/es\\\/\"},{\"@type\":\"ListItem\",\"position\":2,\"name\":\"Tienda\",\"item\":\"https:\\\/\\\/labonacarn.com\\\/es\\\/tienda\\\/\"},{\"@type\":\"ListItem\",\"position\":3,\"name\":\"Guisantes y patata hervida al vac\u00edo 100% natural\"}]},{\"@type\":\"WebSite\",\"@id\":\"https:\\\/\\\/labonacarn.com\\\/es\\\/#website\",\"url\":\"https:\\\/\\\/labonacarn.com\\\/es\\\/\",\"name\":\"labonacarn.com\",\"description\":\"Venem carn de vedella, porc, pollastre, xai, poltre, gall dindi i embotits de primera qualitat i fets per nosaltres.\",\"potentialAction\":[{\"@type\":\"SearchAction\",\"target\":{\"@type\":\"EntryPoint\",\"urlTemplate\":\"https:\\\/\\\/labonacarn.com\\\/es\\\/?s={search_term_string}\"},\"query-input\":{\"@type\":\"PropertyValueSpecification\",\"valueRequired\":true,\"valueName\":\"search_term_string\"}}],\"inLanguage\":\"es\"}]}<\/script>\n<!-- \/ Yoast SEO plugin. -->","yoast_head_json":{"title":"Guisantes y patata hervida al vac\u00edo 100% natural - labonacarn.com","description":"Guisantes con patata hervida al vac\u00edo, 100% natural, sin ning\u00fan otro a\u00f1adido. Un plato que lo puedes calentar en el microondas y comerlo en dos minutos !!!","robots":{"index":"index","follow":"follow","max-snippet":"max-snippet:-1","max-image-preview":"max-image-preview:large","max-video-preview":"max-video-preview:-1"},"canonical":"https:\/\/labonacarn.com\/es\/producte\/guisantes-y-patata-hervida-100-natural\/","og_locale":"es_ES","og_type":"article","og_title":"Guisantes y patata hervida al vac\u00edo 100% natural - labonacarn.com","og_description":"Guisantes con patata hervida al vac\u00edo, 100% natural, sin ning\u00fan otro a\u00f1adido. Un plato que lo puedes calentar en el microondas y comerlo en dos minutos !!!","og_url":"https:\/\/labonacarn.com\/es\/producte\/guisantes-y-patata-hervida-100-natural\/","og_site_name":"labonacarn.com","article_modified_time":"2023-07-03T11:30:09+00:00","og_image":[{"width":2560,"height":1920,"url":"https:\/\/labonacarn.com\/wp-content\/uploads\/2023\/07\/IMG20230617122009-scaled.jpg","type":"image\/jpeg"}],"twitter_card":"summary_large_image","twitter_misc":{"Tiempo de lectura":"1 minuto"},"schema":{"@context":"https:\/\/schema.org","@graph":[{"@type":"WebPage","@id":"https:\/\/labonacarn.com\/es\/producte\/guisantes-y-patata-hervida-100-natural\/","url":"https:\/\/labonacarn.com\/es\/producte\/guisantes-y-patata-hervida-100-natural\/","name":"Guisantes y patata hervida al vac\u00edo 100% natural - labonacarn.com","isPartOf":{"@id":"https:\/\/labonacarn.com\/es\/#website"},"primaryImageOfPage":{"@id":"https:\/\/labonacarn.com\/es\/producte\/guisantes-y-patata-hervida-100-natural\/#primaryimage"},"image":{"@id":"https:\/\/labonacarn.com\/es\/producte\/guisantes-y-patata-hervida-100-natural\/#primaryimage"},"thumbnailUrl":"https:\/\/labonacarn.com\/wp-content\/uploads\/2023\/07\/IMG20230617122009-scaled.jpg","datePublished":"2023-07-03T10:38:51+00:00","dateModified":"2023-07-03T11:30:09+00:00","description":"Guisantes con patata hervida al vac\u00edo, 100% natural, sin ning\u00fan otro a\u00f1adido. Un plato que lo puedes calentar en el microondas y comerlo en dos minutos !!!","breadcrumb":{"@id":"https:\/\/labonacarn.com\/es\/producte\/guisantes-y-patata-hervida-100-natural\/#breadcrumb"},"inLanguage":"es","potentialAction":[{"@type":"ReadAction","target":["https:\/\/labonacarn.com\/es\/producte\/guisantes-y-patata-hervida-100-natural\/"]}]},{"@type":"ImageObject","inLanguage":"es","@id":"https:\/\/labonacarn.com\/es\/producte\/guisantes-y-patata-hervida-100-natural\/#primaryimage","url":"https:\/\/labonacarn.com\/wp-content\/uploads\/2023\/07\/IMG20230617122009-scaled.jpg","contentUrl":"https:\/\/labonacarn.com\/wp-content\/uploads\/2023\/07\/IMG20230617122009-scaled.jpg","width":2560,"height":1920,"caption":"Guisantes y patata hervida"},{"@type":"BreadcrumbList","@id":"https:\/\/labonacarn.com\/es\/producte\/guisantes-y-patata-hervida-100-natural\/#breadcrumb","itemListElement":[{"@type":"ListItem","position":1,"name":"Portada","item":"https:\/\/labonacarn.com\/es\/"},{"@type":"ListItem","position":2,"name":"Tienda","item":"https:\/\/labonacarn.com\/es\/tienda\/"},{"@type":"ListItem","position":3,"name":"Guisantes y patata hervida al vac\u00edo 100% natural"}]},{"@type":"WebSite","@id":"https:\/\/labonacarn.com\/es\/#website","url":"https:\/\/labonacarn.com\/es\/","name":"labonacarn.com","description":"Venem carn de vedella, porc, pollastre, xai, poltre, gall dindi i embotits de primera qualitat i fets per nosaltres.","potentialAction":[{"@type":"SearchAction","target":{"@type":"EntryPoint","urlTemplate":"https:\/\/labonacarn.com\/es\/?s={search_term_string}"},"query-input":{"@type":"PropertyValueSpecification","valueRequired":true,"valueName":"search_term_string"}}],"inLanguage":"es"}]}},"_links":{"self":[{"href":"https:\/\/labonacarn.com\/es\/wp-json\/wp\/v2\/product\/9283","targetHints":{"allow":["GET"]}}],"collection":[{"href":"https:\/\/labonacarn.com\/es\/wp-json\/wp\/v2\/product"}],"about":[{"href":"https:\/\/labonacarn.com\/es\/wp-json\/wp\/v2\/types\/product"}],"wp:featuredmedia":[{"embeddable":true,"href":"https:\/\/labonacarn.com\/es\/wp-json\/wp\/v2\/media\/9280"}],"wp:attachment":[{"href":"https:\/\/labonacarn.com\/es\/wp-json\/wp\/v2\/media?parent=9283"}],"wp:term":[{"taxonomy":"product_brand","embeddable":true,"href":"https:\/\/labonacarn.com\/es\/wp-json\/wp\/v2\/product_brand?post=9283"},{"taxonomy":"product_cat","embeddable":true,"href":"https:\/\/labonacarn.com\/es\/wp-json\/wp\/v2\/product_cat?post=9283"},{"taxonomy":"product_tag","embeddable":true,"href":"https:\/\/labonacarn.com\/es\/wp-json\/wp\/v2\/product_tag?post=9283"}],"curies":[{"name":"wp","href":"https:\/\/api.w.org\/{rel}","templated":true}]}}