{"id":8398,"date":"2023-03-20T11:46:45","date_gmt":"2023-03-20T10:46:45","guid":{"rendered":"https:\/\/labonacarn.com\/producte\/tagliatella-con-crema-de-verduras-2-personas\/"},"modified":"2023-04-16T08:02:56","modified_gmt":"2023-04-16T08:02:56","slug":"tagliatelle-con-crema-de-verduras-2-personas","status":"publish","type":"product","link":"https:\/\/labonacarn.com\/es\/producte\/tagliatelle-con-crema-de-verduras-2-personas\/","title":{"rendered":"Tagliatelle con crema de verduras (2 personas)"},"content":{"rendered":"<h2>Tagliatelle con crema de verduras para dos personas.<\/h2>\n<p>Un buen plato de pasta fresqu\u00edsima y amenizada con nuestra crema de verduras. Como ingredientes principales tenemos pasta, nata, calabac\u00edn, cebolla, champi\u00f1\u00f3n, puerro, zanahoria, aceite de oliva, sal y especias, y aceite de girasol. Lleva gluten y la servimos envasada en caja con una caducidad de 10 d\u00edas sin congelar.<br \/>\nEnvasada en atm\u00f3sfera protectora. Conservar entre 0-3\u00baC.<\/p>\n<h3>M\u00e9todo de preparaci\u00f3n<\/h3>\n<p>La podemos calentar en el microondas, debemos perforar el envase, 2-3min a 700w, o bien en el horno en otro envase durante 4m a 160\u00ba o bien en una sart\u00e9n o cazuela a fuego medio durante 3-4min.<\/p>\n<h3>Valores nutricionales por 100 grs<\/h3>\n<p>Valor energ\u00e9tico:189 kcal.<br \/>\nGrasas: 9&#8217;3 g<br \/>\n(de las cuales saturadas 3&#8217;2g.)<br \/>\nHidratos de carbono: 23g<br \/>\n(de los cuales az\u00facares: 1&#8217;6g)<br \/>\nProteinas: 4&#8217;2g<br \/>\nSal:1&#8217;6g<\/p>\n<p>&nbsp;<\/p>\n<p>&nbsp;<\/p>\n","protected":false},"excerpt":{"rendered":"<h3>Un buen plato de pasta fresqu\u00edsima y amenizada con nuestra crema de verduras.<\/h3>\n","protected":false},"featured_media":8394,"template":"","meta":{"_acf_changed":false,"_joinchat":[]},"product_brand":[],"product_cat":[65,105,104,106],"product_tag":[188,189],"class_list":{"0":"post-8398","1":"product","2":"type-product","3":"status-publish","4":"has-post-thumbnail","6":"product_cat-la-despensa","7":"product_cat-no-quiero-cocinar","8":"product_cat-para-los-reyes-de-la-casa","9":"product_cat-tengo-invitados","10":"product_tag-calidad-es","11":"product_tag-no-quiero-cocinar","13":"first","14":"outofstock","15":"taxable","16":"shipping-taxable","17":"purchasable","18":"product-type-simple"},"acf":[],"yoast_head":"<!-- This site is optimized with the Yoast SEO plugin v27.5 - https:\/\/yoast.com\/product\/yoast-seo-wordpress\/ -->\n<title>Tagliatelle con crema de verduras (2 personas) - labonacarn.com<\/title>\n<meta name=\"description\" content=\"Tagliatelle con crema de verduras, un buen plato de pasta fresqu\u00edsima y acompa\u00f1ada de nuestra crema de verduras, no es apta para cel\u00edacos.\" \/>\n<meta name=\"robots\" content=\"index, follow, max-snippet:-1, max-image-preview:large, max-video-preview:-1\" \/>\n<link rel=\"canonical\" href=\"https:\/\/labonacarn.com\/es\/producte\/tagliatelle-con-crema-de-verduras-2-personas\/\" \/>\n<meta property=\"og:locale\" content=\"es_ES\" \/>\n<meta property=\"og:type\" content=\"article\" \/>\n<meta property=\"og:title\" content=\"Tagliatella con crema de verduras para dos personas.\" \/>\n<meta property=\"og:description\" content=\"Un buen plato de pasta fresqu\u00edsima y amenizada con nuestra crema de verduras. No es apto para cel\u00edacos\" \/>\n<meta property=\"og:url\" content=\"https:\/\/labonacarn.com\/es\/producte\/tagliatelle-con-crema-de-verduras-2-personas\/\" \/>\n<meta property=\"og:site_name\" content=\"labonacarn.com\" \/>\n<meta property=\"article:modified_time\" content=\"2023-04-16T08:02:56+00:00\" \/>\n<meta property=\"og:image\" content=\"https:\/\/labonacarn.com\/wp-content\/uploads\/2023\/03\/IMG20230319151240-1024x768.jpg\" \/>\n<meta name=\"twitter:card\" content=\"summary_large_image\" \/>\n<meta name=\"twitter:title\" content=\"Tagliatella con crema de verduras para dos personas.\" \/>\n<meta name=\"twitter:description\" content=\"Un buen plato de pasta fresqu\u00edsima y amenizada con nuestra crema de verduras. No es apto para cel\u00edacos.\" \/>\n<meta name=\"twitter:image\" content=\"https:\/\/labonacarn.com\/wp-content\/uploads\/2023\/03\/IMG20230319151157-1024x768.jpg\" \/>\n<meta name=\"twitter:label1\" content=\"Tiempo de lectura\" \/>\n\t<meta name=\"twitter:data1\" content=\"1 minuto\" \/>\n<script type=\"application\/ld+json\" class=\"yoast-schema-graph\">{\"@context\":\"https:\\\/\\\/schema.org\",\"@graph\":[{\"@type\":\"WebPage\",\"@id\":\"https:\\\/\\\/labonacarn.com\\\/es\\\/producte\\\/tagliatelle-con-crema-de-verduras-2-personas\\\/\",\"url\":\"https:\\\/\\\/labonacarn.com\\\/es\\\/producte\\\/tagliatelle-con-crema-de-verduras-2-personas\\\/\",\"name\":\"Tagliatelle con crema de verduras (2 personas) - labonacarn.com\",\"isPartOf\":{\"@id\":\"https:\\\/\\\/labonacarn.com\\\/es\\\/#website\"},\"primaryImageOfPage\":{\"@id\":\"https:\\\/\\\/labonacarn.com\\\/es\\\/producte\\\/tagliatelle-con-crema-de-verduras-2-personas\\\/#primaryimage\"},\"image\":{\"@id\":\"https:\\\/\\\/labonacarn.com\\\/es\\\/producte\\\/tagliatelle-con-crema-de-verduras-2-personas\\\/#primaryimage\"},\"thumbnailUrl\":\"https:\\\/\\\/labonacarn.com\\\/wp-content\\\/uploads\\\/2023\\\/03\\\/IMG20230319151157-scaled.jpg\",\"datePublished\":\"2023-03-20T10:46:45+00:00\",\"dateModified\":\"2023-04-16T08:02:56+00:00\",\"description\":\"Tagliatelle con crema de verduras, un buen plato de pasta fresqu\u00edsima y acompa\u00f1ada de nuestra crema de verduras, no es apta para cel\u00edacos.\",\"breadcrumb\":{\"@id\":\"https:\\\/\\\/labonacarn.com\\\/es\\\/producte\\\/tagliatelle-con-crema-de-verduras-2-personas\\\/#breadcrumb\"},\"inLanguage\":\"es\",\"potentialAction\":[{\"@type\":\"ReadAction\",\"target\":[\"https:\\\/\\\/labonacarn.com\\\/es\\\/producte\\\/tagliatelle-con-crema-de-verduras-2-personas\\\/\"]}]},{\"@type\":\"ImageObject\",\"inLanguage\":\"es\",\"@id\":\"https:\\\/\\\/labonacarn.com\\\/es\\\/producte\\\/tagliatelle-con-crema-de-verduras-2-personas\\\/#primaryimage\",\"url\":\"https:\\\/\\\/labonacarn.com\\\/wp-content\\\/uploads\\\/2023\\\/03\\\/IMG20230319151157-scaled.jpg\",\"contentUrl\":\"https:\\\/\\\/labonacarn.com\\\/wp-content\\\/uploads\\\/2023\\\/03\\\/IMG20230319151157-scaled.jpg\",\"width\":2560,\"height\":1920,\"caption\":\"Tagliatella con crema de verduras\"},{\"@type\":\"BreadcrumbList\",\"@id\":\"https:\\\/\\\/labonacarn.com\\\/es\\\/producte\\\/tagliatelle-con-crema-de-verduras-2-personas\\\/#breadcrumb\",\"itemListElement\":[{\"@type\":\"ListItem\",\"position\":1,\"name\":\"Portada\",\"item\":\"https:\\\/\\\/labonacarn.com\\\/es\\\/\"},{\"@type\":\"ListItem\",\"position\":2,\"name\":\"Tienda\",\"item\":\"https:\\\/\\\/labonacarn.com\\\/es\\\/tienda\\\/\"},{\"@type\":\"ListItem\",\"position\":3,\"name\":\"Tagliatelle con crema de verduras (2 personas)\"}]},{\"@type\":\"WebSite\",\"@id\":\"https:\\\/\\\/labonacarn.com\\\/es\\\/#website\",\"url\":\"https:\\\/\\\/labonacarn.com\\\/es\\\/\",\"name\":\"labonacarn.com\",\"description\":\"Venem carn de vedella, porc, pollastre, xai, poltre, gall dindi i embotits de primera qualitat i fets per nosaltres.\",\"potentialAction\":[{\"@type\":\"SearchAction\",\"target\":{\"@type\":\"EntryPoint\",\"urlTemplate\":\"https:\\\/\\\/labonacarn.com\\\/es\\\/?s={search_term_string}\"},\"query-input\":{\"@type\":\"PropertyValueSpecification\",\"valueRequired\":true,\"valueName\":\"search_term_string\"}}],\"inLanguage\":\"es\"}]}<\/script>\n<!-- \/ Yoast SEO plugin. -->","yoast_head_json":{"title":"Tagliatelle con crema de verduras (2 personas) - labonacarn.com","description":"Tagliatelle con crema de verduras, un buen plato de pasta fresqu\u00edsima y acompa\u00f1ada de nuestra crema de verduras, no es apta para cel\u00edacos.","robots":{"index":"index","follow":"follow","max-snippet":"max-snippet:-1","max-image-preview":"max-image-preview:large","max-video-preview":"max-video-preview:-1"},"canonical":"https:\/\/labonacarn.com\/es\/producte\/tagliatelle-con-crema-de-verduras-2-personas\/","og_locale":"es_ES","og_type":"article","og_title":"Tagliatella con crema de verduras para dos personas.","og_description":"Un buen plato de pasta fresqu\u00edsima y amenizada con nuestra crema de verduras. No es apto para cel\u00edacos","og_url":"https:\/\/labonacarn.com\/es\/producte\/tagliatelle-con-crema-de-verduras-2-personas\/","og_site_name":"labonacarn.com","article_modified_time":"2023-04-16T08:02:56+00:00","og_image":[{"url":"https:\/\/labonacarn.com\/wp-content\/uploads\/2023\/03\/IMG20230319151240-1024x768.jpg","type":"","width":"","height":""}],"twitter_card":"summary_large_image","twitter_title":"Tagliatella con crema de verduras para dos personas.","twitter_description":"Un buen plato de pasta fresqu\u00edsima y amenizada con nuestra crema de verduras. No es apto para cel\u00edacos.","twitter_image":"https:\/\/labonacarn.com\/wp-content\/uploads\/2023\/03\/IMG20230319151157-1024x768.jpg","twitter_misc":{"Tiempo de lectura":"1 minuto"},"schema":{"@context":"https:\/\/schema.org","@graph":[{"@type":"WebPage","@id":"https:\/\/labonacarn.com\/es\/producte\/tagliatelle-con-crema-de-verduras-2-personas\/","url":"https:\/\/labonacarn.com\/es\/producte\/tagliatelle-con-crema-de-verduras-2-personas\/","name":"Tagliatelle con crema de verduras (2 personas) - labonacarn.com","isPartOf":{"@id":"https:\/\/labonacarn.com\/es\/#website"},"primaryImageOfPage":{"@id":"https:\/\/labonacarn.com\/es\/producte\/tagliatelle-con-crema-de-verduras-2-personas\/#primaryimage"},"image":{"@id":"https:\/\/labonacarn.com\/es\/producte\/tagliatelle-con-crema-de-verduras-2-personas\/#primaryimage"},"thumbnailUrl":"https:\/\/labonacarn.com\/wp-content\/uploads\/2023\/03\/IMG20230319151157-scaled.jpg","datePublished":"2023-03-20T10:46:45+00:00","dateModified":"2023-04-16T08:02:56+00:00","description":"Tagliatelle con crema de verduras, un buen plato de pasta fresqu\u00edsima y acompa\u00f1ada de nuestra crema de verduras, no es apta para cel\u00edacos.","breadcrumb":{"@id":"https:\/\/labonacarn.com\/es\/producte\/tagliatelle-con-crema-de-verduras-2-personas\/#breadcrumb"},"inLanguage":"es","potentialAction":[{"@type":"ReadAction","target":["https:\/\/labonacarn.com\/es\/producte\/tagliatelle-con-crema-de-verduras-2-personas\/"]}]},{"@type":"ImageObject","inLanguage":"es","@id":"https:\/\/labonacarn.com\/es\/producte\/tagliatelle-con-crema-de-verduras-2-personas\/#primaryimage","url":"https:\/\/labonacarn.com\/wp-content\/uploads\/2023\/03\/IMG20230319151157-scaled.jpg","contentUrl":"https:\/\/labonacarn.com\/wp-content\/uploads\/2023\/03\/IMG20230319151157-scaled.jpg","width":2560,"height":1920,"caption":"Tagliatella con crema de verduras"},{"@type":"BreadcrumbList","@id":"https:\/\/labonacarn.com\/es\/producte\/tagliatelle-con-crema-de-verduras-2-personas\/#breadcrumb","itemListElement":[{"@type":"ListItem","position":1,"name":"Portada","item":"https:\/\/labonacarn.com\/es\/"},{"@type":"ListItem","position":2,"name":"Tienda","item":"https:\/\/labonacarn.com\/es\/tienda\/"},{"@type":"ListItem","position":3,"name":"Tagliatelle con crema de verduras (2 personas)"}]},{"@type":"WebSite","@id":"https:\/\/labonacarn.com\/es\/#website","url":"https:\/\/labonacarn.com\/es\/","name":"labonacarn.com","description":"Venem carn de vedella, porc, pollastre, xai, poltre, gall dindi i embotits de primera qualitat i fets per nosaltres.","potentialAction":[{"@type":"SearchAction","target":{"@type":"EntryPoint","urlTemplate":"https:\/\/labonacarn.com\/es\/?s={search_term_string}"},"query-input":{"@type":"PropertyValueSpecification","valueRequired":true,"valueName":"search_term_string"}}],"inLanguage":"es"}]}},"_links":{"self":[{"href":"https:\/\/labonacarn.com\/es\/wp-json\/wp\/v2\/product\/8398","targetHints":{"allow":["GET"]}}],"collection":[{"href":"https:\/\/labonacarn.com\/es\/wp-json\/wp\/v2\/product"}],"about":[{"href":"https:\/\/labonacarn.com\/es\/wp-json\/wp\/v2\/types\/product"}],"wp:featuredmedia":[{"embeddable":true,"href":"https:\/\/labonacarn.com\/es\/wp-json\/wp\/v2\/media\/8394"}],"wp:attachment":[{"href":"https:\/\/labonacarn.com\/es\/wp-json\/wp\/v2\/media?parent=8398"}],"wp:term":[{"taxonomy":"product_brand","embeddable":true,"href":"https:\/\/labonacarn.com\/es\/wp-json\/wp\/v2\/product_brand?post=8398"},{"taxonomy":"product_cat","embeddable":true,"href":"https:\/\/labonacarn.com\/es\/wp-json\/wp\/v2\/product_cat?post=8398"},{"taxonomy":"product_tag","embeddable":true,"href":"https:\/\/labonacarn.com\/es\/wp-json\/wp\/v2\/product_tag?post=8398"}],"curies":[{"name":"wp","href":"https:\/\/api.w.org\/{rel}","templated":true}]}}