{"id":8376,"date":"2023-03-19T12:03:22","date_gmt":"2023-03-19T11:03:22","guid":{"rendered":"https:\/\/labonacarn.com\/producte\/churrasco-black-angus-ecologico-500-grs\/"},"modified":"2025-10-21T16:47:18","modified_gmt":"2025-10-21T14:47:18","slug":"churrasco-black-angus-ecologico","status":"publish","type":"product","link":"https:\/\/labonacarn.com\/es\/producte\/churrasco-black-angus-ecologico\/","title":{"rendered":"Churrasco ternera ecol\u00f3gica  (500 grs)"},"content":{"rendered":"<h2>Churrasco ternera ecol\u00f3gica<\/h2>\n<p>Se trata de tiras de carne que provienen de cortar de forma perpendicular las costillas de la ternera. Es ternera de la raza bruna del Pinineo, cosa que hace que su sabor y ternura nos de una carne de alt\u00edssima calidad.<br \/>\nLlevan consigo la parte de hueso Es un corte t\u00edpico de las tierras de Sudam\u00e9rica (Argentina, Brasil, Paraguai) y es muy adecuado para barbacoas. Nuestros invitados quedaran maravillados con esta carne !!! Aqu\u00ed las podemos cocinar a la barbacoa o al horno. No obstante, las hemos cocinado en las nuevas freidoras sin aceite y el resultado tambi\u00e9n es magn\u00edfico. Las servimos envasadas al vac\u00edo, sin ning\u00fan otro a\u00f1adido, ni conservante ni colorante. Es por ello que son aptas para todo el mundo.<br \/>\nRecuerda que al estar envasadas al vac\u00edo, las podemos mantener durante 5 d\u00edas en la nevera. Pasado este tiempo, o la cocinamos o las congelamos.<\/p>\n","protected":false},"excerpt":{"rendered":"<p>Una de las mejores partes de la ternera y al mismo tiempo muy econ\u00f3mica. Carne de alt\u00edsima calidad !!!<\/p>\n","protected":false},"featured_media":8888,"template":"","meta":{"_acf_changed":false,"_joinchat":[]},"product_brand":[],"product_cat":[63,95],"product_tag":[199,200],"class_list":{"0":"post-8376","1":"product","2":"type-product","3":"status-publish","4":"has-post-thumbnail","6":"product_cat-carne","7":"product_cat-carne-ecologica","8":"product_tag-black-angus-es","9":"product_tag-ecologica-es","11":"first","12":"instock","13":"taxable","14":"shipping-taxable","15":"purchasable","16":"product-type-simple"},"acf":[],"yoast_head":"<!-- This site is optimized with the Yoast SEO plugin v27.4 - https:\/\/yoast.com\/product\/yoast-seo-wordpress\/ -->\n<title>Churrasco ternera ecol\u00f3gica (500 grs) - labonacarn.com<\/title>\n<meta name=\"description\" content=\"Churrasco de ternera ecol\u00f3gica: una de las mejores partes de la ternera para nuestro gusto, muy tierna, sabrosa y ecol\u00f3gica. Una excelente carne !!!\" \/>\n<meta name=\"robots\" content=\"index, follow, max-snippet:-1, max-image-preview:large, max-video-preview:-1\" \/>\n<link rel=\"canonical\" href=\"https:\/\/labonacarn.com\/es\/producte\/churrasco-black-angus-ecologico\/\" \/>\n<meta property=\"og:locale\" content=\"es_ES\" \/>\n<meta property=\"og:type\" content=\"article\" \/>\n<meta property=\"og:title\" content=\"Churrasco ternera ecol\u00f3gica (500 grs) - labonacarn.com\" \/>\n<meta property=\"og:description\" content=\"Churrasco de ternera ecol\u00f3gica: una de las mejores partes de la ternera para nuestro gusto, muy tierna, sabrosa y ecol\u00f3gica. Una excelente carne !!!\" \/>\n<meta property=\"og:url\" content=\"https:\/\/labonacarn.com\/es\/producte\/churrasco-black-angus-ecologico\/\" \/>\n<meta property=\"og:site_name\" content=\"labonacarn.com\" \/>\n<meta property=\"article:modified_time\" content=\"2025-10-21T14:47:18+00:00\" \/>\n<meta property=\"og:image\" content=\"https:\/\/labonacarn.com\/wp-content\/uploads\/2023\/03\/xurrasco1.jpg\" \/>\n\t<meta property=\"og:image:width\" content=\"554\" \/>\n\t<meta property=\"og:image:height\" content=\"598\" \/>\n\t<meta property=\"og:image:type\" content=\"image\/jpeg\" \/>\n<meta name=\"twitter:card\" content=\"summary_large_image\" \/>\n<meta name=\"twitter:label1\" content=\"Tiempo de lectura\" \/>\n\t<meta name=\"twitter:data1\" content=\"2 minutos\" \/>\n<script type=\"application\/ld+json\" class=\"yoast-schema-graph\">{\"@context\":\"https:\\\/\\\/schema.org\",\"@graph\":[{\"@type\":\"WebPage\",\"@id\":\"https:\\\/\\\/labonacarn.com\\\/es\\\/producte\\\/churrasco-black-angus-ecologico\\\/\",\"url\":\"https:\\\/\\\/labonacarn.com\\\/es\\\/producte\\\/churrasco-black-angus-ecologico\\\/\",\"name\":\"Churrasco ternera ecol\u00f3gica (500 grs) - labonacarn.com\",\"isPartOf\":{\"@id\":\"https:\\\/\\\/labonacarn.com\\\/es\\\/#website\"},\"primaryImageOfPage\":{\"@id\":\"https:\\\/\\\/labonacarn.com\\\/es\\\/producte\\\/churrasco-black-angus-ecologico\\\/#primaryimage\"},\"image\":{\"@id\":\"https:\\\/\\\/labonacarn.com\\\/es\\\/producte\\\/churrasco-black-angus-ecologico\\\/#primaryimage\"},\"thumbnailUrl\":\"https:\\\/\\\/labonacarn.com\\\/wp-content\\\/uploads\\\/2023\\\/03\\\/xurrasco1.jpg\",\"datePublished\":\"2023-03-19T11:03:22+00:00\",\"dateModified\":\"2025-10-21T14:47:18+00:00\",\"description\":\"Churrasco de ternera ecol\u00f3gica: una de las mejores partes de la ternera para nuestro gusto, muy tierna, sabrosa y ecol\u00f3gica. Una excelente carne !!!\",\"breadcrumb\":{\"@id\":\"https:\\\/\\\/labonacarn.com\\\/es\\\/producte\\\/churrasco-black-angus-ecologico\\\/#breadcrumb\"},\"inLanguage\":\"es\",\"potentialAction\":[{\"@type\":\"ReadAction\",\"target\":[\"https:\\\/\\\/labonacarn.com\\\/es\\\/producte\\\/churrasco-black-angus-ecologico\\\/\"]}]},{\"@type\":\"ImageObject\",\"inLanguage\":\"es\",\"@id\":\"https:\\\/\\\/labonacarn.com\\\/es\\\/producte\\\/churrasco-black-angus-ecologico\\\/#primaryimage\",\"url\":\"https:\\\/\\\/labonacarn.com\\\/wp-content\\\/uploads\\\/2023\\\/03\\\/xurrasco1.jpg\",\"contentUrl\":\"https:\\\/\\\/labonacarn.com\\\/wp-content\\\/uploads\\\/2023\\\/03\\\/xurrasco1.jpg\",\"width\":554,\"height\":598,\"caption\":\"Xurrasco black angus ecol\u00f2gic\"},{\"@type\":\"BreadcrumbList\",\"@id\":\"https:\\\/\\\/labonacarn.com\\\/es\\\/producte\\\/churrasco-black-angus-ecologico\\\/#breadcrumb\",\"itemListElement\":[{\"@type\":\"ListItem\",\"position\":1,\"name\":\"Portada\",\"item\":\"https:\\\/\\\/labonacarn.com\\\/es\\\/\"},{\"@type\":\"ListItem\",\"position\":2,\"name\":\"Tienda\",\"item\":\"https:\\\/\\\/labonacarn.com\\\/es\\\/tienda\\\/\"},{\"@type\":\"ListItem\",\"position\":3,\"name\":\"Churrasco ternera ecol\u00f3gica (500 grs)\"}]},{\"@type\":\"WebSite\",\"@id\":\"https:\\\/\\\/labonacarn.com\\\/es\\\/#website\",\"url\":\"https:\\\/\\\/labonacarn.com\\\/es\\\/\",\"name\":\"labonacarn.com\",\"description\":\"Venem carn de vedella, porc, pollastre, xai, poltre, gall dindi i embotits de primera qualitat i fets per nosaltres.\",\"potentialAction\":[{\"@type\":\"SearchAction\",\"target\":{\"@type\":\"EntryPoint\",\"urlTemplate\":\"https:\\\/\\\/labonacarn.com\\\/es\\\/?s={search_term_string}\"},\"query-input\":{\"@type\":\"PropertyValueSpecification\",\"valueRequired\":true,\"valueName\":\"search_term_string\"}}],\"inLanguage\":\"es\"}]}<\/script>\n<!-- \/ Yoast SEO plugin. -->","yoast_head_json":{"title":"Churrasco ternera ecol\u00f3gica (500 grs) - labonacarn.com","description":"Churrasco de ternera ecol\u00f3gica: una de las mejores partes de la ternera para nuestro gusto, muy tierna, sabrosa y ecol\u00f3gica. Una excelente carne !!!","robots":{"index":"index","follow":"follow","max-snippet":"max-snippet:-1","max-image-preview":"max-image-preview:large","max-video-preview":"max-video-preview:-1"},"canonical":"https:\/\/labonacarn.com\/es\/producte\/churrasco-black-angus-ecologico\/","og_locale":"es_ES","og_type":"article","og_title":"Churrasco ternera ecol\u00f3gica (500 grs) - labonacarn.com","og_description":"Churrasco de ternera ecol\u00f3gica: una de las mejores partes de la ternera para nuestro gusto, muy tierna, sabrosa y ecol\u00f3gica. Una excelente carne !!!","og_url":"https:\/\/labonacarn.com\/es\/producte\/churrasco-black-angus-ecologico\/","og_site_name":"labonacarn.com","article_modified_time":"2025-10-21T14:47:18+00:00","og_image":[{"width":554,"height":598,"url":"https:\/\/labonacarn.com\/wp-content\/uploads\/2023\/03\/xurrasco1.jpg","type":"image\/jpeg"}],"twitter_card":"summary_large_image","twitter_misc":{"Tiempo de lectura":"2 minutos"},"schema":{"@context":"https:\/\/schema.org","@graph":[{"@type":"WebPage","@id":"https:\/\/labonacarn.com\/es\/producte\/churrasco-black-angus-ecologico\/","url":"https:\/\/labonacarn.com\/es\/producte\/churrasco-black-angus-ecologico\/","name":"Churrasco ternera ecol\u00f3gica (500 grs) - labonacarn.com","isPartOf":{"@id":"https:\/\/labonacarn.com\/es\/#website"},"primaryImageOfPage":{"@id":"https:\/\/labonacarn.com\/es\/producte\/churrasco-black-angus-ecologico\/#primaryimage"},"image":{"@id":"https:\/\/labonacarn.com\/es\/producte\/churrasco-black-angus-ecologico\/#primaryimage"},"thumbnailUrl":"https:\/\/labonacarn.com\/wp-content\/uploads\/2023\/03\/xurrasco1.jpg","datePublished":"2023-03-19T11:03:22+00:00","dateModified":"2025-10-21T14:47:18+00:00","description":"Churrasco de ternera ecol\u00f3gica: una de las mejores partes de la ternera para nuestro gusto, muy tierna, sabrosa y ecol\u00f3gica. Una excelente carne !!!","breadcrumb":{"@id":"https:\/\/labonacarn.com\/es\/producte\/churrasco-black-angus-ecologico\/#breadcrumb"},"inLanguage":"es","potentialAction":[{"@type":"ReadAction","target":["https:\/\/labonacarn.com\/es\/producte\/churrasco-black-angus-ecologico\/"]}]},{"@type":"ImageObject","inLanguage":"es","@id":"https:\/\/labonacarn.com\/es\/producte\/churrasco-black-angus-ecologico\/#primaryimage","url":"https:\/\/labonacarn.com\/wp-content\/uploads\/2023\/03\/xurrasco1.jpg","contentUrl":"https:\/\/labonacarn.com\/wp-content\/uploads\/2023\/03\/xurrasco1.jpg","width":554,"height":598,"caption":"Xurrasco black angus ecol\u00f2gic"},{"@type":"BreadcrumbList","@id":"https:\/\/labonacarn.com\/es\/producte\/churrasco-black-angus-ecologico\/#breadcrumb","itemListElement":[{"@type":"ListItem","position":1,"name":"Portada","item":"https:\/\/labonacarn.com\/es\/"},{"@type":"ListItem","position":2,"name":"Tienda","item":"https:\/\/labonacarn.com\/es\/tienda\/"},{"@type":"ListItem","position":3,"name":"Churrasco ternera ecol\u00f3gica (500 grs)"}]},{"@type":"WebSite","@id":"https:\/\/labonacarn.com\/es\/#website","url":"https:\/\/labonacarn.com\/es\/","name":"labonacarn.com","description":"Venem carn de vedella, porc, pollastre, xai, poltre, gall dindi i embotits de primera qualitat i fets per nosaltres.","potentialAction":[{"@type":"SearchAction","target":{"@type":"EntryPoint","urlTemplate":"https:\/\/labonacarn.com\/es\/?s={search_term_string}"},"query-input":{"@type":"PropertyValueSpecification","valueRequired":true,"valueName":"search_term_string"}}],"inLanguage":"es"}]}},"_links":{"self":[{"href":"https:\/\/labonacarn.com\/es\/wp-json\/wp\/v2\/product\/8376","targetHints":{"allow":["GET"]}}],"collection":[{"href":"https:\/\/labonacarn.com\/es\/wp-json\/wp\/v2\/product"}],"about":[{"href":"https:\/\/labonacarn.com\/es\/wp-json\/wp\/v2\/types\/product"}],"wp:featuredmedia":[{"embeddable":true,"href":"https:\/\/labonacarn.com\/es\/wp-json\/wp\/v2\/media\/8888"}],"wp:attachment":[{"href":"https:\/\/labonacarn.com\/es\/wp-json\/wp\/v2\/media?parent=8376"}],"wp:term":[{"taxonomy":"product_brand","embeddable":true,"href":"https:\/\/labonacarn.com\/es\/wp-json\/wp\/v2\/product_brand?post=8376"},{"taxonomy":"product_cat","embeddable":true,"href":"https:\/\/labonacarn.com\/es\/wp-json\/wp\/v2\/product_cat?post=8376"},{"taxonomy":"product_tag","embeddable":true,"href":"https:\/\/labonacarn.com\/es\/wp-json\/wp\/v2\/product_tag?post=8376"}],"curies":[{"name":"wp","href":"https:\/\/api.w.org\/{rel}","templated":true}]}}