{"id":7426,"date":"2022-12-12T09:35:23","date_gmt":"2022-12-12T08:35:23","guid":{"rendered":"https:\/\/labonacarn.com\/producte\/canelones-de-pollo-del-emporda-con-trufa-y-bechamel\/"},"modified":"2022-12-12T15:19:15","modified_gmt":"2022-12-12T15:19:15","slug":"canelones-de-pollo-del-emporda-con-trufa-y-bechamel","status":"publish","type":"product","link":"https:\/\/labonacarn.com\/es\/producte\/canelones-de-pollo-del-emporda-con-trufa-y-bechamel\/","title":{"rendered":"Canelones de pollo del empord\u00e0 con trufa y bechamel"},"content":{"rendered":"<h2>Canelones de pollo del empord\u00e0 con trufa y bechamel (3 raciones)<\/h2>\n<p>Para pasar estas fiestas te proponemos nuestros canelones de pollo del empord\u00e0 con trufa y bechamel Hechos con canelones de 14 cms y como ingredientes principales pollo, trufa, leche, huevo, pasta con gluten, cebolla, vino, aceite de oliva y especies.<\/p>\n<p>Para su cocci\u00f3n retiramos primero el envase de pl\u00e1stico y luego lo podemos cocinar de dos formas. Al horno o al microondas. Te recomendamos al horno a 180\u00ba arriba y abajo durante 12 minutos. Si lo deseas al microondas, durante 6 minutos a 7001w y luego pasalos por un gratinador.<\/p>\n<h3>Valores nutricionales del producto por 100 grs.<\/h3>\n<ul>\n<li>\u00b7 Valor energ\u00e9tico (KJ\/kcal): 155kcal<\/li>\n<li>\u00b7 Proteinas: 9,5g<\/li>\n<li>\u00b7 Hidratos de carbono: 9,2g<\/li>\n<li class=\"espai\">de lo cuales az\u00facares: 2,8g<\/li>\n<li>\u00b7 Grasas: 8,9g<\/li>\n<li class=\"espai\">de las cuales saturadas: 4,5g<\/li>\n<li>\u00b7 Sal: 1,0g<\/li>\n<\/ul>\n<p>Estamos seguros que te encataran !!!<\/p>\n<p>&nbsp;<\/p>\n","protected":false},"excerpt":{"rendered":"<p>Unos canelones diferentes para pasar estas fiestas!!!<\/p>\n","protected":false},"featured_media":7404,"template":"","meta":{"_acf_changed":false,"_joinchat":[]},"product_brand":[],"product_cat":[65,105,106],"product_tag":[188,190,189],"class_list":{"0":"post-7426","1":"product","2":"type-product","3":"status-publish","4":"has-post-thumbnail","6":"product_cat-la-despensa","7":"product_cat-no-quiero-cocinar","8":"product_cat-tengo-invitados","9":"product_tag-calidad-es","10":"product_tag-navidad","11":"product_tag-no-quiero-cocinar","13":"first","14":"instock","15":"taxable","16":"shipping-taxable","17":"purchasable","18":"product-type-simple"},"acf":[],"yoast_head":"<!-- This site is optimized with the Yoast SEO plugin v27.4 - https:\/\/yoast.com\/product\/yoast-seo-wordpress\/ -->\n<title>Canelones de pollo del empord\u00e0 con trufa y bechamel - labonacarn.com<\/title>\n<meta name=\"description\" content=\"Canelones de pollo del empord\u00e0 con trufa y bechamel, un plato muy bueno y diferente para pasar estas fiestas con los familiares y amigos.\" \/>\n<meta name=\"robots\" content=\"index, follow, max-snippet:-1, max-image-preview:large, max-video-preview:-1\" \/>\n<link rel=\"canonical\" href=\"https:\/\/labonacarn.com\/es\/producte\/canelones-de-pollo-del-emporda-con-trufa-y-bechamel\/\" \/>\n<meta property=\"og:locale\" content=\"es_ES\" \/>\n<meta property=\"og:type\" content=\"article\" \/>\n<meta property=\"og:title\" content=\"Canelones de pollo del empord\u00e0 con trufa y bechamel\" \/>\n<meta property=\"og:description\" content=\"Canelones de pollo del empord\u00e0 con trufa y bechamel , un plato \u00fanico para estas fiestas !!!\" \/>\n<meta property=\"og:url\" content=\"https:\/\/labonacarn.com\/es\/producte\/canelones-de-pollo-del-emporda-con-trufa-y-bechamel\/\" \/>\n<meta property=\"og:site_name\" content=\"labonacarn.com\" \/>\n<meta property=\"article:modified_time\" content=\"2022-12-12T15:19:15+00:00\" \/>\n<meta property=\"og:image\" content=\"https:\/\/labonacarn.com\/wp-content\/uploads\/2022\/12\/canelonspollastre-297x300.png\" \/>\n<meta name=\"twitter:card\" content=\"summary_large_image\" \/>\n<meta name=\"twitter:title\" content=\"Canelones de pollo del empord\u00e0 con trufa y bechamel\" \/>\n<meta name=\"twitter:description\" content=\"Canelones de pollo del empord\u00e0 con trufa y bechamel , un plato \u00fanico para estas fiestas !!!\" \/>\n<meta name=\"twitter:image\" content=\"https:\/\/labonacarn.com\/wp-content\/uploads\/2022\/12\/canelonspollastre.png\" \/>\n<meta name=\"twitter:label1\" content=\"Tiempo de lectura\" \/>\n\t<meta name=\"twitter:data1\" content=\"1 minuto\" \/>\n<script type=\"application\/ld+json\" class=\"yoast-schema-graph\">{\"@context\":\"https:\\\/\\\/schema.org\",\"@graph\":[{\"@type\":\"WebPage\",\"@id\":\"https:\\\/\\\/labonacarn.com\\\/es\\\/producte\\\/canelones-de-pollo-del-emporda-con-trufa-y-bechamel\\\/\",\"url\":\"https:\\\/\\\/labonacarn.com\\\/es\\\/producte\\\/canelones-de-pollo-del-emporda-con-trufa-y-bechamel\\\/\",\"name\":\"Canelones de pollo del empord\u00e0 con trufa y bechamel - labonacarn.com\",\"isPartOf\":{\"@id\":\"https:\\\/\\\/labonacarn.com\\\/es\\\/#website\"},\"primaryImageOfPage\":{\"@id\":\"https:\\\/\\\/labonacarn.com\\\/es\\\/producte\\\/canelones-de-pollo-del-emporda-con-trufa-y-bechamel\\\/#primaryimage\"},\"image\":{\"@id\":\"https:\\\/\\\/labonacarn.com\\\/es\\\/producte\\\/canelones-de-pollo-del-emporda-con-trufa-y-bechamel\\\/#primaryimage\"},\"thumbnailUrl\":\"https:\\\/\\\/labonacarn.com\\\/wp-content\\\/uploads\\\/2022\\\/12\\\/canelonspollastre.png\",\"datePublished\":\"2022-12-12T08:35:23+00:00\",\"dateModified\":\"2022-12-12T15:19:15+00:00\",\"description\":\"Canelones de pollo del empord\u00e0 con trufa y bechamel, un plato muy bueno y diferente para pasar estas fiestas con los familiares y amigos.\",\"breadcrumb\":{\"@id\":\"https:\\\/\\\/labonacarn.com\\\/es\\\/producte\\\/canelones-de-pollo-del-emporda-con-trufa-y-bechamel\\\/#breadcrumb\"},\"inLanguage\":\"es\",\"potentialAction\":[{\"@type\":\"ReadAction\",\"target\":[\"https:\\\/\\\/labonacarn.com\\\/es\\\/producte\\\/canelones-de-pollo-del-emporda-con-trufa-y-bechamel\\\/\"]}]},{\"@type\":\"ImageObject\",\"inLanguage\":\"es\",\"@id\":\"https:\\\/\\\/labonacarn.com\\\/es\\\/producte\\\/canelones-de-pollo-del-emporda-con-trufa-y-bechamel\\\/#primaryimage\",\"url\":\"https:\\\/\\\/labonacarn.com\\\/wp-content\\\/uploads\\\/2022\\\/12\\\/canelonspollastre.png\",\"contentUrl\":\"https:\\\/\\\/labonacarn.com\\\/wp-content\\\/uploads\\\/2022\\\/12\\\/canelonspollastre.png\",\"width\":341,\"height\":344,\"caption\":\"Canelones de pollo con trufa\"},{\"@type\":\"BreadcrumbList\",\"@id\":\"https:\\\/\\\/labonacarn.com\\\/es\\\/producte\\\/canelones-de-pollo-del-emporda-con-trufa-y-bechamel\\\/#breadcrumb\",\"itemListElement\":[{\"@type\":\"ListItem\",\"position\":1,\"name\":\"Portada\",\"item\":\"https:\\\/\\\/labonacarn.com\\\/es\\\/\"},{\"@type\":\"ListItem\",\"position\":2,\"name\":\"Tienda\",\"item\":\"https:\\\/\\\/labonacarn.com\\\/es\\\/tienda\\\/\"},{\"@type\":\"ListItem\",\"position\":3,\"name\":\"Canelones de pollo del empord\u00e0 con trufa y bechamel\"}]},{\"@type\":\"WebSite\",\"@id\":\"https:\\\/\\\/labonacarn.com\\\/es\\\/#website\",\"url\":\"https:\\\/\\\/labonacarn.com\\\/es\\\/\",\"name\":\"labonacarn.com\",\"description\":\"Venem carn de vedella, porc, pollastre, xai, poltre, gall dindi i embotits de primera qualitat i fets per nosaltres.\",\"potentialAction\":[{\"@type\":\"SearchAction\",\"target\":{\"@type\":\"EntryPoint\",\"urlTemplate\":\"https:\\\/\\\/labonacarn.com\\\/es\\\/?s={search_term_string}\"},\"query-input\":{\"@type\":\"PropertyValueSpecification\",\"valueRequired\":true,\"valueName\":\"search_term_string\"}}],\"inLanguage\":\"es\"}]}<\/script>\n<!-- \/ Yoast SEO plugin. -->","yoast_head_json":{"title":"Canelones de pollo del empord\u00e0 con trufa y bechamel - labonacarn.com","description":"Canelones de pollo del empord\u00e0 con trufa y bechamel, un plato muy bueno y diferente para pasar estas fiestas con los familiares y amigos.","robots":{"index":"index","follow":"follow","max-snippet":"max-snippet:-1","max-image-preview":"max-image-preview:large","max-video-preview":"max-video-preview:-1"},"canonical":"https:\/\/labonacarn.com\/es\/producte\/canelones-de-pollo-del-emporda-con-trufa-y-bechamel\/","og_locale":"es_ES","og_type":"article","og_title":"Canelones de pollo del empord\u00e0 con trufa y bechamel","og_description":"Canelones de pollo del empord\u00e0 con trufa y bechamel , un plato \u00fanico para estas fiestas !!!","og_url":"https:\/\/labonacarn.com\/es\/producte\/canelones-de-pollo-del-emporda-con-trufa-y-bechamel\/","og_site_name":"labonacarn.com","article_modified_time":"2022-12-12T15:19:15+00:00","og_image":[{"url":"https:\/\/labonacarn.com\/wp-content\/uploads\/2022\/12\/canelonspollastre-297x300.png","type":"","width":"","height":""}],"twitter_card":"summary_large_image","twitter_title":"Canelones de pollo del empord\u00e0 con trufa y bechamel","twitter_description":"Canelones de pollo del empord\u00e0 con trufa y bechamel , un plato \u00fanico para estas fiestas !!!","twitter_image":"https:\/\/labonacarn.com\/wp-content\/uploads\/2022\/12\/canelonspollastre.png","twitter_misc":{"Tiempo de lectura":"1 minuto"},"schema":{"@context":"https:\/\/schema.org","@graph":[{"@type":"WebPage","@id":"https:\/\/labonacarn.com\/es\/producte\/canelones-de-pollo-del-emporda-con-trufa-y-bechamel\/","url":"https:\/\/labonacarn.com\/es\/producte\/canelones-de-pollo-del-emporda-con-trufa-y-bechamel\/","name":"Canelones de pollo del empord\u00e0 con trufa y bechamel - labonacarn.com","isPartOf":{"@id":"https:\/\/labonacarn.com\/es\/#website"},"primaryImageOfPage":{"@id":"https:\/\/labonacarn.com\/es\/producte\/canelones-de-pollo-del-emporda-con-trufa-y-bechamel\/#primaryimage"},"image":{"@id":"https:\/\/labonacarn.com\/es\/producte\/canelones-de-pollo-del-emporda-con-trufa-y-bechamel\/#primaryimage"},"thumbnailUrl":"https:\/\/labonacarn.com\/wp-content\/uploads\/2022\/12\/canelonspollastre.png","datePublished":"2022-12-12T08:35:23+00:00","dateModified":"2022-12-12T15:19:15+00:00","description":"Canelones de pollo del empord\u00e0 con trufa y bechamel, un plato muy bueno y diferente para pasar estas fiestas con los familiares y amigos.","breadcrumb":{"@id":"https:\/\/labonacarn.com\/es\/producte\/canelones-de-pollo-del-emporda-con-trufa-y-bechamel\/#breadcrumb"},"inLanguage":"es","potentialAction":[{"@type":"ReadAction","target":["https:\/\/labonacarn.com\/es\/producte\/canelones-de-pollo-del-emporda-con-trufa-y-bechamel\/"]}]},{"@type":"ImageObject","inLanguage":"es","@id":"https:\/\/labonacarn.com\/es\/producte\/canelones-de-pollo-del-emporda-con-trufa-y-bechamel\/#primaryimage","url":"https:\/\/labonacarn.com\/wp-content\/uploads\/2022\/12\/canelonspollastre.png","contentUrl":"https:\/\/labonacarn.com\/wp-content\/uploads\/2022\/12\/canelonspollastre.png","width":341,"height":344,"caption":"Canelones de pollo con trufa"},{"@type":"BreadcrumbList","@id":"https:\/\/labonacarn.com\/es\/producte\/canelones-de-pollo-del-emporda-con-trufa-y-bechamel\/#breadcrumb","itemListElement":[{"@type":"ListItem","position":1,"name":"Portada","item":"https:\/\/labonacarn.com\/es\/"},{"@type":"ListItem","position":2,"name":"Tienda","item":"https:\/\/labonacarn.com\/es\/tienda\/"},{"@type":"ListItem","position":3,"name":"Canelones de pollo del empord\u00e0 con trufa y bechamel"}]},{"@type":"WebSite","@id":"https:\/\/labonacarn.com\/es\/#website","url":"https:\/\/labonacarn.com\/es\/","name":"labonacarn.com","description":"Venem carn de vedella, porc, pollastre, xai, poltre, gall dindi i embotits de primera qualitat i fets per nosaltres.","potentialAction":[{"@type":"SearchAction","target":{"@type":"EntryPoint","urlTemplate":"https:\/\/labonacarn.com\/es\/?s={search_term_string}"},"query-input":{"@type":"PropertyValueSpecification","valueRequired":true,"valueName":"search_term_string"}}],"inLanguage":"es"}]}},"_links":{"self":[{"href":"https:\/\/labonacarn.com\/es\/wp-json\/wp\/v2\/product\/7426","targetHints":{"allow":["GET"]}}],"collection":[{"href":"https:\/\/labonacarn.com\/es\/wp-json\/wp\/v2\/product"}],"about":[{"href":"https:\/\/labonacarn.com\/es\/wp-json\/wp\/v2\/types\/product"}],"wp:featuredmedia":[{"embeddable":true,"href":"https:\/\/labonacarn.com\/es\/wp-json\/wp\/v2\/media\/7404"}],"wp:attachment":[{"href":"https:\/\/labonacarn.com\/es\/wp-json\/wp\/v2\/media?parent=7426"}],"wp:term":[{"taxonomy":"product_brand","embeddable":true,"href":"https:\/\/labonacarn.com\/es\/wp-json\/wp\/v2\/product_brand?post=7426"},{"taxonomy":"product_cat","embeddable":true,"href":"https:\/\/labonacarn.com\/es\/wp-json\/wp\/v2\/product_cat?post=7426"},{"taxonomy":"product_tag","embeddable":true,"href":"https:\/\/labonacarn.com\/es\/wp-json\/wp\/v2\/product_tag?post=7426"}],"curies":[{"name":"wp","href":"https:\/\/api.w.org\/{rel}","templated":true}]}}