{"id":7423,"date":"2022-12-12T14:08:50","date_gmt":"2022-12-12T13:08:50","guid":{"rendered":"https:\/\/labonacarn.com\/producte\/canelones-de-pollo-asado-con-bechamel-de-cebolla-asada\/"},"modified":"2022-12-12T14:08:50","modified_gmt":"2022-12-12T14:08:50","slug":"canelones-de-pollo-asado-con-bechamel-de-cebolla-asada","status":"publish","type":"product","link":"https:\/\/labonacarn.com\/es\/producte\/canelones-de-pollo-asado-con-bechamel-de-cebolla-asada\/","title":{"rendered":"Canelones de pollo asado con bechamel de cebolla asada."},"content":{"rendered":"<h3>Canelones de pollastre asado con bechamel de cebolla asada (3 raciones)<\/h3>\n<p>Para pasar estas fiestas una opci\u00f3n m\u00e1s a tu disposici\u00f3n: nuestros canelons de pollo asado con bechamel de cebolla asada. Como ingredientes tenemos la pasta, huevo, pollo, caldo, leche pasterizada, cebolla, pan, aceite de oliva y especies. Para hacer la bechamel, la hacemos con leche fresca pasterizada, cebolla, harina, manteca, sal y especies. Todo esto acompa\u00f1ado con queso emmental y semicurado. Llevan gluten.<\/p>\n<p>Los servimos en formato de canel\u00f3n largo de 14 cms cada uno.<\/p>\n<h3>La cocci\u00f3n<\/h3>\n<p>En primer lugar, retiramos el envoltorio de pl\u00e1stico y luego ya lo podemos cocinar al horno o la microondas. Si lo cocinamos al horno, 180\u00ba arriba y abajo durante 10 minutos. Si lo cocinamos al microondas, 4&#8217;5 minutos a 700w y luego lo pasamos por el gratinador. Nuestra recomendaci\u00f3n: cocinalo al horno.<\/p>\n<h3>Valores nutricionales por cada 100 grs.<\/h3>\n<ul>\n<li> Valor energ\u00e9tico (KJ\/kcal): 163<\/li>\n<li>\u00b7 Proteinas: 11,60<\/li>\n<li>\u00b7 Hidratos de carbono: 8,20<\/li>\n<li class=\"espai\">de los cuaqles azucares: 2,50<\/li>\n<li>\u00b7 Grasas: 9,20<\/li>\n<li class=\"espai\">de las cuales saturadas: 4,70<\/li>\n<li>\u00b7 Sal: 1,07<\/li>\n<\/ul>\n<p>&nbsp;<\/p>\n","protected":false},"excerpt":{"rendered":"<p>Canelones de pollastre asado con bechamel de cebolla asada (3 raciones) Para pasar estas fiestas una opci\u00f3n m\u00e1s a tu disposici\u00f3n: nuestros canelons de pollo&#8230;<\/p>\n","protected":false},"featured_media":7421,"template":"","meta":{"_acf_changed":false,"_joinchat":[]},"product_brand":[],"product_cat":[65,105,106],"product_tag":[188,190,189],"class_list":{"0":"post-7423","1":"product","2":"type-product","3":"status-publish","4":"has-post-thumbnail","6":"product_cat-la-despensa","7":"product_cat-no-quiero-cocinar","8":"product_cat-tengo-invitados","9":"product_tag-calidad-es","10":"product_tag-navidad","11":"product_tag-no-quiero-cocinar","13":"first","14":"instock","15":"taxable","16":"shipping-taxable","17":"purchasable","18":"product-type-simple"},"acf":[],"yoast_head":"<!-- This site is optimized with the Yoast SEO plugin v27.3 - https:\/\/yoast.com\/product\/yoast-seo-wordpress\/ -->\n<title>Canelones de pollo asado con bechamel de cebolla asada. - labonacarn.com<\/title>\n<meta name=\"description\" content=\"Canelones de pollo asado con bechamel de cebolla asada. Un plato especial para estas fiestas !!!\" \/>\n<meta name=\"robots\" content=\"index, follow, max-snippet:-1, max-image-preview:large, max-video-preview:-1\" \/>\n<link rel=\"canonical\" href=\"https:\/\/labonacarn.com\/es\/producte\/canelones-de-pollo-asado-con-bechamel-de-cebolla-asada\/\" \/>\n<meta property=\"og:locale\" content=\"es_ES\" \/>\n<meta property=\"og:type\" content=\"article\" \/>\n<meta property=\"og:title\" content=\"Canelones de pollo asado con bechamel de cebolla asada. - labonacarn.com\" \/>\n<meta property=\"og:description\" content=\"Canelones de pollo asado con bechamel de cebolla asada. Un plato especial para estas fiestas !!!\" \/>\n<meta property=\"og:url\" content=\"https:\/\/labonacarn.com\/es\/producte\/canelones-de-pollo-asado-con-bechamel-de-cebolla-asada\/\" \/>\n<meta property=\"og:site_name\" content=\"labonacarn.com\" \/>\n<meta property=\"article:modified_time\" content=\"2022-12-12T14:08:50+00:00\" \/>\n<meta property=\"og:image\" content=\"https:\/\/labonacarn.com\/wp-content\/uploads\/2022\/12\/14.png\" \/>\n\t<meta property=\"og:image:width\" content=\"242\" \/>\n\t<meta property=\"og:image:height\" content=\"243\" \/>\n\t<meta property=\"og:image:type\" content=\"image\/png\" \/>\n<meta name=\"twitter:card\" content=\"summary_large_image\" \/>\n<meta name=\"twitter:label1\" content=\"Tiempo de lectura\" \/>\n\t<meta name=\"twitter:data1\" content=\"1 minuto\" \/>\n<script type=\"application\/ld+json\" class=\"yoast-schema-graph\">{\"@context\":\"https:\\\/\\\/schema.org\",\"@graph\":[{\"@type\":\"WebPage\",\"@id\":\"https:\\\/\\\/labonacarn.com\\\/es\\\/producte\\\/canelones-de-pollo-asado-con-bechamel-de-cebolla-asada\\\/\",\"url\":\"https:\\\/\\\/labonacarn.com\\\/es\\\/producte\\\/canelones-de-pollo-asado-con-bechamel-de-cebolla-asada\\\/\",\"name\":\"Canelones de pollo asado con bechamel de cebolla asada. - labonacarn.com\",\"isPartOf\":{\"@id\":\"https:\\\/\\\/labonacarn.com\\\/es\\\/#website\"},\"primaryImageOfPage\":{\"@id\":\"https:\\\/\\\/labonacarn.com\\\/es\\\/producte\\\/canelones-de-pollo-asado-con-bechamel-de-cebolla-asada\\\/#primaryimage\"},\"image\":{\"@id\":\"https:\\\/\\\/labonacarn.com\\\/es\\\/producte\\\/canelones-de-pollo-asado-con-bechamel-de-cebolla-asada\\\/#primaryimage\"},\"thumbnailUrl\":\"https:\\\/\\\/labonacarn.com\\\/wp-content\\\/uploads\\\/2022\\\/12\\\/14.png\",\"datePublished\":\"2022-12-12T13:08:50+00:00\",\"dateModified\":\"2022-12-12T14:08:50+00:00\",\"description\":\"Canelones de pollo asado con bechamel de cebolla asada. Un plato especial para estas fiestas !!!\",\"breadcrumb\":{\"@id\":\"https:\\\/\\\/labonacarn.com\\\/es\\\/producte\\\/canelones-de-pollo-asado-con-bechamel-de-cebolla-asada\\\/#breadcrumb\"},\"inLanguage\":\"es\",\"potentialAction\":[{\"@type\":\"ReadAction\",\"target\":[\"https:\\\/\\\/labonacarn.com\\\/es\\\/producte\\\/canelones-de-pollo-asado-con-bechamel-de-cebolla-asada\\\/\"]}]},{\"@type\":\"ImageObject\",\"inLanguage\":\"es\",\"@id\":\"https:\\\/\\\/labonacarn.com\\\/es\\\/producte\\\/canelones-de-pollo-asado-con-bechamel-de-cebolla-asada\\\/#primaryimage\",\"url\":\"https:\\\/\\\/labonacarn.com\\\/wp-content\\\/uploads\\\/2022\\\/12\\\/14.png\",\"contentUrl\":\"https:\\\/\\\/labonacarn.com\\\/wp-content\\\/uploads\\\/2022\\\/12\\\/14.png\",\"width\":242,\"height\":243,\"caption\":\"Canelones de pollo asado\"},{\"@type\":\"BreadcrumbList\",\"@id\":\"https:\\\/\\\/labonacarn.com\\\/es\\\/producte\\\/canelones-de-pollo-asado-con-bechamel-de-cebolla-asada\\\/#breadcrumb\",\"itemListElement\":[{\"@type\":\"ListItem\",\"position\":1,\"name\":\"Portada\",\"item\":\"https:\\\/\\\/labonacarn.com\\\/es\\\/\"},{\"@type\":\"ListItem\",\"position\":2,\"name\":\"Tienda\",\"item\":\"https:\\\/\\\/labonacarn.com\\\/es\\\/tienda\\\/\"},{\"@type\":\"ListItem\",\"position\":3,\"name\":\"Canelones de pollo asado con bechamel de cebolla asada.\"}]},{\"@type\":\"WebSite\",\"@id\":\"https:\\\/\\\/labonacarn.com\\\/es\\\/#website\",\"url\":\"https:\\\/\\\/labonacarn.com\\\/es\\\/\",\"name\":\"labonacarn.com\",\"description\":\"Venem carn de vedella, porc, pollastre, xai, poltre, gall dindi i embotits de primera qualitat i fets per nosaltres.\",\"potentialAction\":[{\"@type\":\"SearchAction\",\"target\":{\"@type\":\"EntryPoint\",\"urlTemplate\":\"https:\\\/\\\/labonacarn.com\\\/es\\\/?s={search_term_string}\"},\"query-input\":{\"@type\":\"PropertyValueSpecification\",\"valueRequired\":true,\"valueName\":\"search_term_string\"}}],\"inLanguage\":\"es\"}]}<\/script>\n<!-- \/ Yoast SEO plugin. -->","yoast_head_json":{"title":"Canelones de pollo asado con bechamel de cebolla asada. - labonacarn.com","description":"Canelones de pollo asado con bechamel de cebolla asada. Un plato especial para estas fiestas !!!","robots":{"index":"index","follow":"follow","max-snippet":"max-snippet:-1","max-image-preview":"max-image-preview:large","max-video-preview":"max-video-preview:-1"},"canonical":"https:\/\/labonacarn.com\/es\/producte\/canelones-de-pollo-asado-con-bechamel-de-cebolla-asada\/","og_locale":"es_ES","og_type":"article","og_title":"Canelones de pollo asado con bechamel de cebolla asada. - labonacarn.com","og_description":"Canelones de pollo asado con bechamel de cebolla asada. Un plato especial para estas fiestas !!!","og_url":"https:\/\/labonacarn.com\/es\/producte\/canelones-de-pollo-asado-con-bechamel-de-cebolla-asada\/","og_site_name":"labonacarn.com","article_modified_time":"2022-12-12T14:08:50+00:00","og_image":[{"width":242,"height":243,"url":"https:\/\/labonacarn.com\/wp-content\/uploads\/2022\/12\/14.png","type":"image\/png"}],"twitter_card":"summary_large_image","twitter_misc":{"Tiempo de lectura":"1 minuto"},"schema":{"@context":"https:\/\/schema.org","@graph":[{"@type":"WebPage","@id":"https:\/\/labonacarn.com\/es\/producte\/canelones-de-pollo-asado-con-bechamel-de-cebolla-asada\/","url":"https:\/\/labonacarn.com\/es\/producte\/canelones-de-pollo-asado-con-bechamel-de-cebolla-asada\/","name":"Canelones de pollo asado con bechamel de cebolla asada. - labonacarn.com","isPartOf":{"@id":"https:\/\/labonacarn.com\/es\/#website"},"primaryImageOfPage":{"@id":"https:\/\/labonacarn.com\/es\/producte\/canelones-de-pollo-asado-con-bechamel-de-cebolla-asada\/#primaryimage"},"image":{"@id":"https:\/\/labonacarn.com\/es\/producte\/canelones-de-pollo-asado-con-bechamel-de-cebolla-asada\/#primaryimage"},"thumbnailUrl":"https:\/\/labonacarn.com\/wp-content\/uploads\/2022\/12\/14.png","datePublished":"2022-12-12T13:08:50+00:00","dateModified":"2022-12-12T14:08:50+00:00","description":"Canelones de pollo asado con bechamel de cebolla asada. Un plato especial para estas fiestas !!!","breadcrumb":{"@id":"https:\/\/labonacarn.com\/es\/producte\/canelones-de-pollo-asado-con-bechamel-de-cebolla-asada\/#breadcrumb"},"inLanguage":"es","potentialAction":[{"@type":"ReadAction","target":["https:\/\/labonacarn.com\/es\/producte\/canelones-de-pollo-asado-con-bechamel-de-cebolla-asada\/"]}]},{"@type":"ImageObject","inLanguage":"es","@id":"https:\/\/labonacarn.com\/es\/producte\/canelones-de-pollo-asado-con-bechamel-de-cebolla-asada\/#primaryimage","url":"https:\/\/labonacarn.com\/wp-content\/uploads\/2022\/12\/14.png","contentUrl":"https:\/\/labonacarn.com\/wp-content\/uploads\/2022\/12\/14.png","width":242,"height":243,"caption":"Canelones de pollo asado"},{"@type":"BreadcrumbList","@id":"https:\/\/labonacarn.com\/es\/producte\/canelones-de-pollo-asado-con-bechamel-de-cebolla-asada\/#breadcrumb","itemListElement":[{"@type":"ListItem","position":1,"name":"Portada","item":"https:\/\/labonacarn.com\/es\/"},{"@type":"ListItem","position":2,"name":"Tienda","item":"https:\/\/labonacarn.com\/es\/tienda\/"},{"@type":"ListItem","position":3,"name":"Canelones de pollo asado con bechamel de cebolla asada."}]},{"@type":"WebSite","@id":"https:\/\/labonacarn.com\/es\/#website","url":"https:\/\/labonacarn.com\/es\/","name":"labonacarn.com","description":"Venem carn de vedella, porc, pollastre, xai, poltre, gall dindi i embotits de primera qualitat i fets per nosaltres.","potentialAction":[{"@type":"SearchAction","target":{"@type":"EntryPoint","urlTemplate":"https:\/\/labonacarn.com\/es\/?s={search_term_string}"},"query-input":{"@type":"PropertyValueSpecification","valueRequired":true,"valueName":"search_term_string"}}],"inLanguage":"es"}]}},"_links":{"self":[{"href":"https:\/\/labonacarn.com\/es\/wp-json\/wp\/v2\/product\/7423","targetHints":{"allow":["GET"]}}],"collection":[{"href":"https:\/\/labonacarn.com\/es\/wp-json\/wp\/v2\/product"}],"about":[{"href":"https:\/\/labonacarn.com\/es\/wp-json\/wp\/v2\/types\/product"}],"wp:featuredmedia":[{"embeddable":true,"href":"https:\/\/labonacarn.com\/es\/wp-json\/wp\/v2\/media\/7421"}],"wp:attachment":[{"href":"https:\/\/labonacarn.com\/es\/wp-json\/wp\/v2\/media?parent=7423"}],"wp:term":[{"taxonomy":"product_brand","embeddable":true,"href":"https:\/\/labonacarn.com\/es\/wp-json\/wp\/v2\/product_brand?post=7423"},{"taxonomy":"product_cat","embeddable":true,"href":"https:\/\/labonacarn.com\/es\/wp-json\/wp\/v2\/product_cat?post=7423"},{"taxonomy":"product_tag","embeddable":true,"href":"https:\/\/labonacarn.com\/es\/wp-json\/wp\/v2\/product_tag?post=7423"}],"curies":[{"name":"wp","href":"https:\/\/api.w.org\/{rel}","templated":true}]}}