{"id":5465,"date":"2022-04-23T17:55:27","date_gmt":"2022-04-23T17:55:27","guid":{"rendered":"https:\/\/labonacarn.com\/producte\/butifarra-criolla-4x150-grs\/"},"modified":"2022-05-14T18:57:47","modified_gmt":"2022-05-14T18:57:47","slug":"butifarra-criolla-4x150-grs","status":"publish","type":"product","link":"https:\/\/labonacarn.com\/es\/producte\/butifarra-criolla-4x150-grs\/","title":{"rendered":"Butifarra criolla (4&#215;150 grs)"},"content":{"rendered":"<p>Una butifarra tambi\u00e9n muy especial, para los amantes de las cosas distintas. Hecha siguiendo las tradiciones sudamericanas y con un peso de 150 grs aproximadamente. Hemos seleccionado la mejor carne de cerdo y hemos a\u00f1adido toda la picadura cl\u00e1sica de las tierras del sur. Como ingredientes tenemos la carne de cerdo, sal y pimienta y la tripa natural, con una mezcla de perejil, ajo, sal, or\u00e9gano y un poco de \u00abchile\u00bb o \u00abaj\u00ed\u00bb. Esta mezcla te transporta a la cocina sudamericana de Argentina, Paraguay, Uruguay o Chile. No llevan m\u00e1s a\u00f1adido y por tanto, son aptos para cel\u00edacos. No se pueden comer en crudo, deben cocinarse. No tardes m\u00e1s y ya puedes empezar a preparar la barbacoa, te van a encantar !!! Precio: 17&#8217;50\u20ac\/kgr.<\/p>\n<p>&nbsp;<\/p>\n<p>&nbsp;<\/p>\n","protected":false},"excerpt":{"rendered":"<p>\u00bfQuieres probar \u00abel chorizo \u200b\u200bcriollo\u00bb de tierras sudamericanas? Ya puedes preparar la barbaco, ya lo tienes aqu\u00ed&#8230;<\/p>\n","protected":false},"featured_media":5438,"template":"","meta":{"_acf_changed":false,"_joinchat":[]},"product_brand":[],"product_cat":[61,62],"product_tag":[134,133,132],"class_list":{"0":"post-5465","1":"product","2":"type-product","3":"status-publish","4":"has-post-thumbnail","6":"product_cat-butifarras","7":"product_cat-butifarras-de-cerdo","8":"product_tag-barbacoa-es","9":"product_tag-butifarra-criolla","10":"product_tag-butifarras","12":"first","13":"outofstock","14":"taxable","15":"shipping-taxable","16":"purchasable","17":"product-type-simple"},"acf":[],"yoast_head":"<!-- This site is optimized with the Yoast SEO plugin v27.4 - https:\/\/yoast.com\/product\/yoast-seo-wordpress\/ -->\n<title>Butifarra criolla (4x150 grs) - labonacarn.com<\/title>\n<meta name=\"description\" content=\"Una butifarra especial hecha al estilo argentino. Contiene el mejor cerdo de nuestra casa y el preparado picante propio de tierras sudamericanas.\" \/>\n<meta name=\"robots\" content=\"index, follow, max-snippet:-1, max-image-preview:large, max-video-preview:-1\" \/>\n<link rel=\"canonical\" href=\"https:\/\/labonacarn.com\/es\/producte\/butifarra-criolla-4x150-grs\/\" \/>\n<meta property=\"og:locale\" content=\"es_ES\" \/>\n<meta property=\"og:type\" content=\"article\" \/>\n<meta property=\"og:title\" content=\"Butifarra criolla (4x150 grs) - labonacarn.com\" \/>\n<meta property=\"og:description\" content=\"Una butifarra especial hecha al estilo argentino. Contiene el mejor cerdo de nuestra casa y el preparado picante propio de tierras sudamericanas.\" \/>\n<meta property=\"og:url\" content=\"https:\/\/labonacarn.com\/es\/producte\/butifarra-criolla-4x150-grs\/\" \/>\n<meta property=\"og:site_name\" content=\"labonacarn.com\" \/>\n<meta property=\"article:modified_time\" content=\"2022-05-14T18:57:47+00:00\" \/>\n<meta property=\"og:image\" content=\"https:\/\/labonaca-cp24.wordpresstemporal.com\/wp-content\/uploads\/2022\/04\/criolla.jpg\" \/>\n\t<meta property=\"og:image:width\" content=\"512\" \/>\n\t<meta property=\"og:image:height\" content=\"341\" \/>\n\t<meta property=\"og:image:type\" content=\"image\/jpeg\" \/>\n<meta name=\"twitter:card\" content=\"summary_large_image\" \/>\n<meta name=\"twitter:label1\" content=\"Tiempo de lectura\" \/>\n\t<meta name=\"twitter:data1\" content=\"1 minuto\" \/>\n<script type=\"application\/ld+json\" class=\"yoast-schema-graph\">{\"@context\":\"https:\\\/\\\/schema.org\",\"@graph\":[{\"@type\":\"WebPage\",\"@id\":\"https:\\\/\\\/labonacarn.com\\\/es\\\/producte\\\/butifarra-criolla-4x150-grs\\\/\",\"url\":\"https:\\\/\\\/labonacarn.com\\\/es\\\/producte\\\/butifarra-criolla-4x150-grs\\\/\",\"name\":\"Butifarra criolla (4x150 grs) - labonacarn.com\",\"isPartOf\":{\"@id\":\"https:\\\/\\\/labonacarn.com\\\/es\\\/#website\"},\"primaryImageOfPage\":{\"@id\":\"https:\\\/\\\/labonacarn.com\\\/es\\\/producte\\\/butifarra-criolla-4x150-grs\\\/#primaryimage\"},\"image\":{\"@id\":\"https:\\\/\\\/labonacarn.com\\\/es\\\/producte\\\/butifarra-criolla-4x150-grs\\\/#primaryimage\"},\"thumbnailUrl\":\"https:\\\/\\\/labonacarn.com\\\/wp-content\\\/uploads\\\/2022\\\/04\\\/criolla.jpg\",\"datePublished\":\"2022-04-23T17:55:27+00:00\",\"dateModified\":\"2022-05-14T18:57:47+00:00\",\"description\":\"Una butifarra especial hecha al estilo argentino. Contiene el mejor cerdo de nuestra casa y el preparado picante propio de tierras sudamericanas.\",\"breadcrumb\":{\"@id\":\"https:\\\/\\\/labonacarn.com\\\/es\\\/producte\\\/butifarra-criolla-4x150-grs\\\/#breadcrumb\"},\"inLanguage\":\"es\",\"potentialAction\":[{\"@type\":\"ReadAction\",\"target\":[\"https:\\\/\\\/labonacarn.com\\\/es\\\/producte\\\/butifarra-criolla-4x150-grs\\\/\"]}]},{\"@type\":\"ImageObject\",\"inLanguage\":\"es\",\"@id\":\"https:\\\/\\\/labonacarn.com\\\/es\\\/producte\\\/butifarra-criolla-4x150-grs\\\/#primaryimage\",\"url\":\"https:\\\/\\\/labonacarn.com\\\/wp-content\\\/uploads\\\/2022\\\/04\\\/criolla.jpg\",\"contentUrl\":\"https:\\\/\\\/labonacarn.com\\\/wp-content\\\/uploads\\\/2022\\\/04\\\/criolla.jpg\",\"width\":512,\"height\":341},{\"@type\":\"BreadcrumbList\",\"@id\":\"https:\\\/\\\/labonacarn.com\\\/es\\\/producte\\\/butifarra-criolla-4x150-grs\\\/#breadcrumb\",\"itemListElement\":[{\"@type\":\"ListItem\",\"position\":1,\"name\":\"Portada\",\"item\":\"https:\\\/\\\/labonacarn.com\\\/es\\\/\"},{\"@type\":\"ListItem\",\"position\":2,\"name\":\"Tienda\",\"item\":\"https:\\\/\\\/labonacarn.com\\\/es\\\/tienda\\\/\"},{\"@type\":\"ListItem\",\"position\":3,\"name\":\"Butifarra criolla (4&#215;150 grs)\"}]},{\"@type\":\"WebSite\",\"@id\":\"https:\\\/\\\/labonacarn.com\\\/es\\\/#website\",\"url\":\"https:\\\/\\\/labonacarn.com\\\/es\\\/\",\"name\":\"labonacarn.com\",\"description\":\"Venem carn de vedella, porc, pollastre, xai, poltre, gall dindi i embotits de primera qualitat i fets per nosaltres.\",\"potentialAction\":[{\"@type\":\"SearchAction\",\"target\":{\"@type\":\"EntryPoint\",\"urlTemplate\":\"https:\\\/\\\/labonacarn.com\\\/es\\\/?s={search_term_string}\"},\"query-input\":{\"@type\":\"PropertyValueSpecification\",\"valueRequired\":true,\"valueName\":\"search_term_string\"}}],\"inLanguage\":\"es\"}]}<\/script>\n<!-- \/ Yoast SEO plugin. -->","yoast_head_json":{"title":"Butifarra criolla (4x150 grs) - labonacarn.com","description":"Una butifarra especial hecha al estilo argentino. Contiene el mejor cerdo de nuestra casa y el preparado picante propio de tierras sudamericanas.","robots":{"index":"index","follow":"follow","max-snippet":"max-snippet:-1","max-image-preview":"max-image-preview:large","max-video-preview":"max-video-preview:-1"},"canonical":"https:\/\/labonacarn.com\/es\/producte\/butifarra-criolla-4x150-grs\/","og_locale":"es_ES","og_type":"article","og_title":"Butifarra criolla (4x150 grs) - labonacarn.com","og_description":"Una butifarra especial hecha al estilo argentino. Contiene el mejor cerdo de nuestra casa y el preparado picante propio de tierras sudamericanas.","og_url":"https:\/\/labonacarn.com\/es\/producte\/butifarra-criolla-4x150-grs\/","og_site_name":"labonacarn.com","article_modified_time":"2022-05-14T18:57:47+00:00","og_image":[{"width":512,"height":341,"url":"https:\/\/labonaca-cp24.wordpresstemporal.com\/wp-content\/uploads\/2022\/04\/criolla.jpg","type":"image\/jpeg"}],"twitter_card":"summary_large_image","twitter_misc":{"Tiempo de lectura":"1 minuto"},"schema":{"@context":"https:\/\/schema.org","@graph":[{"@type":"WebPage","@id":"https:\/\/labonacarn.com\/es\/producte\/butifarra-criolla-4x150-grs\/","url":"https:\/\/labonacarn.com\/es\/producte\/butifarra-criolla-4x150-grs\/","name":"Butifarra criolla (4x150 grs) - labonacarn.com","isPartOf":{"@id":"https:\/\/labonacarn.com\/es\/#website"},"primaryImageOfPage":{"@id":"https:\/\/labonacarn.com\/es\/producte\/butifarra-criolla-4x150-grs\/#primaryimage"},"image":{"@id":"https:\/\/labonacarn.com\/es\/producte\/butifarra-criolla-4x150-grs\/#primaryimage"},"thumbnailUrl":"https:\/\/labonacarn.com\/wp-content\/uploads\/2022\/04\/criolla.jpg","datePublished":"2022-04-23T17:55:27+00:00","dateModified":"2022-05-14T18:57:47+00:00","description":"Una butifarra especial hecha al estilo argentino. Contiene el mejor cerdo de nuestra casa y el preparado picante propio de tierras sudamericanas.","breadcrumb":{"@id":"https:\/\/labonacarn.com\/es\/producte\/butifarra-criolla-4x150-grs\/#breadcrumb"},"inLanguage":"es","potentialAction":[{"@type":"ReadAction","target":["https:\/\/labonacarn.com\/es\/producte\/butifarra-criolla-4x150-grs\/"]}]},{"@type":"ImageObject","inLanguage":"es","@id":"https:\/\/labonacarn.com\/es\/producte\/butifarra-criolla-4x150-grs\/#primaryimage","url":"https:\/\/labonacarn.com\/wp-content\/uploads\/2022\/04\/criolla.jpg","contentUrl":"https:\/\/labonacarn.com\/wp-content\/uploads\/2022\/04\/criolla.jpg","width":512,"height":341},{"@type":"BreadcrumbList","@id":"https:\/\/labonacarn.com\/es\/producte\/butifarra-criolla-4x150-grs\/#breadcrumb","itemListElement":[{"@type":"ListItem","position":1,"name":"Portada","item":"https:\/\/labonacarn.com\/es\/"},{"@type":"ListItem","position":2,"name":"Tienda","item":"https:\/\/labonacarn.com\/es\/tienda\/"},{"@type":"ListItem","position":3,"name":"Butifarra criolla (4&#215;150 grs)"}]},{"@type":"WebSite","@id":"https:\/\/labonacarn.com\/es\/#website","url":"https:\/\/labonacarn.com\/es\/","name":"labonacarn.com","description":"Venem carn de vedella, porc, pollastre, xai, poltre, gall dindi i embotits de primera qualitat i fets per nosaltres.","potentialAction":[{"@type":"SearchAction","target":{"@type":"EntryPoint","urlTemplate":"https:\/\/labonacarn.com\/es\/?s={search_term_string}"},"query-input":{"@type":"PropertyValueSpecification","valueRequired":true,"valueName":"search_term_string"}}],"inLanguage":"es"}]}},"_links":{"self":[{"href":"https:\/\/labonacarn.com\/es\/wp-json\/wp\/v2\/product\/5465","targetHints":{"allow":["GET"]}}],"collection":[{"href":"https:\/\/labonacarn.com\/es\/wp-json\/wp\/v2\/product"}],"about":[{"href":"https:\/\/labonacarn.com\/es\/wp-json\/wp\/v2\/types\/product"}],"wp:featuredmedia":[{"embeddable":true,"href":"https:\/\/labonacarn.com\/es\/wp-json\/wp\/v2\/media\/5438"}],"wp:attachment":[{"href":"https:\/\/labonacarn.com\/es\/wp-json\/wp\/v2\/media?parent=5465"}],"wp:term":[{"taxonomy":"product_brand","embeddable":true,"href":"https:\/\/labonacarn.com\/es\/wp-json\/wp\/v2\/product_brand?post=5465"},{"taxonomy":"product_cat","embeddable":true,"href":"https:\/\/labonacarn.com\/es\/wp-json\/wp\/v2\/product_cat?post=5465"},{"taxonomy":"product_tag","embeddable":true,"href":"https:\/\/labonacarn.com\/es\/wp-json\/wp\/v2\/product_tag?post=5465"}],"curies":[{"name":"wp","href":"https:\/\/api.w.org\/{rel}","templated":true}]}}