{"id":5091,"date":"2022-03-02T19:11:14","date_gmt":"2022-03-02T19:11:14","guid":{"rendered":"https:\/\/labonacarn.com\/producto\/entrecot-sin-hueso-2-unid-600-grs\/"},"modified":"2025-09-02T14:47:15","modified_gmt":"2025-09-02T12:47:15","slug":"entrecot-sin-hueso-2-unid-600-grs","status":"publish","type":"product","link":"https:\/\/labonacarn.com\/es\/producte\/entrecot-sin-hueso-2-unid-600-grs\/","title":{"rendered":"Entrecot sin hueso (2 unid.) 600 grs."},"content":{"rendered":"<h2 id=\"tw-target-text\" class=\"tw-data-text tw-text-large tw-ta\" dir=\"ltr\" data-placeholder=\"Traducci\u00f3\" data-ved=\"2ahUKEwiwx6-x4aqLAxU5K_sDHZ12LcUQ3ewLegQICBAV\" aria-label=\"Text tradu\u00eft: Entrecot de ternera de Girona Entrecot de ternera hembra de primera calidad, cortado a mano y sin hueso, con una cuidadosa curaci\u00f3n de entre 10 y 15 d\u00edas para potenciar su sabor y ternura. Este proceso de reposo permite que la carne desarrolle todo su potencial, ofreciendo una textura m\u00e1s melosa y un sabor intenso y equilibrado. Cada envase contiene dos suculentos entrecots envasados \u200b\u200bal vac\u00edo, conservando as\u00ed toda su frescura y propiedades organol\u00e9pticas hasta el momento de su preparaci\u00f3n. Con un peso aproximado de 300 gramos por unidad, este corte es ideal para aquellos que buscan una experiencia gastron\u00f3mica de mayor calidad. Perfecto para cocinar a la brasa, a la plancha oa la piedra, este entrecot garantiza una experiencia gustativa excepcional, con un equilibrio perfecto entre grasa infiltrada y carne magra, proporcionando una suculencia \u00fanica a cada mordisco. Precio: 29'76 \u20ac\/kg. \u00a1Disfruta del mejor entrecot de ternera hembra y lleva a la mesa la autenticidad del buen producto! Consejos para preparar un buen entrecot 1.- D\u00e9jalo a temperatura ambiente durante al menos 1 hora, as\u00ed la carne comienza a coger su temperatura \u00f3ptima y notar\u00e1s que comienza a &quot;brillar&quot; 2.- A la hora de echarlo al fuego debe estar muy caliente la plancha, para que no se cueza! 3.- Una vez marcado a fuego vivo por fuera, qu\u00edtalo y haz unos peque\u00f1os cortes que no sean demasiado profundos, para hacerlo por dentro a tu gusto. 4.- \u00a1Listo para disfrutar!\"><span class=\"Y2IQFc\" lang=\"es\">Entrecot de ternera de Girona<\/span><\/h2>\n<p class=\"tw-data-text tw-text-large tw-ta\" dir=\"ltr\" data-placeholder=\"Traducci\u00f3\" data-ved=\"2ahUKEwiwx6-x4aqLAxU5K_sDHZ12LcUQ3ewLegQICBAV\" aria-label=\"Text tradu\u00eft: Entrecot de ternera de Girona Entrecot de ternera hembra de primera calidad, cortado a mano y sin hueso, con una cuidadosa curaci\u00f3n de entre 10 y 15 d\u00edas para potenciar su sabor y ternura. Este proceso de reposo permite que la carne desarrolle todo su potencial, ofreciendo una textura m\u00e1s melosa y un sabor intenso y equilibrado. Cada envase contiene dos suculentos entrecots envasados \u200b\u200bal vac\u00edo, conservando as\u00ed toda su frescura y propiedades organol\u00e9pticas hasta el momento de su preparaci\u00f3n. Con un peso aproximado de 300 gramos por unidad, este corte es ideal para aquellos que buscan una experiencia gastron\u00f3mica de mayor calidad. Perfecto para cocinar a la brasa, a la plancha oa la piedra, este entrecot garantiza una experiencia gustativa excepcional, con un equilibrio perfecto entre grasa infiltrada y carne magra, proporcionando una suculencia \u00fanica a cada mordisco. Precio: 29'76 \u20ac\/kg. \u00a1Disfruta del mejor entrecot de ternera hembra y lleva a la mesa la autenticidad del buen producto! Consejos para preparar un buen entrecot 1.- D\u00e9jalo a temperatura ambiente durante al menos 1 hora, as\u00ed la carne comienza a coger su temperatura \u00f3ptima y notar\u00e1s que comienza a &quot;brillar&quot; 2.- A la hora de echarlo al fuego debe estar muy caliente la plancha, para que no se cueza! 3.- Una vez marcado a fuego vivo por fuera, qu\u00edtalo y haz unos peque\u00f1os cortes que no sean demasiado profundos, para hacerlo por dentro a tu gusto. 4.- \u00a1Listo para disfrutar!\"><span class=\"Y2IQFc\" lang=\"es\">Entrecot de ternera hembra de primera calidad, cortado a mano y sin hueso, con una cuidadosa curaci\u00f3n de entre 10 y 15 d\u00edas para potenciar su sabor y ternura.<br \/>\nEste proceso de reposo permite que la carne desarrolle todo su potencial, ofreciendo una textura m\u00e1s melosa y un sabor intenso y equilibrado.<br \/>\nPor otro lado, cada envase contiene dos suculentos entrecots envasados \u200b\u200bal vac\u00edo, conservando as\u00ed toda su frescura y propiedades organol\u00e9pticas hasta el momento de su preparaci\u00f3n.<\/span><\/p>\n<p class=\"tw-data-text tw-text-large tw-ta\" dir=\"ltr\" data-placeholder=\"Traducci\u00f3\" data-ved=\"2ahUKEwiwx6-x4aqLAxU5K_sDHZ12LcUQ3ewLegQICBAV\" aria-label=\"Text tradu\u00eft: Entrecot de ternera de Girona Entrecot de ternera hembra de primera calidad, cortado a mano y sin hueso, con una cuidadosa curaci\u00f3n de entre 10 y 15 d\u00edas para potenciar su sabor y ternura. Este proceso de reposo permite que la carne desarrolle todo su potencial, ofreciendo una textura m\u00e1s melosa y un sabor intenso y equilibrado. Cada envase contiene dos suculentos entrecots envasados \u200b\u200bal vac\u00edo, conservando as\u00ed toda su frescura y propiedades organol\u00e9pticas hasta el momento de su preparaci\u00f3n. Con un peso aproximado de 300 gramos por unidad, este corte es ideal para aquellos que buscan una experiencia gastron\u00f3mica de mayor calidad. Perfecto para cocinar a la brasa, a la plancha oa la piedra, este entrecot garantiza una experiencia gustativa excepcional, con un equilibrio perfecto entre grasa infiltrada y carne magra, proporcionando una suculencia \u00fanica a cada mordisco. Precio: 29'76 \u20ac\/kg. \u00a1Disfruta del mejor entrecot de ternera hembra y lleva a la mesa la autenticidad del buen producto! Consejos para preparar un buen entrecot 1.- D\u00e9jalo a temperatura ambiente durante al menos 1 hora, as\u00ed la carne comienza a coger su temperatura \u00f3ptima y notar\u00e1s que comienza a &quot;brillar&quot; 2.- A la hora de echarlo al fuego debe estar muy caliente la plancha, para que no se cueza! 3.- Una vez marcado a fuego vivo por fuera, qu\u00edtalo y haz unos peque\u00f1os cortes que no sean demasiado profundos, para hacerlo por dentro a tu gusto. 4.- \u00a1Listo para disfrutar!\"><span class=\"Y2IQFc\" lang=\"es\"><br \/>\nCon un peso aproximado de 300 gramos por unidad, este corte es ideal para aquellos que buscan una experiencia gastron\u00f3mica de mayor calidad.<br \/>\nPerfecto para cocinar a la brasa, a la plancha o a la piedra, este entrecot garantiza una experiencia gustativa excepcional, con un equilibrio perfecto entre grasa infiltrada y carne magra, proporcionando una suculencia \u00fanica a cada mordisco.<\/p>\n<p>\u00a1Disfruta del mejor entrecot de ternera hembra y lleva a la mesa la autenticidad del buen producto! <\/span><\/p>\n<h2 class=\"tw-data-text tw-text-large tw-ta\" dir=\"ltr\" data-placeholder=\"Traducci\u00f3\" data-ved=\"2ahUKEwiwx6-x4aqLAxU5K_sDHZ12LcUQ3ewLegQICBAV\" aria-label=\"Text tradu\u00eft: Entrecot de ternera de Girona Entrecot de ternera hembra de primera calidad, cortado a mano y sin hueso, con una cuidadosa curaci\u00f3n de entre 10 y 15 d\u00edas para potenciar su sabor y ternura. Este proceso de reposo permite que la carne desarrolle todo su potencial, ofreciendo una textura m\u00e1s melosa y un sabor intenso y equilibrado. Cada envase contiene dos suculentos entrecots envasados \u200b\u200bal vac\u00edo, conservando as\u00ed toda su frescura y propiedades organol\u00e9pticas hasta el momento de su preparaci\u00f3n. Con un peso aproximado de 300 gramos por unidad, este corte es ideal para aquellos que buscan una experiencia gastron\u00f3mica de mayor calidad. Perfecto para cocinar a la brasa, a la plancha oa la piedra, este entrecot garantiza una experiencia gustativa excepcional, con un equilibrio perfecto entre grasa infiltrada y carne magra, proporcionando una suculencia \u00fanica a cada mordisco. Precio: 29'76 \u20ac\/kg. \u00a1Disfruta del mejor entrecot de ternera hembra y lleva a la mesa la autenticidad del buen producto! Consejos para preparar un buen entrecot 1.- D\u00e9jalo a temperatura ambiente durante al menos 1 hora, as\u00ed la carne comienza a coger su temperatura \u00f3ptima y notar\u00e1s que comienza a &quot;brillar&quot; 2.- A la hora de echarlo al fuego debe estar muy caliente la plancha, para que no se cueza! 3.- Una vez marcado a fuego vivo por fuera, qu\u00edtalo y haz unos peque\u00f1os cortes que no sean demasiado profundos, para hacerlo por dentro a tu gusto. 4.- \u00a1Listo para disfrutar!\"><span class=\"Y2IQFc\" lang=\"es\">Consejos para preparar un buen entrecot al punto<\/span><\/h2>\n<p class=\"tw-data-text tw-text-large tw-ta\" dir=\"ltr\" data-placeholder=\"Traducci\u00f3\" data-ved=\"2ahUKEwiwx6-x4aqLAxU5K_sDHZ12LcUQ3ewLegQICBAV\" aria-label=\"Text tradu\u00eft: Entrecot de ternera de Girona Entrecot de ternera hembra de primera calidad, cortado a mano y sin hueso, con una cuidadosa curaci\u00f3n de entre 10 y 15 d\u00edas para potenciar su sabor y ternura. Este proceso de reposo permite que la carne desarrolle todo su potencial, ofreciendo una textura m\u00e1s melosa y un sabor intenso y equilibrado. Cada envase contiene dos suculentos entrecots envasados \u200b\u200bal vac\u00edo, conservando as\u00ed toda su frescura y propiedades organol\u00e9pticas hasta el momento de su preparaci\u00f3n. Con un peso aproximado de 300 gramos por unidad, este corte es ideal para aquellos que buscan una experiencia gastron\u00f3mica de mayor calidad. Perfecto para cocinar a la brasa, a la plancha oa la piedra, este entrecot garantiza una experiencia gustativa excepcional, con un equilibrio perfecto entre grasa infiltrada y carne magra, proporcionando una suculencia \u00fanica a cada mordisco. Precio: 29'76 \u20ac\/kg. \u00a1Disfruta del mejor entrecot de ternera hembra y lleva a la mesa la autenticidad del buen producto! Consejos para preparar un buen entrecot 1.- D\u00e9jalo a temperatura ambiente durante al menos 1 hora, as\u00ed la carne comienza a coger su temperatura \u00f3ptima y notar\u00e1s que comienza a &quot;brillar&quot; 2.- A la hora de echarlo al fuego debe estar muy caliente la plancha, para que no se cueza! 3.- Una vez marcado a fuego vivo por fuera, qu\u00edtalo y haz unos peque\u00f1os cortes que no sean demasiado profundos, para hacerlo por dentro a tu gusto. 4.- \u00a1Listo para disfrutar!\"><span class=\"Y2IQFc\" lang=\"es\">1.- D\u00e9jalo a temperatura ambiente durante al menos 1 hora, as\u00ed la carne comienza a coger su temperatura \u00f3ptima y notar\u00e1s que comienza a \u00abbrillar\u00bb<br \/>\n2.- A la hora de echarlo al fuego debe estar muy caliente la plancha, para que no se cueza!<br \/>\n3.- Una vez marcado a fuego vivo por fuera, qu\u00edtalo y haz unos peque\u00f1os cortes que no sean demasiado profundos, para hacerlo por dentro a tu gusto.<br \/>\n4.- \u00a1Listo para disfrutar!<\/span><\/p>\n","protected":false},"excerpt":{"rendered":"<p>Entrecot sin hueso, tierno, jugoso y sabroso, con una maduraci\u00f3n perfecta y una calidad excepcional, para paladares exigentes.<\/p>\n","protected":false},"featured_media":4430,"template":"","meta":{"_acf_changed":false,"_joinchat":[]},"product_brand":[],"product_cat":[63,64],"product_tag":[],"class_list":{"0":"post-5091","1":"product","2":"type-product","3":"status-publish","4":"has-post-thumbnail","6":"product_cat-carne","7":"product_cat-ternera","9":"first","10":"instock","11":"taxable","12":"shipping-taxable","13":"purchasable","14":"product-type-simple"},"acf":[],"yoast_head":"<!-- This site is optimized with the Yoast SEO plugin v27.4 - https:\/\/yoast.com\/product\/yoast-seo-wordpress\/ -->\n<title>Entrecot sin hueso (2 unid.) 600 grs. - labonacarn.com<\/title>\n<meta name=\"description\" content=\"Entrecot de ternera de Girona, tierno, jugoso y sabroso, con una maduraci\u00f3n perfecta y una calidad excepcional., para paladares exigentes.\" \/>\n<meta name=\"robots\" content=\"index, follow, max-snippet:-1, max-image-preview:large, max-video-preview:-1\" \/>\n<link rel=\"canonical\" href=\"https:\/\/labonacarn.com\/es\/producte\/entrecot-sin-hueso-2-unid-600-grs\/\" \/>\n<meta property=\"og:locale\" content=\"es_ES\" \/>\n<meta property=\"og:type\" content=\"article\" \/>\n<meta property=\"og:title\" content=\"Entrecot sin hueso (2 unid.) 600 grs. - labonacarn.com\" \/>\n<meta property=\"og:description\" content=\"Entrecot de ternera de Girona, tierno, jugoso y sabroso, con una maduraci\u00f3n perfecta y una calidad excepcional., para paladares exigentes.\" \/>\n<meta property=\"og:url\" content=\"https:\/\/labonacarn.com\/es\/producte\/entrecot-sin-hueso-2-unid-600-grs\/\" \/>\n<meta property=\"og:site_name\" content=\"labonacarn.com\" \/>\n<meta property=\"article:modified_time\" content=\"2025-09-02T12:47:15+00:00\" \/>\n<meta property=\"og:image\" content=\"https:\/\/labonacarn.com\/wp-content\/uploads\/2022\/03\/36g.jpg\" \/>\n\t<meta property=\"og:image:width\" content=\"800\" \/>\n\t<meta property=\"og:image:height\" content=\"533\" \/>\n\t<meta property=\"og:image:type\" content=\"image\/jpeg\" \/>\n<meta name=\"twitter:card\" content=\"summary_large_image\" \/>\n<meta name=\"twitter:label1\" content=\"Tiempo de lectura\" \/>\n\t<meta name=\"twitter:data1\" content=\"2 minutos\" \/>\n<script type=\"application\/ld+json\" class=\"yoast-schema-graph\">{\"@context\":\"https:\\\/\\\/schema.org\",\"@graph\":[{\"@type\":\"WebPage\",\"@id\":\"https:\\\/\\\/labonacarn.com\\\/es\\\/producte\\\/entrecot-sin-hueso-2-unid-600-grs\\\/\",\"url\":\"https:\\\/\\\/labonacarn.com\\\/es\\\/producte\\\/entrecot-sin-hueso-2-unid-600-grs\\\/\",\"name\":\"Entrecot sin hueso (2 unid.) 600 grs. - labonacarn.com\",\"isPartOf\":{\"@id\":\"https:\\\/\\\/labonacarn.com\\\/es\\\/#website\"},\"primaryImageOfPage\":{\"@id\":\"https:\\\/\\\/labonacarn.com\\\/es\\\/producte\\\/entrecot-sin-hueso-2-unid-600-grs\\\/#primaryimage\"},\"image\":{\"@id\":\"https:\\\/\\\/labonacarn.com\\\/es\\\/producte\\\/entrecot-sin-hueso-2-unid-600-grs\\\/#primaryimage\"},\"thumbnailUrl\":\"https:\\\/\\\/labonacarn.com\\\/wp-content\\\/uploads\\\/2022\\\/03\\\/36g.jpg\",\"datePublished\":\"2022-03-02T19:11:14+00:00\",\"dateModified\":\"2025-09-02T12:47:15+00:00\",\"description\":\"Entrecot de ternera de Girona, tierno, jugoso y sabroso, con una maduraci\u00f3n perfecta y una calidad excepcional., para paladares exigentes.\",\"breadcrumb\":{\"@id\":\"https:\\\/\\\/labonacarn.com\\\/es\\\/producte\\\/entrecot-sin-hueso-2-unid-600-grs\\\/#breadcrumb\"},\"inLanguage\":\"es\",\"potentialAction\":[{\"@type\":\"ReadAction\",\"target\":[\"https:\\\/\\\/labonacarn.com\\\/es\\\/producte\\\/entrecot-sin-hueso-2-unid-600-grs\\\/\"]}]},{\"@type\":\"ImageObject\",\"inLanguage\":\"es\",\"@id\":\"https:\\\/\\\/labonacarn.com\\\/es\\\/producte\\\/entrecot-sin-hueso-2-unid-600-grs\\\/#primaryimage\",\"url\":\"https:\\\/\\\/labonacarn.com\\\/wp-content\\\/uploads\\\/2022\\\/03\\\/36g.jpg\",\"contentUrl\":\"https:\\\/\\\/labonacarn.com\\\/wp-content\\\/uploads\\\/2022\\\/03\\\/36g.jpg\",\"width\":800,\"height\":533},{\"@type\":\"BreadcrumbList\",\"@id\":\"https:\\\/\\\/labonacarn.com\\\/es\\\/producte\\\/entrecot-sin-hueso-2-unid-600-grs\\\/#breadcrumb\",\"itemListElement\":[{\"@type\":\"ListItem\",\"position\":1,\"name\":\"Portada\",\"item\":\"https:\\\/\\\/labonacarn.com\\\/es\\\/\"},{\"@type\":\"ListItem\",\"position\":2,\"name\":\"Tienda\",\"item\":\"https:\\\/\\\/labonacarn.com\\\/es\\\/tienda\\\/\"},{\"@type\":\"ListItem\",\"position\":3,\"name\":\"Entrecot sin hueso (2 unid.) 600 grs.\"}]},{\"@type\":\"WebSite\",\"@id\":\"https:\\\/\\\/labonacarn.com\\\/es\\\/#website\",\"url\":\"https:\\\/\\\/labonacarn.com\\\/es\\\/\",\"name\":\"labonacarn.com\",\"description\":\"Venem carn de vedella, porc, pollastre, xai, poltre, gall dindi i embotits de primera qualitat i fets per nosaltres.\",\"potentialAction\":[{\"@type\":\"SearchAction\",\"target\":{\"@type\":\"EntryPoint\",\"urlTemplate\":\"https:\\\/\\\/labonacarn.com\\\/es\\\/?s={search_term_string}\"},\"query-input\":{\"@type\":\"PropertyValueSpecification\",\"valueRequired\":true,\"valueName\":\"search_term_string\"}}],\"inLanguage\":\"es\"}]}<\/script>\n<!-- \/ Yoast SEO plugin. -->","yoast_head_json":{"title":"Entrecot sin hueso (2 unid.) 600 grs. - labonacarn.com","description":"Entrecot de ternera de Girona, tierno, jugoso y sabroso, con una maduraci\u00f3n perfecta y una calidad excepcional., para paladares exigentes.","robots":{"index":"index","follow":"follow","max-snippet":"max-snippet:-1","max-image-preview":"max-image-preview:large","max-video-preview":"max-video-preview:-1"},"canonical":"https:\/\/labonacarn.com\/es\/producte\/entrecot-sin-hueso-2-unid-600-grs\/","og_locale":"es_ES","og_type":"article","og_title":"Entrecot sin hueso (2 unid.) 600 grs. - labonacarn.com","og_description":"Entrecot de ternera de Girona, tierno, jugoso y sabroso, con una maduraci\u00f3n perfecta y una calidad excepcional., para paladares exigentes.","og_url":"https:\/\/labonacarn.com\/es\/producte\/entrecot-sin-hueso-2-unid-600-grs\/","og_site_name":"labonacarn.com","article_modified_time":"2025-09-02T12:47:15+00:00","og_image":[{"width":800,"height":533,"url":"https:\/\/labonacarn.com\/wp-content\/uploads\/2022\/03\/36g.jpg","type":"image\/jpeg"}],"twitter_card":"summary_large_image","twitter_misc":{"Tiempo de lectura":"2 minutos"},"schema":{"@context":"https:\/\/schema.org","@graph":[{"@type":"WebPage","@id":"https:\/\/labonacarn.com\/es\/producte\/entrecot-sin-hueso-2-unid-600-grs\/","url":"https:\/\/labonacarn.com\/es\/producte\/entrecot-sin-hueso-2-unid-600-grs\/","name":"Entrecot sin hueso (2 unid.) 600 grs. - labonacarn.com","isPartOf":{"@id":"https:\/\/labonacarn.com\/es\/#website"},"primaryImageOfPage":{"@id":"https:\/\/labonacarn.com\/es\/producte\/entrecot-sin-hueso-2-unid-600-grs\/#primaryimage"},"image":{"@id":"https:\/\/labonacarn.com\/es\/producte\/entrecot-sin-hueso-2-unid-600-grs\/#primaryimage"},"thumbnailUrl":"https:\/\/labonacarn.com\/wp-content\/uploads\/2022\/03\/36g.jpg","datePublished":"2022-03-02T19:11:14+00:00","dateModified":"2025-09-02T12:47:15+00:00","description":"Entrecot de ternera de Girona, tierno, jugoso y sabroso, con una maduraci\u00f3n perfecta y una calidad excepcional., para paladares exigentes.","breadcrumb":{"@id":"https:\/\/labonacarn.com\/es\/producte\/entrecot-sin-hueso-2-unid-600-grs\/#breadcrumb"},"inLanguage":"es","potentialAction":[{"@type":"ReadAction","target":["https:\/\/labonacarn.com\/es\/producte\/entrecot-sin-hueso-2-unid-600-grs\/"]}]},{"@type":"ImageObject","inLanguage":"es","@id":"https:\/\/labonacarn.com\/es\/producte\/entrecot-sin-hueso-2-unid-600-grs\/#primaryimage","url":"https:\/\/labonacarn.com\/wp-content\/uploads\/2022\/03\/36g.jpg","contentUrl":"https:\/\/labonacarn.com\/wp-content\/uploads\/2022\/03\/36g.jpg","width":800,"height":533},{"@type":"BreadcrumbList","@id":"https:\/\/labonacarn.com\/es\/producte\/entrecot-sin-hueso-2-unid-600-grs\/#breadcrumb","itemListElement":[{"@type":"ListItem","position":1,"name":"Portada","item":"https:\/\/labonacarn.com\/es\/"},{"@type":"ListItem","position":2,"name":"Tienda","item":"https:\/\/labonacarn.com\/es\/tienda\/"},{"@type":"ListItem","position":3,"name":"Entrecot sin hueso (2 unid.) 600 grs."}]},{"@type":"WebSite","@id":"https:\/\/labonacarn.com\/es\/#website","url":"https:\/\/labonacarn.com\/es\/","name":"labonacarn.com","description":"Venem carn de vedella, porc, pollastre, xai, poltre, gall dindi i embotits de primera qualitat i fets per nosaltres.","potentialAction":[{"@type":"SearchAction","target":{"@type":"EntryPoint","urlTemplate":"https:\/\/labonacarn.com\/es\/?s={search_term_string}"},"query-input":{"@type":"PropertyValueSpecification","valueRequired":true,"valueName":"search_term_string"}}],"inLanguage":"es"}]}},"_links":{"self":[{"href":"https:\/\/labonacarn.com\/es\/wp-json\/wp\/v2\/product\/5091","targetHints":{"allow":["GET"]}}],"collection":[{"href":"https:\/\/labonacarn.com\/es\/wp-json\/wp\/v2\/product"}],"about":[{"href":"https:\/\/labonacarn.com\/es\/wp-json\/wp\/v2\/types\/product"}],"wp:featuredmedia":[{"embeddable":true,"href":"https:\/\/labonacarn.com\/es\/wp-json\/wp\/v2\/media\/4430"}],"wp:attachment":[{"href":"https:\/\/labonacarn.com\/es\/wp-json\/wp\/v2\/media?parent=5091"}],"wp:term":[{"taxonomy":"product_brand","embeddable":true,"href":"https:\/\/labonacarn.com\/es\/wp-json\/wp\/v2\/product_brand?post=5091"},{"taxonomy":"product_cat","embeddable":true,"href":"https:\/\/labonacarn.com\/es\/wp-json\/wp\/v2\/product_cat?post=5091"},{"taxonomy":"product_tag","embeddable":true,"href":"https:\/\/labonacarn.com\/es\/wp-json\/wp\/v2\/product_tag?post=5091"}],"curies":[{"name":"wp","href":"https:\/\/api.w.org\/{rel}","templated":true}]}}