{"id":5090,"date":"2022-03-02T19:12:14","date_gmt":"2022-03-02T19:12:14","guid":{"rendered":"https:\/\/labonacarn.com\/producto\/albondigas-de-ternera-60-y-cerdo-40-15-18-unidades-750-grs-apto-para-celiacos\/"},"modified":"2025-09-03T19:24:14","modified_gmt":"2025-09-03T17:24:14","slug":"albondigas-de-ternera-60-y-cerdo","status":"publish","type":"product","link":"https:\/\/labonacarn.com\/es\/producte\/albondigas-de-ternera-60-y-cerdo\/","title":{"rendered":"Alb\u00f3ndigas de ternera (60%) y cerdo (40%) (15 unidades) 750 grs. Apto para cel\u00edacos."},"content":{"rendered":"<h2>Albondigas de ternera y cerdo<\/h2>\n<p data-start=\"213\" data-end=\"600\">Las alb\u00f3ndigas de Labonacarn son la mejor elecci\u00f3n para quienes buscan un producto natural, sabroso y de confianza. Est\u00e1n elaboradas con <strong data-start=\"354\" data-end=\"394\">carne seleccionada de vacuno y cerdo<\/strong>, lo que garantiza una textura tierna y un sabor casero inigualable. A diferencia de otros productos, no llevan colorantes ni conservantes, por lo que son una opci\u00f3n saludable y apta para toda la familia.<\/p>\n<h3 data-start=\"602\" data-end=\"1122\">Vamos a la cocina<\/h3>\n<p data-start=\"602\" data-end=\"1122\">Cocinarlas es muy sencillo y vers\u00e1til. Puedes preparar unas cl\u00e1sicas <strong data-start=\"671\" data-end=\"704\">alb\u00f3ndigas en salsa de tomate<\/strong>, perfectas para acompa\u00f1ar pasta, arroz o unas patatas fritas. Si prefieres innovar, prueba las tradicionales <strong data-start=\"814\" data-end=\"838\">alb\u00f3ndigas con sepia<\/strong>, un plato marinero de la cocina mediterr\u00e1nea que combina mar y monta\u00f1a. Tambi\u00e9n puedes saltearlas con <strong data-start=\"941\" data-end=\"979\">\u00a0setas de temporada<\/strong>, logrando un resultado intenso y arom\u00e1tico. Gracias a su calidad, las alb\u00f3ndigas de Labonacarn se adaptan a cualquier tipo de salsa o guiso.<\/p>\n<p data-start=\"1124\" data-end=\"1377\">En cuanto a la presentaci\u00f3n, se sirven en <strong data-start=\"1166\" data-end=\"1195\">cajas de 15 a 18 unidades<\/strong>, envasadas el mismo d\u00eda que las servimos\u00a0 para conservar toda su frescura hasta el momento de cocinarlas. Adem\u00e1s, est\u00e1n libres de al\u00e9rgenos, lo que las convierte en una opci\u00f3n segura y apta para todos.<\/p>\n<p data-start=\"1379\" data-end=\"1490\"><strong data-start=\"1379\" data-end=\"1421\">Compra alb\u00f3ndigas de Labonacarn online<\/strong> y disfruta en casa de un plato casero, saludable y lleno de sabor.<\/p>\n","protected":false},"excerpt":{"rendered":"<p>Las alb\u00f3ndigas de labonacarn son la mejor elecci\u00f3n para quienes buscan un producto natural, sabroso y de confianza.<\/p>\n","protected":false},"featured_media":13397,"template":"","meta":{"_acf_changed":false,"_joinchat":[]},"product_brand":[],"product_cat":[63,64],"product_tag":[188],"class_list":{"0":"post-5090","1":"product","2":"type-product","3":"status-publish","4":"has-post-thumbnail","6":"product_cat-carne","7":"product_cat-ternera","8":"product_tag-calidad-es","10":"first","11":"instock","12":"taxable","13":"shipping-taxable","14":"purchasable","15":"product-type-simple"},"acf":[],"yoast_head":"<!-- This site is optimized with the Yoast SEO plugin v27.4 - https:\/\/yoast.com\/product\/yoast-seo-wordpress\/ -->\n<title>Alb\u00f3ndigas de ternera (60%) y cerdo (40%) (15 unidades) 750 grs. Apto para cel\u00edacos. - labonacarn.com<\/title>\n<meta name=\"description\" content=\"Albondigas de ternera y cerdo, hechas con la mejor carne seleccionada, con un toque de peregil y ajo y nada m\u00e1s.\" \/>\n<meta name=\"robots\" content=\"index, follow, max-snippet:-1, max-image-preview:large, max-video-preview:-1\" \/>\n<link rel=\"canonical\" href=\"https:\/\/labonacarn.com\/es\/producte\/albondigas-de-ternera-60-y-cerdo\/\" \/>\n<meta property=\"og:locale\" content=\"es_ES\" \/>\n<meta property=\"og:type\" content=\"article\" \/>\n<meta property=\"og:title\" content=\"Alb\u00f3ndigas de ternera (60%) y cerdo (40%) (15 unidades) 750 grs. Apto para cel\u00edacos. - labonacarn.com\" \/>\n<meta property=\"og:description\" content=\"Albondigas de ternera y cerdo, hechas con la mejor carne seleccionada, con un toque de peregil y ajo y nada m\u00e1s.\" \/>\n<meta property=\"og:url\" content=\"https:\/\/labonacarn.com\/es\/producte\/albondigas-de-ternera-60-y-cerdo\/\" \/>\n<meta property=\"og:site_name\" content=\"labonacarn.com\" \/>\n<meta property=\"article:modified_time\" content=\"2025-09-03T17:24:14+00:00\" \/>\n<meta property=\"og:image\" content=\"https:\/\/labonacarn.com\/wp-content\/uploads\/2022\/03\/mandonguilles.jpg\" \/>\n\t<meta property=\"og:image:width\" content=\"2000\" \/>\n\t<meta property=\"og:image:height\" content=\"1500\" \/>\n\t<meta property=\"og:image:type\" content=\"image\/jpeg\" \/>\n<meta name=\"twitter:card\" content=\"summary_large_image\" \/>\n<meta name=\"twitter:label1\" content=\"Tiempo de lectura\" \/>\n\t<meta name=\"twitter:data1\" content=\"2 minutos\" \/>\n<script type=\"application\/ld+json\" class=\"yoast-schema-graph\">{\"@context\":\"https:\\\/\\\/schema.org\",\"@graph\":[{\"@type\":\"WebPage\",\"@id\":\"https:\\\/\\\/labonacarn.com\\\/es\\\/producte\\\/albondigas-de-ternera-60-y-cerdo\\\/\",\"url\":\"https:\\\/\\\/labonacarn.com\\\/es\\\/producte\\\/albondigas-de-ternera-60-y-cerdo\\\/\",\"name\":\"Alb\u00f3ndigas de ternera (60%) y cerdo (40%) (15 unidades) 750 grs. Apto para cel\u00edacos. - labonacarn.com\",\"isPartOf\":{\"@id\":\"https:\\\/\\\/labonacarn.com\\\/es\\\/#website\"},\"primaryImageOfPage\":{\"@id\":\"https:\\\/\\\/labonacarn.com\\\/es\\\/producte\\\/albondigas-de-ternera-60-y-cerdo\\\/#primaryimage\"},\"image\":{\"@id\":\"https:\\\/\\\/labonacarn.com\\\/es\\\/producte\\\/albondigas-de-ternera-60-y-cerdo\\\/#primaryimage\"},\"thumbnailUrl\":\"https:\\\/\\\/labonacarn.com\\\/wp-content\\\/uploads\\\/2022\\\/03\\\/mandonguilles.jpg\",\"datePublished\":\"2022-03-02T19:12:14+00:00\",\"dateModified\":\"2025-09-03T17:24:14+00:00\",\"description\":\"Albondigas de ternera y cerdo, hechas con la mejor carne seleccionada, con un toque de peregil y ajo y nada m\u00e1s.\",\"breadcrumb\":{\"@id\":\"https:\\\/\\\/labonacarn.com\\\/es\\\/producte\\\/albondigas-de-ternera-60-y-cerdo\\\/#breadcrumb\"},\"inLanguage\":\"es\",\"potentialAction\":[{\"@type\":\"ReadAction\",\"target\":[\"https:\\\/\\\/labonacarn.com\\\/es\\\/producte\\\/albondigas-de-ternera-60-y-cerdo\\\/\"]}]},{\"@type\":\"ImageObject\",\"inLanguage\":\"es\",\"@id\":\"https:\\\/\\\/labonacarn.com\\\/es\\\/producte\\\/albondigas-de-ternera-60-y-cerdo\\\/#primaryimage\",\"url\":\"https:\\\/\\\/labonacarn.com\\\/wp-content\\\/uploads\\\/2022\\\/03\\\/mandonguilles.jpg\",\"contentUrl\":\"https:\\\/\\\/labonacarn.com\\\/wp-content\\\/uploads\\\/2022\\\/03\\\/mandonguilles.jpg\",\"width\":2000,\"height\":1500,\"caption\":\"mandonguilles de vedella i porc\"},{\"@type\":\"BreadcrumbList\",\"@id\":\"https:\\\/\\\/labonacarn.com\\\/es\\\/producte\\\/albondigas-de-ternera-60-y-cerdo\\\/#breadcrumb\",\"itemListElement\":[{\"@type\":\"ListItem\",\"position\":1,\"name\":\"Portada\",\"item\":\"https:\\\/\\\/labonacarn.com\\\/es\\\/\"},{\"@type\":\"ListItem\",\"position\":2,\"name\":\"Tienda\",\"item\":\"https:\\\/\\\/labonacarn.com\\\/es\\\/tienda\\\/\"},{\"@type\":\"ListItem\",\"position\":3,\"name\":\"Alb\u00f3ndigas de ternera (60%) y cerdo (40%) (15 unidades) 750 grs. Apto para cel\u00edacos.\"}]},{\"@type\":\"WebSite\",\"@id\":\"https:\\\/\\\/labonacarn.com\\\/es\\\/#website\",\"url\":\"https:\\\/\\\/labonacarn.com\\\/es\\\/\",\"name\":\"labonacarn.com\",\"description\":\"Venem carn de vedella, porc, pollastre, xai, poltre, gall dindi i embotits de primera qualitat i fets per nosaltres.\",\"potentialAction\":[{\"@type\":\"SearchAction\",\"target\":{\"@type\":\"EntryPoint\",\"urlTemplate\":\"https:\\\/\\\/labonacarn.com\\\/es\\\/?s={search_term_string}\"},\"query-input\":{\"@type\":\"PropertyValueSpecification\",\"valueRequired\":true,\"valueName\":\"search_term_string\"}}],\"inLanguage\":\"es\"}]}<\/script>\n<!-- \/ Yoast SEO plugin. -->","yoast_head_json":{"title":"Alb\u00f3ndigas de ternera (60%) y cerdo (40%) (15 unidades) 750 grs. Apto para cel\u00edacos. - labonacarn.com","description":"Albondigas de ternera y cerdo, hechas con la mejor carne seleccionada, con un toque de peregil y ajo y nada m\u00e1s.","robots":{"index":"index","follow":"follow","max-snippet":"max-snippet:-1","max-image-preview":"max-image-preview:large","max-video-preview":"max-video-preview:-1"},"canonical":"https:\/\/labonacarn.com\/es\/producte\/albondigas-de-ternera-60-y-cerdo\/","og_locale":"es_ES","og_type":"article","og_title":"Alb\u00f3ndigas de ternera (60%) y cerdo (40%) (15 unidades) 750 grs. Apto para cel\u00edacos. - labonacarn.com","og_description":"Albondigas de ternera y cerdo, hechas con la mejor carne seleccionada, con un toque de peregil y ajo y nada m\u00e1s.","og_url":"https:\/\/labonacarn.com\/es\/producte\/albondigas-de-ternera-60-y-cerdo\/","og_site_name":"labonacarn.com","article_modified_time":"2025-09-03T17:24:14+00:00","og_image":[{"width":2000,"height":1500,"url":"https:\/\/labonacarn.com\/wp-content\/uploads\/2022\/03\/mandonguilles.jpg","type":"image\/jpeg"}],"twitter_card":"summary_large_image","twitter_misc":{"Tiempo de lectura":"2 minutos"},"schema":{"@context":"https:\/\/schema.org","@graph":[{"@type":"WebPage","@id":"https:\/\/labonacarn.com\/es\/producte\/albondigas-de-ternera-60-y-cerdo\/","url":"https:\/\/labonacarn.com\/es\/producte\/albondigas-de-ternera-60-y-cerdo\/","name":"Alb\u00f3ndigas de ternera (60%) y cerdo (40%) (15 unidades) 750 grs. Apto para cel\u00edacos. - labonacarn.com","isPartOf":{"@id":"https:\/\/labonacarn.com\/es\/#website"},"primaryImageOfPage":{"@id":"https:\/\/labonacarn.com\/es\/producte\/albondigas-de-ternera-60-y-cerdo\/#primaryimage"},"image":{"@id":"https:\/\/labonacarn.com\/es\/producte\/albondigas-de-ternera-60-y-cerdo\/#primaryimage"},"thumbnailUrl":"https:\/\/labonacarn.com\/wp-content\/uploads\/2022\/03\/mandonguilles.jpg","datePublished":"2022-03-02T19:12:14+00:00","dateModified":"2025-09-03T17:24:14+00:00","description":"Albondigas de ternera y cerdo, hechas con la mejor carne seleccionada, con un toque de peregil y ajo y nada m\u00e1s.","breadcrumb":{"@id":"https:\/\/labonacarn.com\/es\/producte\/albondigas-de-ternera-60-y-cerdo\/#breadcrumb"},"inLanguage":"es","potentialAction":[{"@type":"ReadAction","target":["https:\/\/labonacarn.com\/es\/producte\/albondigas-de-ternera-60-y-cerdo\/"]}]},{"@type":"ImageObject","inLanguage":"es","@id":"https:\/\/labonacarn.com\/es\/producte\/albondigas-de-ternera-60-y-cerdo\/#primaryimage","url":"https:\/\/labonacarn.com\/wp-content\/uploads\/2022\/03\/mandonguilles.jpg","contentUrl":"https:\/\/labonacarn.com\/wp-content\/uploads\/2022\/03\/mandonguilles.jpg","width":2000,"height":1500,"caption":"mandonguilles de vedella i porc"},{"@type":"BreadcrumbList","@id":"https:\/\/labonacarn.com\/es\/producte\/albondigas-de-ternera-60-y-cerdo\/#breadcrumb","itemListElement":[{"@type":"ListItem","position":1,"name":"Portada","item":"https:\/\/labonacarn.com\/es\/"},{"@type":"ListItem","position":2,"name":"Tienda","item":"https:\/\/labonacarn.com\/es\/tienda\/"},{"@type":"ListItem","position":3,"name":"Alb\u00f3ndigas de ternera (60%) y cerdo (40%) (15 unidades) 750 grs. Apto para cel\u00edacos."}]},{"@type":"WebSite","@id":"https:\/\/labonacarn.com\/es\/#website","url":"https:\/\/labonacarn.com\/es\/","name":"labonacarn.com","description":"Venem carn de vedella, porc, pollastre, xai, poltre, gall dindi i embotits de primera qualitat i fets per nosaltres.","potentialAction":[{"@type":"SearchAction","target":{"@type":"EntryPoint","urlTemplate":"https:\/\/labonacarn.com\/es\/?s={search_term_string}"},"query-input":{"@type":"PropertyValueSpecification","valueRequired":true,"valueName":"search_term_string"}}],"inLanguage":"es"}]}},"_links":{"self":[{"href":"https:\/\/labonacarn.com\/es\/wp-json\/wp\/v2\/product\/5090","targetHints":{"allow":["GET"]}}],"collection":[{"href":"https:\/\/labonacarn.com\/es\/wp-json\/wp\/v2\/product"}],"about":[{"href":"https:\/\/labonacarn.com\/es\/wp-json\/wp\/v2\/types\/product"}],"wp:featuredmedia":[{"embeddable":true,"href":"https:\/\/labonacarn.com\/es\/wp-json\/wp\/v2\/media\/13397"}],"wp:attachment":[{"href":"https:\/\/labonacarn.com\/es\/wp-json\/wp\/v2\/media?parent=5090"}],"wp:term":[{"taxonomy":"product_brand","embeddable":true,"href":"https:\/\/labonacarn.com\/es\/wp-json\/wp\/v2\/product_brand?post=5090"},{"taxonomy":"product_cat","embeddable":true,"href":"https:\/\/labonacarn.com\/es\/wp-json\/wp\/v2\/product_cat?post=5090"},{"taxonomy":"product_tag","embeddable":true,"href":"https:\/\/labonacarn.com\/es\/wp-json\/wp\/v2\/product_tag?post=5090"}],"curies":[{"name":"wp","href":"https:\/\/api.w.org\/{rel}","templated":true}]}}