{"id":5088,"date":"2022-03-02T19:13:56","date_gmt":"2022-03-02T19:13:56","guid":{"rendered":"https:\/\/labonacarn.com\/producto\/carne-picada-ternera-60-y-cerdo-40-500-grs\/"},"modified":"2025-09-03T00:04:21","modified_gmt":"2025-09-02T22:04:21","slug":"carne-picada-ternera-60-y-cerdo-40-500-grs","status":"publish","type":"product","link":"https:\/\/labonacarn.com\/es\/producte\/carne-picada-ternera-60-y-cerdo-40-500-grs\/","title":{"rendered":"Carne picada de ternera (60%) y cerdo (40%) 500 grs."},"content":{"rendered":"<h2 id=\"tw-target-text\" class=\"tw-data-text tw-text-large tw-ta\" dir=\"ltr\" data-placeholder=\"Traducci\u00f3\" data-ved=\"2ahUKEwjY9p6pvrqPAxVYgf0HHY67OkwQ3ewLegQIDhAV\" aria-label=\"Text tradu\u00eft: Carne picada de ternera y cerdo de Girona En labonacarne sabemos que la calidad es la base de cualquier plato. Por eso, nuestra carne picada de ternera y cerdo proviene de terneras criadas en entornos saludables y con una alimentaci\u00f3n 100% natural. Este compromiso se traduce en un aut\u00e9ntico sabor que eleva tus recetas caseras al siguiente nivel. Importante A diferencia de muchas opciones que se pueden encontrar en el mercado, la carne picada de ternera y cerdo de labonacarne es 100% carne de ternera y cerdo. No a\u00f1adimos f\u00e9culas, harinas ni ning\u00fan otro ingrediente que modifique su calidad o sabor. S\u00f3lo carne fresca, natural y libre de conservantes y colorantes, tal y como debe ser. Esta diferencia es la que explica quiz\u00e1s la diferencia de precio entre labonacarne y otras entidades. La calidad aut\u00e9ntica siempre tiene un valor a\u00f1adido, y nosotros apostamos por ofrecer lo mejor. Hacia la cocina Con nuestra carne picada tienes un mont\u00f3n de opciones y recetas para hacer. Ideal para preparar recetas tan populares como las alb\u00f3ndigas, los canelones o incluso para descubrir c\u00f3mo hacer unos buenos macarrones caseros, llenos de sabor y tradici\u00f3n. Tambi\u00e9n es perfecta para hamburguesas o platos m\u00e1s creativos, ya que su textura y suculencia la hacen \u00fanica en la cocina.\"><span class=\"Y2IQFc\" lang=\"es\">Carne picada de ternera y cerdo de Girona<\/span><\/h2>\n<p class=\"tw-data-text tw-text-large tw-ta\" dir=\"ltr\" data-placeholder=\"Traducci\u00f3\" data-ved=\"2ahUKEwjY9p6pvrqPAxVYgf0HHY67OkwQ3ewLegQIDhAV\" aria-label=\"Text tradu\u00eft: Carne picada de ternera y cerdo de Girona En labonacarne sabemos que la calidad es la base de cualquier plato. Por eso, nuestra carne picada de ternera y cerdo proviene de terneras criadas en entornos saludables y con una alimentaci\u00f3n 100% natural. Este compromiso se traduce en un aut\u00e9ntico sabor que eleva tus recetas caseras al siguiente nivel. Importante A diferencia de muchas opciones que se pueden encontrar en el mercado, la carne picada de ternera y cerdo de labonacarne es 100% carne de ternera y cerdo. No a\u00f1adimos f\u00e9culas, harinas ni ning\u00fan otro ingrediente que modifique su calidad o sabor. S\u00f3lo carne fresca, natural y libre de conservantes y colorantes, tal y como debe ser. Esta diferencia es la que explica quiz\u00e1s la diferencia de precio entre labonacarne y otras entidades. La calidad aut\u00e9ntica siempre tiene un valor a\u00f1adido, y nosotros apostamos por ofrecer lo mejor. Hacia la cocina Con nuestra carne picada tienes un mont\u00f3n de opciones y recetas para hacer. Ideal para preparar recetas tan populares como las alb\u00f3ndigas, los canelones o incluso para descubrir c\u00f3mo hacer unos buenos macarrones caseros, llenos de sabor y tradici\u00f3n. Tambi\u00e9n es perfecta para hamburguesas o platos m\u00e1s creativos, ya que su textura y suculencia la hacen \u00fanica en la cocina.\"><span class=\"Y2IQFc\" lang=\"es\">En labonacarn sabemos que la calidad es la base de cualquier plato. Por eso, nuestra carne picada de ternera y cerdo proviene de terneras criadas en entornos saludables y con una alimentaci\u00f3n 100% natural. Este compromiso se traduce en un aut\u00e9ntico sabor que eleva tus recetas caseras al siguiente nivel. <\/span><\/p>\n<h2 class=\"tw-data-text tw-text-large tw-ta\" dir=\"ltr\" data-placeholder=\"Traducci\u00f3\" data-ved=\"2ahUKEwjY9p6pvrqPAxVYgf0HHY67OkwQ3ewLegQIDhAV\" aria-label=\"Text tradu\u00eft: Carne picada de ternera y cerdo de Girona En labonacarne sabemos que la calidad es la base de cualquier plato. Por eso, nuestra carne picada de ternera y cerdo proviene de terneras criadas en entornos saludables y con una alimentaci\u00f3n 100% natural. Este compromiso se traduce en un aut\u00e9ntico sabor que eleva tus recetas caseras al siguiente nivel. Importante A diferencia de muchas opciones que se pueden encontrar en el mercado, la carne picada de ternera y cerdo de labonacarne es 100% carne de ternera y cerdo. No a\u00f1adimos f\u00e9culas, harinas ni ning\u00fan otro ingrediente que modifique su calidad o sabor. S\u00f3lo carne fresca, natural y libre de conservantes y colorantes, tal y como debe ser. Esta diferencia es la que explica quiz\u00e1s la diferencia de precio entre labonacarne y otras entidades. La calidad aut\u00e9ntica siempre tiene un valor a\u00f1adido, y nosotros apostamos por ofrecer lo mejor. Hacia la cocina Con nuestra carne picada tienes un mont\u00f3n de opciones y recetas para hacer. Ideal para preparar recetas tan populares como las alb\u00f3ndigas, los canelones o incluso para descubrir c\u00f3mo hacer unos buenos macarrones caseros, llenos de sabor y tradici\u00f3n. Tambi\u00e9n es perfecta para hamburguesas o platos m\u00e1s creativos, ya que su textura y suculencia la hacen \u00fanica en la cocina.\"><span class=\"Y2IQFc\" lang=\"es\">Importante<\/span><\/h2>\n<p class=\"tw-data-text tw-text-large tw-ta\" dir=\"ltr\" data-placeholder=\"Traducci\u00f3\" data-ved=\"2ahUKEwjY9p6pvrqPAxVYgf0HHY67OkwQ3ewLegQIDhAV\" aria-label=\"Text tradu\u00eft: Carne picada de ternera y cerdo de Girona En labonacarne sabemos que la calidad es la base de cualquier plato. Por eso, nuestra carne picada de ternera y cerdo proviene de terneras criadas en entornos saludables y con una alimentaci\u00f3n 100% natural. Este compromiso se traduce en un aut\u00e9ntico sabor que eleva tus recetas caseras al siguiente nivel. Importante A diferencia de muchas opciones que se pueden encontrar en el mercado, la carne picada de ternera y cerdo de labonacarne es 100% carne de ternera y cerdo. No a\u00f1adimos f\u00e9culas, harinas ni ning\u00fan otro ingrediente que modifique su calidad o sabor. S\u00f3lo carne fresca, natural y libre de conservantes y colorantes, tal y como debe ser. Esta diferencia es la que explica quiz\u00e1s la diferencia de precio entre labonacarne y otras entidades. La calidad aut\u00e9ntica siempre tiene un valor a\u00f1adido, y nosotros apostamos por ofrecer lo mejor. Hacia la cocina Con nuestra carne picada tienes un mont\u00f3n de opciones y recetas para hacer. Ideal para preparar recetas tan populares como las alb\u00f3ndigas, los canelones o incluso para descubrir c\u00f3mo hacer unos buenos macarrones caseros, llenos de sabor y tradici\u00f3n. Tambi\u00e9n es perfecta para hamburguesas o platos m\u00e1s creativos, ya que su textura y suculencia la hacen \u00fanica en la cocina.\"><span class=\"Y2IQFc\" lang=\"es\">A diferencia de muchas opciones que se pueden encontrar en el mercado, la carne picada de ternera y cerdo de labonacarne es 100% carne de ternera y cerdo. No a\u00f1adimos f\u00e9culas, harinas ni ning\u00fan otro ingrediente que modifique su calidad o sabor. S\u00f3lo carne fresca, natural y libre de conservantes y colorantes, tal y como debe ser.<br \/>\nEsta diferencia es la que explica quiz\u00e1s la diferencia de precio entre labonacarn y otras entidades. La calidad aut\u00e9ntica siempre tiene un valor a\u00f1adido, y nosotros apostamos por ofrecer lo mejor. <\/span><\/p>\n<h2 dir=\"ltr\" data-placeholder=\"Traducci\u00f3\" data-ved=\"2ahUKEwjY9p6pvrqPAxVYgf0HHY67OkwQ3ewLegQIDhAV\" aria-label=\"Text tradu\u00eft: Carne picada de ternera y cerdo de Girona En labonacarne sabemos que la calidad es la base de cualquier plato. Por eso, nuestra carne picada de ternera y cerdo proviene de terneras criadas en entornos saludables y con una alimentaci\u00f3n 100% natural. Este compromiso se traduce en un aut\u00e9ntico sabor que eleva tus recetas caseras al siguiente nivel. Importante A diferencia de muchas opciones que se pueden encontrar en el mercado, la carne picada de ternera y cerdo de labonacarne es 100% carne de ternera y cerdo. No a\u00f1adimos f\u00e9culas, harinas ni ning\u00fan otro ingrediente que modifique su calidad o sabor. S\u00f3lo carne fresca, natural y libre de conservantes y colorantes, tal y como debe ser. Esta diferencia es la que explica quiz\u00e1s la diferencia de precio entre labonacarne y otras entidades. La calidad aut\u00e9ntica siempre tiene un valor a\u00f1adido, y nosotros apostamos por ofrecer lo mejor. Hacia la cocina Con nuestra carne picada tienes un mont\u00f3n de opciones y recetas para hacer. Ideal para preparar recetas tan populares como las alb\u00f3ndigas, los canelones o incluso para descubrir c\u00f3mo hacer unos buenos macarrones caseros, llenos de sabor y tradici\u00f3n. Tambi\u00e9n es perfecta para hamburguesas o platos m\u00e1s creativos, ya que su textura y suculencia la hacen \u00fanica en la cocina.\">Vamos a la cocina<\/h2>\n<p class=\"tw-data-text tw-text-large tw-ta\" dir=\"ltr\" data-placeholder=\"Traducci\u00f3\" data-ved=\"2ahUKEwjY9p6pvrqPAxVYgf0HHY67OkwQ3ewLegQIDhAV\" aria-label=\"Text tradu\u00eft: Carne picada de ternera y cerdo de Girona En labonacarne sabemos que la calidad es la base de cualquier plato. Por eso, nuestra carne picada de ternera y cerdo proviene de terneras criadas en entornos saludables y con una alimentaci\u00f3n 100% natural. Este compromiso se traduce en un aut\u00e9ntico sabor que eleva tus recetas caseras al siguiente nivel. Importante A diferencia de muchas opciones que se pueden encontrar en el mercado, la carne picada de ternera y cerdo de labonacarne es 100% carne de ternera y cerdo. No a\u00f1adimos f\u00e9culas, harinas ni ning\u00fan otro ingrediente que modifique su calidad o sabor. S\u00f3lo carne fresca, natural y libre de conservantes y colorantes, tal y como debe ser. Esta diferencia es la que explica quiz\u00e1s la diferencia de precio entre labonacarne y otras entidades. La calidad aut\u00e9ntica siempre tiene un valor a\u00f1adido, y nosotros apostamos por ofrecer lo mejor. Hacia la cocina Con nuestra carne picada tienes un mont\u00f3n de opciones y recetas para hacer. Ideal para preparar recetas tan populares como las alb\u00f3ndigas, los canelones o incluso para descubrir c\u00f3mo hacer unos buenos macarrones caseros, llenos de sabor y tradici\u00f3n. Tambi\u00e9n es perfecta para hamburguesas o platos m\u00e1s creativos, ya que su textura y suculencia la hacen \u00fanica en la cocina.\"><span class=\"Y2IQFc\" lang=\"es\">Con nuestra carne picada tienes un mont\u00f3n de opciones y recetas para hacer. Ideal para preparar recetas tan populares como las alb\u00f3ndigas, los canelones o incluso para descubrir c\u00f3mo hacer unos buenos macarrones caseros, llenos de sabor y tradici\u00f3n. Tambi\u00e9n es perfecta para hamburguesas o platos m\u00e1s creativos, ya que su textura y suculencia la hacen \u00fanica en la cocina.<br \/>\n<\/span><\/p>\n<p id=\"tw-target-text\" class=\"tw-data-text tw-text-large tw-ta\" dir=\"ltr\" data-placeholder=\"Traducci\u00f3\" data-ved=\"2ahUKEwjY9p6pvrqPAxVYgf0HHY67OkwQ3ewLegQIDhAV\" aria-label=\"Text tradu\u00eft: La carne de calidad es imprescindible en las mejores recetas de la cocina catalana, ya sea para elaborar un estofado tradicional, un asado o incluso para platos m\u00e1s sencillos pero igualmente deliciosos. Por ejemplo, si te preguntas c\u00f3mo hacer unos buenos macarrones, la clave es utilizar carne de primera: una carne picada fresca y natural que aporte toda la intensidad y suculencia. Con nuestra carnicer\u00eda online puedes comprar f\u00e1cilmente y recibir la carne envasada al vac\u00edo, con toda la frescura y confianza de labonacarne. C\u00f3mo la servimos En bultos envasados \u200b\u200bal vac\u00edo de 500 grs aproximadamente.\"><span class=\"Y2IQFc\" lang=\"es\">Tenemos que tener en cuenta que la carne de calidad es imprescindible en las mejores recetas de la cocina , ya sea para elaborar un estofado tradicional, un asado o incluso para platos m\u00e1s sencillos pero igualmente deliciosos. Por ejemplo, si te preguntas c\u00f3mo hacer unos buenos macarrones, la clave es utilizar carne de primera: una carne picada fresca y natural que aporte toda la intensidad y suculencia. Con nuestra carnicer\u00eda online puedes comprar f\u00e1cilmente y recibir la carne envasada al vac\u00edo, con toda la frescura y confianza de labonacarne. <\/span><\/p>\n<h2 class=\"tw-data-text tw-text-large tw-ta\" dir=\"ltr\" data-placeholder=\"Traducci\u00f3\" data-ved=\"2ahUKEwjY9p6pvrqPAxVYgf0HHY67OkwQ3ewLegQIDhAV\" aria-label=\"Text tradu\u00eft: La carne de calidad es imprescindible en las mejores recetas de la cocina catalana, ya sea para elaborar un estofado tradicional, un asado o incluso para platos m\u00e1s sencillos pero igualmente deliciosos. Por ejemplo, si te preguntas c\u00f3mo hacer unos buenos macarrones, la clave es utilizar carne de primera: una carne picada fresca y natural que aporte toda la intensidad y suculencia. Con nuestra carnicer\u00eda online puedes comprar f\u00e1cilmente y recibir la carne envasada al vac\u00edo, con toda la frescura y confianza de labonacarne. C\u00f3mo la servimos En bultos envasados \u200b\u200bal vac\u00edo de 500 grs aproximadamente.\"><span class=\"Y2IQFc\" lang=\"es\">C\u00f3mo la servimos<\/span><\/h2>\n<p class=\"tw-data-text tw-text-large tw-ta\" dir=\"ltr\" data-placeholder=\"Traducci\u00f3\" data-ved=\"2ahUKEwjY9p6pvrqPAxVYgf0HHY67OkwQ3ewLegQIDhAV\" aria-label=\"Text tradu\u00eft: La carne de calidad es imprescindible en las mejores recetas de la cocina catalana, ya sea para elaborar un estofado tradicional, un asado o incluso para platos m\u00e1s sencillos pero igualmente deliciosos. Por ejemplo, si te preguntas c\u00f3mo hacer unos buenos macarrones, la clave es utilizar carne de primera: una carne picada fresca y natural que aporte toda la intensidad y suculencia. Con nuestra carnicer\u00eda online puedes comprar f\u00e1cilmente y recibir la carne envasada al vac\u00edo, con toda la frescura y confianza de labonacarne. C\u00f3mo la servimos En bultos envasados \u200b\u200bal vac\u00edo de 500 grs aproximadamente.\"><span class=\"Y2IQFc\" lang=\"es\">En bultos envasados \u200b\u200bal vac\u00edo de 500 grs aproximadamente.<\/span><\/p>\n<p class=\"tw-data-text tw-text-large tw-ta\" dir=\"ltr\" data-placeholder=\"Traducci\u00f3\" data-ved=\"2ahUKEwjY9p6pvrqPAxVYgf0HHY67OkwQ3ewLegQIDhAV\" aria-label=\"Text tradu\u00eft: Carne picada de ternera y cerdo de Girona En labonacarne sabemos que la calidad es la base de cualquier plato. Por eso, nuestra carne picada de ternera y cerdo proviene de terneras criadas en entornos saludables y con una alimentaci\u00f3n 100% natural. Este compromiso se traduce en un aut\u00e9ntico sabor que eleva tus recetas caseras al siguiente nivel. Importante A diferencia de muchas opciones que se pueden encontrar en el mercado, la carne picada de ternera y cerdo de labonacarne es 100% carne de ternera y cerdo. No a\u00f1adimos f\u00e9culas, harinas ni ning\u00fan otro ingrediente que modifique su calidad o sabor. S\u00f3lo carne fresca, natural y libre de conservantes y colorantes, tal y como debe ser. Esta diferencia es la que explica quiz\u00e1s la diferencia de precio entre labonacarne y otras entidades. La calidad aut\u00e9ntica siempre tiene un valor a\u00f1adido, y nosotros apostamos por ofrecer lo mejor. Hacia la cocina Con nuestra carne picada tienes un mont\u00f3n de opciones y recetas para hacer. Ideal para preparar recetas tan populares como las alb\u00f3ndigas, los canelones o incluso para descubrir c\u00f3mo hacer unos buenos macarrones caseros, llenos de sabor y tradici\u00f3n. Tambi\u00e9n es perfecta para hamburguesas o platos m\u00e1s creativos, ya que su textura y suculencia la hacen \u00fanica en la cocina.\"><span class=\"Y2IQFc\" lang=\"es\">\u00a0<\/span><\/p>\n","protected":false},"excerpt":{"rendered":"<p id=\"tw-target-text\" class=\"tw-data-text tw-text-large tw-ta\" dir=\"ltr\" data-placeholder=\"Traducci\u00f3\" data-ved=\"2ahUKEwjY9p6pvrqPAxVYgf0HHY67OkwQ3ewLegQIDhAV\" aria-label=\"Text tradu\u00eft: A diferencia de muchas opciones que se pueden encontrar en el mercado, la carne picada de ternera y cerdo de labonacarne es 100% carne. No lleva ninguna harina, ni f\u00e9culas, ni nada.\"><span class=\"Y2IQFc\" lang=\"es\">A diferencia de muchas opciones que se pueden encontrar en el mercado, la carne picada de ternera y cerdo de labonacarn es 100% carne.<br \/>\nNo lleva ninguna harina, ni f\u00e9culas, ni nada m\u00e1s.<\/span><\/p>\n","protected":false},"featured_media":4439,"template":"","meta":{"_acf_changed":false,"_joinchat":[]},"product_brand":[],"product_cat":[63,64],"product_tag":[],"class_list":{"0":"post-5088","1":"product","2":"type-product","3":"status-publish","4":"has-post-thumbnail","6":"product_cat-carne","7":"product_cat-ternera","9":"first","10":"instock","11":"taxable","12":"shipping-taxable","13":"purchasable","14":"product-type-simple"},"acf":[],"yoast_head":"<!-- This site is optimized with the Yoast SEO plugin v27.4 - https:\/\/yoast.com\/product\/yoast-seo-wordpress\/ -->\n<title>Carne picada de ternera (60%) y cerdo (40%) 500 grs. - labonacarn.com<\/title>\n<meta name=\"description\" content=\"Carne picada de ternera y cerdo, servida en paquetes de 500 grs. Es una carne apta para todo el mundo, sin ning\u00fan otro a\u00f1adido.\" \/>\n<meta name=\"robots\" content=\"index, follow, max-snippet:-1, max-image-preview:large, max-video-preview:-1\" \/>\n<link rel=\"canonical\" href=\"https:\/\/labonacarn.com\/es\/producte\/carne-picada-ternera-60-y-cerdo-40-500-grs\/\" \/>\n<meta property=\"og:locale\" content=\"es_ES\" \/>\n<meta property=\"og:type\" content=\"article\" \/>\n<meta property=\"og:title\" content=\"Carne picada de ternera (60%) y cerdo (40%) 500 grs. - labonacarn.com\" \/>\n<meta property=\"og:description\" content=\"Carne picada de ternera y cerdo, servida en paquetes de 500 grs. Es una carne apta para todo el mundo, sin ning\u00fan otro a\u00f1adido.\" \/>\n<meta property=\"og:url\" content=\"https:\/\/labonacarn.com\/es\/producte\/carne-picada-ternera-60-y-cerdo-40-500-grs\/\" \/>\n<meta property=\"og:site_name\" content=\"labonacarn.com\" \/>\n<meta property=\"article:modified_time\" content=\"2025-09-02T22:04:21+00:00\" \/>\n<meta property=\"og:image\" content=\"https:\/\/labonacarn.com\/wp-content\/uploads\/2022\/03\/43g.jpg\" \/>\n\t<meta property=\"og:image:width\" content=\"800\" \/>\n\t<meta property=\"og:image:height\" content=\"533\" \/>\n\t<meta property=\"og:image:type\" content=\"image\/jpeg\" \/>\n<meta name=\"twitter:card\" content=\"summary_large_image\" \/>\n<meta name=\"twitter:label1\" content=\"Tiempo de lectura\" \/>\n\t<meta name=\"twitter:data1\" content=\"2 minutos\" \/>\n<script type=\"application\/ld+json\" class=\"yoast-schema-graph\">{\"@context\":\"https:\\\/\\\/schema.org\",\"@graph\":[{\"@type\":\"WebPage\",\"@id\":\"https:\\\/\\\/labonacarn.com\\\/es\\\/producte\\\/carne-picada-ternera-60-y-cerdo-40-500-grs\\\/\",\"url\":\"https:\\\/\\\/labonacarn.com\\\/es\\\/producte\\\/carne-picada-ternera-60-y-cerdo-40-500-grs\\\/\",\"name\":\"Carne picada de ternera (60%) y cerdo (40%) 500 grs. - labonacarn.com\",\"isPartOf\":{\"@id\":\"https:\\\/\\\/labonacarn.com\\\/es\\\/#website\"},\"primaryImageOfPage\":{\"@id\":\"https:\\\/\\\/labonacarn.com\\\/es\\\/producte\\\/carne-picada-ternera-60-y-cerdo-40-500-grs\\\/#primaryimage\"},\"image\":{\"@id\":\"https:\\\/\\\/labonacarn.com\\\/es\\\/producte\\\/carne-picada-ternera-60-y-cerdo-40-500-grs\\\/#primaryimage\"},\"thumbnailUrl\":\"https:\\\/\\\/labonacarn.com\\\/wp-content\\\/uploads\\\/2022\\\/03\\\/43g.jpg\",\"datePublished\":\"2022-03-02T19:13:56+00:00\",\"dateModified\":\"2025-09-02T22:04:21+00:00\",\"description\":\"Carne picada de ternera y cerdo, servida en paquetes de 500 grs. Es una carne apta para todo el mundo, sin ning\u00fan otro a\u00f1adido.\",\"breadcrumb\":{\"@id\":\"https:\\\/\\\/labonacarn.com\\\/es\\\/producte\\\/carne-picada-ternera-60-y-cerdo-40-500-grs\\\/#breadcrumb\"},\"inLanguage\":\"es\",\"potentialAction\":[{\"@type\":\"ReadAction\",\"target\":[\"https:\\\/\\\/labonacarn.com\\\/es\\\/producte\\\/carne-picada-ternera-60-y-cerdo-40-500-grs\\\/\"]}]},{\"@type\":\"ImageObject\",\"inLanguage\":\"es\",\"@id\":\"https:\\\/\\\/labonacarn.com\\\/es\\\/producte\\\/carne-picada-ternera-60-y-cerdo-40-500-grs\\\/#primaryimage\",\"url\":\"https:\\\/\\\/labonacarn.com\\\/wp-content\\\/uploads\\\/2022\\\/03\\\/43g.jpg\",\"contentUrl\":\"https:\\\/\\\/labonacarn.com\\\/wp-content\\\/uploads\\\/2022\\\/03\\\/43g.jpg\",\"width\":800,\"height\":533},{\"@type\":\"BreadcrumbList\",\"@id\":\"https:\\\/\\\/labonacarn.com\\\/es\\\/producte\\\/carne-picada-ternera-60-y-cerdo-40-500-grs\\\/#breadcrumb\",\"itemListElement\":[{\"@type\":\"ListItem\",\"position\":1,\"name\":\"Portada\",\"item\":\"https:\\\/\\\/labonacarn.com\\\/es\\\/\"},{\"@type\":\"ListItem\",\"position\":2,\"name\":\"Tienda\",\"item\":\"https:\\\/\\\/labonacarn.com\\\/es\\\/tienda\\\/\"},{\"@type\":\"ListItem\",\"position\":3,\"name\":\"Carne picada de ternera (60%) y cerdo (40%) 500 grs.\"}]},{\"@type\":\"WebSite\",\"@id\":\"https:\\\/\\\/labonacarn.com\\\/es\\\/#website\",\"url\":\"https:\\\/\\\/labonacarn.com\\\/es\\\/\",\"name\":\"labonacarn.com\",\"description\":\"Venem carn de vedella, porc, pollastre, xai, poltre, gall dindi i embotits de primera qualitat i fets per nosaltres.\",\"potentialAction\":[{\"@type\":\"SearchAction\",\"target\":{\"@type\":\"EntryPoint\",\"urlTemplate\":\"https:\\\/\\\/labonacarn.com\\\/es\\\/?s={search_term_string}\"},\"query-input\":{\"@type\":\"PropertyValueSpecification\",\"valueRequired\":true,\"valueName\":\"search_term_string\"}}],\"inLanguage\":\"es\"}]}<\/script>\n<!-- \/ Yoast SEO plugin. -->","yoast_head_json":{"title":"Carne picada de ternera (60%) y cerdo (40%) 500 grs. - labonacarn.com","description":"Carne picada de ternera y cerdo, servida en paquetes de 500 grs. Es una carne apta para todo el mundo, sin ning\u00fan otro a\u00f1adido.","robots":{"index":"index","follow":"follow","max-snippet":"max-snippet:-1","max-image-preview":"max-image-preview:large","max-video-preview":"max-video-preview:-1"},"canonical":"https:\/\/labonacarn.com\/es\/producte\/carne-picada-ternera-60-y-cerdo-40-500-grs\/","og_locale":"es_ES","og_type":"article","og_title":"Carne picada de ternera (60%) y cerdo (40%) 500 grs. - labonacarn.com","og_description":"Carne picada de ternera y cerdo, servida en paquetes de 500 grs. Es una carne apta para todo el mundo, sin ning\u00fan otro a\u00f1adido.","og_url":"https:\/\/labonacarn.com\/es\/producte\/carne-picada-ternera-60-y-cerdo-40-500-grs\/","og_site_name":"labonacarn.com","article_modified_time":"2025-09-02T22:04:21+00:00","og_image":[{"width":800,"height":533,"url":"https:\/\/labonacarn.com\/wp-content\/uploads\/2022\/03\/43g.jpg","type":"image\/jpeg"}],"twitter_card":"summary_large_image","twitter_misc":{"Tiempo de lectura":"2 minutos"},"schema":{"@context":"https:\/\/schema.org","@graph":[{"@type":"WebPage","@id":"https:\/\/labonacarn.com\/es\/producte\/carne-picada-ternera-60-y-cerdo-40-500-grs\/","url":"https:\/\/labonacarn.com\/es\/producte\/carne-picada-ternera-60-y-cerdo-40-500-grs\/","name":"Carne picada de ternera (60%) y cerdo (40%) 500 grs. - labonacarn.com","isPartOf":{"@id":"https:\/\/labonacarn.com\/es\/#website"},"primaryImageOfPage":{"@id":"https:\/\/labonacarn.com\/es\/producte\/carne-picada-ternera-60-y-cerdo-40-500-grs\/#primaryimage"},"image":{"@id":"https:\/\/labonacarn.com\/es\/producte\/carne-picada-ternera-60-y-cerdo-40-500-grs\/#primaryimage"},"thumbnailUrl":"https:\/\/labonacarn.com\/wp-content\/uploads\/2022\/03\/43g.jpg","datePublished":"2022-03-02T19:13:56+00:00","dateModified":"2025-09-02T22:04:21+00:00","description":"Carne picada de ternera y cerdo, servida en paquetes de 500 grs. Es una carne apta para todo el mundo, sin ning\u00fan otro a\u00f1adido.","breadcrumb":{"@id":"https:\/\/labonacarn.com\/es\/producte\/carne-picada-ternera-60-y-cerdo-40-500-grs\/#breadcrumb"},"inLanguage":"es","potentialAction":[{"@type":"ReadAction","target":["https:\/\/labonacarn.com\/es\/producte\/carne-picada-ternera-60-y-cerdo-40-500-grs\/"]}]},{"@type":"ImageObject","inLanguage":"es","@id":"https:\/\/labonacarn.com\/es\/producte\/carne-picada-ternera-60-y-cerdo-40-500-grs\/#primaryimage","url":"https:\/\/labonacarn.com\/wp-content\/uploads\/2022\/03\/43g.jpg","contentUrl":"https:\/\/labonacarn.com\/wp-content\/uploads\/2022\/03\/43g.jpg","width":800,"height":533},{"@type":"BreadcrumbList","@id":"https:\/\/labonacarn.com\/es\/producte\/carne-picada-ternera-60-y-cerdo-40-500-grs\/#breadcrumb","itemListElement":[{"@type":"ListItem","position":1,"name":"Portada","item":"https:\/\/labonacarn.com\/es\/"},{"@type":"ListItem","position":2,"name":"Tienda","item":"https:\/\/labonacarn.com\/es\/tienda\/"},{"@type":"ListItem","position":3,"name":"Carne picada de ternera (60%) y cerdo (40%) 500 grs."}]},{"@type":"WebSite","@id":"https:\/\/labonacarn.com\/es\/#website","url":"https:\/\/labonacarn.com\/es\/","name":"labonacarn.com","description":"Venem carn de vedella, porc, pollastre, xai, poltre, gall dindi i embotits de primera qualitat i fets per nosaltres.","potentialAction":[{"@type":"SearchAction","target":{"@type":"EntryPoint","urlTemplate":"https:\/\/labonacarn.com\/es\/?s={search_term_string}"},"query-input":{"@type":"PropertyValueSpecification","valueRequired":true,"valueName":"search_term_string"}}],"inLanguage":"es"}]}},"_links":{"self":[{"href":"https:\/\/labonacarn.com\/es\/wp-json\/wp\/v2\/product\/5088","targetHints":{"allow":["GET"]}}],"collection":[{"href":"https:\/\/labonacarn.com\/es\/wp-json\/wp\/v2\/product"}],"about":[{"href":"https:\/\/labonacarn.com\/es\/wp-json\/wp\/v2\/types\/product"}],"wp:featuredmedia":[{"embeddable":true,"href":"https:\/\/labonacarn.com\/es\/wp-json\/wp\/v2\/media\/4439"}],"wp:attachment":[{"href":"https:\/\/labonacarn.com\/es\/wp-json\/wp\/v2\/media?parent=5088"}],"wp:term":[{"taxonomy":"product_brand","embeddable":true,"href":"https:\/\/labonacarn.com\/es\/wp-json\/wp\/v2\/product_brand?post=5088"},{"taxonomy":"product_cat","embeddable":true,"href":"https:\/\/labonacarn.com\/es\/wp-json\/wp\/v2\/product_cat?post=5088"},{"taxonomy":"product_tag","embeddable":true,"href":"https:\/\/labonacarn.com\/es\/wp-json\/wp\/v2\/product_tag?post=5088"}],"curies":[{"name":"wp","href":"https:\/\/api.w.org\/{rel}","templated":true}]}}