{"id":5079,"date":"2022-03-02T19:16:13","date_gmt":"2022-03-02T19:16:13","guid":{"rendered":"https:\/\/labonacarn.com\/producto\/solomillo-de-ternera-cortado\/"},"modified":"2025-09-02T15:51:44","modified_gmt":"2025-09-02T13:51:44","slug":"solomillo-de-ternera-cortado","status":"publish","type":"product","link":"https:\/\/labonacarn.com\/es\/producte\/solomillo-de-ternera-cortado\/","title":{"rendered":"Solomillo de ternera de Girona, entero o cortado !!!"},"content":{"rendered":"<h2>Solomillo de ternera de Girona<\/h2>\n<p id=\"tw-target-text\" class=\"tw-data-text tw-text-large tw-ta\" dir=\"ltr\" data-placeholder=\"Traducci\u00f3\" data-ved=\"2ahUKEwihuofcmLqPAxUmgf0HHcubHCMQ3ewLegQIDBAW\" aria-label=\"Text tradu\u00eft: El solomillo de ternera de Girona es uno de los cortes m\u00e1s preciados de nuestra gastronom\u00eda. Criada en entornos naturales y con una alimentaci\u00f3n cuidada, la ternera gerundense ofrece una carne tierna, suculenta y con un sabor intenso que la convierte en protagonista de cualquier comida especial. El solomillo es perfecto para cocinar a la plancha, en su punto justo, o para recetas m\u00e1s elaboradas que exigen calidad m\u00e1xima.\"><span class=\"Y2IQFc\" lang=\"es\">El solomillo de ternera de Girona es uno de los cortes m\u00e1s preciados de nuestra gastronom\u00eda. Para muchos la m\u00e1xima expresi\u00f3n de la ternera.<br \/>\n<\/span><span class=\"Y2IQFc\" lang=\"es\"> Criada en entornos naturales y con una alimentaci\u00f3n cuidada, la ternera gerundense ofrece una carne tierna, suculenta y con un sabor intenso que la convierte en protagonista de cualquier comida especial. Es el corte para los paladares m\u00e1s exigentes.<\/span><\/p>\n<h2 dir=\"ltr\" data-placeholder=\"Traducci\u00f3\" data-ved=\"2ahUKEwihuofcmLqPAxUmgf0HHcubHCMQ3ewLegQIDBAW\" aria-label=\"Text tradu\u00eft: El solomillo de ternera de Girona es uno de los cortes m\u00e1s preciados de nuestra gastronom\u00eda. Criada en entornos naturales y con una alimentaci\u00f3n cuidada, la ternera gerundense ofrece una carne tierna, suculenta y con un sabor intenso que la convierte en protagonista de cualquier comida especial. El solomillo es perfecto para cocinar a la plancha, en su punto justo, o para recetas m\u00e1s elaboradas que exigen calidad m\u00e1xima.\">Como la cocinamos<\/h2>\n<p class=\"tw-data-text tw-text-large tw-ta\" dir=\"ltr\" data-placeholder=\"Traducci\u00f3\" data-ved=\"2ahUKEwihuofcmLqPAxUmgf0HHcubHCMQ3ewLegQIDBAW\" aria-label=\"Text tradu\u00eft: El solomillo de ternera de Girona es uno de los cortes m\u00e1s preciados de nuestra gastronom\u00eda. Criada en entornos naturales y con una alimentaci\u00f3n cuidada, la ternera gerundense ofrece una carne tierna, suculenta y con un sabor intenso que la convierte en protagonista de cualquier comida especial. El solomillo es perfecto para cocinar a la plancha, en su punto justo, o para recetas m\u00e1s elaboradas que exigen calidad m\u00e1xima.\"><span class=\"Y2IQFc\" lang=\"es\">En este mundo online encontraremos un sinf\u00edn de recetas para cocinarlo,\u00a0 pero para la gente que no desea invertir tiempo, nuestra recomendaci\u00f3n es\u00a0 \u00a0la plancha, brasa o barbacoa. De esta forma puedes escoger la textura final, si lo deseas poco hecho, al punto o hecho. Recuerda que cuanto m\u00e1s hecha est\u00e9 la carne se pierde su ternura y sabor.<br \/>\nMuy importante: la carne la tenemos que cocinar cuando ella est\u00e9\u00a0 a temperatura ambiente.<\/span><\/p>\n<h2 dir=\"ltr\" data-placeholder=\"Traducci\u00f3\" data-ved=\"2ahUKEwihuofcmLqPAxUmgf0HHcubHCMQ3ewLegQIDBAW\" aria-label=\"Text tradu\u00eft: El solomillo de ternera de Girona es uno de los cortes m\u00e1s preciados de nuestra gastronom\u00eda. Criada en entornos naturales y con una alimentaci\u00f3n cuidada, la ternera gerundense ofrece una carne tierna, suculenta y con un sabor intenso que la convierte en protagonista de cualquier comida especial. El solomillo es perfecto para cocinar a la plancha, en su punto justo, o para recetas m\u00e1s elaboradas que exigen calidad m\u00e1xima.\">La servimos<\/h2>\n<p dir=\"ltr\" data-placeholder=\"Traducci\u00f3\" data-ved=\"2ahUKEwihuofcmLqPAxUmgf0HHcubHCMQ3ewLegQIDBAW\" aria-label=\"Text tradu\u00eft: El solomillo de ternera de Girona es uno de los cortes m\u00e1s preciados de nuestra gastronom\u00eda. Criada en entornos naturales y con una alimentaci\u00f3n cuidada, la ternera gerundense ofrece una carne tierna, suculenta y con un sabor intenso que la convierte en protagonista de cualquier comida especial. El solomillo es perfecto para cocinar a la plancha, en su punto justo, o para recetas m\u00e1s elaboradas que exigen calidad m\u00e1xima.\">Si deseas cortes a medida la envasamos al vac\u00edo y en cada paquete van dos unidades, es decir, dos cortes al grosor que has pedido. Si lo pides entero va envasado al vac\u00edo entero.<\/p>\n<p dir=\"ltr\" data-placeholder=\"Traducci\u00f3\" data-ved=\"2ahUKEwihuofcmLqPAxUmgf0HHcubHCMQ3ewLegQIDBAW\" aria-label=\"Text tradu\u00eft: El solomillo de ternera de Girona es uno de los cortes m\u00e1s preciados de nuestra gastronom\u00eda. Criada en entornos naturales y con una alimentaci\u00f3n cuidada, la ternera gerundense ofrece una carne tierna, suculenta y con un sabor intenso que la convierte en protagonista de cualquier comida especial. El solomillo es perfecto para cocinar a la plancha, en su punto justo, o para recetas m\u00e1s elaboradas que exigen calidad m\u00e1xima.\">Como siempre, libre de conservants y colorantes, apta para todo el mundo.<\/p>\n","protected":false},"excerpt":{"rendered":"<p>La m\u00e1xima expresi\u00f3n de la carne de ternera de Girona.<br \/>\n<span class=\"Y2IQFc\" lang=\"es\">El corte para los paladares m\u00e1s exigentes.<\/span><\/p>\n","protected":false},"featured_media":4445,"template":"","meta":{"_acf_changed":false,"_joinchat":[]},"product_brand":[],"product_cat":[63,64],"product_tag":[],"class_list":{"0":"post-5079","1":"product","2":"type-product","3":"status-publish","4":"has-post-thumbnail","6":"product_cat-carne","7":"product_cat-ternera","9":"first","10":"instock","11":"taxable","12":"shipping-taxable","13":"purchasable","14":"product-type-variable"},"acf":[],"yoast_head":"<!-- This site is optimized with the Yoast SEO plugin v27.4 - https:\/\/yoast.com\/product\/yoast-seo-wordpress\/ -->\n<title>Solomillo de ternera de Girona, entero o cortado !!! - labonacarn.com<\/title>\n<meta name=\"description\" content=\"El Solomillo de ternera de Girona, entero o cortado !!! solomillo de ternera de labonacarn \u00e9s la m\u00e1xima expresi\u00f3n de la ternera. Una carne tierna, jugosa, natural, fresca, exquisita\" \/>\n<meta name=\"robots\" content=\"index, follow, max-snippet:-1, max-image-preview:large, max-video-preview:-1\" \/>\n<link rel=\"canonical\" href=\"https:\/\/labonacarn.com\/es\/producte\/solomillo-de-ternera-cortado\/\" \/>\n<meta property=\"og:locale\" content=\"es_ES\" \/>\n<meta property=\"og:type\" content=\"article\" \/>\n<meta property=\"og:title\" content=\"Solomillo de ternera de Girona, entero o cortado !!! - labonacarn.com\" \/>\n<meta property=\"og:description\" content=\"El Solomillo de ternera de Girona, entero o cortado !!! solomillo de ternera de labonacarn \u00e9s la m\u00e1xima expresi\u00f3n de la ternera. Una carne tierna, jugosa, natural, fresca, exquisita\" \/>\n<meta property=\"og:url\" content=\"https:\/\/labonacarn.com\/es\/producte\/solomillo-de-ternera-cortado\/\" \/>\n<meta property=\"og:site_name\" content=\"labonacarn.com\" \/>\n<meta property=\"article:modified_time\" content=\"2025-09-02T13:51:44+00:00\" \/>\n<meta property=\"og:image\" content=\"https:\/\/labonacarn.com\/wp-content\/uploads\/2022\/03\/37g.jpg\" \/>\n\t<meta property=\"og:image:width\" content=\"800\" \/>\n\t<meta property=\"og:image:height\" content=\"533\" \/>\n\t<meta property=\"og:image:type\" content=\"image\/jpeg\" \/>\n<meta name=\"twitter:card\" content=\"summary_large_image\" \/>\n<meta name=\"twitter:label1\" content=\"Tiempo de lectura\" \/>\n\t<meta name=\"twitter:data1\" content=\"2 minutos\" \/>\n<script type=\"application\/ld+json\" class=\"yoast-schema-graph\">{\"@context\":\"https:\\\/\\\/schema.org\",\"@graph\":[{\"@type\":\"WebPage\",\"@id\":\"https:\\\/\\\/labonacarn.com\\\/es\\\/producte\\\/solomillo-de-ternera-cortado\\\/\",\"url\":\"https:\\\/\\\/labonacarn.com\\\/es\\\/producte\\\/solomillo-de-ternera-cortado\\\/\",\"name\":\"Solomillo de ternera de Girona, entero o cortado !!! - labonacarn.com\",\"isPartOf\":{\"@id\":\"https:\\\/\\\/labonacarn.com\\\/es\\\/#website\"},\"primaryImageOfPage\":{\"@id\":\"https:\\\/\\\/labonacarn.com\\\/es\\\/producte\\\/solomillo-de-ternera-cortado\\\/#primaryimage\"},\"image\":{\"@id\":\"https:\\\/\\\/labonacarn.com\\\/es\\\/producte\\\/solomillo-de-ternera-cortado\\\/#primaryimage\"},\"thumbnailUrl\":\"https:\\\/\\\/labonacarn.com\\\/wp-content\\\/uploads\\\/2022\\\/03\\\/37g.jpg\",\"datePublished\":\"2022-03-02T19:16:13+00:00\",\"dateModified\":\"2025-09-02T13:51:44+00:00\",\"description\":\"El Solomillo de ternera de Girona, entero o cortado !!! solomillo de ternera de labonacarn \u00e9s la m\u00e1xima expresi\u00f3n de la ternera. Una carne tierna, jugosa, natural, fresca, exquisita\",\"breadcrumb\":{\"@id\":\"https:\\\/\\\/labonacarn.com\\\/es\\\/producte\\\/solomillo-de-ternera-cortado\\\/#breadcrumb\"},\"inLanguage\":\"es\",\"potentialAction\":[{\"@type\":\"ReadAction\",\"target\":[\"https:\\\/\\\/labonacarn.com\\\/es\\\/producte\\\/solomillo-de-ternera-cortado\\\/\"]}]},{\"@type\":\"ImageObject\",\"inLanguage\":\"es\",\"@id\":\"https:\\\/\\\/labonacarn.com\\\/es\\\/producte\\\/solomillo-de-ternera-cortado\\\/#primaryimage\",\"url\":\"https:\\\/\\\/labonacarn.com\\\/wp-content\\\/uploads\\\/2022\\\/03\\\/37g.jpg\",\"contentUrl\":\"https:\\\/\\\/labonacarn.com\\\/wp-content\\\/uploads\\\/2022\\\/03\\\/37g.jpg\",\"width\":800,\"height\":533},{\"@type\":\"BreadcrumbList\",\"@id\":\"https:\\\/\\\/labonacarn.com\\\/es\\\/producte\\\/solomillo-de-ternera-cortado\\\/#breadcrumb\",\"itemListElement\":[{\"@type\":\"ListItem\",\"position\":1,\"name\":\"Portada\",\"item\":\"https:\\\/\\\/labonacarn.com\\\/es\\\/\"},{\"@type\":\"ListItem\",\"position\":2,\"name\":\"Tienda\",\"item\":\"https:\\\/\\\/labonacarn.com\\\/es\\\/tienda\\\/\"},{\"@type\":\"ListItem\",\"position\":3,\"name\":\"Solomillo de ternera de Girona, entero o cortado !!!\"}]},{\"@type\":\"WebSite\",\"@id\":\"https:\\\/\\\/labonacarn.com\\\/es\\\/#website\",\"url\":\"https:\\\/\\\/labonacarn.com\\\/es\\\/\",\"name\":\"labonacarn.com\",\"description\":\"Venem carn de vedella, porc, pollastre, xai, poltre, gall dindi i embotits de primera qualitat i fets per nosaltres.\",\"potentialAction\":[{\"@type\":\"SearchAction\",\"target\":{\"@type\":\"EntryPoint\",\"urlTemplate\":\"https:\\\/\\\/labonacarn.com\\\/es\\\/?s={search_term_string}\"},\"query-input\":{\"@type\":\"PropertyValueSpecification\",\"valueRequired\":true,\"valueName\":\"search_term_string\"}}],\"inLanguage\":\"es\"}]}<\/script>\n<!-- \/ Yoast SEO plugin. -->","yoast_head_json":{"title":"Solomillo de ternera de Girona, entero o cortado !!! - labonacarn.com","description":"El Solomillo de ternera de Girona, entero o cortado !!! solomillo de ternera de labonacarn \u00e9s la m\u00e1xima expresi\u00f3n de la ternera. Una carne tierna, jugosa, natural, fresca, exquisita","robots":{"index":"index","follow":"follow","max-snippet":"max-snippet:-1","max-image-preview":"max-image-preview:large","max-video-preview":"max-video-preview:-1"},"canonical":"https:\/\/labonacarn.com\/es\/producte\/solomillo-de-ternera-cortado\/","og_locale":"es_ES","og_type":"article","og_title":"Solomillo de ternera de Girona, entero o cortado !!! - labonacarn.com","og_description":"El Solomillo de ternera de Girona, entero o cortado !!! solomillo de ternera de labonacarn \u00e9s la m\u00e1xima expresi\u00f3n de la ternera. Una carne tierna, jugosa, natural, fresca, exquisita","og_url":"https:\/\/labonacarn.com\/es\/producte\/solomillo-de-ternera-cortado\/","og_site_name":"labonacarn.com","article_modified_time":"2025-09-02T13:51:44+00:00","og_image":[{"width":800,"height":533,"url":"https:\/\/labonacarn.com\/wp-content\/uploads\/2022\/03\/37g.jpg","type":"image\/jpeg"}],"twitter_card":"summary_large_image","twitter_misc":{"Tiempo de lectura":"2 minutos"},"schema":{"@context":"https:\/\/schema.org","@graph":[{"@type":"WebPage","@id":"https:\/\/labonacarn.com\/es\/producte\/solomillo-de-ternera-cortado\/","url":"https:\/\/labonacarn.com\/es\/producte\/solomillo-de-ternera-cortado\/","name":"Solomillo de ternera de Girona, entero o cortado !!! - labonacarn.com","isPartOf":{"@id":"https:\/\/labonacarn.com\/es\/#website"},"primaryImageOfPage":{"@id":"https:\/\/labonacarn.com\/es\/producte\/solomillo-de-ternera-cortado\/#primaryimage"},"image":{"@id":"https:\/\/labonacarn.com\/es\/producte\/solomillo-de-ternera-cortado\/#primaryimage"},"thumbnailUrl":"https:\/\/labonacarn.com\/wp-content\/uploads\/2022\/03\/37g.jpg","datePublished":"2022-03-02T19:16:13+00:00","dateModified":"2025-09-02T13:51:44+00:00","description":"El Solomillo de ternera de Girona, entero o cortado !!! solomillo de ternera de labonacarn \u00e9s la m\u00e1xima expresi\u00f3n de la ternera. Una carne tierna, jugosa, natural, fresca, exquisita","breadcrumb":{"@id":"https:\/\/labonacarn.com\/es\/producte\/solomillo-de-ternera-cortado\/#breadcrumb"},"inLanguage":"es","potentialAction":[{"@type":"ReadAction","target":["https:\/\/labonacarn.com\/es\/producte\/solomillo-de-ternera-cortado\/"]}]},{"@type":"ImageObject","inLanguage":"es","@id":"https:\/\/labonacarn.com\/es\/producte\/solomillo-de-ternera-cortado\/#primaryimage","url":"https:\/\/labonacarn.com\/wp-content\/uploads\/2022\/03\/37g.jpg","contentUrl":"https:\/\/labonacarn.com\/wp-content\/uploads\/2022\/03\/37g.jpg","width":800,"height":533},{"@type":"BreadcrumbList","@id":"https:\/\/labonacarn.com\/es\/producte\/solomillo-de-ternera-cortado\/#breadcrumb","itemListElement":[{"@type":"ListItem","position":1,"name":"Portada","item":"https:\/\/labonacarn.com\/es\/"},{"@type":"ListItem","position":2,"name":"Tienda","item":"https:\/\/labonacarn.com\/es\/tienda\/"},{"@type":"ListItem","position":3,"name":"Solomillo de ternera de Girona, entero o cortado !!!"}]},{"@type":"WebSite","@id":"https:\/\/labonacarn.com\/es\/#website","url":"https:\/\/labonacarn.com\/es\/","name":"labonacarn.com","description":"Venem carn de vedella, porc, pollastre, xai, poltre, gall dindi i embotits de primera qualitat i fets per nosaltres.","potentialAction":[{"@type":"SearchAction","target":{"@type":"EntryPoint","urlTemplate":"https:\/\/labonacarn.com\/es\/?s={search_term_string}"},"query-input":{"@type":"PropertyValueSpecification","valueRequired":true,"valueName":"search_term_string"}}],"inLanguage":"es"}]}},"_links":{"self":[{"href":"https:\/\/labonacarn.com\/es\/wp-json\/wp\/v2\/product\/5079","targetHints":{"allow":["GET"]}}],"collection":[{"href":"https:\/\/labonacarn.com\/es\/wp-json\/wp\/v2\/product"}],"about":[{"href":"https:\/\/labonacarn.com\/es\/wp-json\/wp\/v2\/types\/product"}],"wp:featuredmedia":[{"embeddable":true,"href":"https:\/\/labonacarn.com\/es\/wp-json\/wp\/v2\/media\/4445"}],"wp:attachment":[{"href":"https:\/\/labonacarn.com\/es\/wp-json\/wp\/v2\/media?parent=5079"}],"wp:term":[{"taxonomy":"product_brand","embeddable":true,"href":"https:\/\/labonacarn.com\/es\/wp-json\/wp\/v2\/product_brand?post=5079"},{"taxonomy":"product_cat","embeddable":true,"href":"https:\/\/labonacarn.com\/es\/wp-json\/wp\/v2\/product_cat?post=5079"},{"taxonomy":"product_tag","embeddable":true,"href":"https:\/\/labonacarn.com\/es\/wp-json\/wp\/v2\/product_tag?post=5079"}],"curies":[{"name":"wp","href":"https:\/\/api.w.org\/{rel}","templated":true}]}}