{"id":5072,"date":"2022-03-02T19:25:34","date_gmt":"2022-03-02T19:25:34","guid":{"rendered":"https:\/\/labonacarn.com\/producto\/higado-de-ternera-el-superalimento-de-toda-la-vida\/"},"modified":"2022-03-02T19:25:34","modified_gmt":"2022-03-02T19:25:34","slug":"higado-de-ternera-fileteado","status":"publish","type":"product","link":"https:\/\/labonacarn.com\/es\/producte\/higado-de-ternera-fileteado\/","title":{"rendered":"Higado de ternera: el superalimento de toda la vida"},"content":{"rendered":"<p>Nuestras madres y abuelas lo ten\u00edan muy claro. Sab\u00edan que tanto para superar carencias como para garantizar una buena alimentaci\u00f3n, en el men\u00fa semanal no pod\u00eda faltar uno de los superalimentos m\u00e1s completos que hay: el h\u00edgado. En nuestra sociedad de la abundancia, los especialistas detectan en muchas personas carencias nutricionales graves al tiempo que sufren obesidad, por el desequilibrio entre el consumo de nutrientes y el de calor\u00edas. Algunas de las carencias m\u00e1s habituales son de calcio, hierro, potasio, vitamina A, bitamina D y acilo f\u00f3lico, nutrientes todos ellos que precisamente el h\u00edgado aporta en cantidad. El h\u00edgado de cualquier mam\u00edfero, pero sobre todo el de vaca o ternera, es efectivamente rico en hierro, pero no es el \u00fanico mineral que aporta, ya que contiene pr\u00e1cticamente la misma cantidad de calcio, pero el doble de yodo, y mucho m\u00e1s magnesio , selenio, sodio y f\u00f3sforo, y una cantidad incre\u00edble de potasio. No es un alimento muy cal\u00f3rico y no aporta fibra ni hidratos de carbono, pero s\u00ed mucha prote\u00edna y vitaminas A, C y hasta seis tipos del grupo de vitaminas B, especialmente una gran cantidad de \u00e1cido f\u00f3lico. Y m\u00e1s nutrientes que ser\u00eda largo y aburrido de enumerar, pero que hacen un alimento realmente completo. <\/p>\n","protected":false},"excerpt":{"rendered":"<p>Higado de ternera fileteado con un peso de 1 kgr aproximadamente. Lo servimos envasado al vaci\u00f3, sin ning\u00fan colorante ni conservante. Precio: 6&#8217;80\u20ac\/kgr   <\/p>\n","protected":false},"featured_media":4479,"template":"","meta":{"_acf_changed":false,"_joinchat":[]},"product_brand":[],"product_cat":[63,64],"product_tag":[],"class_list":{"0":"post-5072","1":"product","2":"type-product","3":"status-publish","4":"has-post-thumbnail","6":"product_cat-carne","7":"product_cat-ternera","9":"first","10":"instock","11":"taxable","12":"shipping-taxable","13":"purchasable","14":"product-type-simple"},"acf":[],"yoast_head":"<!-- This site is optimized with the Yoast SEO plugin v27.4 - https:\/\/yoast.com\/product\/yoast-seo-wordpress\/ -->\n<title>Higado de ternera: el superalimento de toda la vida - labonacarn.com<\/title>\n<meta name=\"robots\" content=\"index, follow, max-snippet:-1, max-image-preview:large, max-video-preview:-1\" \/>\n<link rel=\"canonical\" href=\"https:\/\/labonacarn.com\/es\/producte\/higado-de-ternera-fileteado\/\" \/>\n<meta property=\"og:locale\" content=\"es_ES\" \/>\n<meta property=\"og:type\" content=\"article\" \/>\n<meta property=\"og:title\" content=\"Higado de ternera: el superalimento de toda la vida - labonacarn.com\" \/>\n<meta property=\"og:description\" content=\"Higado de ternera fileteado con un peso de 1 kgr aproximadamente. Lo servimos envasado al vaci\u00f3, sin ning\u00fan colorante ni conservante. Precio: 6&#039;80\u20ac\/kgr\" \/>\n<meta property=\"og:url\" content=\"https:\/\/labonacarn.com\/es\/producte\/higado-de-ternera-fileteado\/\" \/>\n<meta property=\"og:site_name\" content=\"labonacarn.com\" \/>\n<meta property=\"og:image\" content=\"https:\/\/labonacarn.com\/wp-content\/uploads\/2022\/03\/161g.jpg\" \/>\n\t<meta property=\"og:image:width\" content=\"800\" \/>\n\t<meta property=\"og:image:height\" content=\"533\" \/>\n\t<meta property=\"og:image:type\" content=\"image\/jpeg\" \/>\n<meta name=\"twitter:card\" content=\"summary_large_image\" \/>\n<meta name=\"twitter:label1\" content=\"Tiempo de lectura\" \/>\n\t<meta name=\"twitter:data1\" content=\"1 minuto\" \/>\n<script type=\"application\/ld+json\" class=\"yoast-schema-graph\">{\"@context\":\"https:\\\/\\\/schema.org\",\"@graph\":[{\"@type\":\"WebPage\",\"@id\":\"https:\\\/\\\/labonacarn.com\\\/es\\\/producte\\\/higado-de-ternera-fileteado\\\/\",\"url\":\"https:\\\/\\\/labonacarn.com\\\/es\\\/producte\\\/higado-de-ternera-fileteado\\\/\",\"name\":\"Higado de ternera: el superalimento de toda la vida - labonacarn.com\",\"isPartOf\":{\"@id\":\"https:\\\/\\\/labonacarn.com\\\/es\\\/#website\"},\"primaryImageOfPage\":{\"@id\":\"https:\\\/\\\/labonacarn.com\\\/es\\\/producte\\\/higado-de-ternera-fileteado\\\/#primaryimage\"},\"image\":{\"@id\":\"https:\\\/\\\/labonacarn.com\\\/es\\\/producte\\\/higado-de-ternera-fileteado\\\/#primaryimage\"},\"thumbnailUrl\":\"https:\\\/\\\/labonacarn.com\\\/wp-content\\\/uploads\\\/2022\\\/03\\\/161g.jpg\",\"datePublished\":\"2022-03-02T19:25:34+00:00\",\"breadcrumb\":{\"@id\":\"https:\\\/\\\/labonacarn.com\\\/es\\\/producte\\\/higado-de-ternera-fileteado\\\/#breadcrumb\"},\"inLanguage\":\"es\",\"potentialAction\":[{\"@type\":\"ReadAction\",\"target\":[\"https:\\\/\\\/labonacarn.com\\\/es\\\/producte\\\/higado-de-ternera-fileteado\\\/\"]}]},{\"@type\":\"ImageObject\",\"inLanguage\":\"es\",\"@id\":\"https:\\\/\\\/labonacarn.com\\\/es\\\/producte\\\/higado-de-ternera-fileteado\\\/#primaryimage\",\"url\":\"https:\\\/\\\/labonacarn.com\\\/wp-content\\\/uploads\\\/2022\\\/03\\\/161g.jpg\",\"contentUrl\":\"https:\\\/\\\/labonacarn.com\\\/wp-content\\\/uploads\\\/2022\\\/03\\\/161g.jpg\",\"width\":800,\"height\":533},{\"@type\":\"BreadcrumbList\",\"@id\":\"https:\\\/\\\/labonacarn.com\\\/es\\\/producte\\\/higado-de-ternera-fileteado\\\/#breadcrumb\",\"itemListElement\":[{\"@type\":\"ListItem\",\"position\":1,\"name\":\"Portada\",\"item\":\"https:\\\/\\\/labonacarn.com\\\/es\\\/\"},{\"@type\":\"ListItem\",\"position\":2,\"name\":\"Tienda\",\"item\":\"https:\\\/\\\/labonacarn.com\\\/es\\\/tienda\\\/\"},{\"@type\":\"ListItem\",\"position\":3,\"name\":\"Higado de ternera: el superalimento de toda la vida\"}]},{\"@type\":\"WebSite\",\"@id\":\"https:\\\/\\\/labonacarn.com\\\/es\\\/#website\",\"url\":\"https:\\\/\\\/labonacarn.com\\\/es\\\/\",\"name\":\"labonacarn.com\",\"description\":\"Venem carn de vedella, porc, pollastre, xai, poltre, gall dindi i embotits de primera qualitat i fets per nosaltres.\",\"potentialAction\":[{\"@type\":\"SearchAction\",\"target\":{\"@type\":\"EntryPoint\",\"urlTemplate\":\"https:\\\/\\\/labonacarn.com\\\/es\\\/?s={search_term_string}\"},\"query-input\":{\"@type\":\"PropertyValueSpecification\",\"valueRequired\":true,\"valueName\":\"search_term_string\"}}],\"inLanguage\":\"es\"}]}<\/script>\n<!-- \/ Yoast SEO plugin. -->","yoast_head_json":{"title":"Higado de ternera: el superalimento de toda la vida - labonacarn.com","robots":{"index":"index","follow":"follow","max-snippet":"max-snippet:-1","max-image-preview":"max-image-preview:large","max-video-preview":"max-video-preview:-1"},"canonical":"https:\/\/labonacarn.com\/es\/producte\/higado-de-ternera-fileteado\/","og_locale":"es_ES","og_type":"article","og_title":"Higado de ternera: el superalimento de toda la vida - labonacarn.com","og_description":"Higado de ternera fileteado con un peso de 1 kgr aproximadamente. Lo servimos envasado al vaci\u00f3, sin ning\u00fan colorante ni conservante. Precio: 6'80\u20ac\/kgr","og_url":"https:\/\/labonacarn.com\/es\/producte\/higado-de-ternera-fileteado\/","og_site_name":"labonacarn.com","og_image":[{"width":800,"height":533,"url":"https:\/\/labonacarn.com\/wp-content\/uploads\/2022\/03\/161g.jpg","type":"image\/jpeg"}],"twitter_card":"summary_large_image","twitter_misc":{"Tiempo de lectura":"1 minuto"},"schema":{"@context":"https:\/\/schema.org","@graph":[{"@type":"WebPage","@id":"https:\/\/labonacarn.com\/es\/producte\/higado-de-ternera-fileteado\/","url":"https:\/\/labonacarn.com\/es\/producte\/higado-de-ternera-fileteado\/","name":"Higado de ternera: el superalimento de toda la vida - labonacarn.com","isPartOf":{"@id":"https:\/\/labonacarn.com\/es\/#website"},"primaryImageOfPage":{"@id":"https:\/\/labonacarn.com\/es\/producte\/higado-de-ternera-fileteado\/#primaryimage"},"image":{"@id":"https:\/\/labonacarn.com\/es\/producte\/higado-de-ternera-fileteado\/#primaryimage"},"thumbnailUrl":"https:\/\/labonacarn.com\/wp-content\/uploads\/2022\/03\/161g.jpg","datePublished":"2022-03-02T19:25:34+00:00","breadcrumb":{"@id":"https:\/\/labonacarn.com\/es\/producte\/higado-de-ternera-fileteado\/#breadcrumb"},"inLanguage":"es","potentialAction":[{"@type":"ReadAction","target":["https:\/\/labonacarn.com\/es\/producte\/higado-de-ternera-fileteado\/"]}]},{"@type":"ImageObject","inLanguage":"es","@id":"https:\/\/labonacarn.com\/es\/producte\/higado-de-ternera-fileteado\/#primaryimage","url":"https:\/\/labonacarn.com\/wp-content\/uploads\/2022\/03\/161g.jpg","contentUrl":"https:\/\/labonacarn.com\/wp-content\/uploads\/2022\/03\/161g.jpg","width":800,"height":533},{"@type":"BreadcrumbList","@id":"https:\/\/labonacarn.com\/es\/producte\/higado-de-ternera-fileteado\/#breadcrumb","itemListElement":[{"@type":"ListItem","position":1,"name":"Portada","item":"https:\/\/labonacarn.com\/es\/"},{"@type":"ListItem","position":2,"name":"Tienda","item":"https:\/\/labonacarn.com\/es\/tienda\/"},{"@type":"ListItem","position":3,"name":"Higado de ternera: el superalimento de toda la vida"}]},{"@type":"WebSite","@id":"https:\/\/labonacarn.com\/es\/#website","url":"https:\/\/labonacarn.com\/es\/","name":"labonacarn.com","description":"Venem carn de vedella, porc, pollastre, xai, poltre, gall dindi i embotits de primera qualitat i fets per nosaltres.","potentialAction":[{"@type":"SearchAction","target":{"@type":"EntryPoint","urlTemplate":"https:\/\/labonacarn.com\/es\/?s={search_term_string}"},"query-input":{"@type":"PropertyValueSpecification","valueRequired":true,"valueName":"search_term_string"}}],"inLanguage":"es"}]}},"_links":{"self":[{"href":"https:\/\/labonacarn.com\/es\/wp-json\/wp\/v2\/product\/5072","targetHints":{"allow":["GET"]}}],"collection":[{"href":"https:\/\/labonacarn.com\/es\/wp-json\/wp\/v2\/product"}],"about":[{"href":"https:\/\/labonacarn.com\/es\/wp-json\/wp\/v2\/types\/product"}],"wp:featuredmedia":[{"embeddable":true,"href":"https:\/\/labonacarn.com\/es\/wp-json\/wp\/v2\/media\/4479"}],"wp:attachment":[{"href":"https:\/\/labonacarn.com\/es\/wp-json\/wp\/v2\/media?parent=5072"}],"wp:term":[{"taxonomy":"product_brand","embeddable":true,"href":"https:\/\/labonacarn.com\/es\/wp-json\/wp\/v2\/product_brand?post=5072"},{"taxonomy":"product_cat","embeddable":true,"href":"https:\/\/labonacarn.com\/es\/wp-json\/wp\/v2\/product_cat?post=5072"},{"taxonomy":"product_tag","embeddable":true,"href":"https:\/\/labonacarn.com\/es\/wp-json\/wp\/v2\/product_tag?post=5072"}],"curies":[{"name":"wp","href":"https:\/\/api.w.org\/{rel}","templated":true}]}}