{"id":5069,"date":"2022-03-03T09:22:24","date_gmt":"2022-03-03T08:22:24","guid":{"rendered":"https:\/\/labonacarn.com\/producto\/libritos-de-lomo-rellenos-de-jamon-dulce-y-queso-4x125-grs-apto-para-celiacos\/"},"modified":"2025-01-06T20:40:40","modified_gmt":"2025-01-06T19:40:40","slug":"libritos-de-lomo-rellenos-de-jamon-dulce-y-queso-4x125-grs-apto-para-celiacos","status":"publish","type":"product","link":"https:\/\/labonacarn.com\/es\/producte\/libritos-de-lomo-rellenos-de-jamon-dulce-y-queso-4x125-grs-apto-para-celiacos\/","title":{"rendered":"Libritos de lomo rellenos de  queso (4&#215;125 grs.) Apto para cel\u00edacos."},"content":{"rendered":"<h2>Libritos de lomo con queso<\/h2>\n<p>Libritos de lomo rellenos de\u00a0 queso. Van en cajas de 4 unidades, con un peso aprox de 125 grs. (4&#215;125 grs). Precio: 15&#8217;75\u20ac\/kgr.<br \/>\nPara su elaboraci\u00f3n se ha usado cerdo y queso. Es un producto apto para cel\u00edacos.<\/p>\n","protected":false},"excerpt":{"rendered":"<p>Libritos de lomo rellenos de\u00a0 queso. Producto APTO para cel\u00edacos.<\/p>\n","protected":false},"featured_media":13472,"template":"","meta":{"_acf_changed":false,"_joinchat":[]},"product_brand":[],"product_cat":[63,100,67,105],"product_tag":[],"class_list":{"0":"post-5069","1":"product","2":"type-product","3":"status-publish","4":"has-post-thumbnail","6":"product_cat-carne","7":"product_cat-cerdo","8":"product_cat-estilo-de-vida","9":"product_cat-no-quiero-cocinar","11":"first","12":"instock","13":"taxable","14":"shipping-taxable","15":"purchasable","16":"product-type-simple"},"acf":[],"yoast_head":"<!-- This site is optimized with the Yoast SEO plugin v27.4 - https:\/\/yoast.com\/product\/yoast-seo-wordpress\/ -->\n<title>Libritos de lomo rellenos de queso (4x125 grs.) Apto para cel\u00edacos. - labonacarn.com<\/title>\n<meta name=\"description\" content=\"Libritos de lomo rellenos de queso. Son aptos para cel\u00edacos y recomendamos su cocci\u00f3n en el horno, quedan mucho mejor !!!!\" \/>\n<meta name=\"robots\" content=\"index, follow, max-snippet:-1, max-image-preview:large, max-video-preview:-1\" \/>\n<link rel=\"canonical\" href=\"https:\/\/labonacarn.com\/es\/producte\/libritos-de-lomo-rellenos-de-jamon-dulce-y-queso-4x125-grs-apto-para-celiacos\/\" \/>\n<meta property=\"og:locale\" content=\"es_ES\" \/>\n<meta property=\"og:type\" content=\"article\" \/>\n<meta property=\"og:title\" content=\"Libritos de lomo rellenos de queso (4x125 grs.) Apto para cel\u00edacos. - labonacarn.com\" \/>\n<meta property=\"og:description\" content=\"Libritos de lomo rellenos de queso. Son aptos para cel\u00edacos y recomendamos su cocci\u00f3n en el horno, quedan mucho mejor !!!!\" \/>\n<meta property=\"og:url\" content=\"https:\/\/labonacarn.com\/es\/producte\/libritos-de-lomo-rellenos-de-jamon-dulce-y-queso-4x125-grs-apto-para-celiacos\/\" \/>\n<meta property=\"og:site_name\" content=\"labonacarn.com\" \/>\n<meta property=\"article:modified_time\" content=\"2025-01-06T19:40:40+00:00\" \/>\n<meta property=\"og:image\" content=\"https:\/\/labonacarn.com\/wp-content\/uploads\/2022\/03\/62g.jpg\" \/>\n\t<meta property=\"og:image:width\" content=\"800\" \/>\n\t<meta property=\"og:image:height\" content=\"533\" \/>\n\t<meta property=\"og:image:type\" content=\"image\/jpeg\" \/>\n<meta name=\"twitter:card\" content=\"summary_large_image\" \/>\n<meta name=\"twitter:label1\" content=\"Tiempo de lectura\" \/>\n\t<meta name=\"twitter:data1\" content=\"1 minuto\" \/>\n<script type=\"application\/ld+json\" class=\"yoast-schema-graph\">{\"@context\":\"https:\\\/\\\/schema.org\",\"@graph\":[{\"@type\":\"WebPage\",\"@id\":\"https:\\\/\\\/labonacarn.com\\\/es\\\/producte\\\/libritos-de-lomo-rellenos-de-jamon-dulce-y-queso-4x125-grs-apto-para-celiacos\\\/\",\"url\":\"https:\\\/\\\/labonacarn.com\\\/es\\\/producte\\\/libritos-de-lomo-rellenos-de-jamon-dulce-y-queso-4x125-grs-apto-para-celiacos\\\/\",\"name\":\"Libritos de lomo rellenos de queso (4x125 grs.) Apto para cel\u00edacos. - labonacarn.com\",\"isPartOf\":{\"@id\":\"https:\\\/\\\/labonacarn.com\\\/es\\\/#website\"},\"primaryImageOfPage\":{\"@id\":\"https:\\\/\\\/labonacarn.com\\\/es\\\/producte\\\/libritos-de-lomo-rellenos-de-jamon-dulce-y-queso-4x125-grs-apto-para-celiacos\\\/#primaryimage\"},\"image\":{\"@id\":\"https:\\\/\\\/labonacarn.com\\\/es\\\/producte\\\/libritos-de-lomo-rellenos-de-jamon-dulce-y-queso-4x125-grs-apto-para-celiacos\\\/#primaryimage\"},\"thumbnailUrl\":\"https:\\\/\\\/labonacarn.com\\\/wp-content\\\/uploads\\\/2022\\\/03\\\/foto5.jpg\",\"datePublished\":\"2022-03-03T08:22:24+00:00\",\"dateModified\":\"2025-01-06T19:40:40+00:00\",\"description\":\"Libritos de lomo rellenos de queso. Son aptos para cel\u00edacos y recomendamos su cocci\u00f3n en el horno, quedan mucho mejor !!!!\",\"breadcrumb\":{\"@id\":\"https:\\\/\\\/labonacarn.com\\\/es\\\/producte\\\/libritos-de-lomo-rellenos-de-jamon-dulce-y-queso-4x125-grs-apto-para-celiacos\\\/#breadcrumb\"},\"inLanguage\":\"es\",\"potentialAction\":[{\"@type\":\"ReadAction\",\"target\":[\"https:\\\/\\\/labonacarn.com\\\/es\\\/producte\\\/libritos-de-lomo-rellenos-de-jamon-dulce-y-queso-4x125-grs-apto-para-celiacos\\\/\"]}]},{\"@type\":\"ImageObject\",\"inLanguage\":\"es\",\"@id\":\"https:\\\/\\\/labonacarn.com\\\/es\\\/producte\\\/libritos-de-lomo-rellenos-de-jamon-dulce-y-queso-4x125-grs-apto-para-celiacos\\\/#primaryimage\",\"url\":\"https:\\\/\\\/labonacarn.com\\\/wp-content\\\/uploads\\\/2022\\\/03\\\/foto5.jpg\",\"contentUrl\":\"https:\\\/\\\/labonacarn.com\\\/wp-content\\\/uploads\\\/2022\\\/03\\\/foto5.jpg\",\"width\":500,\"height\":375,\"caption\":\"Llibrets de llom\"},{\"@type\":\"BreadcrumbList\",\"@id\":\"https:\\\/\\\/labonacarn.com\\\/es\\\/producte\\\/libritos-de-lomo-rellenos-de-jamon-dulce-y-queso-4x125-grs-apto-para-celiacos\\\/#breadcrumb\",\"itemListElement\":[{\"@type\":\"ListItem\",\"position\":1,\"name\":\"Portada\",\"item\":\"https:\\\/\\\/labonacarn.com\\\/es\\\/\"},{\"@type\":\"ListItem\",\"position\":2,\"name\":\"Tienda\",\"item\":\"https:\\\/\\\/labonacarn.com\\\/es\\\/tienda\\\/\"},{\"@type\":\"ListItem\",\"position\":3,\"name\":\"Libritos de lomo rellenos de queso (4&#215;125 grs.) Apto para cel\u00edacos.\"}]},{\"@type\":\"WebSite\",\"@id\":\"https:\\\/\\\/labonacarn.com\\\/es\\\/#website\",\"url\":\"https:\\\/\\\/labonacarn.com\\\/es\\\/\",\"name\":\"labonacarn.com\",\"description\":\"Venem carn de vedella, porc, pollastre, xai, poltre, gall dindi i embotits de primera qualitat i fets per nosaltres.\",\"potentialAction\":[{\"@type\":\"SearchAction\",\"target\":{\"@type\":\"EntryPoint\",\"urlTemplate\":\"https:\\\/\\\/labonacarn.com\\\/es\\\/?s={search_term_string}\"},\"query-input\":{\"@type\":\"PropertyValueSpecification\",\"valueRequired\":true,\"valueName\":\"search_term_string\"}}],\"inLanguage\":\"es\"}]}<\/script>\n<!-- \/ Yoast SEO plugin. -->","yoast_head_json":{"title":"Libritos de lomo rellenos de queso (4x125 grs.) Apto para cel\u00edacos. - labonacarn.com","description":"Libritos de lomo rellenos de queso. Son aptos para cel\u00edacos y recomendamos su cocci\u00f3n en el horno, quedan mucho mejor !!!!","robots":{"index":"index","follow":"follow","max-snippet":"max-snippet:-1","max-image-preview":"max-image-preview:large","max-video-preview":"max-video-preview:-1"},"canonical":"https:\/\/labonacarn.com\/es\/producte\/libritos-de-lomo-rellenos-de-jamon-dulce-y-queso-4x125-grs-apto-para-celiacos\/","og_locale":"es_ES","og_type":"article","og_title":"Libritos de lomo rellenos de queso (4x125 grs.) Apto para cel\u00edacos. - labonacarn.com","og_description":"Libritos de lomo rellenos de queso. Son aptos para cel\u00edacos y recomendamos su cocci\u00f3n en el horno, quedan mucho mejor !!!!","og_url":"https:\/\/labonacarn.com\/es\/producte\/libritos-de-lomo-rellenos-de-jamon-dulce-y-queso-4x125-grs-apto-para-celiacos\/","og_site_name":"labonacarn.com","article_modified_time":"2025-01-06T19:40:40+00:00","og_image":[{"width":800,"height":533,"url":"https:\/\/labonacarn.com\/wp-content\/uploads\/2022\/03\/62g.jpg","type":"image\/jpeg"}],"twitter_card":"summary_large_image","twitter_misc":{"Tiempo de lectura":"1 minuto"},"schema":{"@context":"https:\/\/schema.org","@graph":[{"@type":"WebPage","@id":"https:\/\/labonacarn.com\/es\/producte\/libritos-de-lomo-rellenos-de-jamon-dulce-y-queso-4x125-grs-apto-para-celiacos\/","url":"https:\/\/labonacarn.com\/es\/producte\/libritos-de-lomo-rellenos-de-jamon-dulce-y-queso-4x125-grs-apto-para-celiacos\/","name":"Libritos de lomo rellenos de queso (4x125 grs.) Apto para cel\u00edacos. - labonacarn.com","isPartOf":{"@id":"https:\/\/labonacarn.com\/es\/#website"},"primaryImageOfPage":{"@id":"https:\/\/labonacarn.com\/es\/producte\/libritos-de-lomo-rellenos-de-jamon-dulce-y-queso-4x125-grs-apto-para-celiacos\/#primaryimage"},"image":{"@id":"https:\/\/labonacarn.com\/es\/producte\/libritos-de-lomo-rellenos-de-jamon-dulce-y-queso-4x125-grs-apto-para-celiacos\/#primaryimage"},"thumbnailUrl":"https:\/\/labonacarn.com\/wp-content\/uploads\/2022\/03\/foto5.jpg","datePublished":"2022-03-03T08:22:24+00:00","dateModified":"2025-01-06T19:40:40+00:00","description":"Libritos de lomo rellenos de queso. Son aptos para cel\u00edacos y recomendamos su cocci\u00f3n en el horno, quedan mucho mejor !!!!","breadcrumb":{"@id":"https:\/\/labonacarn.com\/es\/producte\/libritos-de-lomo-rellenos-de-jamon-dulce-y-queso-4x125-grs-apto-para-celiacos\/#breadcrumb"},"inLanguage":"es","potentialAction":[{"@type":"ReadAction","target":["https:\/\/labonacarn.com\/es\/producte\/libritos-de-lomo-rellenos-de-jamon-dulce-y-queso-4x125-grs-apto-para-celiacos\/"]}]},{"@type":"ImageObject","inLanguage":"es","@id":"https:\/\/labonacarn.com\/es\/producte\/libritos-de-lomo-rellenos-de-jamon-dulce-y-queso-4x125-grs-apto-para-celiacos\/#primaryimage","url":"https:\/\/labonacarn.com\/wp-content\/uploads\/2022\/03\/foto5.jpg","contentUrl":"https:\/\/labonacarn.com\/wp-content\/uploads\/2022\/03\/foto5.jpg","width":500,"height":375,"caption":"Llibrets de llom"},{"@type":"BreadcrumbList","@id":"https:\/\/labonacarn.com\/es\/producte\/libritos-de-lomo-rellenos-de-jamon-dulce-y-queso-4x125-grs-apto-para-celiacos\/#breadcrumb","itemListElement":[{"@type":"ListItem","position":1,"name":"Portada","item":"https:\/\/labonacarn.com\/es\/"},{"@type":"ListItem","position":2,"name":"Tienda","item":"https:\/\/labonacarn.com\/es\/tienda\/"},{"@type":"ListItem","position":3,"name":"Libritos de lomo rellenos de queso (4&#215;125 grs.) Apto para cel\u00edacos."}]},{"@type":"WebSite","@id":"https:\/\/labonacarn.com\/es\/#website","url":"https:\/\/labonacarn.com\/es\/","name":"labonacarn.com","description":"Venem carn de vedella, porc, pollastre, xai, poltre, gall dindi i embotits de primera qualitat i fets per nosaltres.","potentialAction":[{"@type":"SearchAction","target":{"@type":"EntryPoint","urlTemplate":"https:\/\/labonacarn.com\/es\/?s={search_term_string}"},"query-input":{"@type":"PropertyValueSpecification","valueRequired":true,"valueName":"search_term_string"}}],"inLanguage":"es"}]}},"_links":{"self":[{"href":"https:\/\/labonacarn.com\/es\/wp-json\/wp\/v2\/product\/5069","targetHints":{"allow":["GET"]}}],"collection":[{"href":"https:\/\/labonacarn.com\/es\/wp-json\/wp\/v2\/product"}],"about":[{"href":"https:\/\/labonacarn.com\/es\/wp-json\/wp\/v2\/types\/product"}],"wp:featuredmedia":[{"embeddable":true,"href":"https:\/\/labonacarn.com\/es\/wp-json\/wp\/v2\/media\/13472"}],"wp:attachment":[{"href":"https:\/\/labonacarn.com\/es\/wp-json\/wp\/v2\/media?parent=5069"}],"wp:term":[{"taxonomy":"product_brand","embeddable":true,"href":"https:\/\/labonacarn.com\/es\/wp-json\/wp\/v2\/product_brand?post=5069"},{"taxonomy":"product_cat","embeddable":true,"href":"https:\/\/labonacarn.com\/es\/wp-json\/wp\/v2\/product_cat?post=5069"},{"taxonomy":"product_tag","embeddable":true,"href":"https:\/\/labonacarn.com\/es\/wp-json\/wp\/v2\/product_tag?post=5069"}],"curies":[{"name":"wp","href":"https:\/\/api.w.org\/{rel}","templated":true}]}}