{"id":5056,"date":"2022-03-03T09:36:14","date_gmt":"2022-03-03T09:36:14","guid":{"rendered":"https:\/\/labonacarn.com\/producto\/fricando-cortado-5-6-unidades-750-grs\/"},"modified":"2025-09-02T15:07:59","modified_gmt":"2025-09-02T13:07:59","slug":"fricando-cortado-5-6-unidades-750-grs","status":"publish","type":"product","link":"https:\/\/labonacarn.com\/es\/producte\/fricando-cortado-5-6-unidades-750-grs\/","title":{"rendered":"Fricando de ternera  (5-6 unidades) 750 grs."},"content":{"rendered":"<h2>Fricand\u00f3 de ternera<\/h2>\n<p id=\"tw-target-text\" class=\"tw-data-text tw-text-large tw-ta\" dir=\"ltr\" data-placeholder=\"Traducci\u00f3\" data-ved=\"2ahUKEwiwx6-x4aqLAxU5K_sDHZ12LcUQ3ewLegQICBAV\" aria-label=\"Text tradu\u00eft: El fricand\u00f3 de ternera es uno de los platos m\u00e1s emblem\u00e1ticos de la cocina catalana, destacando por su suculencia y sabor profundo. Se trata de un guiso tradicional elaborado con filetes delgados de ternera, que se cocinan lentamente con una salsa de cebolla, tomate y setas, dando como resultado una carne tierna y melosa que se deshace en la boca. El secreto de un buen fricand\u00f3 radica en la calidad de la ternera, y esto en nuestro hogar ya lo tienes ganado. Habitualmente utilizamos la llata de la ternera para hacer el fricand\u00f3, es la mejor parte. En la elecci\u00f3n de las setas, te recomendamos los setas o las cepas, que aportan un aroma inconfundible. Este guiso es ideal para preparar con antelaci\u00f3n, puesto que los sabores se concentran a\u00fan m\u00e1s con el reposo. Tradicionalmente, se sirve acompa\u00f1ado de patatas o arroz blanco, que ayudan a saborear la deliciosa salsa. El fricand\u00f3 de ternera es un ejemplo perfecto de la riqueza gastron\u00f3mica catalana, un plato reconfortante que a\u00fana tradici\u00f3n y sabor en cada mordisco. Presentaci\u00f3n Lo servimos envasado al vac\u00edo, en 5 o 6 cortes y sin m\u00e1s a\u00f1adido. No contiene ning\u00fan al\u00e9rgeno y por tanto, es apto para todos. Cocci\u00f3n Encontrar\u00e1s un mont\u00f3n por internet pero una que nos gusta mucho es la receta de la revista \u201cCuina.cat\u201d https:\/\/www.cuina.cat\/receptes\/fricando-de-vedella_32158_117.html\"><span class=\"Y2IQFc\" lang=\"es\">El fricand\u00f3 de ternera es uno de los platos m\u00e1s emblem\u00e1ticos de la cocina catalana, destacando por su suculencia y sabor profundo. Se trata de un guiso tradicional elaborado con filetes delgados de ternera, que se cocinan lentamente con una salsa de cebolla, tomate y setas, dando como resultado una carne tierna y melosa que se deshace en la boca.<\/span><\/p>\n<p class=\"tw-data-text tw-text-large tw-ta\" dir=\"ltr\" data-placeholder=\"Traducci\u00f3\" data-ved=\"2ahUKEwiwx6-x4aqLAxU5K_sDHZ12LcUQ3ewLegQICBAV\" aria-label=\"Text tradu\u00eft: El fricand\u00f3 de ternera es uno de los platos m\u00e1s emblem\u00e1ticos de la cocina catalana, destacando por su suculencia y sabor profundo. Se trata de un guiso tradicional elaborado con filetes delgados de ternera, que se cocinan lentamente con una salsa de cebolla, tomate y setas, dando como resultado una carne tierna y melosa que se deshace en la boca. El secreto de un buen fricand\u00f3 radica en la calidad de la ternera, y esto en nuestro hogar ya lo tienes ganado. Habitualmente utilizamos la llata de la ternera para hacer el fricand\u00f3, es la mejor parte. En la elecci\u00f3n de las setas, te recomendamos los setas o las cepas, que aportan un aroma inconfundible. Este guiso es ideal para preparar con antelaci\u00f3n, puesto que los sabores se concentran a\u00fan m\u00e1s con el reposo. Tradicionalmente, se sirve acompa\u00f1ado de patatas o arroz blanco, que ayudan a saborear la deliciosa salsa. El fricand\u00f3 de ternera es un ejemplo perfecto de la riqueza gastron\u00f3mica catalana, un plato reconfortante que a\u00fana tradici\u00f3n y sabor en cada mordisco. Presentaci\u00f3n Lo servimos envasado al vac\u00edo, en 5 o 6 cortes y sin m\u00e1s a\u00f1adido. No contiene ning\u00fan al\u00e9rgeno y por tanto, es apto para todos. Cocci\u00f3n Encontrar\u00e1s un mont\u00f3n por internet pero una que nos gusta mucho es la receta de la revista \u201cCuina.cat\u201d https:\/\/www.cuina.cat\/receptes\/fricando-de-vedella_32158_117.html\"><span class=\"Y2IQFc\" lang=\"es\"><br \/>\nEl secreto de un buen fricand\u00f3 radica en la calidad de la ternera, y esto en nuestro lugar ya lo tienes ganado. Habitualmente utilizamos la llata de la ternera para hacer el fricand\u00f3, es la mejor parte.<br \/>\nEn la elecci\u00f3n de las setas, te recomendamos los setas o las cepas, que aportan un aroma inconfundible. Este guiso es ideal para preparar con antelaci\u00f3n, puesto que los sabores se concentran a\u00fan m\u00e1s con el reposo.<br \/>\n<\/span><span class=\"Y2IQFc\" lang=\"es\"> Tradicionalmente, se sirve acompa\u00f1ado de patatas o arroz blanco, que ayudan a saborear la deliciosa salsa. El fricand\u00f3 de ternera es un ejemplo perfecto de la riqueza gastron\u00f3mica catalana, un plato reconfortante que a\u00fana tradici\u00f3n y sabor en cada mordisco.<br \/>\nEn resumen, si deseas comprar on line una\u00a0 excelente carne de Girona en forma de fricand\u00f3, no dudes m\u00e1s, aqu\u00ed lo tienes.<\/span><\/p>\n<h2 class=\"tw-data-text tw-text-large tw-ta\" dir=\"ltr\" data-placeholder=\"Traducci\u00f3\" data-ved=\"2ahUKEwiwx6-x4aqLAxU5K_sDHZ12LcUQ3ewLegQICBAV\" aria-label=\"Text tradu\u00eft: El fricand\u00f3 de ternera es uno de los platos m\u00e1s emblem\u00e1ticos de la cocina catalana, destacando por su suculencia y sabor profundo. Se trata de un guiso tradicional elaborado con filetes delgados de ternera, que se cocinan lentamente con una salsa de cebolla, tomate y setas, dando como resultado una carne tierna y melosa que se deshace en la boca. El secreto de un buen fricand\u00f3 radica en la calidad de la ternera, y esto en nuestro hogar ya lo tienes ganado. Habitualmente utilizamos la llata de la ternera para hacer el fricand\u00f3, es la mejor parte. En la elecci\u00f3n de las setas, te recomendamos los setas o las cepas, que aportan un aroma inconfundible. Este guiso es ideal para preparar con antelaci\u00f3n, puesto que los sabores se concentran a\u00fan m\u00e1s con el reposo. Tradicionalmente, se sirve acompa\u00f1ado de patatas o arroz blanco, que ayudan a saborear la deliciosa salsa. El fricand\u00f3 de ternera es un ejemplo perfecto de la riqueza gastron\u00f3mica catalana, un plato reconfortante que a\u00fana tradici\u00f3n y sabor en cada mordisco. Presentaci\u00f3n Lo servimos envasado al vac\u00edo, en 5 o 6 cortes y sin m\u00e1s a\u00f1adido. No contiene ning\u00fan al\u00e9rgeno y por tanto, es apto para todos. Cocci\u00f3n Encontrar\u00e1s un mont\u00f3n por internet pero una que nos gusta mucho es la receta de la revista \u201cCuina.cat\u201d https:\/\/www.cuina.cat\/receptes\/fricando-de-vedella_32158_117.html\"><span class=\"Y2IQFc\" lang=\"es\">Presentaci\u00f3n<\/span><\/h2>\n<p class=\"tw-data-text tw-text-large tw-ta\" dir=\"ltr\" data-placeholder=\"Traducci\u00f3\" data-ved=\"2ahUKEwiwx6-x4aqLAxU5K_sDHZ12LcUQ3ewLegQICBAV\" aria-label=\"Text tradu\u00eft: El fricand\u00f3 de ternera es uno de los platos m\u00e1s emblem\u00e1ticos de la cocina catalana, destacando por su suculencia y sabor profundo. Se trata de un guiso tradicional elaborado con filetes delgados de ternera, que se cocinan lentamente con una salsa de cebolla, tomate y setas, dando como resultado una carne tierna y melosa que se deshace en la boca. El secreto de un buen fricand\u00f3 radica en la calidad de la ternera, y esto en nuestro hogar ya lo tienes ganado. Habitualmente utilizamos la llata de la ternera para hacer el fricand\u00f3, es la mejor parte. En la elecci\u00f3n de las setas, te recomendamos los setas o las cepas, que aportan un aroma inconfundible. Este guiso es ideal para preparar con antelaci\u00f3n, puesto que los sabores se concentran a\u00fan m\u00e1s con el reposo. Tradicionalmente, se sirve acompa\u00f1ado de patatas o arroz blanco, que ayudan a saborear la deliciosa salsa. El fricand\u00f3 de ternera es un ejemplo perfecto de la riqueza gastron\u00f3mica catalana, un plato reconfortante que a\u00fana tradici\u00f3n y sabor en cada mordisco. Presentaci\u00f3n Lo servimos envasado al vac\u00edo, en 5 o 6 cortes y sin m\u00e1s a\u00f1adido. No contiene ning\u00fan al\u00e9rgeno y por tanto, es apto para todos. Cocci\u00f3n Encontrar\u00e1s un mont\u00f3n por internet pero una que nos gusta mucho es la receta de la revista \u201cCuina.cat\u201d https:\/\/www.cuina.cat\/receptes\/fricando-de-vedella_32158_117.html\"><span class=\"Y2IQFc\" lang=\"es\">Lo servimos envasado al vac\u00edo, en 5 o 6 cortes y sin m\u00e1s a\u00f1adido. No contiene ning\u00fan al\u00e9rgeno y por tanto, es apto para todos.<\/span><\/p>\n<h2 class=\"tw-data-text tw-text-large tw-ta\" dir=\"ltr\" data-placeholder=\"Traducci\u00f3\" data-ved=\"2ahUKEwiwx6-x4aqLAxU5K_sDHZ12LcUQ3ewLegQICBAV\" aria-label=\"Text tradu\u00eft: El fricand\u00f3 de ternera es uno de los platos m\u00e1s emblem\u00e1ticos de la cocina catalana, destacando por su suculencia y sabor profundo. Se trata de un guiso tradicional elaborado con filetes delgados de ternera, que se cocinan lentamente con una salsa de cebolla, tomate y setas, dando como resultado una carne tierna y melosa que se deshace en la boca. El secreto de un buen fricand\u00f3 radica en la calidad de la ternera, y esto en nuestro hogar ya lo tienes ganado. Habitualmente utilizamos la llata de la ternera para hacer el fricand\u00f3, es la mejor parte. En la elecci\u00f3n de las setas, te recomendamos los setas o las cepas, que aportan un aroma inconfundible. Este guiso es ideal para preparar con antelaci\u00f3n, puesto que los sabores se concentran a\u00fan m\u00e1s con el reposo. Tradicionalmente, se sirve acompa\u00f1ado de patatas o arroz blanco, que ayudan a saborear la deliciosa salsa. El fricand\u00f3 de ternera es un ejemplo perfecto de la riqueza gastron\u00f3mica catalana, un plato reconfortante que a\u00fana tradici\u00f3n y sabor en cada mordisco. Presentaci\u00f3n Lo servimos envasado al vac\u00edo, en 5 o 6 cortes y sin m\u00e1s a\u00f1adido. No contiene ning\u00fan al\u00e9rgeno y por tanto, es apto para todos. Cocci\u00f3n Encontrar\u00e1s un mont\u00f3n por internet pero una que nos gusta mucho es la receta de la revista \u201cCuina.cat\u201d https:\/\/www.cuina.cat\/receptes\/fricando-de-vedella_32158_117.html\"><span class=\"Y2IQFc\" lang=\"es\">Cocci\u00f3n<\/span><\/h2>\n<p class=\"tw-data-text tw-text-large tw-ta\" dir=\"ltr\" data-placeholder=\"Traducci\u00f3\" data-ved=\"2ahUKEwiwx6-x4aqLAxU5K_sDHZ12LcUQ3ewLegQICBAV\" aria-label=\"Text tradu\u00eft: El fricand\u00f3 de ternera es uno de los platos m\u00e1s emblem\u00e1ticos de la cocina catalana, destacando por su suculencia y sabor profundo. Se trata de un guiso tradicional elaborado con filetes delgados de ternera, que se cocinan lentamente con una salsa de cebolla, tomate y setas, dando como resultado una carne tierna y melosa que se deshace en la boca. El secreto de un buen fricand\u00f3 radica en la calidad de la ternera, y esto en nuestro hogar ya lo tienes ganado. Habitualmente utilizamos la llata de la ternera para hacer el fricand\u00f3, es la mejor parte. En la elecci\u00f3n de las setas, te recomendamos los setas o las cepas, que aportan un aroma inconfundible. Este guiso es ideal para preparar con antelaci\u00f3n, puesto que los sabores se concentran a\u00fan m\u00e1s con el reposo. Tradicionalmente, se sirve acompa\u00f1ado de patatas o arroz blanco, que ayudan a saborear la deliciosa salsa. El fricand\u00f3 de ternera es un ejemplo perfecto de la riqueza gastron\u00f3mica catalana, un plato reconfortante que a\u00fana tradici\u00f3n y sabor en cada mordisco. Presentaci\u00f3n Lo servimos envasado al vac\u00edo, en 5 o 6 cortes y sin m\u00e1s a\u00f1adido. No contiene ning\u00fan al\u00e9rgeno y por tanto, es apto para todos. Cocci\u00f3n Encontrar\u00e1s un mont\u00f3n por internet pero una que nos gusta mucho es la receta de la revista \u201cCuina.cat\u201d https:\/\/www.cuina.cat\/receptes\/fricando-de-vedella_32158_117.html\"><span class=\"Y2IQFc\" lang=\"es\">Encontrar\u00e1s un mont\u00f3n por internet pero una que nos gusta mucho es la receta de la revista \u201cCuina.cat\u201d<br \/>\n<a href=\"https:\/\/www.cuina.cat\/receptes\/fricando-de-vedella_32158_117.html\">https:\/\/www.cuina.cat\/receptes\/fricando-de-vedella_32158_117.html<\/a><\/span><\/p>\n<p>&nbsp;<\/p>\n","protected":false},"excerpt":{"rendered":"<p>Carne seleccionada de calidad, ideal para preparar un plato tradicional con un resultado tierno, sabroso y espectacular.<\/p>\n","protected":false},"featured_media":4523,"template":"","meta":{"_acf_changed":false,"_joinchat":[]},"product_brand":[],"product_cat":[63,64],"product_tag":[],"class_list":{"0":"post-5056","1":"product","2":"type-product","3":"status-publish","4":"has-post-thumbnail","6":"product_cat-carne","7":"product_cat-ternera","9":"first","10":"instock","11":"taxable","12":"shipping-taxable","13":"purchasable","14":"product-type-simple"},"acf":[],"yoast_head":"<!-- This site is optimized with the Yoast SEO plugin v27.4 - https:\/\/yoast.com\/product\/yoast-seo-wordpress\/ -->\n<title>Fricando de ternera (5-6 unidades) 750 grs. - labonacarn.com<\/title>\n<meta name=\"description\" content=\"Fricand\u00f3 de ternera, con carne seleccionada de calidad, ideal para preparar un plato tradicional con un resultado tierno, sabroso y espectacular.\" \/>\n<meta name=\"robots\" content=\"index, follow, max-snippet:-1, max-image-preview:large, max-video-preview:-1\" \/>\n<link rel=\"canonical\" href=\"https:\/\/labonacarn.com\/es\/producte\/fricando-cortado-5-6-unidades-750-grs\/\" \/>\n<meta property=\"og:locale\" content=\"es_ES\" \/>\n<meta property=\"og:type\" content=\"article\" \/>\n<meta property=\"og:title\" content=\"Fricando de ternera (5-6 unidades) 750 grs. - labonacarn.com\" \/>\n<meta property=\"og:description\" content=\"Fricand\u00f3 de ternera, con carne seleccionada de calidad, ideal para preparar un plato tradicional con un resultado tierno, sabroso y espectacular.\" \/>\n<meta property=\"og:url\" content=\"https:\/\/labonacarn.com\/es\/producte\/fricando-cortado-5-6-unidades-750-grs\/\" \/>\n<meta property=\"og:site_name\" content=\"labonacarn.com\" \/>\n<meta property=\"article:modified_time\" content=\"2025-09-02T13:07:59+00:00\" \/>\n<meta property=\"og:image\" content=\"https:\/\/labonacarn.com\/wp-content\/uploads\/2022\/03\/38g.jpg\" \/>\n\t<meta property=\"og:image:width\" content=\"800\" \/>\n\t<meta property=\"og:image:height\" content=\"533\" \/>\n\t<meta property=\"og:image:type\" content=\"image\/jpeg\" \/>\n<meta name=\"twitter:card\" content=\"summary_large_image\" \/>\n<meta name=\"twitter:label1\" content=\"Tiempo de lectura\" \/>\n\t<meta name=\"twitter:data1\" content=\"2 minutos\" \/>\n<script type=\"application\/ld+json\" class=\"yoast-schema-graph\">{\"@context\":\"https:\\\/\\\/schema.org\",\"@graph\":[{\"@type\":\"WebPage\",\"@id\":\"https:\\\/\\\/labonacarn.com\\\/es\\\/producte\\\/fricando-cortado-5-6-unidades-750-grs\\\/\",\"url\":\"https:\\\/\\\/labonacarn.com\\\/es\\\/producte\\\/fricando-cortado-5-6-unidades-750-grs\\\/\",\"name\":\"Fricando de ternera (5-6 unidades) 750 grs. - labonacarn.com\",\"isPartOf\":{\"@id\":\"https:\\\/\\\/labonacarn.com\\\/es\\\/#website\"},\"primaryImageOfPage\":{\"@id\":\"https:\\\/\\\/labonacarn.com\\\/es\\\/producte\\\/fricando-cortado-5-6-unidades-750-grs\\\/#primaryimage\"},\"image\":{\"@id\":\"https:\\\/\\\/labonacarn.com\\\/es\\\/producte\\\/fricando-cortado-5-6-unidades-750-grs\\\/#primaryimage\"},\"thumbnailUrl\":\"https:\\\/\\\/labonacarn.com\\\/wp-content\\\/uploads\\\/2022\\\/03\\\/38g.jpg\",\"datePublished\":\"2022-03-03T09:36:14+00:00\",\"dateModified\":\"2025-09-02T13:07:59+00:00\",\"description\":\"Fricand\u00f3 de ternera, con carne seleccionada de calidad, ideal para preparar un plato tradicional con un resultado tierno, sabroso y espectacular.\",\"breadcrumb\":{\"@id\":\"https:\\\/\\\/labonacarn.com\\\/es\\\/producte\\\/fricando-cortado-5-6-unidades-750-grs\\\/#breadcrumb\"},\"inLanguage\":\"es\",\"potentialAction\":[{\"@type\":\"ReadAction\",\"target\":[\"https:\\\/\\\/labonacarn.com\\\/es\\\/producte\\\/fricando-cortado-5-6-unidades-750-grs\\\/\"]}]},{\"@type\":\"ImageObject\",\"inLanguage\":\"es\",\"@id\":\"https:\\\/\\\/labonacarn.com\\\/es\\\/producte\\\/fricando-cortado-5-6-unidades-750-grs\\\/#primaryimage\",\"url\":\"https:\\\/\\\/labonacarn.com\\\/wp-content\\\/uploads\\\/2022\\\/03\\\/38g.jpg\",\"contentUrl\":\"https:\\\/\\\/labonacarn.com\\\/wp-content\\\/uploads\\\/2022\\\/03\\\/38g.jpg\",\"width\":800,\"height\":533},{\"@type\":\"BreadcrumbList\",\"@id\":\"https:\\\/\\\/labonacarn.com\\\/es\\\/producte\\\/fricando-cortado-5-6-unidades-750-grs\\\/#breadcrumb\",\"itemListElement\":[{\"@type\":\"ListItem\",\"position\":1,\"name\":\"Portada\",\"item\":\"https:\\\/\\\/labonacarn.com\\\/es\\\/\"},{\"@type\":\"ListItem\",\"position\":2,\"name\":\"Tienda\",\"item\":\"https:\\\/\\\/labonacarn.com\\\/es\\\/tienda\\\/\"},{\"@type\":\"ListItem\",\"position\":3,\"name\":\"Fricando de ternera (5-6 unidades) 750 grs.\"}]},{\"@type\":\"WebSite\",\"@id\":\"https:\\\/\\\/labonacarn.com\\\/es\\\/#website\",\"url\":\"https:\\\/\\\/labonacarn.com\\\/es\\\/\",\"name\":\"labonacarn.com\",\"description\":\"Venem carn de vedella, porc, pollastre, xai, poltre, gall dindi i embotits de primera qualitat i fets per nosaltres.\",\"potentialAction\":[{\"@type\":\"SearchAction\",\"target\":{\"@type\":\"EntryPoint\",\"urlTemplate\":\"https:\\\/\\\/labonacarn.com\\\/es\\\/?s={search_term_string}\"},\"query-input\":{\"@type\":\"PropertyValueSpecification\",\"valueRequired\":true,\"valueName\":\"search_term_string\"}}],\"inLanguage\":\"es\"}]}<\/script>\n<!-- \/ Yoast SEO plugin. -->","yoast_head_json":{"title":"Fricando de ternera (5-6 unidades) 750 grs. - labonacarn.com","description":"Fricand\u00f3 de ternera, con carne seleccionada de calidad, ideal para preparar un plato tradicional con un resultado tierno, sabroso y espectacular.","robots":{"index":"index","follow":"follow","max-snippet":"max-snippet:-1","max-image-preview":"max-image-preview:large","max-video-preview":"max-video-preview:-1"},"canonical":"https:\/\/labonacarn.com\/es\/producte\/fricando-cortado-5-6-unidades-750-grs\/","og_locale":"es_ES","og_type":"article","og_title":"Fricando de ternera (5-6 unidades) 750 grs. - labonacarn.com","og_description":"Fricand\u00f3 de ternera, con carne seleccionada de calidad, ideal para preparar un plato tradicional con un resultado tierno, sabroso y espectacular.","og_url":"https:\/\/labonacarn.com\/es\/producte\/fricando-cortado-5-6-unidades-750-grs\/","og_site_name":"labonacarn.com","article_modified_time":"2025-09-02T13:07:59+00:00","og_image":[{"width":800,"height":533,"url":"https:\/\/labonacarn.com\/wp-content\/uploads\/2022\/03\/38g.jpg","type":"image\/jpeg"}],"twitter_card":"summary_large_image","twitter_misc":{"Tiempo de lectura":"2 minutos"},"schema":{"@context":"https:\/\/schema.org","@graph":[{"@type":"WebPage","@id":"https:\/\/labonacarn.com\/es\/producte\/fricando-cortado-5-6-unidades-750-grs\/","url":"https:\/\/labonacarn.com\/es\/producte\/fricando-cortado-5-6-unidades-750-grs\/","name":"Fricando de ternera (5-6 unidades) 750 grs. - labonacarn.com","isPartOf":{"@id":"https:\/\/labonacarn.com\/es\/#website"},"primaryImageOfPage":{"@id":"https:\/\/labonacarn.com\/es\/producte\/fricando-cortado-5-6-unidades-750-grs\/#primaryimage"},"image":{"@id":"https:\/\/labonacarn.com\/es\/producte\/fricando-cortado-5-6-unidades-750-grs\/#primaryimage"},"thumbnailUrl":"https:\/\/labonacarn.com\/wp-content\/uploads\/2022\/03\/38g.jpg","datePublished":"2022-03-03T09:36:14+00:00","dateModified":"2025-09-02T13:07:59+00:00","description":"Fricand\u00f3 de ternera, con carne seleccionada de calidad, ideal para preparar un plato tradicional con un resultado tierno, sabroso y espectacular.","breadcrumb":{"@id":"https:\/\/labonacarn.com\/es\/producte\/fricando-cortado-5-6-unidades-750-grs\/#breadcrumb"},"inLanguage":"es","potentialAction":[{"@type":"ReadAction","target":["https:\/\/labonacarn.com\/es\/producte\/fricando-cortado-5-6-unidades-750-grs\/"]}]},{"@type":"ImageObject","inLanguage":"es","@id":"https:\/\/labonacarn.com\/es\/producte\/fricando-cortado-5-6-unidades-750-grs\/#primaryimage","url":"https:\/\/labonacarn.com\/wp-content\/uploads\/2022\/03\/38g.jpg","contentUrl":"https:\/\/labonacarn.com\/wp-content\/uploads\/2022\/03\/38g.jpg","width":800,"height":533},{"@type":"BreadcrumbList","@id":"https:\/\/labonacarn.com\/es\/producte\/fricando-cortado-5-6-unidades-750-grs\/#breadcrumb","itemListElement":[{"@type":"ListItem","position":1,"name":"Portada","item":"https:\/\/labonacarn.com\/es\/"},{"@type":"ListItem","position":2,"name":"Tienda","item":"https:\/\/labonacarn.com\/es\/tienda\/"},{"@type":"ListItem","position":3,"name":"Fricando de ternera (5-6 unidades) 750 grs."}]},{"@type":"WebSite","@id":"https:\/\/labonacarn.com\/es\/#website","url":"https:\/\/labonacarn.com\/es\/","name":"labonacarn.com","description":"Venem carn de vedella, porc, pollastre, xai, poltre, gall dindi i embotits de primera qualitat i fets per nosaltres.","potentialAction":[{"@type":"SearchAction","target":{"@type":"EntryPoint","urlTemplate":"https:\/\/labonacarn.com\/es\/?s={search_term_string}"},"query-input":{"@type":"PropertyValueSpecification","valueRequired":true,"valueName":"search_term_string"}}],"inLanguage":"es"}]}},"_links":{"self":[{"href":"https:\/\/labonacarn.com\/es\/wp-json\/wp\/v2\/product\/5056","targetHints":{"allow":["GET"]}}],"collection":[{"href":"https:\/\/labonacarn.com\/es\/wp-json\/wp\/v2\/product"}],"about":[{"href":"https:\/\/labonacarn.com\/es\/wp-json\/wp\/v2\/types\/product"}],"wp:featuredmedia":[{"embeddable":true,"href":"https:\/\/labonacarn.com\/es\/wp-json\/wp\/v2\/media\/4523"}],"wp:attachment":[{"href":"https:\/\/labonacarn.com\/es\/wp-json\/wp\/v2\/media?parent=5056"}],"wp:term":[{"taxonomy":"product_brand","embeddable":true,"href":"https:\/\/labonacarn.com\/es\/wp-json\/wp\/v2\/product_brand?post=5056"},{"taxonomy":"product_cat","embeddable":true,"href":"https:\/\/labonacarn.com\/es\/wp-json\/wp\/v2\/product_cat?post=5056"},{"taxonomy":"product_tag","embeddable":true,"href":"https:\/\/labonacarn.com\/es\/wp-json\/wp\/v2\/product_tag?post=5056"}],"curies":[{"name":"wp","href":"https:\/\/api.w.org\/{rel}","templated":true}]}}