{"id":5026,"date":"2022-03-03T09:37:03","date_gmt":"2022-03-03T09:37:03","guid":{"rendered":"https:\/\/labonacarn.com\/producto\/bistec-de-ternera-contra-y-redondo-4-x-150-grs-aprox\/"},"modified":"2024-01-02T20:52:58","modified_gmt":"2024-01-02T19:52:58","slug":"bistec-de-ternera-contra-y-redondo-4-x-150-grs-aprox","status":"publish","type":"product","link":"https:\/\/labonacarn.com\/es\/producte\/bistec-de-ternera-contra-y-redondo-4-x-150-grs-aprox\/","title":{"rendered":"Bistec de ternera (contra y redondo) (4 x 150 grs. aprox)"},"content":{"rendered":"<h2>Bistec de ternera (contra y redondo)<\/h2>\n<p>Ternera de Girona cortada a mano, con un peso aprox de 600 grs. Precio: 15&#8217;30\u20ac\/kgr. Se trata de carne seleccionada de primera calidad.<br \/>\nEstamos hablando de ternera hembra y de la parte de la tapaplana o bistec de pobre. Se trata de una carne que si se hace a la plancha, se debe dar vuelta y vuelta. Si la hacemos demasiado nos quedar\u00e1 m\u00e1s dura. Si la hacemos para rebozar o para guisar, es excelente.<br \/>\nCabe recordar que el mejor bistec de la ternera es la parte de la culata y cabeza de muerte, pero tambi\u00e9n es la parte con el precio m\u00e1s elevado. Con la tapaplana podemos conseguir tambi\u00e9n un buen bistec ya un precio m\u00e1s bajo. Recuerde que la ternera siempre es la misma, simplemente cambiamos la parte que hacemos el bistec. Debemos tener en cuenta siempre que la carne de ternera es rica en prote\u00ednas de gran calidad, en hierro, magnesio y vitaminas del grupo B. Por eso es imprescindible en una dieta equilibrada y especialmente indicada en la \u00e9poca de crecimiento (las prote\u00ednas son fundamentales para la creaci\u00f3n de los tejidos).<\/p>\n<p>Para cocer un buen bistec tan s\u00f3lo es necesario seguir unas pautas sencillas y conseguir un bistec tierno y sabroso. Es necesario que la plancha est\u00e9 bien caliente; deje que eche humo unos minutitos. A continuaci\u00f3n poner unas gotas de aceite de oliva y ya puede poner la carne. Un poco de sal y un minuto con el fuego muy intenso. Le damos la vuelta, un poco m\u00e1s de sal y un minuto m\u00e1s. Si se quiere tambi\u00e9n podemos poner la sal al final y poner la que m\u00e1s nos guste, si la sal gorda o la de marina, o la m\u00e1s fina, etc, etc. Recuerde que si estamos demasiado tiempo en la cocci\u00f3n, el bistec quedar\u00e1 duro. Buen provecho<\/p>\n","protected":false},"excerpt":{"rendered":"<p>Bistec de ternera hembra, de la tapaplana o bistec de pobre, cortada a mano, con un peso aprox de 600 grs. Precio: 15&#8217;30\u20ac\/kgr.<\/p>\n","protected":false},"featured_media":4526,"template":"","meta":{"_acf_changed":false,"_joinchat":[]},"product_brand":[],"product_cat":[63,64],"product_tag":[],"class_list":{"0":"post-5026","1":"product","2":"type-product","3":"status-publish","4":"has-post-thumbnail","6":"product_cat-carne","7":"product_cat-ternera","9":"first","10":"instock","11":"taxable","12":"shipping-taxable","13":"purchasable","14":"product-type-simple"},"acf":[],"yoast_head":"<!-- This site is optimized with the Yoast SEO plugin v27.4 - https:\/\/yoast.com\/product\/yoast-seo-wordpress\/ -->\n<title>Bistec de ternera (contra y redondo) (4 x 150 grs. aprox) - labonacarn.com<\/title>\n<meta name=\"description\" content=\"Bistec de ternera de Girona, de la parte de la contra o redondo. Un gran bistec para un gran plato. Lo servimos envasado al vac\u00edo.\" \/>\n<meta name=\"robots\" content=\"index, follow, max-snippet:-1, max-image-preview:large, max-video-preview:-1\" \/>\n<link rel=\"canonical\" href=\"https:\/\/labonacarn.com\/es\/producte\/bistec-de-ternera-contra-y-redondo-4-x-150-grs-aprox\/\" \/>\n<meta property=\"og:locale\" content=\"es_ES\" \/>\n<meta property=\"og:type\" content=\"article\" \/>\n<meta property=\"og:title\" content=\"Bistec de ternera (contra y redondo) (4 x 150 grs. aprox) - labonacarn.com\" \/>\n<meta property=\"og:description\" content=\"Bistec de ternera de Girona, de la parte de la contra o redondo. Un gran bistec para un gran plato. Lo servimos envasado al vac\u00edo.\" \/>\n<meta property=\"og:url\" content=\"https:\/\/labonacarn.com\/es\/producte\/bistec-de-ternera-contra-y-redondo-4-x-150-grs-aprox\/\" \/>\n<meta property=\"og:site_name\" content=\"labonacarn.com\" \/>\n<meta property=\"article:modified_time\" content=\"2024-01-02T19:52:58+00:00\" \/>\n<meta property=\"og:image\" content=\"https:\/\/labonacarn.com\/wp-content\/uploads\/2022\/03\/48g.jpg\" \/>\n\t<meta property=\"og:image:width\" content=\"800\" \/>\n\t<meta property=\"og:image:height\" content=\"533\" \/>\n\t<meta property=\"og:image:type\" content=\"image\/jpeg\" \/>\n<meta name=\"twitter:card\" content=\"summary_large_image\" \/>\n<meta name=\"twitter:label1\" content=\"Tiempo de lectura\" \/>\n\t<meta name=\"twitter:data1\" content=\"2 minutos\" \/>\n<script type=\"application\/ld+json\" class=\"yoast-schema-graph\">{\"@context\":\"https:\\\/\\\/schema.org\",\"@graph\":[{\"@type\":\"WebPage\",\"@id\":\"https:\\\/\\\/labonacarn.com\\\/es\\\/producte\\\/bistec-de-ternera-contra-y-redondo-4-x-150-grs-aprox\\\/\",\"url\":\"https:\\\/\\\/labonacarn.com\\\/es\\\/producte\\\/bistec-de-ternera-contra-y-redondo-4-x-150-grs-aprox\\\/\",\"name\":\"Bistec de ternera (contra y redondo) (4 x 150 grs. aprox) - labonacarn.com\",\"isPartOf\":{\"@id\":\"https:\\\/\\\/labonacarn.com\\\/es\\\/#website\"},\"primaryImageOfPage\":{\"@id\":\"https:\\\/\\\/labonacarn.com\\\/es\\\/producte\\\/bistec-de-ternera-contra-y-redondo-4-x-150-grs-aprox\\\/#primaryimage\"},\"image\":{\"@id\":\"https:\\\/\\\/labonacarn.com\\\/es\\\/producte\\\/bistec-de-ternera-contra-y-redondo-4-x-150-grs-aprox\\\/#primaryimage\"},\"thumbnailUrl\":\"https:\\\/\\\/labonacarn.com\\\/wp-content\\\/uploads\\\/2022\\\/03\\\/48g.jpg\",\"datePublished\":\"2022-03-03T09:37:03+00:00\",\"dateModified\":\"2024-01-02T19:52:58+00:00\",\"description\":\"Bistec de ternera de Girona, de la parte de la contra o redondo. Un gran bistec para un gran plato. Lo servimos envasado al vac\u00edo.\",\"breadcrumb\":{\"@id\":\"https:\\\/\\\/labonacarn.com\\\/es\\\/producte\\\/bistec-de-ternera-contra-y-redondo-4-x-150-grs-aprox\\\/#breadcrumb\"},\"inLanguage\":\"es\",\"potentialAction\":[{\"@type\":\"ReadAction\",\"target\":[\"https:\\\/\\\/labonacarn.com\\\/es\\\/producte\\\/bistec-de-ternera-contra-y-redondo-4-x-150-grs-aprox\\\/\"]}]},{\"@type\":\"ImageObject\",\"inLanguage\":\"es\",\"@id\":\"https:\\\/\\\/labonacarn.com\\\/es\\\/producte\\\/bistec-de-ternera-contra-y-redondo-4-x-150-grs-aprox\\\/#primaryimage\",\"url\":\"https:\\\/\\\/labonacarn.com\\\/wp-content\\\/uploads\\\/2022\\\/03\\\/48g.jpg\",\"contentUrl\":\"https:\\\/\\\/labonacarn.com\\\/wp-content\\\/uploads\\\/2022\\\/03\\\/48g.jpg\",\"width\":800,\"height\":533,\"caption\":\"Bistec de vedella\"},{\"@type\":\"BreadcrumbList\",\"@id\":\"https:\\\/\\\/labonacarn.com\\\/es\\\/producte\\\/bistec-de-ternera-contra-y-redondo-4-x-150-grs-aprox\\\/#breadcrumb\",\"itemListElement\":[{\"@type\":\"ListItem\",\"position\":1,\"name\":\"Portada\",\"item\":\"https:\\\/\\\/labonacarn.com\\\/es\\\/\"},{\"@type\":\"ListItem\",\"position\":2,\"name\":\"Tienda\",\"item\":\"https:\\\/\\\/labonacarn.com\\\/es\\\/tienda\\\/\"},{\"@type\":\"ListItem\",\"position\":3,\"name\":\"Bistec de ternera (contra y redondo) (4 x 150 grs. aprox)\"}]},{\"@type\":\"WebSite\",\"@id\":\"https:\\\/\\\/labonacarn.com\\\/es\\\/#website\",\"url\":\"https:\\\/\\\/labonacarn.com\\\/es\\\/\",\"name\":\"labonacarn.com\",\"description\":\"Venem carn de vedella, porc, pollastre, xai, poltre, gall dindi i embotits de primera qualitat i fets per nosaltres.\",\"potentialAction\":[{\"@type\":\"SearchAction\",\"target\":{\"@type\":\"EntryPoint\",\"urlTemplate\":\"https:\\\/\\\/labonacarn.com\\\/es\\\/?s={search_term_string}\"},\"query-input\":{\"@type\":\"PropertyValueSpecification\",\"valueRequired\":true,\"valueName\":\"search_term_string\"}}],\"inLanguage\":\"es\"}]}<\/script>\n<!-- \/ Yoast SEO plugin. -->","yoast_head_json":{"title":"Bistec de ternera (contra y redondo) (4 x 150 grs. aprox) - labonacarn.com","description":"Bistec de ternera de Girona, de la parte de la contra o redondo. Un gran bistec para un gran plato. Lo servimos envasado al vac\u00edo.","robots":{"index":"index","follow":"follow","max-snippet":"max-snippet:-1","max-image-preview":"max-image-preview:large","max-video-preview":"max-video-preview:-1"},"canonical":"https:\/\/labonacarn.com\/es\/producte\/bistec-de-ternera-contra-y-redondo-4-x-150-grs-aprox\/","og_locale":"es_ES","og_type":"article","og_title":"Bistec de ternera (contra y redondo) (4 x 150 grs. aprox) - labonacarn.com","og_description":"Bistec de ternera de Girona, de la parte de la contra o redondo. Un gran bistec para un gran plato. Lo servimos envasado al vac\u00edo.","og_url":"https:\/\/labonacarn.com\/es\/producte\/bistec-de-ternera-contra-y-redondo-4-x-150-grs-aprox\/","og_site_name":"labonacarn.com","article_modified_time":"2024-01-02T19:52:58+00:00","og_image":[{"width":800,"height":533,"url":"https:\/\/labonacarn.com\/wp-content\/uploads\/2022\/03\/48g.jpg","type":"image\/jpeg"}],"twitter_card":"summary_large_image","twitter_misc":{"Tiempo de lectura":"2 minutos"},"schema":{"@context":"https:\/\/schema.org","@graph":[{"@type":"WebPage","@id":"https:\/\/labonacarn.com\/es\/producte\/bistec-de-ternera-contra-y-redondo-4-x-150-grs-aprox\/","url":"https:\/\/labonacarn.com\/es\/producte\/bistec-de-ternera-contra-y-redondo-4-x-150-grs-aprox\/","name":"Bistec de ternera (contra y redondo) (4 x 150 grs. aprox) - labonacarn.com","isPartOf":{"@id":"https:\/\/labonacarn.com\/es\/#website"},"primaryImageOfPage":{"@id":"https:\/\/labonacarn.com\/es\/producte\/bistec-de-ternera-contra-y-redondo-4-x-150-grs-aprox\/#primaryimage"},"image":{"@id":"https:\/\/labonacarn.com\/es\/producte\/bistec-de-ternera-contra-y-redondo-4-x-150-grs-aprox\/#primaryimage"},"thumbnailUrl":"https:\/\/labonacarn.com\/wp-content\/uploads\/2022\/03\/48g.jpg","datePublished":"2022-03-03T09:37:03+00:00","dateModified":"2024-01-02T19:52:58+00:00","description":"Bistec de ternera de Girona, de la parte de la contra o redondo. Un gran bistec para un gran plato. Lo servimos envasado al vac\u00edo.","breadcrumb":{"@id":"https:\/\/labonacarn.com\/es\/producte\/bistec-de-ternera-contra-y-redondo-4-x-150-grs-aprox\/#breadcrumb"},"inLanguage":"es","potentialAction":[{"@type":"ReadAction","target":["https:\/\/labonacarn.com\/es\/producte\/bistec-de-ternera-contra-y-redondo-4-x-150-grs-aprox\/"]}]},{"@type":"ImageObject","inLanguage":"es","@id":"https:\/\/labonacarn.com\/es\/producte\/bistec-de-ternera-contra-y-redondo-4-x-150-grs-aprox\/#primaryimage","url":"https:\/\/labonacarn.com\/wp-content\/uploads\/2022\/03\/48g.jpg","contentUrl":"https:\/\/labonacarn.com\/wp-content\/uploads\/2022\/03\/48g.jpg","width":800,"height":533,"caption":"Bistec de vedella"},{"@type":"BreadcrumbList","@id":"https:\/\/labonacarn.com\/es\/producte\/bistec-de-ternera-contra-y-redondo-4-x-150-grs-aprox\/#breadcrumb","itemListElement":[{"@type":"ListItem","position":1,"name":"Portada","item":"https:\/\/labonacarn.com\/es\/"},{"@type":"ListItem","position":2,"name":"Tienda","item":"https:\/\/labonacarn.com\/es\/tienda\/"},{"@type":"ListItem","position":3,"name":"Bistec de ternera (contra y redondo) (4 x 150 grs. aprox)"}]},{"@type":"WebSite","@id":"https:\/\/labonacarn.com\/es\/#website","url":"https:\/\/labonacarn.com\/es\/","name":"labonacarn.com","description":"Venem carn de vedella, porc, pollastre, xai, poltre, gall dindi i embotits de primera qualitat i fets per nosaltres.","potentialAction":[{"@type":"SearchAction","target":{"@type":"EntryPoint","urlTemplate":"https:\/\/labonacarn.com\/es\/?s={search_term_string}"},"query-input":{"@type":"PropertyValueSpecification","valueRequired":true,"valueName":"search_term_string"}}],"inLanguage":"es"}]}},"_links":{"self":[{"href":"https:\/\/labonacarn.com\/es\/wp-json\/wp\/v2\/product\/5026","targetHints":{"allow":["GET"]}}],"collection":[{"href":"https:\/\/labonacarn.com\/es\/wp-json\/wp\/v2\/product"}],"about":[{"href":"https:\/\/labonacarn.com\/es\/wp-json\/wp\/v2\/types\/product"}],"wp:featuredmedia":[{"embeddable":true,"href":"https:\/\/labonacarn.com\/es\/wp-json\/wp\/v2\/media\/4526"}],"wp:attachment":[{"href":"https:\/\/labonacarn.com\/es\/wp-json\/wp\/v2\/media?parent=5026"}],"wp:term":[{"taxonomy":"product_brand","embeddable":true,"href":"https:\/\/labonacarn.com\/es\/wp-json\/wp\/v2\/product_brand?post=5026"},{"taxonomy":"product_cat","embeddable":true,"href":"https:\/\/labonacarn.com\/es\/wp-json\/wp\/v2\/product_cat?post=5026"},{"taxonomy":"product_tag","embeddable":true,"href":"https:\/\/labonacarn.com\/es\/wp-json\/wp\/v2\/product_tag?post=5026"}],"curies":[{"name":"wp","href":"https:\/\/api.w.org\/{rel}","templated":true}]}}