{"id":5023,"date":"2022-03-03T09:38:10","date_gmt":"2022-03-03T09:38:10","guid":{"rendered":"https:\/\/labonacarn.com\/producto\/carne-de-cabrito-25-kgrs-medio-cabrito\/"},"modified":"2023-05-20T09:40:53","modified_gmt":"2023-05-20T09:40:53","slug":"carne-de-cabrito","status":"publish","type":"product","link":"https:\/\/labonacarn.com\/es\/producte\/carne-de-cabrito\/","title":{"rendered":"Carne de cabrito (2&#8217;5 kgrs medio cabrito o cabrito entero 5 kgr)"},"content":{"rendered":"<h4>Cabrito entero o medio cabrito<\/h4>\n<p>Se trata de un cabrito entre 2 y 4 meses, cortado y servido envasado al vac\u00edo. Se puede cocer a la brasa, enlucido o guiso e incluso de alguna otra manera. Est\u00e1 clasificado como carne roja pero en cambio contiene menos grasa, colesterol y es m\u00e1s magra que la carne de ternera o de cordero, y menos calor\u00edas que la carne de vacuno o de pollo. Requiere una lenta cocci\u00f3n para preservar su ternura y humedad. Como siempre, lo servimos sin ning\u00fan conservante ni colorante.<\/p>\n","protected":false},"excerpt":{"rendered":"<p>Medio cabrito (2&#8217;5 kgrs) o cabrito entero (5 kgrs), todo cortado listo para hacer a la brasa o al horno.<\/p>\n","protected":false},"featured_media":4529,"template":"","meta":{"_acf_changed":false,"_joinchat":[]},"product_brand":[],"product_cat":[63,102],"product_tag":[196,208,193,188],"class_list":{"0":"post-5023","1":"product","2":"type-product","3":"status-publish","4":"has-post-thumbnail","6":"product_cat-carne","7":"product_cat-cordero-cabrito","8":"product_tag-amigos-es","9":"product_tag-barbacoas","10":"product_tag-brasa-es","11":"product_tag-calidad-es","13":"first","14":"instock","15":"taxable","16":"shipping-taxable","17":"purchasable","18":"product-type-variable"},"acf":[],"yoast_head":"<!-- This site is optimized with the Yoast SEO plugin v27.4 - https:\/\/yoast.com\/product\/yoast-seo-wordpress\/ -->\n<title>Carne de cabrito (2&#039;5 kgrs medio cabrito o cabrito entero 5 kgr) - labonacarn.com<\/title>\n<meta name=\"description\" content=\"Cabrito entero o medio cabrito, una carne riqu\u00edsima para barbacoa o bien cocinarla a la plancha o al horno. La servimo cortada a tu gusto.\" \/>\n<meta name=\"robots\" content=\"index, follow, max-snippet:-1, max-image-preview:large, max-video-preview:-1\" \/>\n<link rel=\"canonical\" href=\"https:\/\/labonacarn.com\/es\/producte\/carne-de-cabrito\/\" \/>\n<meta property=\"og:locale\" content=\"es_ES\" \/>\n<meta property=\"og:type\" content=\"article\" \/>\n<meta property=\"og:title\" content=\"Carne de cabrito (2&#039;5 kgrs medio cabrito o cabrito entero 5 kgr) - labonacarn.com\" \/>\n<meta property=\"og:description\" content=\"Cabrito entero o medio cabrito, una carne riqu\u00edsima para barbacoa o bien cocinarla a la plancha o al horno. La servimo cortada a tu gusto.\" \/>\n<meta property=\"og:url\" content=\"https:\/\/labonacarn.com\/es\/producte\/carne-de-cabrito\/\" \/>\n<meta property=\"og:site_name\" content=\"labonacarn.com\" \/>\n<meta property=\"article:modified_time\" content=\"2023-05-20T09:40:53+00:00\" \/>\n<meta property=\"og:image\" content=\"https:\/\/labonacarn.com\/wp-content\/uploads\/2022\/03\/136g.jpg\" \/>\n\t<meta property=\"og:image:width\" content=\"800\" \/>\n\t<meta property=\"og:image:height\" content=\"533\" \/>\n\t<meta property=\"og:image:type\" content=\"image\/jpeg\" \/>\n<meta name=\"twitter:card\" content=\"summary_large_image\" \/>\n<meta name=\"twitter:label1\" content=\"Tiempo de lectura\" \/>\n\t<meta name=\"twitter:data1\" content=\"1 minuto\" \/>\n<script type=\"application\/ld+json\" class=\"yoast-schema-graph\">{\"@context\":\"https:\\\/\\\/schema.org\",\"@graph\":[{\"@type\":\"WebPage\",\"@id\":\"https:\\\/\\\/labonacarn.com\\\/es\\\/producte\\\/carne-de-cabrito\\\/\",\"url\":\"https:\\\/\\\/labonacarn.com\\\/es\\\/producte\\\/carne-de-cabrito\\\/\",\"name\":\"Carne de cabrito (2'5 kgrs medio cabrito o cabrito entero 5 kgr) - labonacarn.com\",\"isPartOf\":{\"@id\":\"https:\\\/\\\/labonacarn.com\\\/es\\\/#website\"},\"primaryImageOfPage\":{\"@id\":\"https:\\\/\\\/labonacarn.com\\\/es\\\/producte\\\/carne-de-cabrito\\\/#primaryimage\"},\"image\":{\"@id\":\"https:\\\/\\\/labonacarn.com\\\/es\\\/producte\\\/carne-de-cabrito\\\/#primaryimage\"},\"thumbnailUrl\":\"https:\\\/\\\/labonacarn.com\\\/wp-content\\\/uploads\\\/2022\\\/03\\\/136g.jpg\",\"datePublished\":\"2022-03-03T09:38:10+00:00\",\"dateModified\":\"2023-05-20T09:40:53+00:00\",\"description\":\"Cabrito entero o medio cabrito, una carne riqu\u00edsima para barbacoa o bien cocinarla a la plancha o al horno. La servimo cortada a tu gusto.\",\"breadcrumb\":{\"@id\":\"https:\\\/\\\/labonacarn.com\\\/es\\\/producte\\\/carne-de-cabrito\\\/#breadcrumb\"},\"inLanguage\":\"es\",\"potentialAction\":[{\"@type\":\"ReadAction\",\"target\":[\"https:\\\/\\\/labonacarn.com\\\/es\\\/producte\\\/carne-de-cabrito\\\/\"]}]},{\"@type\":\"ImageObject\",\"inLanguage\":\"es\",\"@id\":\"https:\\\/\\\/labonacarn.com\\\/es\\\/producte\\\/carne-de-cabrito\\\/#primaryimage\",\"url\":\"https:\\\/\\\/labonacarn.com\\\/wp-content\\\/uploads\\\/2022\\\/03\\\/136g.jpg\",\"contentUrl\":\"https:\\\/\\\/labonacarn.com\\\/wp-content\\\/uploads\\\/2022\\\/03\\\/136g.jpg\",\"width\":800,\"height\":533,\"caption\":\"Cabrit del Montseny\"},{\"@type\":\"BreadcrumbList\",\"@id\":\"https:\\\/\\\/labonacarn.com\\\/es\\\/producte\\\/carne-de-cabrito\\\/#breadcrumb\",\"itemListElement\":[{\"@type\":\"ListItem\",\"position\":1,\"name\":\"Portada\",\"item\":\"https:\\\/\\\/labonacarn.com\\\/es\\\/\"},{\"@type\":\"ListItem\",\"position\":2,\"name\":\"Tienda\",\"item\":\"https:\\\/\\\/labonacarn.com\\\/es\\\/tienda\\\/\"},{\"@type\":\"ListItem\",\"position\":3,\"name\":\"Carne de cabrito (2&#8217;5 kgrs medio cabrito o cabrito entero 5 kgr)\"}]},{\"@type\":\"WebSite\",\"@id\":\"https:\\\/\\\/labonacarn.com\\\/es\\\/#website\",\"url\":\"https:\\\/\\\/labonacarn.com\\\/es\\\/\",\"name\":\"labonacarn.com\",\"description\":\"Venem carn de vedella, porc, pollastre, xai, poltre, gall dindi i embotits de primera qualitat i fets per nosaltres.\",\"potentialAction\":[{\"@type\":\"SearchAction\",\"target\":{\"@type\":\"EntryPoint\",\"urlTemplate\":\"https:\\\/\\\/labonacarn.com\\\/es\\\/?s={search_term_string}\"},\"query-input\":{\"@type\":\"PropertyValueSpecification\",\"valueRequired\":true,\"valueName\":\"search_term_string\"}}],\"inLanguage\":\"es\"}]}<\/script>\n<!-- \/ Yoast SEO plugin. -->","yoast_head_json":{"title":"Carne de cabrito (2'5 kgrs medio cabrito o cabrito entero 5 kgr) - labonacarn.com","description":"Cabrito entero o medio cabrito, una carne riqu\u00edsima para barbacoa o bien cocinarla a la plancha o al horno. La servimo cortada a tu gusto.","robots":{"index":"index","follow":"follow","max-snippet":"max-snippet:-1","max-image-preview":"max-image-preview:large","max-video-preview":"max-video-preview:-1"},"canonical":"https:\/\/labonacarn.com\/es\/producte\/carne-de-cabrito\/","og_locale":"es_ES","og_type":"article","og_title":"Carne de cabrito (2'5 kgrs medio cabrito o cabrito entero 5 kgr) - labonacarn.com","og_description":"Cabrito entero o medio cabrito, una carne riqu\u00edsima para barbacoa o bien cocinarla a la plancha o al horno. La servimo cortada a tu gusto.","og_url":"https:\/\/labonacarn.com\/es\/producte\/carne-de-cabrito\/","og_site_name":"labonacarn.com","article_modified_time":"2023-05-20T09:40:53+00:00","og_image":[{"width":800,"height":533,"url":"https:\/\/labonacarn.com\/wp-content\/uploads\/2022\/03\/136g.jpg","type":"image\/jpeg"}],"twitter_card":"summary_large_image","twitter_misc":{"Tiempo de lectura":"1 minuto"},"schema":{"@context":"https:\/\/schema.org","@graph":[{"@type":"WebPage","@id":"https:\/\/labonacarn.com\/es\/producte\/carne-de-cabrito\/","url":"https:\/\/labonacarn.com\/es\/producte\/carne-de-cabrito\/","name":"Carne de cabrito (2'5 kgrs medio cabrito o cabrito entero 5 kgr) - labonacarn.com","isPartOf":{"@id":"https:\/\/labonacarn.com\/es\/#website"},"primaryImageOfPage":{"@id":"https:\/\/labonacarn.com\/es\/producte\/carne-de-cabrito\/#primaryimage"},"image":{"@id":"https:\/\/labonacarn.com\/es\/producte\/carne-de-cabrito\/#primaryimage"},"thumbnailUrl":"https:\/\/labonacarn.com\/wp-content\/uploads\/2022\/03\/136g.jpg","datePublished":"2022-03-03T09:38:10+00:00","dateModified":"2023-05-20T09:40:53+00:00","description":"Cabrito entero o medio cabrito, una carne riqu\u00edsima para barbacoa o bien cocinarla a la plancha o al horno. La servimo cortada a tu gusto.","breadcrumb":{"@id":"https:\/\/labonacarn.com\/es\/producte\/carne-de-cabrito\/#breadcrumb"},"inLanguage":"es","potentialAction":[{"@type":"ReadAction","target":["https:\/\/labonacarn.com\/es\/producte\/carne-de-cabrito\/"]}]},{"@type":"ImageObject","inLanguage":"es","@id":"https:\/\/labonacarn.com\/es\/producte\/carne-de-cabrito\/#primaryimage","url":"https:\/\/labonacarn.com\/wp-content\/uploads\/2022\/03\/136g.jpg","contentUrl":"https:\/\/labonacarn.com\/wp-content\/uploads\/2022\/03\/136g.jpg","width":800,"height":533,"caption":"Cabrit del Montseny"},{"@type":"BreadcrumbList","@id":"https:\/\/labonacarn.com\/es\/producte\/carne-de-cabrito\/#breadcrumb","itemListElement":[{"@type":"ListItem","position":1,"name":"Portada","item":"https:\/\/labonacarn.com\/es\/"},{"@type":"ListItem","position":2,"name":"Tienda","item":"https:\/\/labonacarn.com\/es\/tienda\/"},{"@type":"ListItem","position":3,"name":"Carne de cabrito (2&#8217;5 kgrs medio cabrito o cabrito entero 5 kgr)"}]},{"@type":"WebSite","@id":"https:\/\/labonacarn.com\/es\/#website","url":"https:\/\/labonacarn.com\/es\/","name":"labonacarn.com","description":"Venem carn de vedella, porc, pollastre, xai, poltre, gall dindi i embotits de primera qualitat i fets per nosaltres.","potentialAction":[{"@type":"SearchAction","target":{"@type":"EntryPoint","urlTemplate":"https:\/\/labonacarn.com\/es\/?s={search_term_string}"},"query-input":{"@type":"PropertyValueSpecification","valueRequired":true,"valueName":"search_term_string"}}],"inLanguage":"es"}]}},"_links":{"self":[{"href":"https:\/\/labonacarn.com\/es\/wp-json\/wp\/v2\/product\/5023","targetHints":{"allow":["GET"]}}],"collection":[{"href":"https:\/\/labonacarn.com\/es\/wp-json\/wp\/v2\/product"}],"about":[{"href":"https:\/\/labonacarn.com\/es\/wp-json\/wp\/v2\/types\/product"}],"wp:featuredmedia":[{"embeddable":true,"href":"https:\/\/labonacarn.com\/es\/wp-json\/wp\/v2\/media\/4529"}],"wp:attachment":[{"href":"https:\/\/labonacarn.com\/es\/wp-json\/wp\/v2\/media?parent=5023"}],"wp:term":[{"taxonomy":"product_brand","embeddable":true,"href":"https:\/\/labonacarn.com\/es\/wp-json\/wp\/v2\/product_brand?post=5023"},{"taxonomy":"product_cat","embeddable":true,"href":"https:\/\/labonacarn.com\/es\/wp-json\/wp\/v2\/product_cat?post=5023"},{"taxonomy":"product_tag","embeddable":true,"href":"https:\/\/labonacarn.com\/es\/wp-json\/wp\/v2\/product_tag?post=5023"}],"curies":[{"name":"wp","href":"https:\/\/api.w.org\/{rel}","templated":true}]}}