{"id":5016,"date":"2022-03-02T19:00:46","date_gmt":"2022-03-02T19:00:46","guid":{"rendered":"https:\/\/labonacarn.com\/producto\/pack-perqueno-de-ternera\/"},"modified":"2023-05-24T08:15:53","modified_gmt":"2023-05-24T08:15:53","slug":"pack-pequeno-de-ternera","status":"publish","type":"product","link":"https:\/\/labonacarn.com\/es\/producte\/pack-pequeno-de-ternera\/","title":{"rendered":"Pack perque\u00f1o de ternera"},"content":{"rendered":"<h4>Pack peque\u00f1o de ternera<\/h4>\n<p>Pack peque\u00f1o para cocinar a la plancha. Est\u00e1 compuesto por seis entrecots , seis bistecs y cuatro hamburguesas de la mejor carne de Girona. Como siempre, est\u00e1n exentas de cualquier colorante o conservante. Son productos totalmente naturales. Precio: 65\u20ac.<\/p>\n","protected":false},"excerpt":{"rendered":"<p>Pack peque\u00f1o para realizar a la plancha. Formado por seis entrecots, seis bistecs y cuatro hamburguesas de ternera hembra de Girona. Precio: 65\u20ac.<\/p>\n","protected":false},"featured_media":4418,"template":"","meta":{"_acf_changed":false,"_joinchat":[]},"product_brand":[],"product_cat":[115],"product_tag":[196,134],"class_list":{"0":"post-5016","1":"product","2":"type-product","3":"status-publish","4":"has-post-thumbnail","6":"product_cat-packs-es","7":"product_tag-amigos-es","8":"product_tag-barbacoa-es","10":"first","11":"instock","12":"taxable","13":"shipping-taxable","14":"purchasable","15":"product-type-simple"},"acf":[],"yoast_head":"<!-- This site is optimized with the Yoast SEO plugin v27.4 - https:\/\/yoast.com\/product\/yoast-seo-wordpress\/ -->\n<title>Pack perque\u00f1o de ternera - labonacarn.com<\/title>\n<meta name=\"description\" content=\"Pack peque\u00f1o de ternera, ya puedes quedar con los amigos para hacer una gran barbacoa con entrecots y para los peque\u00f1os unas hamburguesas.\" \/>\n<meta name=\"robots\" content=\"index, follow, max-snippet:-1, max-image-preview:large, max-video-preview:-1\" \/>\n<link rel=\"canonical\" href=\"https:\/\/labonacarn.com\/es\/producte\/pack-pequeno-de-ternera\/\" \/>\n<meta property=\"og:locale\" content=\"es_ES\" \/>\n<meta property=\"og:type\" content=\"article\" \/>\n<meta property=\"og:title\" content=\"Pack perque\u00f1o de ternera - labonacarn.com\" \/>\n<meta property=\"og:description\" content=\"Pack peque\u00f1o de ternera, ya puedes quedar con los amigos para hacer una gran barbacoa con entrecots y para los peque\u00f1os unas hamburguesas.\" \/>\n<meta property=\"og:url\" content=\"https:\/\/labonacarn.com\/es\/producte\/pack-pequeno-de-ternera\/\" \/>\n<meta property=\"og:site_name\" content=\"labonacarn.com\" \/>\n<meta property=\"article:modified_time\" content=\"2023-05-24T08:15:53+00:00\" \/>\n<meta property=\"og:image\" content=\"https:\/\/labonacarn.com\/wp-content\/uploads\/2022\/03\/128g.jpg\" \/>\n\t<meta property=\"og:image:width\" content=\"800\" \/>\n\t<meta property=\"og:image:height\" content=\"533\" \/>\n\t<meta property=\"og:image:type\" content=\"image\/jpeg\" \/>\n<meta name=\"twitter:card\" content=\"summary_large_image\" \/>\n<meta name=\"twitter:label1\" content=\"Tiempo de lectura\" \/>\n\t<meta name=\"twitter:data1\" content=\"1 minuto\" \/>\n<script type=\"application\/ld+json\" class=\"yoast-schema-graph\">{\"@context\":\"https:\\\/\\\/schema.org\",\"@graph\":[{\"@type\":\"WebPage\",\"@id\":\"https:\\\/\\\/labonacarn.com\\\/es\\\/producte\\\/pack-pequeno-de-ternera\\\/\",\"url\":\"https:\\\/\\\/labonacarn.com\\\/es\\\/producte\\\/pack-pequeno-de-ternera\\\/\",\"name\":\"Pack perque\u00f1o de ternera - labonacarn.com\",\"isPartOf\":{\"@id\":\"https:\\\/\\\/labonacarn.com\\\/es\\\/#website\"},\"primaryImageOfPage\":{\"@id\":\"https:\\\/\\\/labonacarn.com\\\/es\\\/producte\\\/pack-pequeno-de-ternera\\\/#primaryimage\"},\"image\":{\"@id\":\"https:\\\/\\\/labonacarn.com\\\/es\\\/producte\\\/pack-pequeno-de-ternera\\\/#primaryimage\"},\"thumbnailUrl\":\"https:\\\/\\\/labonacarn.com\\\/wp-content\\\/uploads\\\/2022\\\/03\\\/128g.jpg\",\"datePublished\":\"2022-03-02T19:00:46+00:00\",\"dateModified\":\"2023-05-24T08:15:53+00:00\",\"description\":\"Pack peque\u00f1o de ternera, ya puedes quedar con los amigos para hacer una gran barbacoa con entrecots y para los peque\u00f1os unas hamburguesas.\",\"breadcrumb\":{\"@id\":\"https:\\\/\\\/labonacarn.com\\\/es\\\/producte\\\/pack-pequeno-de-ternera\\\/#breadcrumb\"},\"inLanguage\":\"es\",\"potentialAction\":[{\"@type\":\"ReadAction\",\"target\":[\"https:\\\/\\\/labonacarn.com\\\/es\\\/producte\\\/pack-pequeno-de-ternera\\\/\"]}]},{\"@type\":\"ImageObject\",\"inLanguage\":\"es\",\"@id\":\"https:\\\/\\\/labonacarn.com\\\/es\\\/producte\\\/pack-pequeno-de-ternera\\\/#primaryimage\",\"url\":\"https:\\\/\\\/labonacarn.com\\\/wp-content\\\/uploads\\\/2022\\\/03\\\/128g.jpg\",\"contentUrl\":\"https:\\\/\\\/labonacarn.com\\\/wp-content\\\/uploads\\\/2022\\\/03\\\/128g.jpg\",\"width\":800,\"height\":533},{\"@type\":\"BreadcrumbList\",\"@id\":\"https:\\\/\\\/labonacarn.com\\\/es\\\/producte\\\/pack-pequeno-de-ternera\\\/#breadcrumb\",\"itemListElement\":[{\"@type\":\"ListItem\",\"position\":1,\"name\":\"Portada\",\"item\":\"https:\\\/\\\/labonacarn.com\\\/es\\\/\"},{\"@type\":\"ListItem\",\"position\":2,\"name\":\"Tienda\",\"item\":\"https:\\\/\\\/labonacarn.com\\\/es\\\/tienda\\\/\"},{\"@type\":\"ListItem\",\"position\":3,\"name\":\"Pack perque\u00f1o de ternera\"}]},{\"@type\":\"WebSite\",\"@id\":\"https:\\\/\\\/labonacarn.com\\\/es\\\/#website\",\"url\":\"https:\\\/\\\/labonacarn.com\\\/es\\\/\",\"name\":\"labonacarn.com\",\"description\":\"Venem carn de vedella, porc, pollastre, xai, poltre, gall dindi i embotits de primera qualitat i fets per nosaltres.\",\"potentialAction\":[{\"@type\":\"SearchAction\",\"target\":{\"@type\":\"EntryPoint\",\"urlTemplate\":\"https:\\\/\\\/labonacarn.com\\\/es\\\/?s={search_term_string}\"},\"query-input\":{\"@type\":\"PropertyValueSpecification\",\"valueRequired\":true,\"valueName\":\"search_term_string\"}}],\"inLanguage\":\"es\"}]}<\/script>\n<!-- \/ Yoast SEO plugin. -->","yoast_head_json":{"title":"Pack perque\u00f1o de ternera - labonacarn.com","description":"Pack peque\u00f1o de ternera, ya puedes quedar con los amigos para hacer una gran barbacoa con entrecots y para los peque\u00f1os unas hamburguesas.","robots":{"index":"index","follow":"follow","max-snippet":"max-snippet:-1","max-image-preview":"max-image-preview:large","max-video-preview":"max-video-preview:-1"},"canonical":"https:\/\/labonacarn.com\/es\/producte\/pack-pequeno-de-ternera\/","og_locale":"es_ES","og_type":"article","og_title":"Pack perque\u00f1o de ternera - labonacarn.com","og_description":"Pack peque\u00f1o de ternera, ya puedes quedar con los amigos para hacer una gran barbacoa con entrecots y para los peque\u00f1os unas hamburguesas.","og_url":"https:\/\/labonacarn.com\/es\/producte\/pack-pequeno-de-ternera\/","og_site_name":"labonacarn.com","article_modified_time":"2023-05-24T08:15:53+00:00","og_image":[{"width":800,"height":533,"url":"https:\/\/labonacarn.com\/wp-content\/uploads\/2022\/03\/128g.jpg","type":"image\/jpeg"}],"twitter_card":"summary_large_image","twitter_misc":{"Tiempo de lectura":"1 minuto"},"schema":{"@context":"https:\/\/schema.org","@graph":[{"@type":"WebPage","@id":"https:\/\/labonacarn.com\/es\/producte\/pack-pequeno-de-ternera\/","url":"https:\/\/labonacarn.com\/es\/producte\/pack-pequeno-de-ternera\/","name":"Pack perque\u00f1o de ternera - labonacarn.com","isPartOf":{"@id":"https:\/\/labonacarn.com\/es\/#website"},"primaryImageOfPage":{"@id":"https:\/\/labonacarn.com\/es\/producte\/pack-pequeno-de-ternera\/#primaryimage"},"image":{"@id":"https:\/\/labonacarn.com\/es\/producte\/pack-pequeno-de-ternera\/#primaryimage"},"thumbnailUrl":"https:\/\/labonacarn.com\/wp-content\/uploads\/2022\/03\/128g.jpg","datePublished":"2022-03-02T19:00:46+00:00","dateModified":"2023-05-24T08:15:53+00:00","description":"Pack peque\u00f1o de ternera, ya puedes quedar con los amigos para hacer una gran barbacoa con entrecots y para los peque\u00f1os unas hamburguesas.","breadcrumb":{"@id":"https:\/\/labonacarn.com\/es\/producte\/pack-pequeno-de-ternera\/#breadcrumb"},"inLanguage":"es","potentialAction":[{"@type":"ReadAction","target":["https:\/\/labonacarn.com\/es\/producte\/pack-pequeno-de-ternera\/"]}]},{"@type":"ImageObject","inLanguage":"es","@id":"https:\/\/labonacarn.com\/es\/producte\/pack-pequeno-de-ternera\/#primaryimage","url":"https:\/\/labonacarn.com\/wp-content\/uploads\/2022\/03\/128g.jpg","contentUrl":"https:\/\/labonacarn.com\/wp-content\/uploads\/2022\/03\/128g.jpg","width":800,"height":533},{"@type":"BreadcrumbList","@id":"https:\/\/labonacarn.com\/es\/producte\/pack-pequeno-de-ternera\/#breadcrumb","itemListElement":[{"@type":"ListItem","position":1,"name":"Portada","item":"https:\/\/labonacarn.com\/es\/"},{"@type":"ListItem","position":2,"name":"Tienda","item":"https:\/\/labonacarn.com\/es\/tienda\/"},{"@type":"ListItem","position":3,"name":"Pack perque\u00f1o de ternera"}]},{"@type":"WebSite","@id":"https:\/\/labonacarn.com\/es\/#website","url":"https:\/\/labonacarn.com\/es\/","name":"labonacarn.com","description":"Venem carn de vedella, porc, pollastre, xai, poltre, gall dindi i embotits de primera qualitat i fets per nosaltres.","potentialAction":[{"@type":"SearchAction","target":{"@type":"EntryPoint","urlTemplate":"https:\/\/labonacarn.com\/es\/?s={search_term_string}"},"query-input":{"@type":"PropertyValueSpecification","valueRequired":true,"valueName":"search_term_string"}}],"inLanguage":"es"}]}},"_links":{"self":[{"href":"https:\/\/labonacarn.com\/es\/wp-json\/wp\/v2\/product\/5016","targetHints":{"allow":["GET"]}}],"collection":[{"href":"https:\/\/labonacarn.com\/es\/wp-json\/wp\/v2\/product"}],"about":[{"href":"https:\/\/labonacarn.com\/es\/wp-json\/wp\/v2\/types\/product"}],"wp:featuredmedia":[{"embeddable":true,"href":"https:\/\/labonacarn.com\/es\/wp-json\/wp\/v2\/media\/4418"}],"wp:attachment":[{"href":"https:\/\/labonacarn.com\/es\/wp-json\/wp\/v2\/media?parent=5016"}],"wp:term":[{"taxonomy":"product_brand","embeddable":true,"href":"https:\/\/labonacarn.com\/es\/wp-json\/wp\/v2\/product_brand?post=5016"},{"taxonomy":"product_cat","embeddable":true,"href":"https:\/\/labonacarn.com\/es\/wp-json\/wp\/v2\/product_cat?post=5016"},{"taxonomy":"product_tag","embeddable":true,"href":"https:\/\/labonacarn.com\/es\/wp-json\/wp\/v2\/product_tag?post=5016"}],"curies":[{"name":"wp","href":"https:\/\/api.w.org\/{rel}","templated":true}]}}