{"id":5010,"date":"2022-03-02T18:52:50","date_gmt":"2022-03-02T17:52:50","guid":{"rendered":"https:\/\/labonacarn.com\/producto\/croquetas-de-carne-de-cocido\/"},"modified":"2023-12-15T18:08:38","modified_gmt":"2023-12-15T17:08:38","slug":"croquetas-de-carne-de-cocido","status":"publish","type":"product","link":"https:\/\/labonacarn.com\/es\/producte\/croquetas-de-carne-de-cocido\/","title":{"rendered":"Croquetas de carne de cocido"},"content":{"rendered":"<div class=\"product-collateral\">\n<div id=\"product_tabs_description_contents\" class=\"product-tabs-content\">\n<h2 class=\"std\">Croquetas de carne de caldo<\/h2>\n<div><\/div>\n<div class=\"std\">Un plato delicioso para grandes y peque\u00f1os. Las hacemos sin bechamel y las servimos con media cocci\u00f3n hecha. Es decir, si uno quiere puede comerlas tal y como las llevamos. Si se quiere hacer un poco m\u00e1s, se puede cocinar en el horno, en la freidora o si se quiere calentar en el microondas. Ingredientes: carne de ternera, cerdo y pollo, sal, pimienta, ajo, vino, harina de ma\u00edz mantequilla, aceite y pan rallado. Llevan gluten. Hecho con productos naturales, est\u00e1 libre de conservantes y colorantes. Servidas en tama\u00f1o familiar de 12 unidades pensado para m\u00e1s grupo. No van envasadas al vac\u00edo. Si no las consumimos las debemos congelar y disfrutarlas cuando nos apetezca. Precio: 7\u20ac\/unidad.<\/div>\n<div class=\"std\"><\/div>\n<\/div>\n<\/div>\n<div class=\"product-collateral recepta\">\n<div id=\"product_tabs_description_contents\" class=\"product-tabs-content\">\n<div class=\"std\">Las servimos con media cocci\u00f3n hecha. Si lo desea puede terminar de cocinar en el horno o bien en la sart\u00e9n con un poco de aceite. No llevan bechamel.<\/div>\n<\/div>\n<\/div>\n","protected":false},"excerpt":{"rendered":"<p>Croquetas de carne de cocido<\/p>\n<p>Son distintas, son especiales, son muy buenas.<br \/>\nElige cu\u00e1ntas quieres&#8230;<\/p>\n","protected":false},"featured_media":4401,"template":"","meta":{"_acf_changed":false,"_joinchat":[]},"product_brand":[],"product_cat":[67,65,105,104],"product_tag":[196,201,189],"class_list":{"0":"post-5010","1":"product","2":"type-product","3":"status-publish","4":"has-post-thumbnail","6":"product_cat-estilo-de-vida","7":"product_cat-la-despensa","8":"product_cat-no-quiero-cocinar","9":"product_cat-para-los-reyes-de-la-casa","10":"product_tag-amigos-es","11":"product_tag-aperitivo-es","12":"product_tag-no-quiero-cocinar","14":"first","15":"instock","16":"taxable","17":"shipping-taxable","18":"purchasable","19":"product-type-simple"},"acf":[],"yoast_head":"<!-- This site is optimized with the Yoast SEO plugin v27.5 - https:\/\/yoast.com\/product\/yoast-seo-wordpress\/ -->\n<title>Croquetas de carne de cocido - labonacarn.com<\/title>\n<meta name=\"description\" content=\"Croquetas de carne de cocido que te acompa\u00f1aran en cualquier comida, bien para los m\u00e1s peques o para un buen aperitivo !!!\" \/>\n<meta name=\"robots\" content=\"index, follow, max-snippet:-1, max-image-preview:large, max-video-preview:-1\" \/>\n<link rel=\"canonical\" href=\"https:\/\/labonacarn.com\/es\/producte\/croquetas-de-carne-de-cocido\/\" \/>\n<meta property=\"og:locale\" content=\"es_ES\" \/>\n<meta property=\"og:type\" content=\"article\" \/>\n<meta property=\"og:title\" content=\"Croquetas de carne de cocido - labonacarn.com\" \/>\n<meta property=\"og:description\" content=\"Croquetas de carne de cocido que te acompa\u00f1aran en cualquier comida, bien para los m\u00e1s peques o para un buen aperitivo !!!\" \/>\n<meta property=\"og:url\" content=\"https:\/\/labonacarn.com\/es\/producte\/croquetas-de-carne-de-cocido\/\" \/>\n<meta property=\"og:site_name\" content=\"labonacarn.com\" \/>\n<meta property=\"article:modified_time\" content=\"2023-12-15T17:08:38+00:00\" \/>\n<meta property=\"og:image\" content=\"https:\/\/labonacarn.com\/wp-content\/uploads\/2022\/03\/108g.jpg\" \/>\n\t<meta property=\"og:image:width\" content=\"800\" \/>\n\t<meta property=\"og:image:height\" content=\"533\" \/>\n\t<meta property=\"og:image:type\" content=\"image\/jpeg\" \/>\n<meta name=\"twitter:card\" content=\"summary_large_image\" \/>\n<meta name=\"twitter:label1\" content=\"Tiempo de lectura\" \/>\n\t<meta name=\"twitter:data1\" content=\"2 minutos\" \/>\n<script type=\"application\/ld+json\" class=\"yoast-schema-graph\">{\"@context\":\"https:\\\/\\\/schema.org\",\"@graph\":[{\"@type\":\"WebPage\",\"@id\":\"https:\\\/\\\/labonacarn.com\\\/es\\\/producte\\\/croquetas-de-carne-de-cocido\\\/\",\"url\":\"https:\\\/\\\/labonacarn.com\\\/es\\\/producte\\\/croquetas-de-carne-de-cocido\\\/\",\"name\":\"Croquetas de carne de cocido - labonacarn.com\",\"isPartOf\":{\"@id\":\"https:\\\/\\\/labonacarn.com\\\/es\\\/#website\"},\"primaryImageOfPage\":{\"@id\":\"https:\\\/\\\/labonacarn.com\\\/es\\\/producte\\\/croquetas-de-carne-de-cocido\\\/#primaryimage\"},\"image\":{\"@id\":\"https:\\\/\\\/labonacarn.com\\\/es\\\/producte\\\/croquetas-de-carne-de-cocido\\\/#primaryimage\"},\"thumbnailUrl\":\"https:\\\/\\\/labonacarn.com\\\/wp-content\\\/uploads\\\/2022\\\/03\\\/108g.jpg\",\"datePublished\":\"2022-03-02T17:52:50+00:00\",\"dateModified\":\"2023-12-15T17:08:38+00:00\",\"description\":\"Croquetas de carne de cocido que te acompa\u00f1aran en cualquier comida, bien para los m\u00e1s peques o para un buen aperitivo !!!\",\"breadcrumb\":{\"@id\":\"https:\\\/\\\/labonacarn.com\\\/es\\\/producte\\\/croquetas-de-carne-de-cocido\\\/#breadcrumb\"},\"inLanguage\":\"es\",\"potentialAction\":[{\"@type\":\"ReadAction\",\"target\":[\"https:\\\/\\\/labonacarn.com\\\/es\\\/producte\\\/croquetas-de-carne-de-cocido\\\/\"]}]},{\"@type\":\"ImageObject\",\"inLanguage\":\"es\",\"@id\":\"https:\\\/\\\/labonacarn.com\\\/es\\\/producte\\\/croquetas-de-carne-de-cocido\\\/#primaryimage\",\"url\":\"https:\\\/\\\/labonacarn.com\\\/wp-content\\\/uploads\\\/2022\\\/03\\\/108g.jpg\",\"contentUrl\":\"https:\\\/\\\/labonacarn.com\\\/wp-content\\\/uploads\\\/2022\\\/03\\\/108g.jpg\",\"width\":800,\"height\":533,\"caption\":\"Croquetes de carn de brou.\"},{\"@type\":\"BreadcrumbList\",\"@id\":\"https:\\\/\\\/labonacarn.com\\\/es\\\/producte\\\/croquetas-de-carne-de-cocido\\\/#breadcrumb\",\"itemListElement\":[{\"@type\":\"ListItem\",\"position\":1,\"name\":\"Portada\",\"item\":\"https:\\\/\\\/labonacarn.com\\\/es\\\/\"},{\"@type\":\"ListItem\",\"position\":2,\"name\":\"Tienda\",\"item\":\"https:\\\/\\\/labonacarn.com\\\/es\\\/tienda\\\/\"},{\"@type\":\"ListItem\",\"position\":3,\"name\":\"Croquetas de carne de cocido\"}]},{\"@type\":\"WebSite\",\"@id\":\"https:\\\/\\\/labonacarn.com\\\/es\\\/#website\",\"url\":\"https:\\\/\\\/labonacarn.com\\\/es\\\/\",\"name\":\"labonacarn.com\",\"description\":\"Venem carn de vedella, porc, pollastre, xai, poltre, gall dindi i embotits de primera qualitat i fets per nosaltres.\",\"potentialAction\":[{\"@type\":\"SearchAction\",\"target\":{\"@type\":\"EntryPoint\",\"urlTemplate\":\"https:\\\/\\\/labonacarn.com\\\/es\\\/?s={search_term_string}\"},\"query-input\":{\"@type\":\"PropertyValueSpecification\",\"valueRequired\":true,\"valueName\":\"search_term_string\"}}],\"inLanguage\":\"es\"}]}<\/script>\n<!-- \/ Yoast SEO plugin. -->","yoast_head_json":{"title":"Croquetas de carne de cocido - labonacarn.com","description":"Croquetas de carne de cocido que te acompa\u00f1aran en cualquier comida, bien para los m\u00e1s peques o para un buen aperitivo !!!","robots":{"index":"index","follow":"follow","max-snippet":"max-snippet:-1","max-image-preview":"max-image-preview:large","max-video-preview":"max-video-preview:-1"},"canonical":"https:\/\/labonacarn.com\/es\/producte\/croquetas-de-carne-de-cocido\/","og_locale":"es_ES","og_type":"article","og_title":"Croquetas de carne de cocido - labonacarn.com","og_description":"Croquetas de carne de cocido que te acompa\u00f1aran en cualquier comida, bien para los m\u00e1s peques o para un buen aperitivo !!!","og_url":"https:\/\/labonacarn.com\/es\/producte\/croquetas-de-carne-de-cocido\/","og_site_name":"labonacarn.com","article_modified_time":"2023-12-15T17:08:38+00:00","og_image":[{"width":800,"height":533,"url":"https:\/\/labonacarn.com\/wp-content\/uploads\/2022\/03\/108g.jpg","type":"image\/jpeg"}],"twitter_card":"summary_large_image","twitter_misc":{"Tiempo de lectura":"2 minutos"},"schema":{"@context":"https:\/\/schema.org","@graph":[{"@type":"WebPage","@id":"https:\/\/labonacarn.com\/es\/producte\/croquetas-de-carne-de-cocido\/","url":"https:\/\/labonacarn.com\/es\/producte\/croquetas-de-carne-de-cocido\/","name":"Croquetas de carne de cocido - labonacarn.com","isPartOf":{"@id":"https:\/\/labonacarn.com\/es\/#website"},"primaryImageOfPage":{"@id":"https:\/\/labonacarn.com\/es\/producte\/croquetas-de-carne-de-cocido\/#primaryimage"},"image":{"@id":"https:\/\/labonacarn.com\/es\/producte\/croquetas-de-carne-de-cocido\/#primaryimage"},"thumbnailUrl":"https:\/\/labonacarn.com\/wp-content\/uploads\/2022\/03\/108g.jpg","datePublished":"2022-03-02T17:52:50+00:00","dateModified":"2023-12-15T17:08:38+00:00","description":"Croquetas de carne de cocido que te acompa\u00f1aran en cualquier comida, bien para los m\u00e1s peques o para un buen aperitivo !!!","breadcrumb":{"@id":"https:\/\/labonacarn.com\/es\/producte\/croquetas-de-carne-de-cocido\/#breadcrumb"},"inLanguage":"es","potentialAction":[{"@type":"ReadAction","target":["https:\/\/labonacarn.com\/es\/producte\/croquetas-de-carne-de-cocido\/"]}]},{"@type":"ImageObject","inLanguage":"es","@id":"https:\/\/labonacarn.com\/es\/producte\/croquetas-de-carne-de-cocido\/#primaryimage","url":"https:\/\/labonacarn.com\/wp-content\/uploads\/2022\/03\/108g.jpg","contentUrl":"https:\/\/labonacarn.com\/wp-content\/uploads\/2022\/03\/108g.jpg","width":800,"height":533,"caption":"Croquetes de carn de brou."},{"@type":"BreadcrumbList","@id":"https:\/\/labonacarn.com\/es\/producte\/croquetas-de-carne-de-cocido\/#breadcrumb","itemListElement":[{"@type":"ListItem","position":1,"name":"Portada","item":"https:\/\/labonacarn.com\/es\/"},{"@type":"ListItem","position":2,"name":"Tienda","item":"https:\/\/labonacarn.com\/es\/tienda\/"},{"@type":"ListItem","position":3,"name":"Croquetas de carne de cocido"}]},{"@type":"WebSite","@id":"https:\/\/labonacarn.com\/es\/#website","url":"https:\/\/labonacarn.com\/es\/","name":"labonacarn.com","description":"Venem carn de vedella, porc, pollastre, xai, poltre, gall dindi i embotits de primera qualitat i fets per nosaltres.","potentialAction":[{"@type":"SearchAction","target":{"@type":"EntryPoint","urlTemplate":"https:\/\/labonacarn.com\/es\/?s={search_term_string}"},"query-input":{"@type":"PropertyValueSpecification","valueRequired":true,"valueName":"search_term_string"}}],"inLanguage":"es"}]}},"_links":{"self":[{"href":"https:\/\/labonacarn.com\/es\/wp-json\/wp\/v2\/product\/5010","targetHints":{"allow":["GET"]}}],"collection":[{"href":"https:\/\/labonacarn.com\/es\/wp-json\/wp\/v2\/product"}],"about":[{"href":"https:\/\/labonacarn.com\/es\/wp-json\/wp\/v2\/types\/product"}],"wp:featuredmedia":[{"embeddable":true,"href":"https:\/\/labonacarn.com\/es\/wp-json\/wp\/v2\/media\/4401"}],"wp:attachment":[{"href":"https:\/\/labonacarn.com\/es\/wp-json\/wp\/v2\/media?parent=5010"}],"wp:term":[{"taxonomy":"product_brand","embeddable":true,"href":"https:\/\/labonacarn.com\/es\/wp-json\/wp\/v2\/product_brand?post=5010"},{"taxonomy":"product_cat","embeddable":true,"href":"https:\/\/labonacarn.com\/es\/wp-json\/wp\/v2\/product_cat?post=5010"},{"taxonomy":"product_tag","embeddable":true,"href":"https:\/\/labonacarn.com\/es\/wp-json\/wp\/v2\/product_tag?post=5010"}],"curies":[{"name":"wp","href":"https:\/\/api.w.org\/{rel}","templated":true}]}}