{"id":5009,"date":"2022-03-02T18:51:11","date_gmt":"2022-03-02T18:51:11","guid":{"rendered":"https:\/\/labonacarn.com\/producto\/espagueti-al-ajillo-350-grs\/"},"modified":"2022-07-26T14:23:07","modified_gmt":"2022-07-26T14:23:07","slug":"espagueti-al-ajillo-350-grs","status":"publish","type":"product","link":"https:\/\/labonacarn.com\/es\/producte\/espagueti-al-ajillo-350-grs\/","title":{"rendered":"Espagueti al ajillo (350 grs)"},"content":{"rendered":"<h2>Espagueti al ajillo !!! (350 grs)<\/h2>\n<p>Un tradicional y universal plato italiano. Todo el mundo, quien m\u00e1s o menos, ha disfrutado de esta delicia italiana. En labonacarn os ponemos a vuestra disposici\u00f3n en un formato de 350 grs y envasado en un recipiente apto para el microondas. Si deseas llevarte una buena comida al trabajo o cocinar en casa una sabrosa pasta italiana en 40 segundos, esta es tu ocasi\u00f3n. Cocinado con aceite de oliva, pasta italiana, ajo, peregil, sal y orenga. Y para buscar la excelencia del producto est\u00e1 envasado con ox\u00edgeno puro, sin conservantes ni colorantes, para as\u00ed mantener toda su naturalidad. Este hecho nos proporciona que este producto lo podamos guardar en el frigor\u00edfico durante 15 d\u00edas. Precio: 5&#8217;75\/unitat (350 grs)<\/p>\n","protected":false},"excerpt":{"rendered":"<p>Una delicia italiana servida en peque\u00f1o formato ( 350 grs) !!!<\/p>\n","protected":false},"featured_media":6297,"template":"","meta":{"_acf_changed":false,"_joinchat":[]},"product_brand":[],"product_cat":[67,103,65,106],"product_tag":[],"class_list":{"0":"post-5009","1":"product","2":"type-product","3":"status-publish","4":"has-post-thumbnail","6":"product_cat-estilo-de-vida","7":"product_cat-hago-deporte","8":"product_cat-la-despensa","9":"product_cat-tengo-invitados","11":"first","12":"instock","13":"taxable","14":"shipping-taxable","15":"purchasable","16":"product-type-simple"},"acf":[],"yoast_head":"<!-- This site is optimized with the Yoast SEO plugin v27.5 - https:\/\/yoast.com\/product\/yoast-seo-wordpress\/ -->\n<title>Espagueti al ajillo (350 grs) - labonacarn.com<\/title>\n<meta name=\"description\" content=\"Espagueti al ajillo, una delicia italiana para nuestros sentidos, servida en formato peque\u00f1o para dos personas.\" \/>\n<meta name=\"robots\" content=\"index, follow, max-snippet:-1, max-image-preview:large, max-video-preview:-1\" \/>\n<link rel=\"canonical\" href=\"https:\/\/labonacarn.com\/es\/producte\/espagueti-al-ajillo-350-grs\/\" \/>\n<meta property=\"og:locale\" content=\"es_ES\" \/>\n<meta property=\"og:type\" content=\"article\" \/>\n<meta property=\"og:title\" content=\"Espagueti al ajillo (350 grs) - labonacarn.com\" \/>\n<meta property=\"og:description\" content=\"Espagueti al ajillo, una delicia italiana para nuestros sentidos, servida en formato peque\u00f1o para dos personas.\" \/>\n<meta property=\"og:url\" content=\"https:\/\/labonacarn.com\/es\/producte\/espagueti-al-ajillo-350-grs\/\" \/>\n<meta property=\"og:site_name\" content=\"labonacarn.com\" \/>\n<meta property=\"article:modified_time\" content=\"2022-07-26T14:23:07+00:00\" \/>\n<meta property=\"og:image\" content=\"https:\/\/labonacarn.com\/wp-content\/uploads\/2022\/03\/espaguetti.jpg\" \/>\n\t<meta property=\"og:image:width\" content=\"255\" \/>\n\t<meta property=\"og:image:height\" content=\"225\" \/>\n\t<meta property=\"og:image:type\" content=\"image\/jpeg\" \/>\n<meta name=\"twitter:card\" content=\"summary_large_image\" \/>\n<meta name=\"twitter:label1\" content=\"Tiempo de lectura\" \/>\n\t<meta name=\"twitter:data1\" content=\"1 minuto\" \/>\n<script type=\"application\/ld+json\" class=\"yoast-schema-graph\">{\"@context\":\"https:\\\/\\\/schema.org\",\"@graph\":[{\"@type\":\"WebPage\",\"@id\":\"https:\\\/\\\/labonacarn.com\\\/es\\\/producte\\\/espagueti-al-ajillo-350-grs\\\/\",\"url\":\"https:\\\/\\\/labonacarn.com\\\/es\\\/producte\\\/espagueti-al-ajillo-350-grs\\\/\",\"name\":\"Espagueti al ajillo (350 grs) - labonacarn.com\",\"isPartOf\":{\"@id\":\"https:\\\/\\\/labonacarn.com\\\/es\\\/#website\"},\"primaryImageOfPage\":{\"@id\":\"https:\\\/\\\/labonacarn.com\\\/es\\\/producte\\\/espagueti-al-ajillo-350-grs\\\/#primaryimage\"},\"image\":{\"@id\":\"https:\\\/\\\/labonacarn.com\\\/es\\\/producte\\\/espagueti-al-ajillo-350-grs\\\/#primaryimage\"},\"thumbnailUrl\":\"https:\\\/\\\/labonacarn.com\\\/wp-content\\\/uploads\\\/2022\\\/03\\\/espaguetti.jpg\",\"datePublished\":\"2022-03-02T18:51:11+00:00\",\"dateModified\":\"2022-07-26T14:23:07+00:00\",\"description\":\"Espagueti al ajillo, una delicia italiana para nuestros sentidos, servida en formato peque\u00f1o para dos personas.\",\"breadcrumb\":{\"@id\":\"https:\\\/\\\/labonacarn.com\\\/es\\\/producte\\\/espagueti-al-ajillo-350-grs\\\/#breadcrumb\"},\"inLanguage\":\"es\",\"potentialAction\":[{\"@type\":\"ReadAction\",\"target\":[\"https:\\\/\\\/labonacarn.com\\\/es\\\/producte\\\/espagueti-al-ajillo-350-grs\\\/\"]}]},{\"@type\":\"ImageObject\",\"inLanguage\":\"es\",\"@id\":\"https:\\\/\\\/labonacarn.com\\\/es\\\/producte\\\/espagueti-al-ajillo-350-grs\\\/#primaryimage\",\"url\":\"https:\\\/\\\/labonacarn.com\\\/wp-content\\\/uploads\\\/2022\\\/03\\\/espaguetti.jpg\",\"contentUrl\":\"https:\\\/\\\/labonacarn.com\\\/wp-content\\\/uploads\\\/2022\\\/03\\\/espaguetti.jpg\",\"width\":255,\"height\":225,\"caption\":\"Espaguetti a l' allet\"},{\"@type\":\"BreadcrumbList\",\"@id\":\"https:\\\/\\\/labonacarn.com\\\/es\\\/producte\\\/espagueti-al-ajillo-350-grs\\\/#breadcrumb\",\"itemListElement\":[{\"@type\":\"ListItem\",\"position\":1,\"name\":\"Portada\",\"item\":\"https:\\\/\\\/labonacarn.com\\\/es\\\/\"},{\"@type\":\"ListItem\",\"position\":2,\"name\":\"Tienda\",\"item\":\"https:\\\/\\\/labonacarn.com\\\/es\\\/tienda\\\/\"},{\"@type\":\"ListItem\",\"position\":3,\"name\":\"Espagueti al ajillo (350 grs)\"}]},{\"@type\":\"WebSite\",\"@id\":\"https:\\\/\\\/labonacarn.com\\\/es\\\/#website\",\"url\":\"https:\\\/\\\/labonacarn.com\\\/es\\\/\",\"name\":\"labonacarn.com\",\"description\":\"Venem carn de vedella, porc, pollastre, xai, poltre, gall dindi i embotits de primera qualitat i fets per nosaltres.\",\"potentialAction\":[{\"@type\":\"SearchAction\",\"target\":{\"@type\":\"EntryPoint\",\"urlTemplate\":\"https:\\\/\\\/labonacarn.com\\\/es\\\/?s={search_term_string}\"},\"query-input\":{\"@type\":\"PropertyValueSpecification\",\"valueRequired\":true,\"valueName\":\"search_term_string\"}}],\"inLanguage\":\"es\"}]}<\/script>\n<!-- \/ Yoast SEO plugin. -->","yoast_head_json":{"title":"Espagueti al ajillo (350 grs) - labonacarn.com","description":"Espagueti al ajillo, una delicia italiana para nuestros sentidos, servida en formato peque\u00f1o para dos personas.","robots":{"index":"index","follow":"follow","max-snippet":"max-snippet:-1","max-image-preview":"max-image-preview:large","max-video-preview":"max-video-preview:-1"},"canonical":"https:\/\/labonacarn.com\/es\/producte\/espagueti-al-ajillo-350-grs\/","og_locale":"es_ES","og_type":"article","og_title":"Espagueti al ajillo (350 grs) - labonacarn.com","og_description":"Espagueti al ajillo, una delicia italiana para nuestros sentidos, servida en formato peque\u00f1o para dos personas.","og_url":"https:\/\/labonacarn.com\/es\/producte\/espagueti-al-ajillo-350-grs\/","og_site_name":"labonacarn.com","article_modified_time":"2022-07-26T14:23:07+00:00","og_image":[{"width":255,"height":225,"url":"https:\/\/labonacarn.com\/wp-content\/uploads\/2022\/03\/espaguetti.jpg","type":"image\/jpeg"}],"twitter_card":"summary_large_image","twitter_misc":{"Tiempo de lectura":"1 minuto"},"schema":{"@context":"https:\/\/schema.org","@graph":[{"@type":"WebPage","@id":"https:\/\/labonacarn.com\/es\/producte\/espagueti-al-ajillo-350-grs\/","url":"https:\/\/labonacarn.com\/es\/producte\/espagueti-al-ajillo-350-grs\/","name":"Espagueti al ajillo (350 grs) - labonacarn.com","isPartOf":{"@id":"https:\/\/labonacarn.com\/es\/#website"},"primaryImageOfPage":{"@id":"https:\/\/labonacarn.com\/es\/producte\/espagueti-al-ajillo-350-grs\/#primaryimage"},"image":{"@id":"https:\/\/labonacarn.com\/es\/producte\/espagueti-al-ajillo-350-grs\/#primaryimage"},"thumbnailUrl":"https:\/\/labonacarn.com\/wp-content\/uploads\/2022\/03\/espaguetti.jpg","datePublished":"2022-03-02T18:51:11+00:00","dateModified":"2022-07-26T14:23:07+00:00","description":"Espagueti al ajillo, una delicia italiana para nuestros sentidos, servida en formato peque\u00f1o para dos personas.","breadcrumb":{"@id":"https:\/\/labonacarn.com\/es\/producte\/espagueti-al-ajillo-350-grs\/#breadcrumb"},"inLanguage":"es","potentialAction":[{"@type":"ReadAction","target":["https:\/\/labonacarn.com\/es\/producte\/espagueti-al-ajillo-350-grs\/"]}]},{"@type":"ImageObject","inLanguage":"es","@id":"https:\/\/labonacarn.com\/es\/producte\/espagueti-al-ajillo-350-grs\/#primaryimage","url":"https:\/\/labonacarn.com\/wp-content\/uploads\/2022\/03\/espaguetti.jpg","contentUrl":"https:\/\/labonacarn.com\/wp-content\/uploads\/2022\/03\/espaguetti.jpg","width":255,"height":225,"caption":"Espaguetti a l' allet"},{"@type":"BreadcrumbList","@id":"https:\/\/labonacarn.com\/es\/producte\/espagueti-al-ajillo-350-grs\/#breadcrumb","itemListElement":[{"@type":"ListItem","position":1,"name":"Portada","item":"https:\/\/labonacarn.com\/es\/"},{"@type":"ListItem","position":2,"name":"Tienda","item":"https:\/\/labonacarn.com\/es\/tienda\/"},{"@type":"ListItem","position":3,"name":"Espagueti al ajillo (350 grs)"}]},{"@type":"WebSite","@id":"https:\/\/labonacarn.com\/es\/#website","url":"https:\/\/labonacarn.com\/es\/","name":"labonacarn.com","description":"Venem carn de vedella, porc, pollastre, xai, poltre, gall dindi i embotits de primera qualitat i fets per nosaltres.","potentialAction":[{"@type":"SearchAction","target":{"@type":"EntryPoint","urlTemplate":"https:\/\/labonacarn.com\/es\/?s={search_term_string}"},"query-input":{"@type":"PropertyValueSpecification","valueRequired":true,"valueName":"search_term_string"}}],"inLanguage":"es"}]}},"_links":{"self":[{"href":"https:\/\/labonacarn.com\/es\/wp-json\/wp\/v2\/product\/5009","targetHints":{"allow":["GET"]}}],"collection":[{"href":"https:\/\/labonacarn.com\/es\/wp-json\/wp\/v2\/product"}],"about":[{"href":"https:\/\/labonacarn.com\/es\/wp-json\/wp\/v2\/types\/product"}],"wp:featuredmedia":[{"embeddable":true,"href":"https:\/\/labonacarn.com\/es\/wp-json\/wp\/v2\/media\/6297"}],"wp:attachment":[{"href":"https:\/\/labonacarn.com\/es\/wp-json\/wp\/v2\/media?parent=5009"}],"wp:term":[{"taxonomy":"product_brand","embeddable":true,"href":"https:\/\/labonacarn.com\/es\/wp-json\/wp\/v2\/product_brand?post=5009"},{"taxonomy":"product_cat","embeddable":true,"href":"https:\/\/labonacarn.com\/es\/wp-json\/wp\/v2\/product_cat?post=5009"},{"taxonomy":"product_tag","embeddable":true,"href":"https:\/\/labonacarn.com\/es\/wp-json\/wp\/v2\/product_tag?post=5009"}],"curies":[{"name":"wp","href":"https:\/\/api.w.org\/{rel}","templated":true}]}}