{"id":5008,"date":"2022-03-02T18:47:43","date_gmt":"2022-03-02T17:47:43","guid":{"rendered":"https:\/\/labonacarn.com\/producto\/nuestro-vino-tinto\/"},"modified":"2022-03-02T18:47:43","modified_gmt":"2022-03-02T18:47:43","slug":"nuestro-vino-tinto","status":"publish","type":"product","link":"https:\/\/labonacarn.com\/es\/producte\/nuestro-vino-tinto\/","title":{"rendered":"Nuestro vino tinto"},"content":{"rendered":"<p>Nuestro vino: estamos de suerte. Vivimos en un pa\u00eds que es un excelente productor de grandes vinos y lo tenemos que aprovechar. Deseamos ofreceros un vino procedente de la comarca de la \u00abTerra Alta\u00bb con la uva \u00abull de llebre\u00bb y con 13\u00ba. Todo esto proviene de una peque\u00f1a poblaci\u00f3n llamada \u00bb Br\u00e0fim\u00bb. Un pueblecito de 600 habitantes que nos ofrecen lo mejor de sus tierras. Se trata de un gran vino joven que os puede acompa\u00f1ar en cualquier plato de carne, quesos, guisados, etc, etc. Se sirve en un envase de 4 litros y el precio es de 10\u20ac.<\/p>\n","protected":false},"excerpt":{"rendered":"<p>Nuestro vino: estamos de suerte. Vivimos en un pa\u00eds que es un excelente productor de grandes vinos y lo tenemos que aprovechar. Deseamos ofreceros un vino procedente de la comarca de la \u00abTerra Alta\u00bb con la uva \u00abull de llebre\u00bb y con 13\u00ba. Todo esto proviene de una peque\u00f1a poblaci\u00f3n llamada \u00bb Br\u00e0fim\u00bb. Un pueblecito de 600 habitantes que nos ofrecen lo mejor de sus tierras. Se trata de un gran vino joven que os puede acompa\u00f1ar en cualquier plato de carne, quesos, guisados, etc, etc. Se sirve en un envase de 4 litros y el precio es de 10\u20ac.<\/p>\n","protected":false},"featured_media":4395,"template":"","meta":{"_acf_changed":false,"_joinchat":[]},"product_brand":[],"product_cat":[65],"product_tag":[],"class_list":{"0":"post-5008","1":"product","2":"type-product","3":"status-publish","4":"has-post-thumbnail","6":"product_cat-la-despensa","8":"first","9":"instock","10":"taxable","11":"shipping-taxable","12":"purchasable","13":"product-type-simple"},"acf":[],"yoast_head":"<!-- This site is optimized with the Yoast SEO plugin v27.4 - https:\/\/yoast.com\/product\/yoast-seo-wordpress\/ -->\n<title>Nuestro vino tinto - labonacarn.com<\/title>\n<meta name=\"robots\" content=\"index, follow, max-snippet:-1, max-image-preview:large, max-video-preview:-1\" \/>\n<link rel=\"canonical\" href=\"https:\/\/labonacarn.com\/es\/producte\/nuestro-vino-tinto\/\" \/>\n<meta property=\"og:locale\" content=\"es_ES\" \/>\n<meta property=\"og:type\" content=\"article\" \/>\n<meta property=\"og:title\" content=\"Nuestro vino tinto - labonacarn.com\" \/>\n<meta property=\"og:description\" content=\"Nuestro vino: estamos de suerte. Vivimos en un pa\u00eds que es un excelente productor de grandes vinos y lo tenemos que aprovechar. Deseamos ofreceros un vino procedente de la comarca de la &quot;Terra Alta&quot; con la uva &quot;ull de llebre&quot; y con 13\u00ba. Todo esto proviene de una peque\u00f1a poblaci\u00f3n llamada &quot; Br\u00e0fim&quot;. Un pueblecito de 600 habitantes que nos ofrecen lo mejor de sus tierras. Se trata de un gran vino joven que os puede acompa\u00f1ar en cualquier plato de carne, quesos, guisados, etc, etc. Se sirve en un envase de 4 litros y el precio es de 10\u20ac.\" \/>\n<meta property=\"og:url\" content=\"https:\/\/labonacarn.com\/es\/producte\/nuestro-vino-tinto\/\" \/>\n<meta property=\"og:site_name\" content=\"labonacarn.com\" \/>\n<meta property=\"article:modified_time\" content=\"2022-03-02T18:47:43+00:00\" \/>\n<meta property=\"og:image\" content=\"https:\/\/labonacarn.com\/wp-content\/uploads\/2022\/03\/vi-negre.jpg\" \/>\n\t<meta property=\"og:image:width\" content=\"800\" \/>\n\t<meta property=\"og:image:height\" content=\"564\" \/>\n\t<meta property=\"og:image:type\" content=\"image\/jpeg\" \/>\n<meta name=\"twitter:card\" content=\"summary_large_image\" \/>\n<meta name=\"twitter:label1\" content=\"Tiempo de lectura\" \/>\n\t<meta name=\"twitter:data1\" content=\"1 minuto\" \/>\n<script type=\"application\/ld+json\" class=\"yoast-schema-graph\">{\"@context\":\"https:\\\/\\\/schema.org\",\"@graph\":[{\"@type\":\"WebPage\",\"@id\":\"https:\\\/\\\/labonacarn.com\\\/es\\\/producte\\\/nuestro-vino-tinto\\\/\",\"url\":\"https:\\\/\\\/labonacarn.com\\\/es\\\/producte\\\/nuestro-vino-tinto\\\/\",\"name\":\"Nuestro vino tinto - labonacarn.com\",\"isPartOf\":{\"@id\":\"https:\\\/\\\/labonacarn.com\\\/es\\\/#website\"},\"primaryImageOfPage\":{\"@id\":\"https:\\\/\\\/labonacarn.com\\\/es\\\/producte\\\/nuestro-vino-tinto\\\/#primaryimage\"},\"image\":{\"@id\":\"https:\\\/\\\/labonacarn.com\\\/es\\\/producte\\\/nuestro-vino-tinto\\\/#primaryimage\"},\"thumbnailUrl\":\"https:\\\/\\\/labonacarn.com\\\/wp-content\\\/uploads\\\/2022\\\/03\\\/vi-negre.jpg\",\"datePublished\":\"2022-03-02T17:47:43+00:00\",\"dateModified\":\"2022-03-02T18:47:43+00:00\",\"breadcrumb\":{\"@id\":\"https:\\\/\\\/labonacarn.com\\\/es\\\/producte\\\/nuestro-vino-tinto\\\/#breadcrumb\"},\"inLanguage\":\"es\",\"potentialAction\":[{\"@type\":\"ReadAction\",\"target\":[\"https:\\\/\\\/labonacarn.com\\\/es\\\/producte\\\/nuestro-vino-tinto\\\/\"]}]},{\"@type\":\"ImageObject\",\"inLanguage\":\"es\",\"@id\":\"https:\\\/\\\/labonacarn.com\\\/es\\\/producte\\\/nuestro-vino-tinto\\\/#primaryimage\",\"url\":\"https:\\\/\\\/labonacarn.com\\\/wp-content\\\/uploads\\\/2022\\\/03\\\/vi-negre.jpg\",\"contentUrl\":\"https:\\\/\\\/labonacarn.com\\\/wp-content\\\/uploads\\\/2022\\\/03\\\/vi-negre.jpg\",\"width\":800,\"height\":564},{\"@type\":\"BreadcrumbList\",\"@id\":\"https:\\\/\\\/labonacarn.com\\\/es\\\/producte\\\/nuestro-vino-tinto\\\/#breadcrumb\",\"itemListElement\":[{\"@type\":\"ListItem\",\"position\":1,\"name\":\"Portada\",\"item\":\"https:\\\/\\\/labonacarn.com\\\/es\\\/\"},{\"@type\":\"ListItem\",\"position\":2,\"name\":\"Tienda\",\"item\":\"https:\\\/\\\/labonacarn.com\\\/es\\\/tienda\\\/\"},{\"@type\":\"ListItem\",\"position\":3,\"name\":\"Nuestro vino tinto\"}]},{\"@type\":\"WebSite\",\"@id\":\"https:\\\/\\\/labonacarn.com\\\/es\\\/#website\",\"url\":\"https:\\\/\\\/labonacarn.com\\\/es\\\/\",\"name\":\"labonacarn.com\",\"description\":\"Venem carn de vedella, porc, pollastre, xai, poltre, gall dindi i embotits de primera qualitat i fets per nosaltres.\",\"potentialAction\":[{\"@type\":\"SearchAction\",\"target\":{\"@type\":\"EntryPoint\",\"urlTemplate\":\"https:\\\/\\\/labonacarn.com\\\/es\\\/?s={search_term_string}\"},\"query-input\":{\"@type\":\"PropertyValueSpecification\",\"valueRequired\":true,\"valueName\":\"search_term_string\"}}],\"inLanguage\":\"es\"}]}<\/script>\n<!-- \/ Yoast SEO plugin. -->","yoast_head_json":{"title":"Nuestro vino tinto - labonacarn.com","robots":{"index":"index","follow":"follow","max-snippet":"max-snippet:-1","max-image-preview":"max-image-preview:large","max-video-preview":"max-video-preview:-1"},"canonical":"https:\/\/labonacarn.com\/es\/producte\/nuestro-vino-tinto\/","og_locale":"es_ES","og_type":"article","og_title":"Nuestro vino tinto - labonacarn.com","og_description":"Nuestro vino: estamos de suerte. Vivimos en un pa\u00eds que es un excelente productor de grandes vinos y lo tenemos que aprovechar. Deseamos ofreceros un vino procedente de la comarca de la \"Terra Alta\" con la uva \"ull de llebre\" y con 13\u00ba. Todo esto proviene de una peque\u00f1a poblaci\u00f3n llamada \" Br\u00e0fim\". Un pueblecito de 600 habitantes que nos ofrecen lo mejor de sus tierras. Se trata de un gran vino joven que os puede acompa\u00f1ar en cualquier plato de carne, quesos, guisados, etc, etc. Se sirve en un envase de 4 litros y el precio es de 10\u20ac.","og_url":"https:\/\/labonacarn.com\/es\/producte\/nuestro-vino-tinto\/","og_site_name":"labonacarn.com","article_modified_time":"2022-03-02T18:47:43+00:00","og_image":[{"width":800,"height":564,"url":"https:\/\/labonacarn.com\/wp-content\/uploads\/2022\/03\/vi-negre.jpg","type":"image\/jpeg"}],"twitter_card":"summary_large_image","twitter_misc":{"Tiempo de lectura":"1 minuto"},"schema":{"@context":"https:\/\/schema.org","@graph":[{"@type":"WebPage","@id":"https:\/\/labonacarn.com\/es\/producte\/nuestro-vino-tinto\/","url":"https:\/\/labonacarn.com\/es\/producte\/nuestro-vino-tinto\/","name":"Nuestro vino tinto - labonacarn.com","isPartOf":{"@id":"https:\/\/labonacarn.com\/es\/#website"},"primaryImageOfPage":{"@id":"https:\/\/labonacarn.com\/es\/producte\/nuestro-vino-tinto\/#primaryimage"},"image":{"@id":"https:\/\/labonacarn.com\/es\/producte\/nuestro-vino-tinto\/#primaryimage"},"thumbnailUrl":"https:\/\/labonacarn.com\/wp-content\/uploads\/2022\/03\/vi-negre.jpg","datePublished":"2022-03-02T17:47:43+00:00","dateModified":"2022-03-02T18:47:43+00:00","breadcrumb":{"@id":"https:\/\/labonacarn.com\/es\/producte\/nuestro-vino-tinto\/#breadcrumb"},"inLanguage":"es","potentialAction":[{"@type":"ReadAction","target":["https:\/\/labonacarn.com\/es\/producte\/nuestro-vino-tinto\/"]}]},{"@type":"ImageObject","inLanguage":"es","@id":"https:\/\/labonacarn.com\/es\/producte\/nuestro-vino-tinto\/#primaryimage","url":"https:\/\/labonacarn.com\/wp-content\/uploads\/2022\/03\/vi-negre.jpg","contentUrl":"https:\/\/labonacarn.com\/wp-content\/uploads\/2022\/03\/vi-negre.jpg","width":800,"height":564},{"@type":"BreadcrumbList","@id":"https:\/\/labonacarn.com\/es\/producte\/nuestro-vino-tinto\/#breadcrumb","itemListElement":[{"@type":"ListItem","position":1,"name":"Portada","item":"https:\/\/labonacarn.com\/es\/"},{"@type":"ListItem","position":2,"name":"Tienda","item":"https:\/\/labonacarn.com\/es\/tienda\/"},{"@type":"ListItem","position":3,"name":"Nuestro vino tinto"}]},{"@type":"WebSite","@id":"https:\/\/labonacarn.com\/es\/#website","url":"https:\/\/labonacarn.com\/es\/","name":"labonacarn.com","description":"Venem carn de vedella, porc, pollastre, xai, poltre, gall dindi i embotits de primera qualitat i fets per nosaltres.","potentialAction":[{"@type":"SearchAction","target":{"@type":"EntryPoint","urlTemplate":"https:\/\/labonacarn.com\/es\/?s={search_term_string}"},"query-input":{"@type":"PropertyValueSpecification","valueRequired":true,"valueName":"search_term_string"}}],"inLanguage":"es"}]}},"_links":{"self":[{"href":"https:\/\/labonacarn.com\/es\/wp-json\/wp\/v2\/product\/5008","targetHints":{"allow":["GET"]}}],"collection":[{"href":"https:\/\/labonacarn.com\/es\/wp-json\/wp\/v2\/product"}],"about":[{"href":"https:\/\/labonacarn.com\/es\/wp-json\/wp\/v2\/types\/product"}],"wp:featuredmedia":[{"embeddable":true,"href":"https:\/\/labonacarn.com\/es\/wp-json\/wp\/v2\/media\/4395"}],"wp:attachment":[{"href":"https:\/\/labonacarn.com\/es\/wp-json\/wp\/v2\/media?parent=5008"}],"wp:term":[{"taxonomy":"product_brand","embeddable":true,"href":"https:\/\/labonacarn.com\/es\/wp-json\/wp\/v2\/product_brand?post=5008"},{"taxonomy":"product_cat","embeddable":true,"href":"https:\/\/labonacarn.com\/es\/wp-json\/wp\/v2\/product_cat?post=5008"},{"taxonomy":"product_tag","embeddable":true,"href":"https:\/\/labonacarn.com\/es\/wp-json\/wp\/v2\/product_tag?post=5008"}],"curies":[{"name":"wp","href":"https:\/\/api.w.org\/{rel}","templated":true}]}}