{"id":5002,"date":"2022-03-03T09:48:12","date_gmt":"2022-03-03T08:48:12","guid":{"rendered":"https:\/\/labonacarn.com\/producto\/carne-picada-de-ternera-ecologica-500-grs\/"},"modified":"2025-10-21T19:52:10","modified_gmt":"2025-10-21T17:52:10","slug":"carne-picada-de-ternera-ecologica-500-grs","status":"publish","type":"product","link":"https:\/\/labonacarn.com\/es\/producte\/carne-picada-de-ternera-ecologica-500-grs\/","title":{"rendered":"Carne picada de ternera ecol\u00f3gica ( 500 grs)"},"content":{"rendered":"<h2>Carne picada de ternera ecol\u00f3gica<\/h2>\n<p>Carne picada ecol\u00f2gica, envasada al vac\u00edo, en paquetes de 500 grs. No lleva ning\u00fan otro a\u00f1adido, tan solo sal. La podemos guardar, sin romper el vac\u00edo durante 4 d\u00edas en el frigor\u00edfico. Si no la consumimos, luego, la congelamos. Como siempre, libre de cualquier colorante o conservante, es totalmente natural.<\/p>\n","protected":false},"excerpt":{"rendered":"<p>Carne picada de ternera ecol\u00f3gica !!!<br \/>\nBajo contenido en grasa !!!<\/p>\n","protected":false},"featured_media":8344,"template":"","meta":{"_acf_changed":false,"_joinchat":[]},"product_brand":[],"product_cat":[63,95],"product_tag":[162,191],"class_list":{"0":"post-5002","1":"product","2":"type-product","3":"status-publish","4":"has-post-thumbnail","6":"product_cat-carne","7":"product_cat-carne-ecologica","8":"product_tag-calidad","9":"product_tag-ecologico","11":"first","12":"instock","13":"taxable","14":"shipping-taxable","15":"purchasable","16":"product-type-simple"},"acf":[],"yoast_head":"<!-- This site is optimized with the Yoast SEO plugin v27.4 - https:\/\/yoast.com\/product\/yoast-seo-wordpress\/ -->\n<title>Carne picada de ternera ecol\u00f3gica ( 500 grs) - labonacarn.com<\/title>\n<meta name=\"description\" content=\"Carne picada de ternera ecol\u00f3gica del Pirineo, una sensacional carne para cualquier delicia que desees preparar en tu cocina.\" \/>\n<meta name=\"robots\" content=\"index, follow, max-snippet:-1, max-image-preview:large, max-video-preview:-1\" \/>\n<link rel=\"canonical\" href=\"https:\/\/labonacarn.com\/es\/producte\/carne-picada-de-ternera-ecologica-500-grs\/\" \/>\n<meta property=\"og:locale\" content=\"es_ES\" \/>\n<meta property=\"og:type\" content=\"article\" \/>\n<meta property=\"og:title\" content=\"Carne picada de ternera ecol\u00f3gica ( 500 grs) - labonacarn.com\" \/>\n<meta property=\"og:description\" content=\"Carne picada de ternera ecol\u00f3gica del Pirineo, una sensacional carne para cualquier delicia que desees preparar en tu cocina.\" \/>\n<meta property=\"og:url\" content=\"https:\/\/labonacarn.com\/es\/producte\/carne-picada-de-ternera-ecologica-500-grs\/\" \/>\n<meta property=\"og:site_name\" content=\"labonacarn.com\" \/>\n<meta property=\"article:modified_time\" content=\"2025-10-21T17:52:10+00:00\" \/>\n<meta property=\"og:image\" content=\"https:\/\/labonacarn.com\/wp-content\/uploads\/2022\/03\/carn-picada-black.jpg\" \/>\n\t<meta property=\"og:image:width\" content=\"477\" \/>\n\t<meta property=\"og:image:height\" content=\"356\" \/>\n\t<meta property=\"og:image:type\" content=\"image\/jpeg\" \/>\n<meta name=\"twitter:card\" content=\"summary_large_image\" \/>\n<meta name=\"twitter:label1\" content=\"Tiempo de lectura\" \/>\n\t<meta name=\"twitter:data1\" content=\"1 minuto\" \/>\n<script type=\"application\/ld+json\" class=\"yoast-schema-graph\">{\"@context\":\"https:\\\/\\\/schema.org\",\"@graph\":[{\"@type\":\"WebPage\",\"@id\":\"https:\\\/\\\/labonacarn.com\\\/es\\\/producte\\\/carne-picada-de-ternera-ecologica-500-grs\\\/\",\"url\":\"https:\\\/\\\/labonacarn.com\\\/es\\\/producte\\\/carne-picada-de-ternera-ecologica-500-grs\\\/\",\"name\":\"Carne picada de ternera ecol\u00f3gica ( 500 grs) - labonacarn.com\",\"isPartOf\":{\"@id\":\"https:\\\/\\\/labonacarn.com\\\/es\\\/#website\"},\"primaryImageOfPage\":{\"@id\":\"https:\\\/\\\/labonacarn.com\\\/es\\\/producte\\\/carne-picada-de-ternera-ecologica-500-grs\\\/#primaryimage\"},\"image\":{\"@id\":\"https:\\\/\\\/labonacarn.com\\\/es\\\/producte\\\/carne-picada-de-ternera-ecologica-500-grs\\\/#primaryimage\"},\"thumbnailUrl\":\"https:\\\/\\\/labonacarn.com\\\/wp-content\\\/uploads\\\/2022\\\/03\\\/carn-picada-black.jpg\",\"datePublished\":\"2022-03-03T08:48:12+00:00\",\"dateModified\":\"2025-10-21T17:52:10+00:00\",\"description\":\"Carne picada de ternera ecol\u00f3gica del Pirineo, una sensacional carne para cualquier delicia que desees preparar en tu cocina.\",\"breadcrumb\":{\"@id\":\"https:\\\/\\\/labonacarn.com\\\/es\\\/producte\\\/carne-picada-de-ternera-ecologica-500-grs\\\/#breadcrumb\"},\"inLanguage\":\"es\",\"potentialAction\":[{\"@type\":\"ReadAction\",\"target\":[\"https:\\\/\\\/labonacarn.com\\\/es\\\/producte\\\/carne-picada-de-ternera-ecologica-500-grs\\\/\"]}]},{\"@type\":\"ImageObject\",\"inLanguage\":\"es\",\"@id\":\"https:\\\/\\\/labonacarn.com\\\/es\\\/producte\\\/carne-picada-de-ternera-ecologica-500-grs\\\/#primaryimage\",\"url\":\"https:\\\/\\\/labonacarn.com\\\/wp-content\\\/uploads\\\/2022\\\/03\\\/carn-picada-black.jpg\",\"contentUrl\":\"https:\\\/\\\/labonacarn.com\\\/wp-content\\\/uploads\\\/2022\\\/03\\\/carn-picada-black.jpg\",\"width\":477,\"height\":356,\"caption\":\"Carn picada ecol\u00f2gica black angus\"},{\"@type\":\"BreadcrumbList\",\"@id\":\"https:\\\/\\\/labonacarn.com\\\/es\\\/producte\\\/carne-picada-de-ternera-ecologica-500-grs\\\/#breadcrumb\",\"itemListElement\":[{\"@type\":\"ListItem\",\"position\":1,\"name\":\"Portada\",\"item\":\"https:\\\/\\\/labonacarn.com\\\/es\\\/\"},{\"@type\":\"ListItem\",\"position\":2,\"name\":\"Tienda\",\"item\":\"https:\\\/\\\/labonacarn.com\\\/es\\\/tienda\\\/\"},{\"@type\":\"ListItem\",\"position\":3,\"name\":\"Carne picada de ternera ecol\u00f3gica ( 500 grs)\"}]},{\"@type\":\"WebSite\",\"@id\":\"https:\\\/\\\/labonacarn.com\\\/es\\\/#website\",\"url\":\"https:\\\/\\\/labonacarn.com\\\/es\\\/\",\"name\":\"labonacarn.com\",\"description\":\"Venem carn de vedella, porc, pollastre, xai, poltre, gall dindi i embotits de primera qualitat i fets per nosaltres.\",\"potentialAction\":[{\"@type\":\"SearchAction\",\"target\":{\"@type\":\"EntryPoint\",\"urlTemplate\":\"https:\\\/\\\/labonacarn.com\\\/es\\\/?s={search_term_string}\"},\"query-input\":{\"@type\":\"PropertyValueSpecification\",\"valueRequired\":true,\"valueName\":\"search_term_string\"}}],\"inLanguage\":\"es\"}]}<\/script>\n<!-- \/ Yoast SEO plugin. -->","yoast_head_json":{"title":"Carne picada de ternera ecol\u00f3gica ( 500 grs) - labonacarn.com","description":"Carne picada de ternera ecol\u00f3gica del Pirineo, una sensacional carne para cualquier delicia que desees preparar en tu cocina.","robots":{"index":"index","follow":"follow","max-snippet":"max-snippet:-1","max-image-preview":"max-image-preview:large","max-video-preview":"max-video-preview:-1"},"canonical":"https:\/\/labonacarn.com\/es\/producte\/carne-picada-de-ternera-ecologica-500-grs\/","og_locale":"es_ES","og_type":"article","og_title":"Carne picada de ternera ecol\u00f3gica ( 500 grs) - labonacarn.com","og_description":"Carne picada de ternera ecol\u00f3gica del Pirineo, una sensacional carne para cualquier delicia que desees preparar en tu cocina.","og_url":"https:\/\/labonacarn.com\/es\/producte\/carne-picada-de-ternera-ecologica-500-grs\/","og_site_name":"labonacarn.com","article_modified_time":"2025-10-21T17:52:10+00:00","og_image":[{"width":477,"height":356,"url":"https:\/\/labonacarn.com\/wp-content\/uploads\/2022\/03\/carn-picada-black.jpg","type":"image\/jpeg"}],"twitter_card":"summary_large_image","twitter_misc":{"Tiempo de lectura":"1 minuto"},"schema":{"@context":"https:\/\/schema.org","@graph":[{"@type":"WebPage","@id":"https:\/\/labonacarn.com\/es\/producte\/carne-picada-de-ternera-ecologica-500-grs\/","url":"https:\/\/labonacarn.com\/es\/producte\/carne-picada-de-ternera-ecologica-500-grs\/","name":"Carne picada de ternera ecol\u00f3gica ( 500 grs) - labonacarn.com","isPartOf":{"@id":"https:\/\/labonacarn.com\/es\/#website"},"primaryImageOfPage":{"@id":"https:\/\/labonacarn.com\/es\/producte\/carne-picada-de-ternera-ecologica-500-grs\/#primaryimage"},"image":{"@id":"https:\/\/labonacarn.com\/es\/producte\/carne-picada-de-ternera-ecologica-500-grs\/#primaryimage"},"thumbnailUrl":"https:\/\/labonacarn.com\/wp-content\/uploads\/2022\/03\/carn-picada-black.jpg","datePublished":"2022-03-03T08:48:12+00:00","dateModified":"2025-10-21T17:52:10+00:00","description":"Carne picada de ternera ecol\u00f3gica del Pirineo, una sensacional carne para cualquier delicia que desees preparar en tu cocina.","breadcrumb":{"@id":"https:\/\/labonacarn.com\/es\/producte\/carne-picada-de-ternera-ecologica-500-grs\/#breadcrumb"},"inLanguage":"es","potentialAction":[{"@type":"ReadAction","target":["https:\/\/labonacarn.com\/es\/producte\/carne-picada-de-ternera-ecologica-500-grs\/"]}]},{"@type":"ImageObject","inLanguage":"es","@id":"https:\/\/labonacarn.com\/es\/producte\/carne-picada-de-ternera-ecologica-500-grs\/#primaryimage","url":"https:\/\/labonacarn.com\/wp-content\/uploads\/2022\/03\/carn-picada-black.jpg","contentUrl":"https:\/\/labonacarn.com\/wp-content\/uploads\/2022\/03\/carn-picada-black.jpg","width":477,"height":356,"caption":"Carn picada ecol\u00f2gica black angus"},{"@type":"BreadcrumbList","@id":"https:\/\/labonacarn.com\/es\/producte\/carne-picada-de-ternera-ecologica-500-grs\/#breadcrumb","itemListElement":[{"@type":"ListItem","position":1,"name":"Portada","item":"https:\/\/labonacarn.com\/es\/"},{"@type":"ListItem","position":2,"name":"Tienda","item":"https:\/\/labonacarn.com\/es\/tienda\/"},{"@type":"ListItem","position":3,"name":"Carne picada de ternera ecol\u00f3gica ( 500 grs)"}]},{"@type":"WebSite","@id":"https:\/\/labonacarn.com\/es\/#website","url":"https:\/\/labonacarn.com\/es\/","name":"labonacarn.com","description":"Venem carn de vedella, porc, pollastre, xai, poltre, gall dindi i embotits de primera qualitat i fets per nosaltres.","potentialAction":[{"@type":"SearchAction","target":{"@type":"EntryPoint","urlTemplate":"https:\/\/labonacarn.com\/es\/?s={search_term_string}"},"query-input":{"@type":"PropertyValueSpecification","valueRequired":true,"valueName":"search_term_string"}}],"inLanguage":"es"}]}},"_links":{"self":[{"href":"https:\/\/labonacarn.com\/es\/wp-json\/wp\/v2\/product\/5002","targetHints":{"allow":["GET"]}}],"collection":[{"href":"https:\/\/labonacarn.com\/es\/wp-json\/wp\/v2\/product"}],"about":[{"href":"https:\/\/labonacarn.com\/es\/wp-json\/wp\/v2\/types\/product"}],"wp:featuredmedia":[{"embeddable":true,"href":"https:\/\/labonacarn.com\/es\/wp-json\/wp\/v2\/media\/8344"}],"wp:attachment":[{"href":"https:\/\/labonacarn.com\/es\/wp-json\/wp\/v2\/media?parent=5002"}],"wp:term":[{"taxonomy":"product_brand","embeddable":true,"href":"https:\/\/labonacarn.com\/es\/wp-json\/wp\/v2\/product_brand?post=5002"},{"taxonomy":"product_cat","embeddable":true,"href":"https:\/\/labonacarn.com\/es\/wp-json\/wp\/v2\/product_cat?post=5002"},{"taxonomy":"product_tag","embeddable":true,"href":"https:\/\/labonacarn.com\/es\/wp-json\/wp\/v2\/product_tag?post=5002"}],"curies":[{"name":"wp","href":"https:\/\/api.w.org\/{rel}","templated":true}]}}