{"id":4987,"date":"2022-03-02T18:38:27","date_gmt":"2022-03-02T18:38:27","guid":{"rendered":"https:\/\/labonacarn.com\/producto\/arroz-con-verduras-250-grs\/"},"modified":"2022-03-02T18:38:27","modified_gmt":"2022-03-02T18:38:27","slug":"arroz-con-verduras-250-grs","status":"publish","type":"product","link":"https:\/\/labonacarn.com\/es\/producte\/arroz-con-verduras-250-grs\/","title":{"rendered":"Arroz con verduras !!! (250 grs)"},"content":{"rendered":"<p>Arroz con verduras!!! Un gran arroz, rico en vitaminas, fibra, minerales, prote\u00ednas. Hecho con pimiento verde y rojo, alcachofas, tomate, cebolla, ajo, apio, guisantes, sal y un poco de pimienta y un poco de ajo, caldo de verduras, un poco de vino y aceite. Un excelente plato que nos puede acompa\u00f1ar para ir al trabajo o para hacer una buena comida en casa. Hecho con productos naturales, est\u00e1 libre de conservantes y colorantes. Se sirve en dos modalidades: tama\u00f1o single, de 250 grs, ideal para llevar al trabajo y el tama\u00f1o familiar de 500 grs, pensado para m\u00e1s pandilla. Si no se consume debemos proceder a su congelaci\u00f3n. Precio: 17&#8217;00\u20ac\/kg.<\/p>\n","protected":false},"excerpt":{"rendered":"<p>Arroz con verduras!!<br \/>\nUna gran comida sin tener que cocinar !!!<br \/>\nUn mont\u00f3n de nutrientes, vitaminas, prote\u00ednas, fibra, minerales, en resumen un plato lleno de energ\u00eda !!!. Precio: 17&#8217;00\u20ac\/kg.<\/p>\n","protected":false},"featured_media":4380,"template":"","meta":{"_acf_changed":false,"_joinchat":[]},"product_brand":[],"product_cat":[67,65,106],"product_tag":[],"class_list":{"0":"post-4987","1":"product","2":"type-product","3":"status-publish","4":"has-post-thumbnail","6":"product_cat-estilo-de-vida","7":"product_cat-la-despensa","8":"product_cat-tengo-invitados","10":"first","11":"instock","12":"taxable","13":"shipping-taxable","14":"purchasable","15":"product-type-variable"},"acf":[],"yoast_head":"<!-- This site is optimized with the Yoast SEO plugin v27.4 - https:\/\/yoast.com\/product\/yoast-seo-wordpress\/ -->\n<title>Arroz con verduras !!! (250 grs) - labonacarn.com<\/title>\n<meta name=\"robots\" content=\"index, follow, max-snippet:-1, max-image-preview:large, max-video-preview:-1\" \/>\n<link rel=\"canonical\" href=\"https:\/\/labonacarn.com\/es\/producte\/arroz-con-verduras-250-grs\/\" \/>\n<meta property=\"og:locale\" content=\"es_ES\" \/>\n<meta property=\"og:type\" content=\"article\" \/>\n<meta property=\"og:title\" content=\"Arroz con verduras !!! (250 grs) - labonacarn.com\" \/>\n<meta property=\"og:description\" content=\"Arroz con verduras!! Una gran comida sin tener que cocinar !!! Un mont\u00f3n de nutrientes, vitaminas, prote\u00ednas, fibra, minerales, en resumen un plato lleno de energ\u00eda !!!. Precio: 17&#039;00\u20ac\/kg.\" \/>\n<meta property=\"og:url\" content=\"https:\/\/labonacarn.com\/es\/producte\/arroz-con-verduras-250-grs\/\" \/>\n<meta property=\"og:site_name\" content=\"labonacarn.com\" \/>\n<meta property=\"og:image\" content=\"https:\/\/labonacarn.com\/wp-content\/uploads\/2022\/03\/arros-amb-verdures.jpg\" \/>\n\t<meta property=\"og:image:width\" content=\"520\" \/>\n\t<meta property=\"og:image:height\" content=\"325\" \/>\n\t<meta property=\"og:image:type\" content=\"image\/jpeg\" \/>\n<meta name=\"twitter:card\" content=\"summary_large_image\" \/>\n<meta name=\"twitter:label1\" content=\"Tiempo de lectura\" \/>\n\t<meta name=\"twitter:data1\" content=\"1 minuto\" \/>\n<script type=\"application\/ld+json\" class=\"yoast-schema-graph\">{\"@context\":\"https:\\\/\\\/schema.org\",\"@graph\":[{\"@type\":\"WebPage\",\"@id\":\"https:\\\/\\\/labonacarn.com\\\/es\\\/producte\\\/arroz-con-verduras-250-grs\\\/\",\"url\":\"https:\\\/\\\/labonacarn.com\\\/es\\\/producte\\\/arroz-con-verduras-250-grs\\\/\",\"name\":\"Arroz con verduras !!! (250 grs) - labonacarn.com\",\"isPartOf\":{\"@id\":\"https:\\\/\\\/labonacarn.com\\\/es\\\/#website\"},\"primaryImageOfPage\":{\"@id\":\"https:\\\/\\\/labonacarn.com\\\/es\\\/producte\\\/arroz-con-verduras-250-grs\\\/#primaryimage\"},\"image\":{\"@id\":\"https:\\\/\\\/labonacarn.com\\\/es\\\/producte\\\/arroz-con-verduras-250-grs\\\/#primaryimage\"},\"thumbnailUrl\":\"https:\\\/\\\/labonacarn.com\\\/wp-content\\\/uploads\\\/2022\\\/03\\\/arros-amb-verdures.jpg\",\"datePublished\":\"2022-03-02T18:38:27+00:00\",\"breadcrumb\":{\"@id\":\"https:\\\/\\\/labonacarn.com\\\/es\\\/producte\\\/arroz-con-verduras-250-grs\\\/#breadcrumb\"},\"inLanguage\":\"es\",\"potentialAction\":[{\"@type\":\"ReadAction\",\"target\":[\"https:\\\/\\\/labonacarn.com\\\/es\\\/producte\\\/arroz-con-verduras-250-grs\\\/\"]}]},{\"@type\":\"ImageObject\",\"inLanguage\":\"es\",\"@id\":\"https:\\\/\\\/labonacarn.com\\\/es\\\/producte\\\/arroz-con-verduras-250-grs\\\/#primaryimage\",\"url\":\"https:\\\/\\\/labonacarn.com\\\/wp-content\\\/uploads\\\/2022\\\/03\\\/arros-amb-verdures.jpg\",\"contentUrl\":\"https:\\\/\\\/labonacarn.com\\\/wp-content\\\/uploads\\\/2022\\\/03\\\/arros-amb-verdures.jpg\",\"width\":520,\"height\":325},{\"@type\":\"BreadcrumbList\",\"@id\":\"https:\\\/\\\/labonacarn.com\\\/es\\\/producte\\\/arroz-con-verduras-250-grs\\\/#breadcrumb\",\"itemListElement\":[{\"@type\":\"ListItem\",\"position\":1,\"name\":\"Portada\",\"item\":\"https:\\\/\\\/labonacarn.com\\\/es\\\/\"},{\"@type\":\"ListItem\",\"position\":2,\"name\":\"Tienda\",\"item\":\"https:\\\/\\\/labonacarn.com\\\/es\\\/tienda\\\/\"},{\"@type\":\"ListItem\",\"position\":3,\"name\":\"Arroz con verduras !!! (250 grs)\"}]},{\"@type\":\"WebSite\",\"@id\":\"https:\\\/\\\/labonacarn.com\\\/es\\\/#website\",\"url\":\"https:\\\/\\\/labonacarn.com\\\/es\\\/\",\"name\":\"labonacarn.com\",\"description\":\"Venem carn de vedella, porc, pollastre, xai, poltre, gall dindi i embotits de primera qualitat i fets per nosaltres.\",\"potentialAction\":[{\"@type\":\"SearchAction\",\"target\":{\"@type\":\"EntryPoint\",\"urlTemplate\":\"https:\\\/\\\/labonacarn.com\\\/es\\\/?s={search_term_string}\"},\"query-input\":{\"@type\":\"PropertyValueSpecification\",\"valueRequired\":true,\"valueName\":\"search_term_string\"}}],\"inLanguage\":\"es\"}]}<\/script>\n<!-- \/ Yoast SEO plugin. -->","yoast_head_json":{"title":"Arroz con verduras !!! (250 grs) - labonacarn.com","robots":{"index":"index","follow":"follow","max-snippet":"max-snippet:-1","max-image-preview":"max-image-preview:large","max-video-preview":"max-video-preview:-1"},"canonical":"https:\/\/labonacarn.com\/es\/producte\/arroz-con-verduras-250-grs\/","og_locale":"es_ES","og_type":"article","og_title":"Arroz con verduras !!! (250 grs) - labonacarn.com","og_description":"Arroz con verduras!! Una gran comida sin tener que cocinar !!! Un mont\u00f3n de nutrientes, vitaminas, prote\u00ednas, fibra, minerales, en resumen un plato lleno de energ\u00eda !!!. Precio: 17'00\u20ac\/kg.","og_url":"https:\/\/labonacarn.com\/es\/producte\/arroz-con-verduras-250-grs\/","og_site_name":"labonacarn.com","og_image":[{"width":520,"height":325,"url":"https:\/\/labonacarn.com\/wp-content\/uploads\/2022\/03\/arros-amb-verdures.jpg","type":"image\/jpeg"}],"twitter_card":"summary_large_image","twitter_misc":{"Tiempo de lectura":"1 minuto"},"schema":{"@context":"https:\/\/schema.org","@graph":[{"@type":"WebPage","@id":"https:\/\/labonacarn.com\/es\/producte\/arroz-con-verduras-250-grs\/","url":"https:\/\/labonacarn.com\/es\/producte\/arroz-con-verduras-250-grs\/","name":"Arroz con verduras !!! (250 grs) - labonacarn.com","isPartOf":{"@id":"https:\/\/labonacarn.com\/es\/#website"},"primaryImageOfPage":{"@id":"https:\/\/labonacarn.com\/es\/producte\/arroz-con-verduras-250-grs\/#primaryimage"},"image":{"@id":"https:\/\/labonacarn.com\/es\/producte\/arroz-con-verduras-250-grs\/#primaryimage"},"thumbnailUrl":"https:\/\/labonacarn.com\/wp-content\/uploads\/2022\/03\/arros-amb-verdures.jpg","datePublished":"2022-03-02T18:38:27+00:00","breadcrumb":{"@id":"https:\/\/labonacarn.com\/es\/producte\/arroz-con-verduras-250-grs\/#breadcrumb"},"inLanguage":"es","potentialAction":[{"@type":"ReadAction","target":["https:\/\/labonacarn.com\/es\/producte\/arroz-con-verduras-250-grs\/"]}]},{"@type":"ImageObject","inLanguage":"es","@id":"https:\/\/labonacarn.com\/es\/producte\/arroz-con-verduras-250-grs\/#primaryimage","url":"https:\/\/labonacarn.com\/wp-content\/uploads\/2022\/03\/arros-amb-verdures.jpg","contentUrl":"https:\/\/labonacarn.com\/wp-content\/uploads\/2022\/03\/arros-amb-verdures.jpg","width":520,"height":325},{"@type":"BreadcrumbList","@id":"https:\/\/labonacarn.com\/es\/producte\/arroz-con-verduras-250-grs\/#breadcrumb","itemListElement":[{"@type":"ListItem","position":1,"name":"Portada","item":"https:\/\/labonacarn.com\/es\/"},{"@type":"ListItem","position":2,"name":"Tienda","item":"https:\/\/labonacarn.com\/es\/tienda\/"},{"@type":"ListItem","position":3,"name":"Arroz con verduras !!! (250 grs)"}]},{"@type":"WebSite","@id":"https:\/\/labonacarn.com\/es\/#website","url":"https:\/\/labonacarn.com\/es\/","name":"labonacarn.com","description":"Venem carn de vedella, porc, pollastre, xai, poltre, gall dindi i embotits de primera qualitat i fets per nosaltres.","potentialAction":[{"@type":"SearchAction","target":{"@type":"EntryPoint","urlTemplate":"https:\/\/labonacarn.com\/es\/?s={search_term_string}"},"query-input":{"@type":"PropertyValueSpecification","valueRequired":true,"valueName":"search_term_string"}}],"inLanguage":"es"}]}},"_links":{"self":[{"href":"https:\/\/labonacarn.com\/es\/wp-json\/wp\/v2\/product\/4987","targetHints":{"allow":["GET"]}}],"collection":[{"href":"https:\/\/labonacarn.com\/es\/wp-json\/wp\/v2\/product"}],"about":[{"href":"https:\/\/labonacarn.com\/es\/wp-json\/wp\/v2\/types\/product"}],"wp:featuredmedia":[{"embeddable":true,"href":"https:\/\/labonacarn.com\/es\/wp-json\/wp\/v2\/media\/4380"}],"wp:attachment":[{"href":"https:\/\/labonacarn.com\/es\/wp-json\/wp\/v2\/media?parent=4987"}],"wp:term":[{"taxonomy":"product_brand","embeddable":true,"href":"https:\/\/labonacarn.com\/es\/wp-json\/wp\/v2\/product_brand?post=4987"},{"taxonomy":"product_cat","embeddable":true,"href":"https:\/\/labonacarn.com\/es\/wp-json\/wp\/v2\/product_cat?post=4987"},{"taxonomy":"product_tag","embeddable":true,"href":"https:\/\/labonacarn.com\/es\/wp-json\/wp\/v2\/product_tag?post=4987"}],"curies":[{"name":"wp","href":"https:\/\/api.w.org\/{rel}","templated":true}]}}