{"id":4986,"date":"2022-03-02T18:25:32","date_gmt":"2022-03-02T17:25:32","guid":{"rendered":"https:\/\/labonacarn.com\/producto\/caldo-casero\/"},"modified":"2024-01-10T23:41:41","modified_gmt":"2024-01-10T22:41:41","slug":"caldo-casa","status":"publish","type":"product","link":"https:\/\/labonacarn.com\/es\/producte\/caldo-casa\/","title":{"rendered":"Caldo casero !!!"},"content":{"rendered":"<h2>Caldo casero !!!<\/h2>\n<p>Caldo casero, servido en envases\u00a0 de 1&#8217;2 litros. Se ha cocinado con jam\u00f3n de cerdo, ternera, pollo y con zanahorias, puerros, nabos y chiriv\u00edas. No lleva ning\u00fan condimento m\u00e1s. Tampoco se le ha puesto sal. Un caldo, de sabor suave, totalmente natural. Ahora ya no deberemos sufrir m\u00e1s al hacer caldos en casa. Se acab\u00f3 el dolor de cabeza de mover ollas para conseguir un buen caldo. Un gran caldo, con un solo clic !!! Este producto es apto para cel\u00edacos. Precio: 5\u20ac\/ 1&#8217;20 litros.<\/p>\n","protected":false},"excerpt":{"rendered":"<h2>Caldo casero !!!<\/h2>\n<p>Caldo casero hecho con verduras y carne, totalmente natural y sin sal. Sin conservantes ni colorantes. Lo servimos envasado en envases de 1&#8217;2 litros y tiene un precio de 5\u20ac\/1&#8217;20 litros. Este producto es apto para cel\u00edacos.<\/p>\n","protected":false},"featured_media":4362,"template":"","meta":{"_acf_changed":false,"_joinchat":[]},"product_brand":[],"product_cat":[65],"product_tag":[],"class_list":{"0":"post-4986","1":"product","2":"type-product","3":"status-publish","4":"has-post-thumbnail","6":"product_cat-la-despensa","8":"first","9":"instock","10":"taxable","11":"shipping-taxable","12":"purchasable","13":"product-type-simple"},"acf":[],"yoast_head":"<!-- This site is optimized with the Yoast SEO plugin v27.4 - https:\/\/yoast.com\/product\/yoast-seo-wordpress\/ -->\n<title>Caldo casero !!! - labonacarn.com<\/title>\n<meta name=\"description\" content=\"Caldo casero, hecho con los mejores ingredientes, desde huesos, trozos de carne, gallina, cerdo, mucha gelatina y un sabor aut\u00e9ntico.\" \/>\n<meta name=\"robots\" content=\"index, follow, max-snippet:-1, max-image-preview:large, max-video-preview:-1\" \/>\n<link rel=\"canonical\" href=\"https:\/\/labonacarn.com\/es\/producte\/caldo-casa\/\" \/>\n<meta property=\"og:locale\" content=\"es_ES\" \/>\n<meta property=\"og:type\" content=\"article\" \/>\n<meta property=\"og:title\" content=\"Caldo casero !!! - labonacarn.com\" \/>\n<meta property=\"og:description\" content=\"Caldo casero, hecho con los mejores ingredientes, desde huesos, trozos de carne, gallina, cerdo, mucha gelatina y un sabor aut\u00e9ntico.\" \/>\n<meta property=\"og:url\" content=\"https:\/\/labonacarn.com\/es\/producte\/caldo-casa\/\" \/>\n<meta property=\"og:site_name\" content=\"labonacarn.com\" \/>\n<meta property=\"article:modified_time\" content=\"2024-01-10T22:41:41+00:00\" \/>\n<meta property=\"og:image\" content=\"https:\/\/labonacarn.com\/wp-content\/uploads\/2022\/03\/119g.jpg\" \/>\n\t<meta property=\"og:image:width\" content=\"800\" \/>\n\t<meta property=\"og:image:height\" content=\"533\" \/>\n\t<meta property=\"og:image:type\" content=\"image\/jpeg\" \/>\n<meta name=\"twitter:card\" content=\"summary_large_image\" \/>\n<meta name=\"twitter:label1\" content=\"Tiempo de lectura\" \/>\n\t<meta name=\"twitter:data1\" content=\"1 minuto\" \/>\n<script type=\"application\/ld+json\" class=\"yoast-schema-graph\">{\"@context\":\"https:\\\/\\\/schema.org\",\"@graph\":[{\"@type\":\"WebPage\",\"@id\":\"https:\\\/\\\/labonacarn.com\\\/es\\\/producte\\\/caldo-casa\\\/\",\"url\":\"https:\\\/\\\/labonacarn.com\\\/es\\\/producte\\\/caldo-casa\\\/\",\"name\":\"Caldo casero !!! - labonacarn.com\",\"isPartOf\":{\"@id\":\"https:\\\/\\\/labonacarn.com\\\/es\\\/#website\"},\"primaryImageOfPage\":{\"@id\":\"https:\\\/\\\/labonacarn.com\\\/es\\\/producte\\\/caldo-casa\\\/#primaryimage\"},\"image\":{\"@id\":\"https:\\\/\\\/labonacarn.com\\\/es\\\/producte\\\/caldo-casa\\\/#primaryimage\"},\"thumbnailUrl\":\"https:\\\/\\\/labonacarn.com\\\/wp-content\\\/uploads\\\/2022\\\/03\\\/119g.jpg\",\"datePublished\":\"2022-03-02T17:25:32+00:00\",\"dateModified\":\"2024-01-10T22:41:41+00:00\",\"description\":\"Caldo casero, hecho con los mejores ingredientes, desde huesos, trozos de carne, gallina, cerdo, mucha gelatina y un sabor aut\u00e9ntico.\",\"breadcrumb\":{\"@id\":\"https:\\\/\\\/labonacarn.com\\\/es\\\/producte\\\/caldo-casa\\\/#breadcrumb\"},\"inLanguage\":\"es\",\"potentialAction\":[{\"@type\":\"ReadAction\",\"target\":[\"https:\\\/\\\/labonacarn.com\\\/es\\\/producte\\\/caldo-casa\\\/\"]}]},{\"@type\":\"ImageObject\",\"inLanguage\":\"es\",\"@id\":\"https:\\\/\\\/labonacarn.com\\\/es\\\/producte\\\/caldo-casa\\\/#primaryimage\",\"url\":\"https:\\\/\\\/labonacarn.com\\\/wp-content\\\/uploads\\\/2022\\\/03\\\/119g.jpg\",\"contentUrl\":\"https:\\\/\\\/labonacarn.com\\\/wp-content\\\/uploads\\\/2022\\\/03\\\/119g.jpg\",\"width\":800,\"height\":533},{\"@type\":\"BreadcrumbList\",\"@id\":\"https:\\\/\\\/labonacarn.com\\\/es\\\/producte\\\/caldo-casa\\\/#breadcrumb\",\"itemListElement\":[{\"@type\":\"ListItem\",\"position\":1,\"name\":\"Portada\",\"item\":\"https:\\\/\\\/labonacarn.com\\\/es\\\/\"},{\"@type\":\"ListItem\",\"position\":2,\"name\":\"Tienda\",\"item\":\"https:\\\/\\\/labonacarn.com\\\/es\\\/tienda\\\/\"},{\"@type\":\"ListItem\",\"position\":3,\"name\":\"Caldo casero !!!\"}]},{\"@type\":\"WebSite\",\"@id\":\"https:\\\/\\\/labonacarn.com\\\/es\\\/#website\",\"url\":\"https:\\\/\\\/labonacarn.com\\\/es\\\/\",\"name\":\"labonacarn.com\",\"description\":\"Venem carn de vedella, porc, pollastre, xai, poltre, gall dindi i embotits de primera qualitat i fets per nosaltres.\",\"potentialAction\":[{\"@type\":\"SearchAction\",\"target\":{\"@type\":\"EntryPoint\",\"urlTemplate\":\"https:\\\/\\\/labonacarn.com\\\/es\\\/?s={search_term_string}\"},\"query-input\":{\"@type\":\"PropertyValueSpecification\",\"valueRequired\":true,\"valueName\":\"search_term_string\"}}],\"inLanguage\":\"es\"}]}<\/script>\n<!-- \/ Yoast SEO plugin. -->","yoast_head_json":{"title":"Caldo casero !!! - labonacarn.com","description":"Caldo casero, hecho con los mejores ingredientes, desde huesos, trozos de carne, gallina, cerdo, mucha gelatina y un sabor aut\u00e9ntico.","robots":{"index":"index","follow":"follow","max-snippet":"max-snippet:-1","max-image-preview":"max-image-preview:large","max-video-preview":"max-video-preview:-1"},"canonical":"https:\/\/labonacarn.com\/es\/producte\/caldo-casa\/","og_locale":"es_ES","og_type":"article","og_title":"Caldo casero !!! - labonacarn.com","og_description":"Caldo casero, hecho con los mejores ingredientes, desde huesos, trozos de carne, gallina, cerdo, mucha gelatina y un sabor aut\u00e9ntico.","og_url":"https:\/\/labonacarn.com\/es\/producte\/caldo-casa\/","og_site_name":"labonacarn.com","article_modified_time":"2024-01-10T22:41:41+00:00","og_image":[{"width":800,"height":533,"url":"https:\/\/labonacarn.com\/wp-content\/uploads\/2022\/03\/119g.jpg","type":"image\/jpeg"}],"twitter_card":"summary_large_image","twitter_misc":{"Tiempo de lectura":"1 minuto"},"schema":{"@context":"https:\/\/schema.org","@graph":[{"@type":"WebPage","@id":"https:\/\/labonacarn.com\/es\/producte\/caldo-casa\/","url":"https:\/\/labonacarn.com\/es\/producte\/caldo-casa\/","name":"Caldo casero !!! - labonacarn.com","isPartOf":{"@id":"https:\/\/labonacarn.com\/es\/#website"},"primaryImageOfPage":{"@id":"https:\/\/labonacarn.com\/es\/producte\/caldo-casa\/#primaryimage"},"image":{"@id":"https:\/\/labonacarn.com\/es\/producte\/caldo-casa\/#primaryimage"},"thumbnailUrl":"https:\/\/labonacarn.com\/wp-content\/uploads\/2022\/03\/119g.jpg","datePublished":"2022-03-02T17:25:32+00:00","dateModified":"2024-01-10T22:41:41+00:00","description":"Caldo casero, hecho con los mejores ingredientes, desde huesos, trozos de carne, gallina, cerdo, mucha gelatina y un sabor aut\u00e9ntico.","breadcrumb":{"@id":"https:\/\/labonacarn.com\/es\/producte\/caldo-casa\/#breadcrumb"},"inLanguage":"es","potentialAction":[{"@type":"ReadAction","target":["https:\/\/labonacarn.com\/es\/producte\/caldo-casa\/"]}]},{"@type":"ImageObject","inLanguage":"es","@id":"https:\/\/labonacarn.com\/es\/producte\/caldo-casa\/#primaryimage","url":"https:\/\/labonacarn.com\/wp-content\/uploads\/2022\/03\/119g.jpg","contentUrl":"https:\/\/labonacarn.com\/wp-content\/uploads\/2022\/03\/119g.jpg","width":800,"height":533},{"@type":"BreadcrumbList","@id":"https:\/\/labonacarn.com\/es\/producte\/caldo-casa\/#breadcrumb","itemListElement":[{"@type":"ListItem","position":1,"name":"Portada","item":"https:\/\/labonacarn.com\/es\/"},{"@type":"ListItem","position":2,"name":"Tienda","item":"https:\/\/labonacarn.com\/es\/tienda\/"},{"@type":"ListItem","position":3,"name":"Caldo casero !!!"}]},{"@type":"WebSite","@id":"https:\/\/labonacarn.com\/es\/#website","url":"https:\/\/labonacarn.com\/es\/","name":"labonacarn.com","description":"Venem carn de vedella, porc, pollastre, xai, poltre, gall dindi i embotits de primera qualitat i fets per nosaltres.","potentialAction":[{"@type":"SearchAction","target":{"@type":"EntryPoint","urlTemplate":"https:\/\/labonacarn.com\/es\/?s={search_term_string}"},"query-input":{"@type":"PropertyValueSpecification","valueRequired":true,"valueName":"search_term_string"}}],"inLanguage":"es"}]}},"_links":{"self":[{"href":"https:\/\/labonacarn.com\/es\/wp-json\/wp\/v2\/product\/4986","targetHints":{"allow":["GET"]}}],"collection":[{"href":"https:\/\/labonacarn.com\/es\/wp-json\/wp\/v2\/product"}],"about":[{"href":"https:\/\/labonacarn.com\/es\/wp-json\/wp\/v2\/types\/product"}],"wp:featuredmedia":[{"embeddable":true,"href":"https:\/\/labonacarn.com\/es\/wp-json\/wp\/v2\/media\/4362"}],"wp:attachment":[{"href":"https:\/\/labonacarn.com\/es\/wp-json\/wp\/v2\/media?parent=4986"}],"wp:term":[{"taxonomy":"product_brand","embeddable":true,"href":"https:\/\/labonacarn.com\/es\/wp-json\/wp\/v2\/product_brand?post=4986"},{"taxonomy":"product_cat","embeddable":true,"href":"https:\/\/labonacarn.com\/es\/wp-json\/wp\/v2\/product_cat?post=4986"},{"taxonomy":"product_tag","embeddable":true,"href":"https:\/\/labonacarn.com\/es\/wp-json\/wp\/v2\/product_tag?post=4986"}],"curies":[{"name":"wp","href":"https:\/\/api.w.org\/{rel}","templated":true}]}}