{"id":4985,"date":"2022-03-02T18:19:21","date_gmt":"2022-03-02T17:19:21","guid":{"rendered":"https:\/\/labonacarn.com\/producto\/queso-de-cabra-200-grs\/"},"modified":"2024-01-02T19:20:32","modified_gmt":"2024-01-02T18:20:32","slug":"queso-de-cabra-200-grs","status":"publish","type":"product","link":"https:\/\/labonacarn.com\/es\/producte\/queso-de-cabra-200-grs\/","title":{"rendered":"Queso de cabra (200 grs)"},"content":{"rendered":"<h2>Queso de cabra<\/h2>\n<p>Rollo de queso de cabra, servido con un peso aproximado de 200 grs, lo presentamos envasado al vac\u00edo. El rollo de queso de cabra se est\u00e1 convirtiendo en un alimento cada vez m\u00e1s popular gracias a su buen gusto ya su gran aporte nutricional.<br \/>\nPuede comerlo tal y como lo servimos, o bien utilizarlo para cocinar, con una cocci\u00f3n r\u00e1pida y la plancha bien caliente. Debe hacerse con muy poco tiempo.<\/p>\n<p>Este modo el exterior queda sellado y en el interior el queso sigue conservando toda su cremosidad.<\/p>\n<p>Para dar a\u00fan m\u00e1s sabor a la receta de queso de cabra a la plancha, al emplatar se puede espolvorear sobre el mismo un poco or\u00e9gano u otra hierba arom\u00e1tica y una cucharada de miel. Precio: 22\u20ac\/kgr.<\/p>\n<p>Valores nutricionales por 100 grs.<\/p>\n<p>Valor energ\u00e9tico: 291 kcal.<\/p>\n<p>Grasas: 23g de las que grasas saturadas 16&#8217;1grs<\/p>\n<p>Carbohidratos: 1g<\/p>\n<p>Prote\u00ednas: 20 grs.<\/p>\n<p>Sal: 1&#8217;5 grs.<\/p>\n","protected":false},"excerpt":{"rendered":"<p>Queso de cabra (200 grs)<\/p>\n<p>Ingredientes: leche pasteurizada de cabra, sal, fermentos l\u00e1cticos y fungicos y coagulante.<\/p>\n<p>45% de materia grasa.<\/p>\n","protected":false},"featured_media":4343,"template":"","meta":{"_acf_changed":false,"_joinchat":[]},"product_brand":[],"product_cat":[69],"product_tag":[],"class_list":{"0":"post-4985","1":"product","2":"type-product","3":"status-publish","4":"has-post-thumbnail","6":"product_cat-quesos-yogures","8":"first","9":"outofstock","10":"taxable","11":"shipping-taxable","12":"purchasable","13":"product-type-simple"},"acf":[],"yoast_head":"<!-- This site is optimized with the Yoast SEO plugin v27.4 - https:\/\/yoast.com\/product\/yoast-seo-wordpress\/ -->\n<title>Queso de cabra (200 grs) - labonacarn.com<\/title>\n<meta name=\"description\" content=\"Queso de cabra servido con un corte de 200 grs y envasado al vac\u00edo. Te acompa\u00f1ar\u00e1 en cualquier ensalada o como acompa\u00f1ante de cualquier carne.\" \/>\n<meta name=\"robots\" content=\"index, follow, max-snippet:-1, max-image-preview:large, max-video-preview:-1\" \/>\n<link rel=\"canonical\" href=\"https:\/\/labonacarn.com\/es\/producte\/queso-de-cabra-200-grs\/\" \/>\n<meta property=\"og:locale\" content=\"es_ES\" \/>\n<meta property=\"og:type\" content=\"article\" \/>\n<meta property=\"og:title\" content=\"Queso de cabra (200 grs) - labonacarn.com\" \/>\n<meta property=\"og:description\" content=\"Queso de cabra servido con un corte de 200 grs y envasado al vac\u00edo. Te acompa\u00f1ar\u00e1 en cualquier ensalada o como acompa\u00f1ante de cualquier carne.\" \/>\n<meta property=\"og:url\" content=\"https:\/\/labonacarn.com\/es\/producte\/queso-de-cabra-200-grs\/\" \/>\n<meta property=\"og:site_name\" content=\"labonacarn.com\" \/>\n<meta property=\"article:modified_time\" content=\"2024-01-02T18:20:32+00:00\" \/>\n<meta property=\"og:image\" content=\"https:\/\/labonacarn.com\/wp-content\/uploads\/2022\/03\/124g.jpg\" \/>\n\t<meta property=\"og:image:width\" content=\"800\" \/>\n\t<meta property=\"og:image:height\" content=\"533\" \/>\n\t<meta property=\"og:image:type\" content=\"image\/jpeg\" \/>\n<meta name=\"twitter:card\" content=\"summary_large_image\" \/>\n<meta name=\"twitter:label1\" content=\"Tiempo de lectura\" \/>\n\t<meta name=\"twitter:data1\" content=\"2 minutos\" \/>\n<script type=\"application\/ld+json\" class=\"yoast-schema-graph\">{\"@context\":\"https:\\\/\\\/schema.org\",\"@graph\":[{\"@type\":\"WebPage\",\"@id\":\"https:\\\/\\\/labonacarn.com\\\/es\\\/producte\\\/queso-de-cabra-200-grs\\\/\",\"url\":\"https:\\\/\\\/labonacarn.com\\\/es\\\/producte\\\/queso-de-cabra-200-grs\\\/\",\"name\":\"Queso de cabra (200 grs) - labonacarn.com\",\"isPartOf\":{\"@id\":\"https:\\\/\\\/labonacarn.com\\\/es\\\/#website\"},\"primaryImageOfPage\":{\"@id\":\"https:\\\/\\\/labonacarn.com\\\/es\\\/producte\\\/queso-de-cabra-200-grs\\\/#primaryimage\"},\"image\":{\"@id\":\"https:\\\/\\\/labonacarn.com\\\/es\\\/producte\\\/queso-de-cabra-200-grs\\\/#primaryimage\"},\"thumbnailUrl\":\"https:\\\/\\\/labonacarn.com\\\/wp-content\\\/uploads\\\/2022\\\/03\\\/124g.jpg\",\"datePublished\":\"2022-03-02T17:19:21+00:00\",\"dateModified\":\"2024-01-02T18:20:32+00:00\",\"description\":\"Queso de cabra servido con un corte de 200 grs y envasado al vac\u00edo. Te acompa\u00f1ar\u00e1 en cualquier ensalada o como acompa\u00f1ante de cualquier carne.\",\"breadcrumb\":{\"@id\":\"https:\\\/\\\/labonacarn.com\\\/es\\\/producte\\\/queso-de-cabra-200-grs\\\/#breadcrumb\"},\"inLanguage\":\"es\",\"potentialAction\":[{\"@type\":\"ReadAction\",\"target\":[\"https:\\\/\\\/labonacarn.com\\\/es\\\/producte\\\/queso-de-cabra-200-grs\\\/\"]}]},{\"@type\":\"ImageObject\",\"inLanguage\":\"es\",\"@id\":\"https:\\\/\\\/labonacarn.com\\\/es\\\/producte\\\/queso-de-cabra-200-grs\\\/#primaryimage\",\"url\":\"https:\\\/\\\/labonacarn.com\\\/wp-content\\\/uploads\\\/2022\\\/03\\\/124g.jpg\",\"contentUrl\":\"https:\\\/\\\/labonacarn.com\\\/wp-content\\\/uploads\\\/2022\\\/03\\\/124g.jpg\",\"width\":800,\"height\":533},{\"@type\":\"BreadcrumbList\",\"@id\":\"https:\\\/\\\/labonacarn.com\\\/es\\\/producte\\\/queso-de-cabra-200-grs\\\/#breadcrumb\",\"itemListElement\":[{\"@type\":\"ListItem\",\"position\":1,\"name\":\"Portada\",\"item\":\"https:\\\/\\\/labonacarn.com\\\/es\\\/\"},{\"@type\":\"ListItem\",\"position\":2,\"name\":\"Tienda\",\"item\":\"https:\\\/\\\/labonacarn.com\\\/es\\\/tienda\\\/\"},{\"@type\":\"ListItem\",\"position\":3,\"name\":\"Queso de cabra (200 grs)\"}]},{\"@type\":\"WebSite\",\"@id\":\"https:\\\/\\\/labonacarn.com\\\/es\\\/#website\",\"url\":\"https:\\\/\\\/labonacarn.com\\\/es\\\/\",\"name\":\"labonacarn.com\",\"description\":\"Venem carn de vedella, porc, pollastre, xai, poltre, gall dindi i embotits de primera qualitat i fets per nosaltres.\",\"potentialAction\":[{\"@type\":\"SearchAction\",\"target\":{\"@type\":\"EntryPoint\",\"urlTemplate\":\"https:\\\/\\\/labonacarn.com\\\/es\\\/?s={search_term_string}\"},\"query-input\":{\"@type\":\"PropertyValueSpecification\",\"valueRequired\":true,\"valueName\":\"search_term_string\"}}],\"inLanguage\":\"es\"}]}<\/script>\n<!-- \/ Yoast SEO plugin. -->","yoast_head_json":{"title":"Queso de cabra (200 grs) - labonacarn.com","description":"Queso de cabra servido con un corte de 200 grs y envasado al vac\u00edo. Te acompa\u00f1ar\u00e1 en cualquier ensalada o como acompa\u00f1ante de cualquier carne.","robots":{"index":"index","follow":"follow","max-snippet":"max-snippet:-1","max-image-preview":"max-image-preview:large","max-video-preview":"max-video-preview:-1"},"canonical":"https:\/\/labonacarn.com\/es\/producte\/queso-de-cabra-200-grs\/","og_locale":"es_ES","og_type":"article","og_title":"Queso de cabra (200 grs) - labonacarn.com","og_description":"Queso de cabra servido con un corte de 200 grs y envasado al vac\u00edo. Te acompa\u00f1ar\u00e1 en cualquier ensalada o como acompa\u00f1ante de cualquier carne.","og_url":"https:\/\/labonacarn.com\/es\/producte\/queso-de-cabra-200-grs\/","og_site_name":"labonacarn.com","article_modified_time":"2024-01-02T18:20:32+00:00","og_image":[{"width":800,"height":533,"url":"https:\/\/labonacarn.com\/wp-content\/uploads\/2022\/03\/124g.jpg","type":"image\/jpeg"}],"twitter_card":"summary_large_image","twitter_misc":{"Tiempo de lectura":"2 minutos"},"schema":{"@context":"https:\/\/schema.org","@graph":[{"@type":"WebPage","@id":"https:\/\/labonacarn.com\/es\/producte\/queso-de-cabra-200-grs\/","url":"https:\/\/labonacarn.com\/es\/producte\/queso-de-cabra-200-grs\/","name":"Queso de cabra (200 grs) - labonacarn.com","isPartOf":{"@id":"https:\/\/labonacarn.com\/es\/#website"},"primaryImageOfPage":{"@id":"https:\/\/labonacarn.com\/es\/producte\/queso-de-cabra-200-grs\/#primaryimage"},"image":{"@id":"https:\/\/labonacarn.com\/es\/producte\/queso-de-cabra-200-grs\/#primaryimage"},"thumbnailUrl":"https:\/\/labonacarn.com\/wp-content\/uploads\/2022\/03\/124g.jpg","datePublished":"2022-03-02T17:19:21+00:00","dateModified":"2024-01-02T18:20:32+00:00","description":"Queso de cabra servido con un corte de 200 grs y envasado al vac\u00edo. Te acompa\u00f1ar\u00e1 en cualquier ensalada o como acompa\u00f1ante de cualquier carne.","breadcrumb":{"@id":"https:\/\/labonacarn.com\/es\/producte\/queso-de-cabra-200-grs\/#breadcrumb"},"inLanguage":"es","potentialAction":[{"@type":"ReadAction","target":["https:\/\/labonacarn.com\/es\/producte\/queso-de-cabra-200-grs\/"]}]},{"@type":"ImageObject","inLanguage":"es","@id":"https:\/\/labonacarn.com\/es\/producte\/queso-de-cabra-200-grs\/#primaryimage","url":"https:\/\/labonacarn.com\/wp-content\/uploads\/2022\/03\/124g.jpg","contentUrl":"https:\/\/labonacarn.com\/wp-content\/uploads\/2022\/03\/124g.jpg","width":800,"height":533},{"@type":"BreadcrumbList","@id":"https:\/\/labonacarn.com\/es\/producte\/queso-de-cabra-200-grs\/#breadcrumb","itemListElement":[{"@type":"ListItem","position":1,"name":"Portada","item":"https:\/\/labonacarn.com\/es\/"},{"@type":"ListItem","position":2,"name":"Tienda","item":"https:\/\/labonacarn.com\/es\/tienda\/"},{"@type":"ListItem","position":3,"name":"Queso de cabra (200 grs)"}]},{"@type":"WebSite","@id":"https:\/\/labonacarn.com\/es\/#website","url":"https:\/\/labonacarn.com\/es\/","name":"labonacarn.com","description":"Venem carn de vedella, porc, pollastre, xai, poltre, gall dindi i embotits de primera qualitat i fets per nosaltres.","potentialAction":[{"@type":"SearchAction","target":{"@type":"EntryPoint","urlTemplate":"https:\/\/labonacarn.com\/es\/?s={search_term_string}"},"query-input":{"@type":"PropertyValueSpecification","valueRequired":true,"valueName":"search_term_string"}}],"inLanguage":"es"}]}},"_links":{"self":[{"href":"https:\/\/labonacarn.com\/es\/wp-json\/wp\/v2\/product\/4985","targetHints":{"allow":["GET"]}}],"collection":[{"href":"https:\/\/labonacarn.com\/es\/wp-json\/wp\/v2\/product"}],"about":[{"href":"https:\/\/labonacarn.com\/es\/wp-json\/wp\/v2\/types\/product"}],"wp:featuredmedia":[{"embeddable":true,"href":"https:\/\/labonacarn.com\/es\/wp-json\/wp\/v2\/media\/4343"}],"wp:attachment":[{"href":"https:\/\/labonacarn.com\/es\/wp-json\/wp\/v2\/media?parent=4985"}],"wp:term":[{"taxonomy":"product_brand","embeddable":true,"href":"https:\/\/labonacarn.com\/es\/wp-json\/wp\/v2\/product_brand?post=4985"},{"taxonomy":"product_cat","embeddable":true,"href":"https:\/\/labonacarn.com\/es\/wp-json\/wp\/v2\/product_cat?post=4985"},{"taxonomy":"product_tag","embeddable":true,"href":"https:\/\/labonacarn.com\/es\/wp-json\/wp\/v2\/product_tag?post=4985"}],"curies":[{"name":"wp","href":"https:\/\/api.w.org\/{rel}","templated":true}]}}