{"id":4982,"date":"2022-03-02T18:24:41","date_gmt":"2022-03-02T18:24:41","guid":{"rendered":"https:\/\/labonacarn.com\/producto\/leche-pura-de-vaca-pasteurizada\/"},"modified":"2022-03-02T18:24:41","modified_gmt":"2022-03-02T18:24:41","slug":"leche-pura-de-vaca-pasteurizada","status":"publish","type":"product","link":"https:\/\/labonacarn.com\/es\/producte\/leche-pura-de-vaca-pasteurizada\/","title":{"rendered":"Leche pura de vaca pasteurizada!!!!"},"content":{"rendered":"<p>Leche pura de vaca del Montseny!!!, envasada en botellas de un litro. Es la leche que diariamente se hace en la granja de Can Corral\u00e9, al pie del Montseny y que se la llevamos a su casa. Una vez reciba la leche se puede consumir directamente y caduca a los nueve d\u00edas. La encontrar\u00e1 fuerte a gusto. Si desea la puede congelar y entonces se puede consumir a m\u00e1s tardar al cabo de dos meses. Siempre debe estar guardada en fr\u00edo (&lt;5\u00ba grados)(nevera, etc, etc). Se trata de pura leche de vaca, totalmente natural, sin m\u00e1s. El an\u00e1lisis qu\u00edmico de esta leche nos da una calidad higi\u00e9nica de 9 sobre 10, siendo 10 el nivel m\u00e1ximo de calidad y, en segundo lugar, est\u00e1 libre de sustancias antimicrobianas. Encontrar\u00e1 m\u00e1s informaci\u00f3n anal\u00edtica en nuestro blog.<\/p>\n","protected":false},"excerpt":{"rendered":"<p>Leche pura de vaca, totalmente natural, sin tratamiento alguno, como antes. Precio 1&#8217;65\u20ac botella de 1 litro.<\/p>\n","protected":false},"featured_media":4359,"template":"","meta":{"_acf_changed":false,"_joinchat":[]},"product_brand":[],"product_cat":[65],"product_tag":[],"class_list":{"0":"post-4982","1":"product","2":"type-product","3":"status-publish","4":"has-post-thumbnail","6":"product_cat-la-despensa","8":"first","9":"instock","10":"taxable","11":"shipping-taxable","12":"purchasable","13":"product-type-simple"},"acf":[],"yoast_head":"<!-- This site is optimized with the Yoast SEO plugin v27.4 - https:\/\/yoast.com\/product\/yoast-seo-wordpress\/ -->\n<title>Leche pura de vaca pasteurizada!!!! - labonacarn.com<\/title>\n<meta name=\"robots\" content=\"index, follow, max-snippet:-1, max-image-preview:large, max-video-preview:-1\" \/>\n<link rel=\"canonical\" href=\"https:\/\/labonacarn.com\/es\/producte\/leche-pura-de-vaca-pasteurizada\/\" \/>\n<meta property=\"og:locale\" content=\"es_ES\" \/>\n<meta property=\"og:type\" content=\"article\" \/>\n<meta property=\"og:title\" content=\"Leche pura de vaca pasteurizada!!!! - labonacarn.com\" \/>\n<meta property=\"og:description\" content=\"Leche pura de vaca, totalmente natural, sin tratamiento alguno, como antes. Precio 1&#039;65\u20ac botella de 1 litro.\" \/>\n<meta property=\"og:url\" content=\"https:\/\/labonacarn.com\/es\/producte\/leche-pura-de-vaca-pasteurizada\/\" \/>\n<meta property=\"og:site_name\" content=\"labonacarn.com\" \/>\n<meta property=\"og:image\" content=\"https:\/\/labonacarn.com\/wp-content\/uploads\/2022\/03\/120g.jpg\" \/>\n\t<meta property=\"og:image:width\" content=\"800\" \/>\n\t<meta property=\"og:image:height\" content=\"533\" \/>\n\t<meta property=\"og:image:type\" content=\"image\/jpeg\" \/>\n<meta name=\"twitter:card\" content=\"summary_large_image\" \/>\n<meta name=\"twitter:label1\" content=\"Tiempo de lectura\" \/>\n\t<meta name=\"twitter:data1\" content=\"1 minuto\" \/>\n<script type=\"application\/ld+json\" class=\"yoast-schema-graph\">{\"@context\":\"https:\\\/\\\/schema.org\",\"@graph\":[{\"@type\":\"WebPage\",\"@id\":\"https:\\\/\\\/labonacarn.com\\\/es\\\/producte\\\/leche-pura-de-vaca-pasteurizada\\\/\",\"url\":\"https:\\\/\\\/labonacarn.com\\\/es\\\/producte\\\/leche-pura-de-vaca-pasteurizada\\\/\",\"name\":\"Leche pura de vaca pasteurizada!!!! - labonacarn.com\",\"isPartOf\":{\"@id\":\"https:\\\/\\\/labonacarn.com\\\/es\\\/#website\"},\"primaryImageOfPage\":{\"@id\":\"https:\\\/\\\/labonacarn.com\\\/es\\\/producte\\\/leche-pura-de-vaca-pasteurizada\\\/#primaryimage\"},\"image\":{\"@id\":\"https:\\\/\\\/labonacarn.com\\\/es\\\/producte\\\/leche-pura-de-vaca-pasteurizada\\\/#primaryimage\"},\"thumbnailUrl\":\"https:\\\/\\\/labonacarn.com\\\/wp-content\\\/uploads\\\/2022\\\/03\\\/120g.jpg\",\"datePublished\":\"2022-03-02T18:24:41+00:00\",\"breadcrumb\":{\"@id\":\"https:\\\/\\\/labonacarn.com\\\/es\\\/producte\\\/leche-pura-de-vaca-pasteurizada\\\/#breadcrumb\"},\"inLanguage\":\"es\",\"potentialAction\":[{\"@type\":\"ReadAction\",\"target\":[\"https:\\\/\\\/labonacarn.com\\\/es\\\/producte\\\/leche-pura-de-vaca-pasteurizada\\\/\"]}]},{\"@type\":\"ImageObject\",\"inLanguage\":\"es\",\"@id\":\"https:\\\/\\\/labonacarn.com\\\/es\\\/producte\\\/leche-pura-de-vaca-pasteurizada\\\/#primaryimage\",\"url\":\"https:\\\/\\\/labonacarn.com\\\/wp-content\\\/uploads\\\/2022\\\/03\\\/120g.jpg\",\"contentUrl\":\"https:\\\/\\\/labonacarn.com\\\/wp-content\\\/uploads\\\/2022\\\/03\\\/120g.jpg\",\"width\":800,\"height\":533},{\"@type\":\"BreadcrumbList\",\"@id\":\"https:\\\/\\\/labonacarn.com\\\/es\\\/producte\\\/leche-pura-de-vaca-pasteurizada\\\/#breadcrumb\",\"itemListElement\":[{\"@type\":\"ListItem\",\"position\":1,\"name\":\"Portada\",\"item\":\"https:\\\/\\\/labonacarn.com\\\/es\\\/\"},{\"@type\":\"ListItem\",\"position\":2,\"name\":\"Tienda\",\"item\":\"https:\\\/\\\/labonacarn.com\\\/es\\\/tienda\\\/\"},{\"@type\":\"ListItem\",\"position\":3,\"name\":\"Leche pura de vaca pasteurizada!!!!\"}]},{\"@type\":\"WebSite\",\"@id\":\"https:\\\/\\\/labonacarn.com\\\/es\\\/#website\",\"url\":\"https:\\\/\\\/labonacarn.com\\\/es\\\/\",\"name\":\"labonacarn.com\",\"description\":\"Venem carn de vedella, porc, pollastre, xai, poltre, gall dindi i embotits de primera qualitat i fets per nosaltres.\",\"potentialAction\":[{\"@type\":\"SearchAction\",\"target\":{\"@type\":\"EntryPoint\",\"urlTemplate\":\"https:\\\/\\\/labonacarn.com\\\/es\\\/?s={search_term_string}\"},\"query-input\":{\"@type\":\"PropertyValueSpecification\",\"valueRequired\":true,\"valueName\":\"search_term_string\"}}],\"inLanguage\":\"es\"}]}<\/script>\n<!-- \/ Yoast SEO plugin. -->","yoast_head_json":{"title":"Leche pura de vaca pasteurizada!!!! - labonacarn.com","robots":{"index":"index","follow":"follow","max-snippet":"max-snippet:-1","max-image-preview":"max-image-preview:large","max-video-preview":"max-video-preview:-1"},"canonical":"https:\/\/labonacarn.com\/es\/producte\/leche-pura-de-vaca-pasteurizada\/","og_locale":"es_ES","og_type":"article","og_title":"Leche pura de vaca pasteurizada!!!! - labonacarn.com","og_description":"Leche pura de vaca, totalmente natural, sin tratamiento alguno, como antes. Precio 1'65\u20ac botella de 1 litro.","og_url":"https:\/\/labonacarn.com\/es\/producte\/leche-pura-de-vaca-pasteurizada\/","og_site_name":"labonacarn.com","og_image":[{"width":800,"height":533,"url":"https:\/\/labonacarn.com\/wp-content\/uploads\/2022\/03\/120g.jpg","type":"image\/jpeg"}],"twitter_card":"summary_large_image","twitter_misc":{"Tiempo de lectura":"1 minuto"},"schema":{"@context":"https:\/\/schema.org","@graph":[{"@type":"WebPage","@id":"https:\/\/labonacarn.com\/es\/producte\/leche-pura-de-vaca-pasteurizada\/","url":"https:\/\/labonacarn.com\/es\/producte\/leche-pura-de-vaca-pasteurizada\/","name":"Leche pura de vaca pasteurizada!!!! - labonacarn.com","isPartOf":{"@id":"https:\/\/labonacarn.com\/es\/#website"},"primaryImageOfPage":{"@id":"https:\/\/labonacarn.com\/es\/producte\/leche-pura-de-vaca-pasteurizada\/#primaryimage"},"image":{"@id":"https:\/\/labonacarn.com\/es\/producte\/leche-pura-de-vaca-pasteurizada\/#primaryimage"},"thumbnailUrl":"https:\/\/labonacarn.com\/wp-content\/uploads\/2022\/03\/120g.jpg","datePublished":"2022-03-02T18:24:41+00:00","breadcrumb":{"@id":"https:\/\/labonacarn.com\/es\/producte\/leche-pura-de-vaca-pasteurizada\/#breadcrumb"},"inLanguage":"es","potentialAction":[{"@type":"ReadAction","target":["https:\/\/labonacarn.com\/es\/producte\/leche-pura-de-vaca-pasteurizada\/"]}]},{"@type":"ImageObject","inLanguage":"es","@id":"https:\/\/labonacarn.com\/es\/producte\/leche-pura-de-vaca-pasteurizada\/#primaryimage","url":"https:\/\/labonacarn.com\/wp-content\/uploads\/2022\/03\/120g.jpg","contentUrl":"https:\/\/labonacarn.com\/wp-content\/uploads\/2022\/03\/120g.jpg","width":800,"height":533},{"@type":"BreadcrumbList","@id":"https:\/\/labonacarn.com\/es\/producte\/leche-pura-de-vaca-pasteurizada\/#breadcrumb","itemListElement":[{"@type":"ListItem","position":1,"name":"Portada","item":"https:\/\/labonacarn.com\/es\/"},{"@type":"ListItem","position":2,"name":"Tienda","item":"https:\/\/labonacarn.com\/es\/tienda\/"},{"@type":"ListItem","position":3,"name":"Leche pura de vaca pasteurizada!!!!"}]},{"@type":"WebSite","@id":"https:\/\/labonacarn.com\/es\/#website","url":"https:\/\/labonacarn.com\/es\/","name":"labonacarn.com","description":"Venem carn de vedella, porc, pollastre, xai, poltre, gall dindi i embotits de primera qualitat i fets per nosaltres.","potentialAction":[{"@type":"SearchAction","target":{"@type":"EntryPoint","urlTemplate":"https:\/\/labonacarn.com\/es\/?s={search_term_string}"},"query-input":{"@type":"PropertyValueSpecification","valueRequired":true,"valueName":"search_term_string"}}],"inLanguage":"es"}]}},"_links":{"self":[{"href":"https:\/\/labonacarn.com\/es\/wp-json\/wp\/v2\/product\/4982","targetHints":{"allow":["GET"]}}],"collection":[{"href":"https:\/\/labonacarn.com\/es\/wp-json\/wp\/v2\/product"}],"about":[{"href":"https:\/\/labonacarn.com\/es\/wp-json\/wp\/v2\/types\/product"}],"wp:featuredmedia":[{"embeddable":true,"href":"https:\/\/labonacarn.com\/es\/wp-json\/wp\/v2\/media\/4359"}],"wp:attachment":[{"href":"https:\/\/labonacarn.com\/es\/wp-json\/wp\/v2\/media?parent=4982"}],"wp:term":[{"taxonomy":"product_brand","embeddable":true,"href":"https:\/\/labonacarn.com\/es\/wp-json\/wp\/v2\/product_brand?post=4982"},{"taxonomy":"product_cat","embeddable":true,"href":"https:\/\/labonacarn.com\/es\/wp-json\/wp\/v2\/product_cat?post=4982"},{"taxonomy":"product_tag","embeddable":true,"href":"https:\/\/labonacarn.com\/es\/wp-json\/wp\/v2\/product_tag?post=4982"}],"curies":[{"name":"wp","href":"https:\/\/api.w.org\/{rel}","templated":true}]}}