{"id":4975,"date":"2022-03-02T18:09:48","date_gmt":"2022-03-02T18:09:48","guid":{"rendered":"https:\/\/labonacarn.com\/producto\/queso\/"},"modified":"2023-05-20T07:30:33","modified_gmt":"2023-05-20T07:30:33","slug":"queso","status":"publish","type":"product","link":"https:\/\/labonacarn.com\/es\/producte\/queso\/","title":{"rendered":"Queso Manchado de Trufa"},"content":{"rendered":"<h4>Queso manchado de trufa<\/h4>\n<p>Ingredientes: Leche cruda de oveja, Trufa negra (Tuber Indicum), aroma natural, cuajo y sal.<br \/>\nPresentaci\u00f3n: Piezas cil\u00edndricas de unos 400-450 aproximadamente Caducidad: 4 meses<\/p>\n","protected":false},"excerpt":{"rendered":"<p>Elaborado con leche cruda de oveja, de piel florida con hongo natural, con una maduraci\u00f3n de 2 meses, donde se fusionan el aroma del queso de oveja, y la intensidad de la trufa negra.<br \/>\nCata: El queso Manchado de Trufa nos llena de frescura, parece que mordemos una cesta de verduras, con tantos gustos y matices. \u00a1Un toque acidulado, un pu\u00f1ado de frutos secos, sabores que nos insin\u00faa a un c\u00f3ctel ex\u00f3tico!<\/p>\n","protected":false},"featured_media":4322,"template":"","meta":{"_acf_changed":false,"_joinchat":[]},"product_brand":[],"product_cat":[69],"product_tag":[188],"class_list":{"0":"post-4975","1":"product","2":"type-product","3":"status-publish","4":"has-post-thumbnail","6":"product_cat-quesos-yogures","7":"product_tag-calidad-es","9":"first","10":"instock","11":"taxable","12":"shipping-taxable","13":"purchasable","14":"product-type-simple"},"acf":[],"yoast_head":"<!-- This site is optimized with the Yoast SEO plugin v27.4 - https:\/\/yoast.com\/product\/yoast-seo-wordpress\/ -->\n<title>Queso Manchado de Trufa - labonacarn.com<\/title>\n<meta name=\"description\" content=\"El queso Manchado de Trufa nos llena de frescura, parece que mordemos una cesta de verduras, con tantos gustos y matices.\" \/>\n<meta name=\"robots\" content=\"index, follow, max-snippet:-1, max-image-preview:large, max-video-preview:-1\" \/>\n<link rel=\"canonical\" href=\"https:\/\/labonacarn.com\/es\/producte\/queso\/\" \/>\n<meta property=\"og:locale\" content=\"es_ES\" \/>\n<meta property=\"og:type\" content=\"article\" \/>\n<meta property=\"og:title\" content=\"Queso Manchado de Trufa\" \/>\n<meta property=\"og:description\" content=\"El queso Manchado de Trufa nos llena de frescura, parece que mordemos una cesta de verduras, con tantos gustos y matices.\" \/>\n<meta property=\"og:url\" content=\"https:\/\/labonacarn.com\/es\/producte\/queso\/\" \/>\n<meta property=\"og:site_name\" content=\"labonacarn.com\" \/>\n<meta property=\"article:modified_time\" content=\"2023-05-20T07:30:33+00:00\" \/>\n<meta property=\"og:image\" content=\"https:\/\/labonacarn.com\/wp-content\/uploads\/2022\/03\/187g.jpg\" \/>\n\t<meta property=\"og:image:width\" content=\"800\" \/>\n\t<meta property=\"og:image:height\" content=\"533\" \/>\n\t<meta property=\"og:image:type\" content=\"image\/jpeg\" \/>\n<meta name=\"twitter:card\" content=\"summary_large_image\" \/>\n<meta name=\"twitter:title\" content=\"Queso Manchado de Trufa\" \/>\n<meta name=\"twitter:description\" content=\"El queso Manchado de Trufa nos llena de frescura, parece que mordemos una cesta de verduras, con tantos gustos y matices.\" \/>\n<meta name=\"twitter:image\" content=\"https:\/\/labonacarn.com\/wp-content\/uploads\/2022\/03\/187g.jpg\" \/>\n<meta name=\"twitter:label1\" content=\"Tiempo de lectura\" \/>\n\t<meta name=\"twitter:data1\" content=\"1 minuto\" \/>\n<script type=\"application\/ld+json\" class=\"yoast-schema-graph\">{\"@context\":\"https:\\\/\\\/schema.org\",\"@graph\":[{\"@type\":\"WebPage\",\"@id\":\"https:\\\/\\\/labonacarn.com\\\/es\\\/producte\\\/queso\\\/\",\"url\":\"https:\\\/\\\/labonacarn.com\\\/es\\\/producte\\\/queso\\\/\",\"name\":\"Queso Manchado de Trufa - labonacarn.com\",\"isPartOf\":{\"@id\":\"https:\\\/\\\/labonacarn.com\\\/es\\\/#website\"},\"primaryImageOfPage\":{\"@id\":\"https:\\\/\\\/labonacarn.com\\\/es\\\/producte\\\/queso\\\/#primaryimage\"},\"image\":{\"@id\":\"https:\\\/\\\/labonacarn.com\\\/es\\\/producte\\\/queso\\\/#primaryimage\"},\"thumbnailUrl\":\"https:\\\/\\\/labonacarn.com\\\/wp-content\\\/uploads\\\/2022\\\/03\\\/187g.jpg\",\"datePublished\":\"2022-03-02T18:09:48+00:00\",\"dateModified\":\"2023-05-20T07:30:33+00:00\",\"description\":\"El queso Manchado de Trufa nos llena de frescura, parece que mordemos una cesta de verduras, con tantos gustos y matices.\",\"breadcrumb\":{\"@id\":\"https:\\\/\\\/labonacarn.com\\\/es\\\/producte\\\/queso\\\/#breadcrumb\"},\"inLanguage\":\"es\",\"potentialAction\":[{\"@type\":\"ReadAction\",\"target\":[\"https:\\\/\\\/labonacarn.com\\\/es\\\/producte\\\/queso\\\/\"]}]},{\"@type\":\"ImageObject\",\"inLanguage\":\"es\",\"@id\":\"https:\\\/\\\/labonacarn.com\\\/es\\\/producte\\\/queso\\\/#primaryimage\",\"url\":\"https:\\\/\\\/labonacarn.com\\\/wp-content\\\/uploads\\\/2022\\\/03\\\/187g.jpg\",\"contentUrl\":\"https:\\\/\\\/labonacarn.com\\\/wp-content\\\/uploads\\\/2022\\\/03\\\/187g.jpg\",\"width\":800,\"height\":533,\"caption\":\"Tacat de t\u00f2fona\"},{\"@type\":\"BreadcrumbList\",\"@id\":\"https:\\\/\\\/labonacarn.com\\\/es\\\/producte\\\/queso\\\/#breadcrumb\",\"itemListElement\":[{\"@type\":\"ListItem\",\"position\":1,\"name\":\"Portada\",\"item\":\"https:\\\/\\\/labonacarn.com\\\/es\\\/\"},{\"@type\":\"ListItem\",\"position\":2,\"name\":\"Tienda\",\"item\":\"https:\\\/\\\/labonacarn.com\\\/es\\\/tienda\\\/\"},{\"@type\":\"ListItem\",\"position\":3,\"name\":\"Queso Manchado de Trufa\"}]},{\"@type\":\"WebSite\",\"@id\":\"https:\\\/\\\/labonacarn.com\\\/es\\\/#website\",\"url\":\"https:\\\/\\\/labonacarn.com\\\/es\\\/\",\"name\":\"labonacarn.com\",\"description\":\"Venem carn de vedella, porc, pollastre, xai, poltre, gall dindi i embotits de primera qualitat i fets per nosaltres.\",\"potentialAction\":[{\"@type\":\"SearchAction\",\"target\":{\"@type\":\"EntryPoint\",\"urlTemplate\":\"https:\\\/\\\/labonacarn.com\\\/es\\\/?s={search_term_string}\"},\"query-input\":{\"@type\":\"PropertyValueSpecification\",\"valueRequired\":true,\"valueName\":\"search_term_string\"}}],\"inLanguage\":\"es\"}]}<\/script>\n<!-- \/ Yoast SEO plugin. -->","yoast_head_json":{"title":"Queso Manchado de Trufa - labonacarn.com","description":"El queso Manchado de Trufa nos llena de frescura, parece que mordemos una cesta de verduras, con tantos gustos y matices.","robots":{"index":"index","follow":"follow","max-snippet":"max-snippet:-1","max-image-preview":"max-image-preview:large","max-video-preview":"max-video-preview:-1"},"canonical":"https:\/\/labonacarn.com\/es\/producte\/queso\/","og_locale":"es_ES","og_type":"article","og_title":"Queso Manchado de Trufa","og_description":"El queso Manchado de Trufa nos llena de frescura, parece que mordemos una cesta de verduras, con tantos gustos y matices.","og_url":"https:\/\/labonacarn.com\/es\/producte\/queso\/","og_site_name":"labonacarn.com","article_modified_time":"2023-05-20T07:30:33+00:00","og_image":[{"width":800,"height":533,"url":"https:\/\/labonacarn.com\/wp-content\/uploads\/2022\/03\/187g.jpg","type":"image\/jpeg"}],"twitter_card":"summary_large_image","twitter_title":"Queso Manchado de Trufa","twitter_description":"El queso Manchado de Trufa nos llena de frescura, parece que mordemos una cesta de verduras, con tantos gustos y matices.","twitter_image":"https:\/\/labonacarn.com\/wp-content\/uploads\/2022\/03\/187g.jpg","twitter_misc":{"Tiempo de lectura":"1 minuto"},"schema":{"@context":"https:\/\/schema.org","@graph":[{"@type":"WebPage","@id":"https:\/\/labonacarn.com\/es\/producte\/queso\/","url":"https:\/\/labonacarn.com\/es\/producte\/queso\/","name":"Queso Manchado de Trufa - labonacarn.com","isPartOf":{"@id":"https:\/\/labonacarn.com\/es\/#website"},"primaryImageOfPage":{"@id":"https:\/\/labonacarn.com\/es\/producte\/queso\/#primaryimage"},"image":{"@id":"https:\/\/labonacarn.com\/es\/producte\/queso\/#primaryimage"},"thumbnailUrl":"https:\/\/labonacarn.com\/wp-content\/uploads\/2022\/03\/187g.jpg","datePublished":"2022-03-02T18:09:48+00:00","dateModified":"2023-05-20T07:30:33+00:00","description":"El queso Manchado de Trufa nos llena de frescura, parece que mordemos una cesta de verduras, con tantos gustos y matices.","breadcrumb":{"@id":"https:\/\/labonacarn.com\/es\/producte\/queso\/#breadcrumb"},"inLanguage":"es","potentialAction":[{"@type":"ReadAction","target":["https:\/\/labonacarn.com\/es\/producte\/queso\/"]}]},{"@type":"ImageObject","inLanguage":"es","@id":"https:\/\/labonacarn.com\/es\/producte\/queso\/#primaryimage","url":"https:\/\/labonacarn.com\/wp-content\/uploads\/2022\/03\/187g.jpg","contentUrl":"https:\/\/labonacarn.com\/wp-content\/uploads\/2022\/03\/187g.jpg","width":800,"height":533,"caption":"Tacat de t\u00f2fona"},{"@type":"BreadcrumbList","@id":"https:\/\/labonacarn.com\/es\/producte\/queso\/#breadcrumb","itemListElement":[{"@type":"ListItem","position":1,"name":"Portada","item":"https:\/\/labonacarn.com\/es\/"},{"@type":"ListItem","position":2,"name":"Tienda","item":"https:\/\/labonacarn.com\/es\/tienda\/"},{"@type":"ListItem","position":3,"name":"Queso Manchado de Trufa"}]},{"@type":"WebSite","@id":"https:\/\/labonacarn.com\/es\/#website","url":"https:\/\/labonacarn.com\/es\/","name":"labonacarn.com","description":"Venem carn de vedella, porc, pollastre, xai, poltre, gall dindi i embotits de primera qualitat i fets per nosaltres.","potentialAction":[{"@type":"SearchAction","target":{"@type":"EntryPoint","urlTemplate":"https:\/\/labonacarn.com\/es\/?s={search_term_string}"},"query-input":{"@type":"PropertyValueSpecification","valueRequired":true,"valueName":"search_term_string"}}],"inLanguage":"es"}]}},"_links":{"self":[{"href":"https:\/\/labonacarn.com\/es\/wp-json\/wp\/v2\/product\/4975","targetHints":{"allow":["GET"]}}],"collection":[{"href":"https:\/\/labonacarn.com\/es\/wp-json\/wp\/v2\/product"}],"about":[{"href":"https:\/\/labonacarn.com\/es\/wp-json\/wp\/v2\/types\/product"}],"wp:featuredmedia":[{"embeddable":true,"href":"https:\/\/labonacarn.com\/es\/wp-json\/wp\/v2\/media\/4322"}],"wp:attachment":[{"href":"https:\/\/labonacarn.com\/es\/wp-json\/wp\/v2\/media?parent=4975"}],"wp:term":[{"taxonomy":"product_brand","embeddable":true,"href":"https:\/\/labonacarn.com\/es\/wp-json\/wp\/v2\/product_brand?post=4975"},{"taxonomy":"product_cat","embeddable":true,"href":"https:\/\/labonacarn.com\/es\/wp-json\/wp\/v2\/product_cat?post=4975"},{"taxonomy":"product_tag","embeddable":true,"href":"https:\/\/labonacarn.com\/es\/wp-json\/wp\/v2\/product_tag?post=4975"}],"curies":[{"name":"wp","href":"https:\/\/api.w.org\/{rel}","templated":true}]}}