{"id":4901,"date":"2022-03-01T19:17:10","date_gmt":"2022-03-01T18:17:10","guid":{"rendered":"https:\/\/labonacarn.com\/producto\/hamburguesa-de-ternera-y-cerdo-con-setas-4-x-150-grs\/"},"modified":"2022-10-10T21:07:57","modified_gmt":"2022-10-10T21:07:57","slug":"hamburguesa-de-ternera-y-cerdo-con-ceps-4-x-150-grs","status":"publish","type":"product","link":"https:\/\/labonacarn.com\/es\/producte\/hamburguesa-de-ternera-y-cerdo-con-ceps-4-x-150-grs\/","title":{"rendered":"Hamburguesa de ternera y cerdo con setas (4 x 150 grs)"},"content":{"rendered":"<p>Hamburguesa de ternera y cerdo con sal y pimienta y todo acompa\u00f1ado de una de las mejores setas de nuestra cocina, \u00bb las cepas\u00bb. O al menos, es la opini\u00f3n de bastante gente. Lo servimos deshidratado, para no poner ning\u00fan conservante ni colorante. Como siempre hablamos de productos totalmente naturales y aptos para cel\u00edacos y personas que tengan cualquier intolerancia que no sea la seta y la carne.<\/p>\n<p>En ese caso las hamburguesas pesan 150 grs cada una. Hemos aumentado su peso para poder realizar una mejor cocci\u00f3n con este tipo de ingredientes. Ahora es m\u00e1s gruesa. Precio: 13&#8217;00\u20ac\/caja<\/p>\n","protected":false},"excerpt":{"rendered":"<p>Una de las mejores setas de nuestra cocina, con la mejor carne de Girona. (4 unidades)<\/p>\n","protected":false},"featured_media":3715,"template":"","meta":{"_acf_changed":false,"_joinchat":[]},"product_brand":[],"product_cat":[114,70],"product_tag":[],"class_list":{"0":"post-4901","1":"product","2":"type-product","3":"status-publish","4":"has-post-thumbnail","6":"product_cat-hamburguesas-exclusivas","7":"product_cat-hamburguesas","9":"first","10":"outofstock","11":"taxable","12":"shipping-taxable","13":"purchasable","14":"product-type-simple"},"acf":[],"yoast_head":"<!-- This site is optimized with the Yoast SEO plugin v27.4 - https:\/\/yoast.com\/product\/yoast-seo-wordpress\/ -->\n<title>Hamburguesa de ternera y cerdo con setas (4 x 150 grs) - labonacarn.com<\/title>\n<meta name=\"robots\" content=\"index, follow, max-snippet:-1, max-image-preview:large, max-video-preview:-1\" \/>\n<link rel=\"canonical\" href=\"https:\/\/labonacarn.com\/es\/producte\/hamburguesa-de-ternera-y-cerdo-con-ceps-4-x-150-grs\/\" \/>\n<meta property=\"og:locale\" content=\"es_ES\" \/>\n<meta property=\"og:type\" content=\"article\" \/>\n<meta property=\"og:title\" content=\"Hamburguesa de ternera y cerdo con setas (4 x 150 grs) - labonacarn.com\" \/>\n<meta property=\"og:description\" content=\"Una de las mejores setas de nuestra cocina, con la mejor carne de Girona. (4 unidades)\" \/>\n<meta property=\"og:url\" content=\"https:\/\/labonacarn.com\/es\/producte\/hamburguesa-de-ternera-y-cerdo-con-ceps-4-x-150-grs\/\" \/>\n<meta property=\"og:site_name\" content=\"labonacarn.com\" \/>\n<meta property=\"article:modified_time\" content=\"2022-10-10T21:07:57+00:00\" \/>\n<meta property=\"og:image\" content=\"https:\/\/labonacarn.com\/wp-content\/uploads\/2022\/03\/hamburguesa-vedella-poc-ceps.jpg\" \/>\n\t<meta property=\"og:image:width\" content=\"800\" \/>\n\t<meta property=\"og:image:height\" content=\"533\" \/>\n\t<meta property=\"og:image:type\" content=\"image\/jpeg\" \/>\n<meta name=\"twitter:card\" content=\"summary_large_image\" \/>\n<meta name=\"twitter:label1\" content=\"Tiempo de lectura\" \/>\n\t<meta name=\"twitter:data1\" content=\"1 minuto\" \/>\n<script type=\"application\/ld+json\" class=\"yoast-schema-graph\">{\"@context\":\"https:\\\/\\\/schema.org\",\"@graph\":[{\"@type\":\"WebPage\",\"@id\":\"https:\\\/\\\/labonacarn.com\\\/es\\\/producte\\\/hamburguesa-de-ternera-y-cerdo-con-ceps-4-x-150-grs\\\/\",\"url\":\"https:\\\/\\\/labonacarn.com\\\/es\\\/producte\\\/hamburguesa-de-ternera-y-cerdo-con-ceps-4-x-150-grs\\\/\",\"name\":\"Hamburguesa de ternera y cerdo con setas (4 x 150 grs) - labonacarn.com\",\"isPartOf\":{\"@id\":\"https:\\\/\\\/labonacarn.com\\\/es\\\/#website\"},\"primaryImageOfPage\":{\"@id\":\"https:\\\/\\\/labonacarn.com\\\/es\\\/producte\\\/hamburguesa-de-ternera-y-cerdo-con-ceps-4-x-150-grs\\\/#primaryimage\"},\"image\":{\"@id\":\"https:\\\/\\\/labonacarn.com\\\/es\\\/producte\\\/hamburguesa-de-ternera-y-cerdo-con-ceps-4-x-150-grs\\\/#primaryimage\"},\"thumbnailUrl\":\"https:\\\/\\\/labonacarn.com\\\/wp-content\\\/uploads\\\/2022\\\/03\\\/hamburguesa-vedella-poc-ceps.jpg\",\"datePublished\":\"2022-03-01T18:17:10+00:00\",\"dateModified\":\"2022-10-10T21:07:57+00:00\",\"breadcrumb\":{\"@id\":\"https:\\\/\\\/labonacarn.com\\\/es\\\/producte\\\/hamburguesa-de-ternera-y-cerdo-con-ceps-4-x-150-grs\\\/#breadcrumb\"},\"inLanguage\":\"es\",\"potentialAction\":[{\"@type\":\"ReadAction\",\"target\":[\"https:\\\/\\\/labonacarn.com\\\/es\\\/producte\\\/hamburguesa-de-ternera-y-cerdo-con-ceps-4-x-150-grs\\\/\"]}]},{\"@type\":\"ImageObject\",\"inLanguage\":\"es\",\"@id\":\"https:\\\/\\\/labonacarn.com\\\/es\\\/producte\\\/hamburguesa-de-ternera-y-cerdo-con-ceps-4-x-150-grs\\\/#primaryimage\",\"url\":\"https:\\\/\\\/labonacarn.com\\\/wp-content\\\/uploads\\\/2022\\\/03\\\/hamburguesa-vedella-poc-ceps.jpg\",\"contentUrl\":\"https:\\\/\\\/labonacarn.com\\\/wp-content\\\/uploads\\\/2022\\\/03\\\/hamburguesa-vedella-poc-ceps.jpg\",\"width\":800,\"height\":533},{\"@type\":\"BreadcrumbList\",\"@id\":\"https:\\\/\\\/labonacarn.com\\\/es\\\/producte\\\/hamburguesa-de-ternera-y-cerdo-con-ceps-4-x-150-grs\\\/#breadcrumb\",\"itemListElement\":[{\"@type\":\"ListItem\",\"position\":1,\"name\":\"Portada\",\"item\":\"https:\\\/\\\/labonacarn.com\\\/es\\\/\"},{\"@type\":\"ListItem\",\"position\":2,\"name\":\"Tienda\",\"item\":\"https:\\\/\\\/labonacarn.com\\\/es\\\/tienda\\\/\"},{\"@type\":\"ListItem\",\"position\":3,\"name\":\"Hamburguesa de ternera y cerdo con setas (4 x 150 grs)\"}]},{\"@type\":\"WebSite\",\"@id\":\"https:\\\/\\\/labonacarn.com\\\/es\\\/#website\",\"url\":\"https:\\\/\\\/labonacarn.com\\\/es\\\/\",\"name\":\"labonacarn.com\",\"description\":\"Venem carn de vedella, porc, pollastre, xai, poltre, gall dindi i embotits de primera qualitat i fets per nosaltres.\",\"potentialAction\":[{\"@type\":\"SearchAction\",\"target\":{\"@type\":\"EntryPoint\",\"urlTemplate\":\"https:\\\/\\\/labonacarn.com\\\/es\\\/?s={search_term_string}\"},\"query-input\":{\"@type\":\"PropertyValueSpecification\",\"valueRequired\":true,\"valueName\":\"search_term_string\"}}],\"inLanguage\":\"es\"}]}<\/script>\n<!-- \/ Yoast SEO plugin. -->","yoast_head_json":{"title":"Hamburguesa de ternera y cerdo con setas (4 x 150 grs) - labonacarn.com","robots":{"index":"index","follow":"follow","max-snippet":"max-snippet:-1","max-image-preview":"max-image-preview:large","max-video-preview":"max-video-preview:-1"},"canonical":"https:\/\/labonacarn.com\/es\/producte\/hamburguesa-de-ternera-y-cerdo-con-ceps-4-x-150-grs\/","og_locale":"es_ES","og_type":"article","og_title":"Hamburguesa de ternera y cerdo con setas (4 x 150 grs) - labonacarn.com","og_description":"Una de las mejores setas de nuestra cocina, con la mejor carne de Girona. (4 unidades)","og_url":"https:\/\/labonacarn.com\/es\/producte\/hamburguesa-de-ternera-y-cerdo-con-ceps-4-x-150-grs\/","og_site_name":"labonacarn.com","article_modified_time":"2022-10-10T21:07:57+00:00","og_image":[{"width":800,"height":533,"url":"https:\/\/labonacarn.com\/wp-content\/uploads\/2022\/03\/hamburguesa-vedella-poc-ceps.jpg","type":"image\/jpeg"}],"twitter_card":"summary_large_image","twitter_misc":{"Tiempo de lectura":"1 minuto"},"schema":{"@context":"https:\/\/schema.org","@graph":[{"@type":"WebPage","@id":"https:\/\/labonacarn.com\/es\/producte\/hamburguesa-de-ternera-y-cerdo-con-ceps-4-x-150-grs\/","url":"https:\/\/labonacarn.com\/es\/producte\/hamburguesa-de-ternera-y-cerdo-con-ceps-4-x-150-grs\/","name":"Hamburguesa de ternera y cerdo con setas (4 x 150 grs) - labonacarn.com","isPartOf":{"@id":"https:\/\/labonacarn.com\/es\/#website"},"primaryImageOfPage":{"@id":"https:\/\/labonacarn.com\/es\/producte\/hamburguesa-de-ternera-y-cerdo-con-ceps-4-x-150-grs\/#primaryimage"},"image":{"@id":"https:\/\/labonacarn.com\/es\/producte\/hamburguesa-de-ternera-y-cerdo-con-ceps-4-x-150-grs\/#primaryimage"},"thumbnailUrl":"https:\/\/labonacarn.com\/wp-content\/uploads\/2022\/03\/hamburguesa-vedella-poc-ceps.jpg","datePublished":"2022-03-01T18:17:10+00:00","dateModified":"2022-10-10T21:07:57+00:00","breadcrumb":{"@id":"https:\/\/labonacarn.com\/es\/producte\/hamburguesa-de-ternera-y-cerdo-con-ceps-4-x-150-grs\/#breadcrumb"},"inLanguage":"es","potentialAction":[{"@type":"ReadAction","target":["https:\/\/labonacarn.com\/es\/producte\/hamburguesa-de-ternera-y-cerdo-con-ceps-4-x-150-grs\/"]}]},{"@type":"ImageObject","inLanguage":"es","@id":"https:\/\/labonacarn.com\/es\/producte\/hamburguesa-de-ternera-y-cerdo-con-ceps-4-x-150-grs\/#primaryimage","url":"https:\/\/labonacarn.com\/wp-content\/uploads\/2022\/03\/hamburguesa-vedella-poc-ceps.jpg","contentUrl":"https:\/\/labonacarn.com\/wp-content\/uploads\/2022\/03\/hamburguesa-vedella-poc-ceps.jpg","width":800,"height":533},{"@type":"BreadcrumbList","@id":"https:\/\/labonacarn.com\/es\/producte\/hamburguesa-de-ternera-y-cerdo-con-ceps-4-x-150-grs\/#breadcrumb","itemListElement":[{"@type":"ListItem","position":1,"name":"Portada","item":"https:\/\/labonacarn.com\/es\/"},{"@type":"ListItem","position":2,"name":"Tienda","item":"https:\/\/labonacarn.com\/es\/tienda\/"},{"@type":"ListItem","position":3,"name":"Hamburguesa de ternera y cerdo con setas (4 x 150 grs)"}]},{"@type":"WebSite","@id":"https:\/\/labonacarn.com\/es\/#website","url":"https:\/\/labonacarn.com\/es\/","name":"labonacarn.com","description":"Venem carn de vedella, porc, pollastre, xai, poltre, gall dindi i embotits de primera qualitat i fets per nosaltres.","potentialAction":[{"@type":"SearchAction","target":{"@type":"EntryPoint","urlTemplate":"https:\/\/labonacarn.com\/es\/?s={search_term_string}"},"query-input":{"@type":"PropertyValueSpecification","valueRequired":true,"valueName":"search_term_string"}}],"inLanguage":"es"}]}},"_links":{"self":[{"href":"https:\/\/labonacarn.com\/es\/wp-json\/wp\/v2\/product\/4901","targetHints":{"allow":["GET"]}}],"collection":[{"href":"https:\/\/labonacarn.com\/es\/wp-json\/wp\/v2\/product"}],"about":[{"href":"https:\/\/labonacarn.com\/es\/wp-json\/wp\/v2\/types\/product"}],"wp:featuredmedia":[{"embeddable":true,"href":"https:\/\/labonacarn.com\/es\/wp-json\/wp\/v2\/media\/3715"}],"wp:attachment":[{"href":"https:\/\/labonacarn.com\/es\/wp-json\/wp\/v2\/media?parent=4901"}],"wp:term":[{"taxonomy":"product_brand","embeddable":true,"href":"https:\/\/labonacarn.com\/es\/wp-json\/wp\/v2\/product_brand?post=4901"},{"taxonomy":"product_cat","embeddable":true,"href":"https:\/\/labonacarn.com\/es\/wp-json\/wp\/v2\/product_cat?post=4901"},{"taxonomy":"product_tag","embeddable":true,"href":"https:\/\/labonacarn.com\/es\/wp-json\/wp\/v2\/product_tag?post=4901"}],"curies":[{"name":"wp","href":"https:\/\/api.w.org\/{rel}","templated":true}]}}