{"id":4848,"date":"2022-03-01T18:57:05","date_gmt":"2022-03-01T17:57:05","guid":{"rendered":"https:\/\/labonacarn.com\/producto\/hamburguesa-de-potro-a-tu-gusto-4x-120-grs\/"},"modified":"2023-09-12T19:21:26","modified_gmt":"2023-09-12T17:21:26","slug":"hamburguesa-de-potro-a-tu-gusto-4x-120-grs","status":"publish","type":"product","link":"https:\/\/labonacarn.com\/es\/producte\/hamburguesa-de-potro-a-tu-gusto-4x-120-grs\/","title":{"rendered":"Hamburguesa de potro calidad premium a tu gusto (4x 120 grs)"},"content":{"rendered":"<h2>Hamburguesa de potro a tu gusto.<\/h2>\n<p>Crea tu propia hamburguesa, con la carne m\u00e1s baja en grasas, cinco veces m\u00e1s rica en hierro y nueve veces m\u00e1s rica en \u00e1cidos grasos esenciales Omega 3, que cualquier otra carne. El mejor aliado para luchar contra el colesterol.<br \/>\n<strong>Calidad premium:<\/strong> hamburguesas hechas a mano con carne seleccionada. Precio: 19&#8217;35\u20ac\/kgr.<\/p>\n","protected":false},"excerpt":{"rendered":"<p>Crea tu propia hamburguesa, con la carne m\u00e1s baja en grasas, cinco veces m\u00e1s rica en hierro y nueve veces m\u00e1s rica en \u00e1cidos grasos esenciales Omega 3, que cualquier otra carne. <strong>El mejor aliado para luchar contra el colesterol.<br \/>\n<\/strong>Calidad premium: hamburguesas hechas a mano con carne seleccionada. Precio: 19&#8217;35\u20ac\/kgr.<\/p>\n","protected":false},"featured_media":3707,"template":"","meta":{"_acf_changed":false,"_joinchat":[]},"product_brand":[],"product_cat":[67,70,104,110],"product_tag":[196,188],"class_list":{"0":"post-4848","1":"product","2":"type-product","3":"status-publish","4":"has-post-thumbnail","6":"product_cat-estilo-de-vida","7":"product_cat-hamburguesas","8":"product_cat-para-los-reyes-de-la-casa","9":"product_cat-hamburguesa-de-potro","10":"product_tag-amigos-es","11":"product_tag-calidad-es","13":"first","14":"instock","15":"taxable","16":"shipping-taxable","17":"purchasable","18":"product-type-variable"},"acf":[],"yoast_head":"<!-- This site is optimized with the Yoast SEO plugin v27.4 - https:\/\/yoast.com\/product\/yoast-seo-wordpress\/ -->\n<title>Hamburguesa de potro calidad premium a tu gusto (4x 120 grs) - labonacarn.com<\/title>\n<meta name=\"description\" content=\"Hamburguesa de potro a tu gusto, realizada con la mejor carne de potro del Pirineo, m\u00e1s concretamente en la zona de Puigcerd\u00e0.\" \/>\n<meta name=\"robots\" content=\"index, follow, max-snippet:-1, max-image-preview:large, max-video-preview:-1\" \/>\n<link rel=\"canonical\" href=\"https:\/\/labonacarn.com\/es\/producte\/hamburguesa-de-potro-a-tu-gusto-4x-120-grs\/\" \/>\n<meta property=\"og:locale\" content=\"es_ES\" \/>\n<meta property=\"og:type\" content=\"article\" \/>\n<meta property=\"og:title\" content=\"Hamburguesa de potro calidad premium a tu gusto (4x 120 grs) - labonacarn.com\" \/>\n<meta property=\"og:description\" content=\"Hamburguesa de potro a tu gusto, realizada con la mejor carne de potro del Pirineo, m\u00e1s concretamente en la zona de Puigcerd\u00e0.\" \/>\n<meta property=\"og:url\" content=\"https:\/\/labonacarn.com\/es\/producte\/hamburguesa-de-potro-a-tu-gusto-4x-120-grs\/\" \/>\n<meta property=\"og:site_name\" content=\"labonacarn.com\" \/>\n<meta property=\"article:modified_time\" content=\"2023-09-12T17:21:26+00:00\" \/>\n<meta property=\"og:image\" content=\"https:\/\/labonacarn.com\/wp-content\/uploads\/2022\/03\/hamburguesa-poltre.jpg\" \/>\n\t<meta property=\"og:image:width\" content=\"600\" \/>\n\t<meta property=\"og:image:height\" content=\"400\" \/>\n\t<meta property=\"og:image:type\" content=\"image\/jpeg\" \/>\n<meta name=\"twitter:card\" content=\"summary_large_image\" \/>\n<meta name=\"twitter:label1\" content=\"Tiempo de lectura\" \/>\n\t<meta name=\"twitter:data1\" content=\"1 minuto\" \/>\n<script type=\"application\/ld+json\" class=\"yoast-schema-graph\">{\"@context\":\"https:\\\/\\\/schema.org\",\"@graph\":[{\"@type\":\"WebPage\",\"@id\":\"https:\\\/\\\/labonacarn.com\\\/es\\\/producte\\\/hamburguesa-de-potro-a-tu-gusto-4x-120-grs\\\/\",\"url\":\"https:\\\/\\\/labonacarn.com\\\/es\\\/producte\\\/hamburguesa-de-potro-a-tu-gusto-4x-120-grs\\\/\",\"name\":\"Hamburguesa de potro calidad premium a tu gusto (4x 120 grs) - labonacarn.com\",\"isPartOf\":{\"@id\":\"https:\\\/\\\/labonacarn.com\\\/es\\\/#website\"},\"primaryImageOfPage\":{\"@id\":\"https:\\\/\\\/labonacarn.com\\\/es\\\/producte\\\/hamburguesa-de-potro-a-tu-gusto-4x-120-grs\\\/#primaryimage\"},\"image\":{\"@id\":\"https:\\\/\\\/labonacarn.com\\\/es\\\/producte\\\/hamburguesa-de-potro-a-tu-gusto-4x-120-grs\\\/#primaryimage\"},\"thumbnailUrl\":\"https:\\\/\\\/labonacarn.com\\\/wp-content\\\/uploads\\\/2022\\\/03\\\/hamburguesa-poltre.jpg\",\"datePublished\":\"2022-03-01T17:57:05+00:00\",\"dateModified\":\"2023-09-12T17:21:26+00:00\",\"description\":\"Hamburguesa de potro a tu gusto, realizada con la mejor carne de potro del Pirineo, m\u00e1s concretamente en la zona de Puigcerd\u00e0.\",\"breadcrumb\":{\"@id\":\"https:\\\/\\\/labonacarn.com\\\/es\\\/producte\\\/hamburguesa-de-potro-a-tu-gusto-4x-120-grs\\\/#breadcrumb\"},\"inLanguage\":\"es\",\"potentialAction\":[{\"@type\":\"ReadAction\",\"target\":[\"https:\\\/\\\/labonacarn.com\\\/es\\\/producte\\\/hamburguesa-de-potro-a-tu-gusto-4x-120-grs\\\/\"]}]},{\"@type\":\"ImageObject\",\"inLanguage\":\"es\",\"@id\":\"https:\\\/\\\/labonacarn.com\\\/es\\\/producte\\\/hamburguesa-de-potro-a-tu-gusto-4x-120-grs\\\/#primaryimage\",\"url\":\"https:\\\/\\\/labonacarn.com\\\/wp-content\\\/uploads\\\/2022\\\/03\\\/hamburguesa-poltre.jpg\",\"contentUrl\":\"https:\\\/\\\/labonacarn.com\\\/wp-content\\\/uploads\\\/2022\\\/03\\\/hamburguesa-poltre.jpg\",\"width\":600,\"height\":400},{\"@type\":\"BreadcrumbList\",\"@id\":\"https:\\\/\\\/labonacarn.com\\\/es\\\/producte\\\/hamburguesa-de-potro-a-tu-gusto-4x-120-grs\\\/#breadcrumb\",\"itemListElement\":[{\"@type\":\"ListItem\",\"position\":1,\"name\":\"Portada\",\"item\":\"https:\\\/\\\/labonacarn.com\\\/es\\\/\"},{\"@type\":\"ListItem\",\"position\":2,\"name\":\"Tienda\",\"item\":\"https:\\\/\\\/labonacarn.com\\\/es\\\/tienda\\\/\"},{\"@type\":\"ListItem\",\"position\":3,\"name\":\"Hamburguesa de potro calidad premium a tu gusto (4x 120 grs)\"}]},{\"@type\":\"WebSite\",\"@id\":\"https:\\\/\\\/labonacarn.com\\\/es\\\/#website\",\"url\":\"https:\\\/\\\/labonacarn.com\\\/es\\\/\",\"name\":\"labonacarn.com\",\"description\":\"Venem carn de vedella, porc, pollastre, xai, poltre, gall dindi i embotits de primera qualitat i fets per nosaltres.\",\"potentialAction\":[{\"@type\":\"SearchAction\",\"target\":{\"@type\":\"EntryPoint\",\"urlTemplate\":\"https:\\\/\\\/labonacarn.com\\\/es\\\/?s={search_term_string}\"},\"query-input\":{\"@type\":\"PropertyValueSpecification\",\"valueRequired\":true,\"valueName\":\"search_term_string\"}}],\"inLanguage\":\"es\"}]}<\/script>\n<!-- \/ Yoast SEO plugin. -->","yoast_head_json":{"title":"Hamburguesa de potro calidad premium a tu gusto (4x 120 grs) - labonacarn.com","description":"Hamburguesa de potro a tu gusto, realizada con la mejor carne de potro del Pirineo, m\u00e1s concretamente en la zona de Puigcerd\u00e0.","robots":{"index":"index","follow":"follow","max-snippet":"max-snippet:-1","max-image-preview":"max-image-preview:large","max-video-preview":"max-video-preview:-1"},"canonical":"https:\/\/labonacarn.com\/es\/producte\/hamburguesa-de-potro-a-tu-gusto-4x-120-grs\/","og_locale":"es_ES","og_type":"article","og_title":"Hamburguesa de potro calidad premium a tu gusto (4x 120 grs) - labonacarn.com","og_description":"Hamburguesa de potro a tu gusto, realizada con la mejor carne de potro del Pirineo, m\u00e1s concretamente en la zona de Puigcerd\u00e0.","og_url":"https:\/\/labonacarn.com\/es\/producte\/hamburguesa-de-potro-a-tu-gusto-4x-120-grs\/","og_site_name":"labonacarn.com","article_modified_time":"2023-09-12T17:21:26+00:00","og_image":[{"width":600,"height":400,"url":"https:\/\/labonacarn.com\/wp-content\/uploads\/2022\/03\/hamburguesa-poltre.jpg","type":"image\/jpeg"}],"twitter_card":"summary_large_image","twitter_misc":{"Tiempo de lectura":"1 minuto"},"schema":{"@context":"https:\/\/schema.org","@graph":[{"@type":"WebPage","@id":"https:\/\/labonacarn.com\/es\/producte\/hamburguesa-de-potro-a-tu-gusto-4x-120-grs\/","url":"https:\/\/labonacarn.com\/es\/producte\/hamburguesa-de-potro-a-tu-gusto-4x-120-grs\/","name":"Hamburguesa de potro calidad premium a tu gusto (4x 120 grs) - labonacarn.com","isPartOf":{"@id":"https:\/\/labonacarn.com\/es\/#website"},"primaryImageOfPage":{"@id":"https:\/\/labonacarn.com\/es\/producte\/hamburguesa-de-potro-a-tu-gusto-4x-120-grs\/#primaryimage"},"image":{"@id":"https:\/\/labonacarn.com\/es\/producte\/hamburguesa-de-potro-a-tu-gusto-4x-120-grs\/#primaryimage"},"thumbnailUrl":"https:\/\/labonacarn.com\/wp-content\/uploads\/2022\/03\/hamburguesa-poltre.jpg","datePublished":"2022-03-01T17:57:05+00:00","dateModified":"2023-09-12T17:21:26+00:00","description":"Hamburguesa de potro a tu gusto, realizada con la mejor carne de potro del Pirineo, m\u00e1s concretamente en la zona de Puigcerd\u00e0.","breadcrumb":{"@id":"https:\/\/labonacarn.com\/es\/producte\/hamburguesa-de-potro-a-tu-gusto-4x-120-grs\/#breadcrumb"},"inLanguage":"es","potentialAction":[{"@type":"ReadAction","target":["https:\/\/labonacarn.com\/es\/producte\/hamburguesa-de-potro-a-tu-gusto-4x-120-grs\/"]}]},{"@type":"ImageObject","inLanguage":"es","@id":"https:\/\/labonacarn.com\/es\/producte\/hamburguesa-de-potro-a-tu-gusto-4x-120-grs\/#primaryimage","url":"https:\/\/labonacarn.com\/wp-content\/uploads\/2022\/03\/hamburguesa-poltre.jpg","contentUrl":"https:\/\/labonacarn.com\/wp-content\/uploads\/2022\/03\/hamburguesa-poltre.jpg","width":600,"height":400},{"@type":"BreadcrumbList","@id":"https:\/\/labonacarn.com\/es\/producte\/hamburguesa-de-potro-a-tu-gusto-4x-120-grs\/#breadcrumb","itemListElement":[{"@type":"ListItem","position":1,"name":"Portada","item":"https:\/\/labonacarn.com\/es\/"},{"@type":"ListItem","position":2,"name":"Tienda","item":"https:\/\/labonacarn.com\/es\/tienda\/"},{"@type":"ListItem","position":3,"name":"Hamburguesa de potro calidad premium a tu gusto (4x 120 grs)"}]},{"@type":"WebSite","@id":"https:\/\/labonacarn.com\/es\/#website","url":"https:\/\/labonacarn.com\/es\/","name":"labonacarn.com","description":"Venem carn de vedella, porc, pollastre, xai, poltre, gall dindi i embotits de primera qualitat i fets per nosaltres.","potentialAction":[{"@type":"SearchAction","target":{"@type":"EntryPoint","urlTemplate":"https:\/\/labonacarn.com\/es\/?s={search_term_string}"},"query-input":{"@type":"PropertyValueSpecification","valueRequired":true,"valueName":"search_term_string"}}],"inLanguage":"es"}]}},"_links":{"self":[{"href":"https:\/\/labonacarn.com\/es\/wp-json\/wp\/v2\/product\/4848","targetHints":{"allow":["GET"]}}],"collection":[{"href":"https:\/\/labonacarn.com\/es\/wp-json\/wp\/v2\/product"}],"about":[{"href":"https:\/\/labonacarn.com\/es\/wp-json\/wp\/v2\/types\/product"}],"wp:featuredmedia":[{"embeddable":true,"href":"https:\/\/labonacarn.com\/es\/wp-json\/wp\/v2\/media\/3707"}],"wp:attachment":[{"href":"https:\/\/labonacarn.com\/es\/wp-json\/wp\/v2\/media?parent=4848"}],"wp:term":[{"taxonomy":"product_brand","embeddable":true,"href":"https:\/\/labonacarn.com\/es\/wp-json\/wp\/v2\/product_brand?post=4848"},{"taxonomy":"product_cat","embeddable":true,"href":"https:\/\/labonacarn.com\/es\/wp-json\/wp\/v2\/product_cat?post=4848"},{"taxonomy":"product_tag","embeddable":true,"href":"https:\/\/labonacarn.com\/es\/wp-json\/wp\/v2\/product_tag?post=4848"}],"curies":[{"name":"wp","href":"https:\/\/api.w.org\/{rel}","templated":true}]}}