{"id":4784,"date":"2022-03-01T19:13:06","date_gmt":"2022-03-01T18:13:06","guid":{"rendered":"https:\/\/labonacarn.com\/producto\/hamburguesa-de-ternera-ecologica-a-tu-gusto-4-x-125-grs-aprox\/"},"modified":"2023-03-13T21:23:48","modified_gmt":"2023-03-13T21:23:48","slug":"hamburguesa-de-ternera-ecologica-tu-gusto-4-x-125-grs-aprox","status":"publish","type":"product","link":"https:\/\/labonacarn.com\/es\/producte\/hamburguesa-de-ternera-ecologica-tu-gusto-4-x-125-grs-aprox\/","title":{"rendered":"Hamburguesa de ternera ecol\u00f3gica black angus  A TU GUSTO !!! ( 4 x 125 grs aprox)"},"content":{"rendered":"<div class=\"product-collateral\">\n<div id=\"product_tabs_description_contents\" class=\"product-tabs-content\">\n<div><\/div>\n<h2>Hamburguesa de ternera ecol\u00f3gica black angus<\/h2>\n<div><\/div>\n<div class=\"std\">\u00a0Configurala a tu gusto y\u00a0 nosotros ponemos la mejor carne ecol\u00f3gica de la raza black angus. Es una carne con bajo contenido en grasa y de f\u00e1cil digesti\u00f3n. Como siempre es un producto totalmente natural, sin conservantes ni colorantes y apto para todos, ya que no lleva ning\u00fan a\u00f1adido de ning\u00fan tipo, si no lo solicita. Precio: 18\u20ac\/k,<\/div>\n<div class=\"std\"><\/div>\n<\/div>\n<\/div>\n<div class=\"product-collateral recepta\">\n<div id=\"product_tabs_description_contents\" class=\"product-tabs-content\">\n<div class=\"std\">Se puede hacer siempre a la plancha oa la brasa, pero lo habitual es hacerla a la plancha. Ponemos la plancha a su nivel m\u00e1ximo y si hacemos una cocci\u00f3n corta (15 segundos aprox) por cara, podremos degustarla un poco mejor, ya que por fuera nos quedar\u00e1 m\u00e1s hecha y por dentro algo m\u00e1s cruda. Si le gusta la carne hecha, no la haga m\u00e1s de 25 segundos por cara. Si lleva alg\u00fan ingrediente como queso, setas o foie, es mejor vigilar su cocci\u00f3n y cortarla. Si la hacemos larga, los ingredientes a\u00f1adidos pagan las consecuencias.<\/div>\n<\/div>\n<\/div>\n","protected":false},"excerpt":{"rendered":"<p>Hamburguesa de ternera ecol\u00f3gica black angus\u00a0 del Pirineo (4 x 125 grs aprox). Configurala a tu gusto y nosotros ponemos la mejor carne ecol\u00f3gica de la raza black angus.<br \/>\nTendr\u00e1s en tu mesa una de las mejores hamburguesas\u00a0 con una carne espectacular.<br \/>\nComo siempre es un producto totalmente natural, sin conservantes ni colorantes y apto para todos, ya que no lleva ning\u00fan a\u00f1adido de ning\u00fan tipo, si no lo solicita. Precio: 18\u20ac\/kg.<\/p>\n","protected":false},"featured_media":8789,"template":"","meta":{"_acf_changed":false,"_joinchat":[]},"product_brand":[],"product_cat":[70,112],"product_tag":[170,134],"class_list":{"0":"post-4784","1":"product","2":"type-product","3":"status-publish","4":"has-post-thumbnail","6":"product_cat-hamburguesas","7":"product_cat-hamburguesa-de-ternera-ecologica","8":"product_tag-amigos","9":"product_tag-barbacoa-es","11":"first","12":"instock","13":"taxable","14":"shipping-taxable","15":"purchasable","16":"product-type-variable"},"acf":[],"yoast_head":"<!-- This site is optimized with the Yoast SEO plugin v27.4 - https:\/\/yoast.com\/product\/yoast-seo-wordpress\/ -->\n<title>Hamburguesa de ternera ecol\u00f3gica black angus A TU GUSTO !!! ( 4 x 125 grs aprox) - labonacarn.com<\/title>\n<meta name=\"description\" content=\"Hamburguesa de ternera ecol\u00f3gica del Pirineo, hecha con la carne de ternera de la raza &quot;Bruna&quot;, con las partes m\u00e1s magras.\" \/>\n<meta name=\"robots\" content=\"index, follow, max-snippet:-1, max-image-preview:large, max-video-preview:-1\" \/>\n<link rel=\"canonical\" href=\"https:\/\/labonacarn.com\/es\/producte\/hamburguesa-de-ternera-ecologica-tu-gusto-4-x-125-grs-aprox\/\" \/>\n<meta property=\"og:locale\" content=\"es_ES\" \/>\n<meta property=\"og:type\" content=\"article\" \/>\n<meta property=\"og:title\" content=\"Hamburguesa de ternera ecol\u00f3gica black angus A TU GUSTO !!! ( 4 x 125 grs aprox) - labonacarn.com\" \/>\n<meta property=\"og:description\" content=\"Hamburguesa de ternera ecol\u00f3gica del Pirineo, hecha con la carne de ternera de la raza &quot;Bruna&quot;, con las partes m\u00e1s magras.\" \/>\n<meta property=\"og:url\" content=\"https:\/\/labonacarn.com\/es\/producte\/hamburguesa-de-ternera-ecologica-tu-gusto-4-x-125-grs-aprox\/\" \/>\n<meta property=\"og:site_name\" content=\"labonacarn.com\" \/>\n<meta property=\"article:modified_time\" content=\"2023-03-13T21:23:48+00:00\" \/>\n<meta property=\"og:image\" content=\"https:\/\/labonacarn.com\/wp-content\/uploads\/2022\/03\/126.png\" \/>\n\t<meta property=\"og:image:width\" content=\"601\" \/>\n\t<meta property=\"og:image:height\" content=\"400\" \/>\n\t<meta property=\"og:image:type\" content=\"image\/png\" \/>\n<meta name=\"twitter:card\" content=\"summary_large_image\" \/>\n<meta name=\"twitter:label1\" content=\"Tiempo de lectura\" \/>\n\t<meta name=\"twitter:data1\" content=\"1 minuto\" \/>\n<script type=\"application\/ld+json\" class=\"yoast-schema-graph\">{\"@context\":\"https:\\\/\\\/schema.org\",\"@graph\":[{\"@type\":\"WebPage\",\"@id\":\"https:\\\/\\\/labonacarn.com\\\/es\\\/producte\\\/hamburguesa-de-ternera-ecologica-tu-gusto-4-x-125-grs-aprox\\\/\",\"url\":\"https:\\\/\\\/labonacarn.com\\\/es\\\/producte\\\/hamburguesa-de-ternera-ecologica-tu-gusto-4-x-125-grs-aprox\\\/\",\"name\":\"Hamburguesa de ternera ecol\u00f3gica black angus A TU GUSTO !!! ( 4 x 125 grs aprox) - labonacarn.com\",\"isPartOf\":{\"@id\":\"https:\\\/\\\/labonacarn.com\\\/es\\\/#website\"},\"primaryImageOfPage\":{\"@id\":\"https:\\\/\\\/labonacarn.com\\\/es\\\/producte\\\/hamburguesa-de-ternera-ecologica-tu-gusto-4-x-125-grs-aprox\\\/#primaryimage\"},\"image\":{\"@id\":\"https:\\\/\\\/labonacarn.com\\\/es\\\/producte\\\/hamburguesa-de-ternera-ecologica-tu-gusto-4-x-125-grs-aprox\\\/#primaryimage\"},\"thumbnailUrl\":\"https:\\\/\\\/labonacarn.com\\\/wp-content\\\/uploads\\\/2022\\\/03\\\/126.png\",\"datePublished\":\"2022-03-01T18:13:06+00:00\",\"dateModified\":\"2023-03-13T21:23:48+00:00\",\"description\":\"Hamburguesa de ternera ecol\u00f3gica del Pirineo, hecha con la carne de ternera de la raza \\\"Bruna\\\", con las partes m\u00e1s magras.\",\"breadcrumb\":{\"@id\":\"https:\\\/\\\/labonacarn.com\\\/es\\\/producte\\\/hamburguesa-de-ternera-ecologica-tu-gusto-4-x-125-grs-aprox\\\/#breadcrumb\"},\"inLanguage\":\"es\",\"potentialAction\":[{\"@type\":\"ReadAction\",\"target\":[\"https:\\\/\\\/labonacarn.com\\\/es\\\/producte\\\/hamburguesa-de-ternera-ecologica-tu-gusto-4-x-125-grs-aprox\\\/\"]}]},{\"@type\":\"ImageObject\",\"inLanguage\":\"es\",\"@id\":\"https:\\\/\\\/labonacarn.com\\\/es\\\/producte\\\/hamburguesa-de-ternera-ecologica-tu-gusto-4-x-125-grs-aprox\\\/#primaryimage\",\"url\":\"https:\\\/\\\/labonacarn.com\\\/wp-content\\\/uploads\\\/2022\\\/03\\\/126.png\",\"contentUrl\":\"https:\\\/\\\/labonacarn.com\\\/wp-content\\\/uploads\\\/2022\\\/03\\\/126.png\",\"width\":601,\"height\":400,\"caption\":\"Hamburguesa ecol\u00f2gica black angus\"},{\"@type\":\"BreadcrumbList\",\"@id\":\"https:\\\/\\\/labonacarn.com\\\/es\\\/producte\\\/hamburguesa-de-ternera-ecologica-tu-gusto-4-x-125-grs-aprox\\\/#breadcrumb\",\"itemListElement\":[{\"@type\":\"ListItem\",\"position\":1,\"name\":\"Portada\",\"item\":\"https:\\\/\\\/labonacarn.com\\\/es\\\/\"},{\"@type\":\"ListItem\",\"position\":2,\"name\":\"Tienda\",\"item\":\"https:\\\/\\\/labonacarn.com\\\/es\\\/tienda\\\/\"},{\"@type\":\"ListItem\",\"position\":3,\"name\":\"Hamburguesa de ternera ecol\u00f3gica black angus A TU GUSTO !!! ( 4 x 125 grs aprox)\"}]},{\"@type\":\"WebSite\",\"@id\":\"https:\\\/\\\/labonacarn.com\\\/es\\\/#website\",\"url\":\"https:\\\/\\\/labonacarn.com\\\/es\\\/\",\"name\":\"labonacarn.com\",\"description\":\"Venem carn de vedella, porc, pollastre, xai, poltre, gall dindi i embotits de primera qualitat i fets per nosaltres.\",\"potentialAction\":[{\"@type\":\"SearchAction\",\"target\":{\"@type\":\"EntryPoint\",\"urlTemplate\":\"https:\\\/\\\/labonacarn.com\\\/es\\\/?s={search_term_string}\"},\"query-input\":{\"@type\":\"PropertyValueSpecification\",\"valueRequired\":true,\"valueName\":\"search_term_string\"}}],\"inLanguage\":\"es\"}]}<\/script>\n<!-- \/ Yoast SEO plugin. -->","yoast_head_json":{"title":"Hamburguesa de ternera ecol\u00f3gica black angus A TU GUSTO !!! ( 4 x 125 grs aprox) - labonacarn.com","description":"Hamburguesa de ternera ecol\u00f3gica del Pirineo, hecha con la carne de ternera de la raza \"Bruna\", con las partes m\u00e1s magras.","robots":{"index":"index","follow":"follow","max-snippet":"max-snippet:-1","max-image-preview":"max-image-preview:large","max-video-preview":"max-video-preview:-1"},"canonical":"https:\/\/labonacarn.com\/es\/producte\/hamburguesa-de-ternera-ecologica-tu-gusto-4-x-125-grs-aprox\/","og_locale":"es_ES","og_type":"article","og_title":"Hamburguesa de ternera ecol\u00f3gica black angus A TU GUSTO !!! ( 4 x 125 grs aprox) - labonacarn.com","og_description":"Hamburguesa de ternera ecol\u00f3gica del Pirineo, hecha con la carne de ternera de la raza \"Bruna\", con las partes m\u00e1s magras.","og_url":"https:\/\/labonacarn.com\/es\/producte\/hamburguesa-de-ternera-ecologica-tu-gusto-4-x-125-grs-aprox\/","og_site_name":"labonacarn.com","article_modified_time":"2023-03-13T21:23:48+00:00","og_image":[{"width":601,"height":400,"url":"https:\/\/labonacarn.com\/wp-content\/uploads\/2022\/03\/126.png","type":"image\/png"}],"twitter_card":"summary_large_image","twitter_misc":{"Tiempo de lectura":"1 minuto"},"schema":{"@context":"https:\/\/schema.org","@graph":[{"@type":"WebPage","@id":"https:\/\/labonacarn.com\/es\/producte\/hamburguesa-de-ternera-ecologica-tu-gusto-4-x-125-grs-aprox\/","url":"https:\/\/labonacarn.com\/es\/producte\/hamburguesa-de-ternera-ecologica-tu-gusto-4-x-125-grs-aprox\/","name":"Hamburguesa de ternera ecol\u00f3gica black angus A TU GUSTO !!! ( 4 x 125 grs aprox) - labonacarn.com","isPartOf":{"@id":"https:\/\/labonacarn.com\/es\/#website"},"primaryImageOfPage":{"@id":"https:\/\/labonacarn.com\/es\/producte\/hamburguesa-de-ternera-ecologica-tu-gusto-4-x-125-grs-aprox\/#primaryimage"},"image":{"@id":"https:\/\/labonacarn.com\/es\/producte\/hamburguesa-de-ternera-ecologica-tu-gusto-4-x-125-grs-aprox\/#primaryimage"},"thumbnailUrl":"https:\/\/labonacarn.com\/wp-content\/uploads\/2022\/03\/126.png","datePublished":"2022-03-01T18:13:06+00:00","dateModified":"2023-03-13T21:23:48+00:00","description":"Hamburguesa de ternera ecol\u00f3gica del Pirineo, hecha con la carne de ternera de la raza \"Bruna\", con las partes m\u00e1s magras.","breadcrumb":{"@id":"https:\/\/labonacarn.com\/es\/producte\/hamburguesa-de-ternera-ecologica-tu-gusto-4-x-125-grs-aprox\/#breadcrumb"},"inLanguage":"es","potentialAction":[{"@type":"ReadAction","target":["https:\/\/labonacarn.com\/es\/producte\/hamburguesa-de-ternera-ecologica-tu-gusto-4-x-125-grs-aprox\/"]}]},{"@type":"ImageObject","inLanguage":"es","@id":"https:\/\/labonacarn.com\/es\/producte\/hamburguesa-de-ternera-ecologica-tu-gusto-4-x-125-grs-aprox\/#primaryimage","url":"https:\/\/labonacarn.com\/wp-content\/uploads\/2022\/03\/126.png","contentUrl":"https:\/\/labonacarn.com\/wp-content\/uploads\/2022\/03\/126.png","width":601,"height":400,"caption":"Hamburguesa ecol\u00f2gica black angus"},{"@type":"BreadcrumbList","@id":"https:\/\/labonacarn.com\/es\/producte\/hamburguesa-de-ternera-ecologica-tu-gusto-4-x-125-grs-aprox\/#breadcrumb","itemListElement":[{"@type":"ListItem","position":1,"name":"Portada","item":"https:\/\/labonacarn.com\/es\/"},{"@type":"ListItem","position":2,"name":"Tienda","item":"https:\/\/labonacarn.com\/es\/tienda\/"},{"@type":"ListItem","position":3,"name":"Hamburguesa de ternera ecol\u00f3gica black angus A TU GUSTO !!! ( 4 x 125 grs aprox)"}]},{"@type":"WebSite","@id":"https:\/\/labonacarn.com\/es\/#website","url":"https:\/\/labonacarn.com\/es\/","name":"labonacarn.com","description":"Venem carn de vedella, porc, pollastre, xai, poltre, gall dindi i embotits de primera qualitat i fets per nosaltres.","potentialAction":[{"@type":"SearchAction","target":{"@type":"EntryPoint","urlTemplate":"https:\/\/labonacarn.com\/es\/?s={search_term_string}"},"query-input":{"@type":"PropertyValueSpecification","valueRequired":true,"valueName":"search_term_string"}}],"inLanguage":"es"}]}},"_links":{"self":[{"href":"https:\/\/labonacarn.com\/es\/wp-json\/wp\/v2\/product\/4784","targetHints":{"allow":["GET"]}}],"collection":[{"href":"https:\/\/labonacarn.com\/es\/wp-json\/wp\/v2\/product"}],"about":[{"href":"https:\/\/labonacarn.com\/es\/wp-json\/wp\/v2\/types\/product"}],"wp:featuredmedia":[{"embeddable":true,"href":"https:\/\/labonacarn.com\/es\/wp-json\/wp\/v2\/media\/8789"}],"wp:attachment":[{"href":"https:\/\/labonacarn.com\/es\/wp-json\/wp\/v2\/media?parent=4784"}],"wp:term":[{"taxonomy":"product_brand","embeddable":true,"href":"https:\/\/labonacarn.com\/es\/wp-json\/wp\/v2\/product_brand?post=4784"},{"taxonomy":"product_cat","embeddable":true,"href":"https:\/\/labonacarn.com\/es\/wp-json\/wp\/v2\/product_cat?post=4784"},{"taxonomy":"product_tag","embeddable":true,"href":"https:\/\/labonacarn.com\/es\/wp-json\/wp\/v2\/product_tag?post=4784"}],"curies":[{"name":"wp","href":"https:\/\/api.w.org\/{rel}","templated":true}]}}