{"id":4781,"date":"2022-03-02T16:50:14","date_gmt":"2022-03-02T15:50:14","guid":{"rendered":"https:\/\/labonacarn.com\/producto\/butifarra-cruda-4-x-190-grs\/"},"modified":"2024-11-25T13:08:10","modified_gmt":"2024-11-25T12:08:10","slug":"butifarra-cruda-4-x-190-grs","status":"publish","type":"product","link":"https:\/\/labonacarn.com\/es\/producte\/butifarra-cruda-4-x-190-grs\/","title":{"rendered":"Butifarra cruda (4 x 190 grs)"},"content":{"rendered":"<h2>Butifarra cruda de cerdo<\/h2>\n<p>La butifarra es un aut\u00e9ntico manjar que conquista paladares con su sabor y versatilidad. Originaria de la tradici\u00f3n culinaria catalana, esta delicia embutida destaca por su textura jugosa y el equilibrio perfecto entre especias y carne de alta calidad. Ya sea en su versi\u00f3n fresca, ideal para asar a la parrilla, o en su variante cocida, perfecta para acompa\u00f1ar con pan y alioli, la butifarra siempre resalta en la mesa. Su sencillez permite que brille en guisos, arroces y tapas, siendo una joya de la gastronom\u00eda mediterr\u00e1nea que invita a disfrutar cada bocado con aut\u00e9ntico placer. \u00a1Una delicia irresistible!<\/p>\n<h3>Ingredientes<\/h3>\n<p>Carne de cerdo, sal, pimienta y tripa natural. No lleva ning\u00fan a\u00f1adido m\u00e1s. Sin colorantes ni conservantes, va envasada al vac\u00edo en paquetes de dos unidades.<\/p>\n<h3>Como se cocina<\/h3>\n<p>La podemos cocinar, tanto a la plancha como en la barbacoa o al horno. No obstante, si no dispones de barbacoa, la mejor opci\u00f3n es cocinarla al horno. El tiempo de cocci\u00f3n a tu gusto, si la deseas m\u00e1s o menos hecha y recuerda que nunca se tienen que pinchar.<\/p>\n<p>&nbsp;<\/p>\n","protected":false},"excerpt":{"rendered":"<p>Un gran aliado para tus barbacoas !!!<\/p>\n","protected":false},"featured_media":4264,"template":"","meta":{"_acf_changed":false,"_joinchat":[]},"product_brand":[],"product_cat":[61,62],"product_tag":[134,208,193,132,188],"class_list":{"0":"post-4781","1":"product","2":"type-product","3":"status-publish","4":"has-post-thumbnail","6":"product_cat-butifarras","7":"product_cat-butifarras-de-cerdo","8":"product_tag-barbacoa-es","9":"product_tag-barbacoas","10":"product_tag-brasa-es","11":"product_tag-butifarras","12":"product_tag-calidad-es","14":"first","15":"instock","16":"taxable","17":"shipping-taxable","18":"purchasable","19":"product-type-simple"},"acf":[],"yoast_head":"<!-- This site is optimized with the Yoast SEO plugin v27.4 - https:\/\/yoast.com\/product\/yoast-seo-wordpress\/ -->\n<title>Butifarra cruda (4 x 190 grs) - labonacarn.com<\/title>\n<meta name=\"description\" content=\"Butifarra cruda de cerdo. Un gran aliado para tu barbacoa, hechas con carne de cerdo seleccionada, sin colorantes ni conservantes.\" \/>\n<meta name=\"robots\" content=\"index, follow, max-snippet:-1, max-image-preview:large, max-video-preview:-1\" \/>\n<link rel=\"canonical\" href=\"https:\/\/labonacarn.com\/es\/producte\/butifarra-cruda-4-x-190-grs\/\" \/>\n<meta property=\"og:locale\" content=\"es_ES\" \/>\n<meta property=\"og:type\" content=\"article\" \/>\n<meta property=\"og:title\" content=\"Butifarra cruda (4 x 190 grs) - labonacarn.com\" \/>\n<meta property=\"og:description\" content=\"Butifarra cruda de cerdo. Un gran aliado para tu barbacoa, hechas con carne de cerdo seleccionada, sin colorantes ni conservantes.\" \/>\n<meta property=\"og:url\" content=\"https:\/\/labonacarn.com\/es\/producte\/butifarra-cruda-4-x-190-grs\/\" \/>\n<meta property=\"og:site_name\" content=\"labonacarn.com\" \/>\n<meta property=\"article:modified_time\" content=\"2024-11-25T12:08:10+00:00\" \/>\n<meta property=\"og:image\" content=\"https:\/\/labonacarn.com\/wp-content\/uploads\/2022\/03\/5g.jpg\" \/>\n\t<meta property=\"og:image:width\" content=\"800\" \/>\n\t<meta property=\"og:image:height\" content=\"533\" \/>\n\t<meta property=\"og:image:type\" content=\"image\/jpeg\" \/>\n<meta name=\"twitter:card\" content=\"summary_large_image\" \/>\n<meta name=\"twitter:label1\" content=\"Tiempo de lectura\" \/>\n\t<meta name=\"twitter:data1\" content=\"2 minutos\" \/>\n<script type=\"application\/ld+json\" class=\"yoast-schema-graph\">{\"@context\":\"https:\\\/\\\/schema.org\",\"@graph\":[{\"@type\":\"WebPage\",\"@id\":\"https:\\\/\\\/labonacarn.com\\\/es\\\/producte\\\/butifarra-cruda-4-x-190-grs\\\/\",\"url\":\"https:\\\/\\\/labonacarn.com\\\/es\\\/producte\\\/butifarra-cruda-4-x-190-grs\\\/\",\"name\":\"Butifarra cruda (4 x 190 grs) - labonacarn.com\",\"isPartOf\":{\"@id\":\"https:\\\/\\\/labonacarn.com\\\/es\\\/#website\"},\"primaryImageOfPage\":{\"@id\":\"https:\\\/\\\/labonacarn.com\\\/es\\\/producte\\\/butifarra-cruda-4-x-190-grs\\\/#primaryimage\"},\"image\":{\"@id\":\"https:\\\/\\\/labonacarn.com\\\/es\\\/producte\\\/butifarra-cruda-4-x-190-grs\\\/#primaryimage\"},\"thumbnailUrl\":\"https:\\\/\\\/labonacarn.com\\\/wp-content\\\/uploads\\\/2022\\\/03\\\/5g.jpg\",\"datePublished\":\"2022-03-02T15:50:14+00:00\",\"dateModified\":\"2024-11-25T12:08:10+00:00\",\"description\":\"Butifarra cruda de cerdo. Un gran aliado para tu barbacoa, hechas con carne de cerdo seleccionada, sin colorantes ni conservantes.\",\"breadcrumb\":{\"@id\":\"https:\\\/\\\/labonacarn.com\\\/es\\\/producte\\\/butifarra-cruda-4-x-190-grs\\\/#breadcrumb\"},\"inLanguage\":\"es\",\"potentialAction\":[{\"@type\":\"ReadAction\",\"target\":[\"https:\\\/\\\/labonacarn.com\\\/es\\\/producte\\\/butifarra-cruda-4-x-190-grs\\\/\"]}]},{\"@type\":\"ImageObject\",\"inLanguage\":\"es\",\"@id\":\"https:\\\/\\\/labonacarn.com\\\/es\\\/producte\\\/butifarra-cruda-4-x-190-grs\\\/#primaryimage\",\"url\":\"https:\\\/\\\/labonacarn.com\\\/wp-content\\\/uploads\\\/2022\\\/03\\\/5g.jpg\",\"contentUrl\":\"https:\\\/\\\/labonacarn.com\\\/wp-content\\\/uploads\\\/2022\\\/03\\\/5g.jpg\",\"width\":800,\"height\":533,\"caption\":\"Botifarra de pag\u00e8s\"},{\"@type\":\"BreadcrumbList\",\"@id\":\"https:\\\/\\\/labonacarn.com\\\/es\\\/producte\\\/butifarra-cruda-4-x-190-grs\\\/#breadcrumb\",\"itemListElement\":[{\"@type\":\"ListItem\",\"position\":1,\"name\":\"Portada\",\"item\":\"https:\\\/\\\/labonacarn.com\\\/es\\\/\"},{\"@type\":\"ListItem\",\"position\":2,\"name\":\"Tienda\",\"item\":\"https:\\\/\\\/labonacarn.com\\\/es\\\/tienda\\\/\"},{\"@type\":\"ListItem\",\"position\":3,\"name\":\"Butifarra cruda (4 x 190 grs)\"}]},{\"@type\":\"WebSite\",\"@id\":\"https:\\\/\\\/labonacarn.com\\\/es\\\/#website\",\"url\":\"https:\\\/\\\/labonacarn.com\\\/es\\\/\",\"name\":\"labonacarn.com\",\"description\":\"Venem carn de vedella, porc, pollastre, xai, poltre, gall dindi i embotits de primera qualitat i fets per nosaltres.\",\"potentialAction\":[{\"@type\":\"SearchAction\",\"target\":{\"@type\":\"EntryPoint\",\"urlTemplate\":\"https:\\\/\\\/labonacarn.com\\\/es\\\/?s={search_term_string}\"},\"query-input\":{\"@type\":\"PropertyValueSpecification\",\"valueRequired\":true,\"valueName\":\"search_term_string\"}}],\"inLanguage\":\"es\"}]}<\/script>\n<!-- \/ Yoast SEO plugin. -->","yoast_head_json":{"title":"Butifarra cruda (4 x 190 grs) - labonacarn.com","description":"Butifarra cruda de cerdo. Un gran aliado para tu barbacoa, hechas con carne de cerdo seleccionada, sin colorantes ni conservantes.","robots":{"index":"index","follow":"follow","max-snippet":"max-snippet:-1","max-image-preview":"max-image-preview:large","max-video-preview":"max-video-preview:-1"},"canonical":"https:\/\/labonacarn.com\/es\/producte\/butifarra-cruda-4-x-190-grs\/","og_locale":"es_ES","og_type":"article","og_title":"Butifarra cruda (4 x 190 grs) - labonacarn.com","og_description":"Butifarra cruda de cerdo. Un gran aliado para tu barbacoa, hechas con carne de cerdo seleccionada, sin colorantes ni conservantes.","og_url":"https:\/\/labonacarn.com\/es\/producte\/butifarra-cruda-4-x-190-grs\/","og_site_name":"labonacarn.com","article_modified_time":"2024-11-25T12:08:10+00:00","og_image":[{"width":800,"height":533,"url":"https:\/\/labonacarn.com\/wp-content\/uploads\/2022\/03\/5g.jpg","type":"image\/jpeg"}],"twitter_card":"summary_large_image","twitter_misc":{"Tiempo de lectura":"2 minutos"},"schema":{"@context":"https:\/\/schema.org","@graph":[{"@type":"WebPage","@id":"https:\/\/labonacarn.com\/es\/producte\/butifarra-cruda-4-x-190-grs\/","url":"https:\/\/labonacarn.com\/es\/producte\/butifarra-cruda-4-x-190-grs\/","name":"Butifarra cruda (4 x 190 grs) - labonacarn.com","isPartOf":{"@id":"https:\/\/labonacarn.com\/es\/#website"},"primaryImageOfPage":{"@id":"https:\/\/labonacarn.com\/es\/producte\/butifarra-cruda-4-x-190-grs\/#primaryimage"},"image":{"@id":"https:\/\/labonacarn.com\/es\/producte\/butifarra-cruda-4-x-190-grs\/#primaryimage"},"thumbnailUrl":"https:\/\/labonacarn.com\/wp-content\/uploads\/2022\/03\/5g.jpg","datePublished":"2022-03-02T15:50:14+00:00","dateModified":"2024-11-25T12:08:10+00:00","description":"Butifarra cruda de cerdo. Un gran aliado para tu barbacoa, hechas con carne de cerdo seleccionada, sin colorantes ni conservantes.","breadcrumb":{"@id":"https:\/\/labonacarn.com\/es\/producte\/butifarra-cruda-4-x-190-grs\/#breadcrumb"},"inLanguage":"es","potentialAction":[{"@type":"ReadAction","target":["https:\/\/labonacarn.com\/es\/producte\/butifarra-cruda-4-x-190-grs\/"]}]},{"@type":"ImageObject","inLanguage":"es","@id":"https:\/\/labonacarn.com\/es\/producte\/butifarra-cruda-4-x-190-grs\/#primaryimage","url":"https:\/\/labonacarn.com\/wp-content\/uploads\/2022\/03\/5g.jpg","contentUrl":"https:\/\/labonacarn.com\/wp-content\/uploads\/2022\/03\/5g.jpg","width":800,"height":533,"caption":"Botifarra de pag\u00e8s"},{"@type":"BreadcrumbList","@id":"https:\/\/labonacarn.com\/es\/producte\/butifarra-cruda-4-x-190-grs\/#breadcrumb","itemListElement":[{"@type":"ListItem","position":1,"name":"Portada","item":"https:\/\/labonacarn.com\/es\/"},{"@type":"ListItem","position":2,"name":"Tienda","item":"https:\/\/labonacarn.com\/es\/tienda\/"},{"@type":"ListItem","position":3,"name":"Butifarra cruda (4 x 190 grs)"}]},{"@type":"WebSite","@id":"https:\/\/labonacarn.com\/es\/#website","url":"https:\/\/labonacarn.com\/es\/","name":"labonacarn.com","description":"Venem carn de vedella, porc, pollastre, xai, poltre, gall dindi i embotits de primera qualitat i fets per nosaltres.","potentialAction":[{"@type":"SearchAction","target":{"@type":"EntryPoint","urlTemplate":"https:\/\/labonacarn.com\/es\/?s={search_term_string}"},"query-input":{"@type":"PropertyValueSpecification","valueRequired":true,"valueName":"search_term_string"}}],"inLanguage":"es"}]}},"_links":{"self":[{"href":"https:\/\/labonacarn.com\/es\/wp-json\/wp\/v2\/product\/4781","targetHints":{"allow":["GET"]}}],"collection":[{"href":"https:\/\/labonacarn.com\/es\/wp-json\/wp\/v2\/product"}],"about":[{"href":"https:\/\/labonacarn.com\/es\/wp-json\/wp\/v2\/types\/product"}],"wp:featuredmedia":[{"embeddable":true,"href":"https:\/\/labonacarn.com\/es\/wp-json\/wp\/v2\/media\/4264"}],"wp:attachment":[{"href":"https:\/\/labonacarn.com\/es\/wp-json\/wp\/v2\/media?parent=4781"}],"wp:term":[{"taxonomy":"product_brand","embeddable":true,"href":"https:\/\/labonacarn.com\/es\/wp-json\/wp\/v2\/product_brand?post=4781"},{"taxonomy":"product_cat","embeddable":true,"href":"https:\/\/labonacarn.com\/es\/wp-json\/wp\/v2\/product_cat?post=4781"},{"taxonomy":"product_tag","embeddable":true,"href":"https:\/\/labonacarn.com\/es\/wp-json\/wp\/v2\/product_tag?post=4781"}],"curies":[{"name":"wp","href":"https:\/\/api.w.org\/{rel}","templated":true}]}}