{"id":4723,"date":"2022-03-01T12:08:53","date_gmt":"2022-03-01T11:08:53","guid":{"rendered":"https:\/\/labonacarn.com\/producto\/pechuga-de-pollo-amarillo-catalan-fileteado-8-filetes-peso-aprox-750-grs\/"},"modified":"2024-11-25T14:05:18","modified_gmt":"2024-11-25T13:05:18","slug":"pecho-de-pollo-amarillo-catalan-fileteado-8-filetes-peso-aprox-750-grs","status":"publish","type":"product","link":"https:\/\/labonacarn.com\/es\/producte\/pecho-de-pollo-amarillo-catalan-fileteado-8-filetes-peso-aprox-750-grs\/","title":{"rendered":"Pechuga de pollo amarillo catal\u00e1n fileteado (8 filetes) peso aprox 750 grs."},"content":{"rendered":"<h2>Pechuga de pollo fileteada<\/h2>\n<p><span style=\"font-weight: 400\">Las pechugas de pollo fileteadas son una opci\u00f3n pr\u00e1ctica, saludable y deliciosa en la cocina. Su textura tierna y su sabor suave las hacen ideales para m\u00faltiples recetas, desde platos a la plancha hasta empanizados crujientes.Incluso pueden ser un gran aliado en nuestras barbacoas.<br \/>\nNuestras pechugas de pollo fileteadas son cuidadosamente seleccionadas y preparadas para garantizar la m\u00e1xima calidad en cada corte.<br \/>\n<\/span><span style=\"font-weight: 400\">Las servimos en dos paquetes con un peso de 350 grs en cada uno, envasadas al vac\u00edo.<\/span><span style=\"font-weight: 400\"><br \/>\n<\/span><span style=\"font-weight: 400\">Si las deseas congelar es mejor no romper el envase, ya que de esta forma la congelaci\u00f3n no altera la calidad ni su textura.<\/span><span style=\"font-weight: 400\"><br \/>\n<\/span><\/p>\n<p><span style=\"font-weight: 400\">Adem\u00e1s de ser bajas en grasa, son una excelente fuente de prote\u00ednas, perfectas para quienes buscan mantener una dieta equilibrada. Su preparaci\u00f3n r\u00e1pida las convierte en un aliado infalible para comidas familiares o cenas ligeras. <\/span><span style=\"font-weight: 400\"><br \/>\n<\/span><span style=\"font-weight: 400\">Es un plato muy solicitado por los reyes de la casa !!!<\/span><\/p>\n","protected":false},"excerpt":{"rendered":"<p>Las pechugas de pollo fileteadas son una opci\u00f3n pr\u00e1ctica, saludable y deliciosa en la cocina.<br \/>\nNo dejes pasar esta oportunidad de comer carne de calidad !!!<\/p>\n","protected":false},"featured_media":3802,"template":"","meta":{"_acf_changed":false,"_joinchat":[]},"product_brand":[],"product_cat":[63,67,104,99],"product_tag":[],"class_list":{"0":"post-4723","1":"product","2":"type-product","3":"status-publish","4":"has-post-thumbnail","6":"product_cat-carne","7":"product_cat-estilo-de-vida","8":"product_cat-para-los-reyes-de-la-casa","9":"product_cat-pollo","11":"first","12":"instock","13":"taxable","14":"shipping-taxable","15":"purchasable","16":"product-type-simple"},"acf":[],"yoast_head":"<!-- This site is optimized with the Yoast SEO plugin v27.4 - https:\/\/yoast.com\/product\/yoast-seo-wordpress\/ -->\n<title>Pechuga de pollo amarillo catal\u00e1n fileteado (8 filetes) peso aprox 750 grs. - labonacarn.com<\/title>\n<meta name=\"description\" content=\"Pechuga de pollo amarillo fileteada, un producto de una alta calidad, sin ning\u00fan tipo de a\u00f1adido de pollos de nuestras granjas.\" \/>\n<meta name=\"robots\" content=\"index, follow, max-snippet:-1, max-image-preview:large, max-video-preview:-1\" \/>\n<link rel=\"canonical\" href=\"https:\/\/labonacarn.com\/es\/producte\/pecho-de-pollo-amarillo-catalan-fileteado-8-filetes-peso-aprox-750-grs\/\" \/>\n<meta property=\"og:locale\" content=\"es_ES\" \/>\n<meta property=\"og:type\" content=\"article\" \/>\n<meta property=\"og:title\" content=\"Pechuga de pollo amarillo catal\u00e1n fileteado (8 filetes) peso aprox 750 grs. - labonacarn.com\" \/>\n<meta property=\"og:description\" content=\"Pechuga de pollo amarillo fileteada, un producto de una alta calidad, sin ning\u00fan tipo de a\u00f1adido de pollos de nuestras granjas.\" \/>\n<meta property=\"og:url\" content=\"https:\/\/labonacarn.com\/es\/producte\/pecho-de-pollo-amarillo-catalan-fileteado-8-filetes-peso-aprox-750-grs\/\" \/>\n<meta property=\"og:site_name\" content=\"labonacarn.com\" \/>\n<meta property=\"article:modified_time\" content=\"2024-11-25T13:05:18+00:00\" \/>\n<meta property=\"og:image\" content=\"https:\/\/labonacarn.com\/wp-content\/uploads\/2022\/03\/55g.jpg\" \/>\n\t<meta property=\"og:image:width\" content=\"800\" \/>\n\t<meta property=\"og:image:height\" content=\"533\" \/>\n\t<meta property=\"og:image:type\" content=\"image\/jpeg\" \/>\n<meta name=\"twitter:card\" content=\"summary_large_image\" \/>\n<meta name=\"twitter:label1\" content=\"Tiempo de lectura\" \/>\n\t<meta name=\"twitter:data1\" content=\"2 minutos\" \/>\n<script type=\"application\/ld+json\" class=\"yoast-schema-graph\">{\"@context\":\"https:\\\/\\\/schema.org\",\"@graph\":[{\"@type\":\"WebPage\",\"@id\":\"https:\\\/\\\/labonacarn.com\\\/es\\\/producte\\\/pecho-de-pollo-amarillo-catalan-fileteado-8-filetes-peso-aprox-750-grs\\\/\",\"url\":\"https:\\\/\\\/labonacarn.com\\\/es\\\/producte\\\/pecho-de-pollo-amarillo-catalan-fileteado-8-filetes-peso-aprox-750-grs\\\/\",\"name\":\"Pechuga de pollo amarillo catal\u00e1n fileteado (8 filetes) peso aprox 750 grs. - labonacarn.com\",\"isPartOf\":{\"@id\":\"https:\\\/\\\/labonacarn.com\\\/es\\\/#website\"},\"primaryImageOfPage\":{\"@id\":\"https:\\\/\\\/labonacarn.com\\\/es\\\/producte\\\/pecho-de-pollo-amarillo-catalan-fileteado-8-filetes-peso-aprox-750-grs\\\/#primaryimage\"},\"image\":{\"@id\":\"https:\\\/\\\/labonacarn.com\\\/es\\\/producte\\\/pecho-de-pollo-amarillo-catalan-fileteado-8-filetes-peso-aprox-750-grs\\\/#primaryimage\"},\"thumbnailUrl\":\"https:\\\/\\\/labonacarn.com\\\/wp-content\\\/uploads\\\/2022\\\/03\\\/55g.jpg\",\"datePublished\":\"2022-03-01T11:08:53+00:00\",\"dateModified\":\"2024-11-25T13:05:18+00:00\",\"description\":\"Pechuga de pollo amarillo fileteada, un producto de una alta calidad, sin ning\u00fan tipo de a\u00f1adido de pollos de nuestras granjas.\",\"breadcrumb\":{\"@id\":\"https:\\\/\\\/labonacarn.com\\\/es\\\/producte\\\/pecho-de-pollo-amarillo-catalan-fileteado-8-filetes-peso-aprox-750-grs\\\/#breadcrumb\"},\"inLanguage\":\"es\",\"potentialAction\":[{\"@type\":\"ReadAction\",\"target\":[\"https:\\\/\\\/labonacarn.com\\\/es\\\/producte\\\/pecho-de-pollo-amarillo-catalan-fileteado-8-filetes-peso-aprox-750-grs\\\/\"]}]},{\"@type\":\"ImageObject\",\"inLanguage\":\"es\",\"@id\":\"https:\\\/\\\/labonacarn.com\\\/es\\\/producte\\\/pecho-de-pollo-amarillo-catalan-fileteado-8-filetes-peso-aprox-750-grs\\\/#primaryimage\",\"url\":\"https:\\\/\\\/labonacarn.com\\\/wp-content\\\/uploads\\\/2022\\\/03\\\/55g.jpg\",\"contentUrl\":\"https:\\\/\\\/labonacarn.com\\\/wp-content\\\/uploads\\\/2022\\\/03\\\/55g.jpg\",\"width\":800,\"height\":533},{\"@type\":\"BreadcrumbList\",\"@id\":\"https:\\\/\\\/labonacarn.com\\\/es\\\/producte\\\/pecho-de-pollo-amarillo-catalan-fileteado-8-filetes-peso-aprox-750-grs\\\/#breadcrumb\",\"itemListElement\":[{\"@type\":\"ListItem\",\"position\":1,\"name\":\"Portada\",\"item\":\"https:\\\/\\\/labonacarn.com\\\/es\\\/\"},{\"@type\":\"ListItem\",\"position\":2,\"name\":\"Tienda\",\"item\":\"https:\\\/\\\/labonacarn.com\\\/es\\\/tienda\\\/\"},{\"@type\":\"ListItem\",\"position\":3,\"name\":\"Pechuga de pollo amarillo catal\u00e1n fileteado (8 filetes) peso aprox 750 grs.\"}]},{\"@type\":\"WebSite\",\"@id\":\"https:\\\/\\\/labonacarn.com\\\/es\\\/#website\",\"url\":\"https:\\\/\\\/labonacarn.com\\\/es\\\/\",\"name\":\"labonacarn.com\",\"description\":\"Venem carn de vedella, porc, pollastre, xai, poltre, gall dindi i embotits de primera qualitat i fets per nosaltres.\",\"potentialAction\":[{\"@type\":\"SearchAction\",\"target\":{\"@type\":\"EntryPoint\",\"urlTemplate\":\"https:\\\/\\\/labonacarn.com\\\/es\\\/?s={search_term_string}\"},\"query-input\":{\"@type\":\"PropertyValueSpecification\",\"valueRequired\":true,\"valueName\":\"search_term_string\"}}],\"inLanguage\":\"es\"}]}<\/script>\n<!-- \/ Yoast SEO plugin. -->","yoast_head_json":{"title":"Pechuga de pollo amarillo catal\u00e1n fileteado (8 filetes) peso aprox 750 grs. - labonacarn.com","description":"Pechuga de pollo amarillo fileteada, un producto de una alta calidad, sin ning\u00fan tipo de a\u00f1adido de pollos de nuestras granjas.","robots":{"index":"index","follow":"follow","max-snippet":"max-snippet:-1","max-image-preview":"max-image-preview:large","max-video-preview":"max-video-preview:-1"},"canonical":"https:\/\/labonacarn.com\/es\/producte\/pecho-de-pollo-amarillo-catalan-fileteado-8-filetes-peso-aprox-750-grs\/","og_locale":"es_ES","og_type":"article","og_title":"Pechuga de pollo amarillo catal\u00e1n fileteado (8 filetes) peso aprox 750 grs. - labonacarn.com","og_description":"Pechuga de pollo amarillo fileteada, un producto de una alta calidad, sin ning\u00fan tipo de a\u00f1adido de pollos de nuestras granjas.","og_url":"https:\/\/labonacarn.com\/es\/producte\/pecho-de-pollo-amarillo-catalan-fileteado-8-filetes-peso-aprox-750-grs\/","og_site_name":"labonacarn.com","article_modified_time":"2024-11-25T13:05:18+00:00","og_image":[{"width":800,"height":533,"url":"https:\/\/labonacarn.com\/wp-content\/uploads\/2022\/03\/55g.jpg","type":"image\/jpeg"}],"twitter_card":"summary_large_image","twitter_misc":{"Tiempo de lectura":"2 minutos"},"schema":{"@context":"https:\/\/schema.org","@graph":[{"@type":"WebPage","@id":"https:\/\/labonacarn.com\/es\/producte\/pecho-de-pollo-amarillo-catalan-fileteado-8-filetes-peso-aprox-750-grs\/","url":"https:\/\/labonacarn.com\/es\/producte\/pecho-de-pollo-amarillo-catalan-fileteado-8-filetes-peso-aprox-750-grs\/","name":"Pechuga de pollo amarillo catal\u00e1n fileteado (8 filetes) peso aprox 750 grs. - labonacarn.com","isPartOf":{"@id":"https:\/\/labonacarn.com\/es\/#website"},"primaryImageOfPage":{"@id":"https:\/\/labonacarn.com\/es\/producte\/pecho-de-pollo-amarillo-catalan-fileteado-8-filetes-peso-aprox-750-grs\/#primaryimage"},"image":{"@id":"https:\/\/labonacarn.com\/es\/producte\/pecho-de-pollo-amarillo-catalan-fileteado-8-filetes-peso-aprox-750-grs\/#primaryimage"},"thumbnailUrl":"https:\/\/labonacarn.com\/wp-content\/uploads\/2022\/03\/55g.jpg","datePublished":"2022-03-01T11:08:53+00:00","dateModified":"2024-11-25T13:05:18+00:00","description":"Pechuga de pollo amarillo fileteada, un producto de una alta calidad, sin ning\u00fan tipo de a\u00f1adido de pollos de nuestras granjas.","breadcrumb":{"@id":"https:\/\/labonacarn.com\/es\/producte\/pecho-de-pollo-amarillo-catalan-fileteado-8-filetes-peso-aprox-750-grs\/#breadcrumb"},"inLanguage":"es","potentialAction":[{"@type":"ReadAction","target":["https:\/\/labonacarn.com\/es\/producte\/pecho-de-pollo-amarillo-catalan-fileteado-8-filetes-peso-aprox-750-grs\/"]}]},{"@type":"ImageObject","inLanguage":"es","@id":"https:\/\/labonacarn.com\/es\/producte\/pecho-de-pollo-amarillo-catalan-fileteado-8-filetes-peso-aprox-750-grs\/#primaryimage","url":"https:\/\/labonacarn.com\/wp-content\/uploads\/2022\/03\/55g.jpg","contentUrl":"https:\/\/labonacarn.com\/wp-content\/uploads\/2022\/03\/55g.jpg","width":800,"height":533},{"@type":"BreadcrumbList","@id":"https:\/\/labonacarn.com\/es\/producte\/pecho-de-pollo-amarillo-catalan-fileteado-8-filetes-peso-aprox-750-grs\/#breadcrumb","itemListElement":[{"@type":"ListItem","position":1,"name":"Portada","item":"https:\/\/labonacarn.com\/es\/"},{"@type":"ListItem","position":2,"name":"Tienda","item":"https:\/\/labonacarn.com\/es\/tienda\/"},{"@type":"ListItem","position":3,"name":"Pechuga de pollo amarillo catal\u00e1n fileteado (8 filetes) peso aprox 750 grs."}]},{"@type":"WebSite","@id":"https:\/\/labonacarn.com\/es\/#website","url":"https:\/\/labonacarn.com\/es\/","name":"labonacarn.com","description":"Venem carn de vedella, porc, pollastre, xai, poltre, gall dindi i embotits de primera qualitat i fets per nosaltres.","potentialAction":[{"@type":"SearchAction","target":{"@type":"EntryPoint","urlTemplate":"https:\/\/labonacarn.com\/es\/?s={search_term_string}"},"query-input":{"@type":"PropertyValueSpecification","valueRequired":true,"valueName":"search_term_string"}}],"inLanguage":"es"}]}},"_links":{"self":[{"href":"https:\/\/labonacarn.com\/es\/wp-json\/wp\/v2\/product\/4723","targetHints":{"allow":["GET"]}}],"collection":[{"href":"https:\/\/labonacarn.com\/es\/wp-json\/wp\/v2\/product"}],"about":[{"href":"https:\/\/labonacarn.com\/es\/wp-json\/wp\/v2\/types\/product"}],"wp:featuredmedia":[{"embeddable":true,"href":"https:\/\/labonacarn.com\/es\/wp-json\/wp\/v2\/media\/3802"}],"wp:attachment":[{"href":"https:\/\/labonacarn.com\/es\/wp-json\/wp\/v2\/media?parent=4723"}],"wp:term":[{"taxonomy":"product_brand","embeddable":true,"href":"https:\/\/labonacarn.com\/es\/wp-json\/wp\/v2\/product_brand?post=4723"},{"taxonomy":"product_cat","embeddable":true,"href":"https:\/\/labonacarn.com\/es\/wp-json\/wp\/v2\/product_cat?post=4723"},{"taxonomy":"product_tag","embeddable":true,"href":"https:\/\/labonacarn.com\/es\/wp-json\/wp\/v2\/product_tag?post=4723"}],"curies":[{"name":"wp","href":"https:\/\/api.w.org\/{rel}","templated":true}]}}