{"id":4702,"date":"2022-03-01T12:06:19","date_gmt":"2022-03-01T11:06:19","guid":{"rendered":"https:\/\/labonacarn.com\/producto\/el-autentico-pollo-de-payes\/"},"modified":"2023-12-01T20:04:32","modified_gmt":"2023-12-01T19:04:32","slug":"el-autentico-pollo-de-corral","status":"publish","type":"product","link":"https:\/\/labonacarn.com\/es\/producte\/el-autentico-pollo-de-corral\/","title":{"rendered":"El aut\u00e9ntico pollo de corral !!!"},"content":{"rendered":"<h2>El aut\u00e9ntico pollo de corral !!!<\/h2>\n<p>Sin tapujos, pollos criados en la granja, al pie del Montseny y que nos dan como resultado un pollo de alt\u00edsima calidad. Ahora ya puede disfrutar en su casa y con un solo clic, de un pollo sensacional. Se trata de pollos que viven en libertad por la granja y que comen lo que quieren, aparte del grano que les proporcionamos. Tienen un peso medio de 3&#8217;6 kgrs y es necesario seleccionar en qu\u00e9 formato lo desea: entero y limpio, cortado en cuartos, cortado en octavos, cortado en dieciseisavos o si desea alg\u00fan otro nos lo hag\u00e1is saber. Precio: 12&#8217;95\u20ac\/kg.<\/p>\n","protected":false},"excerpt":{"rendered":"<p>El aut\u00e9ntico pollo de corral!! Este pollo tiene un peso de 3&#8217;5 kgrs aprox !!!<br \/>\nUn producto de alta gama al alcance de todos !!! Precio: 12&#8217;95\u20ac\/kg.<\/p>\n","protected":false},"featured_media":3695,"template":"","meta":{"_acf_changed":false,"_joinchat":[]},"product_brand":[],"product_cat":[63,99],"product_tag":[],"class_list":{"0":"post-4702","1":"product","2":"type-product","3":"status-publish","4":"has-post-thumbnail","6":"product_cat-carne","7":"product_cat-pollo","9":"first","10":"instock","11":"taxable","12":"shipping-taxable","13":"purchasable","14":"product-type-variable"},"acf":[],"yoast_head":"<!-- This site is optimized with the Yoast SEO plugin v27.4 - https:\/\/yoast.com\/product\/yoast-seo-wordpress\/ -->\n<title>El aut\u00e9ntico pollo de corral !!! - labonacarn.com<\/title>\n<meta name=\"description\" content=\"El aut\u00e9ntico pollo de corral, criado en libertad en nuestras granjas y alimentado bajo los bosques del Montseny, dan un pollo excelente !!!\" \/>\n<meta name=\"robots\" content=\"index, follow, max-snippet:-1, max-image-preview:large, max-video-preview:-1\" \/>\n<link rel=\"canonical\" href=\"https:\/\/labonacarn.com\/es\/producte\/el-autentico-pollo-de-corral\/\" \/>\n<meta property=\"og:locale\" content=\"es_ES\" \/>\n<meta property=\"og:type\" content=\"article\" \/>\n<meta property=\"og:title\" content=\"El aut\u00e9ntico pollo de corral !!! - labonacarn.com\" \/>\n<meta property=\"og:description\" content=\"El aut\u00e9ntico pollo de corral, criado en libertad en nuestras granjas y alimentado bajo los bosques del Montseny, dan un pollo excelente !!!\" \/>\n<meta property=\"og:url\" content=\"https:\/\/labonacarn.com\/es\/producte\/el-autentico-pollo-de-corral\/\" \/>\n<meta property=\"og:site_name\" content=\"labonacarn.com\" \/>\n<meta property=\"article:modified_time\" content=\"2023-12-01T19:04:32+00:00\" \/>\n<meta property=\"og:image\" content=\"https:\/\/labonacarn.com\/wp-content\/uploads\/2022\/03\/pollastre-pages.jpg\" \/>\n\t<meta property=\"og:image:width\" content=\"800\" \/>\n\t<meta property=\"og:image:height\" content=\"533\" \/>\n\t<meta property=\"og:image:type\" content=\"image\/jpeg\" \/>\n<meta name=\"twitter:card\" content=\"summary_large_image\" \/>\n<meta name=\"twitter:label1\" content=\"Tiempo de lectura\" \/>\n\t<meta name=\"twitter:data1\" content=\"1 minuto\" \/>\n<script type=\"application\/ld+json\" class=\"yoast-schema-graph\">{\"@context\":\"https:\\\/\\\/schema.org\",\"@graph\":[{\"@type\":\"WebPage\",\"@id\":\"https:\\\/\\\/labonacarn.com\\\/es\\\/producte\\\/el-autentico-pollo-de-corral\\\/\",\"url\":\"https:\\\/\\\/labonacarn.com\\\/es\\\/producte\\\/el-autentico-pollo-de-corral\\\/\",\"name\":\"El aut\u00e9ntico pollo de corral !!! - labonacarn.com\",\"isPartOf\":{\"@id\":\"https:\\\/\\\/labonacarn.com\\\/es\\\/#website\"},\"primaryImageOfPage\":{\"@id\":\"https:\\\/\\\/labonacarn.com\\\/es\\\/producte\\\/el-autentico-pollo-de-corral\\\/#primaryimage\"},\"image\":{\"@id\":\"https:\\\/\\\/labonacarn.com\\\/es\\\/producte\\\/el-autentico-pollo-de-corral\\\/#primaryimage\"},\"thumbnailUrl\":\"https:\\\/\\\/labonacarn.com\\\/wp-content\\\/uploads\\\/2022\\\/03\\\/pollastre-pages.jpg\",\"datePublished\":\"2022-03-01T11:06:19+00:00\",\"dateModified\":\"2023-12-01T19:04:32+00:00\",\"description\":\"El aut\u00e9ntico pollo de corral, criado en libertad en nuestras granjas y alimentado bajo los bosques del Montseny, dan un pollo excelente !!!\",\"breadcrumb\":{\"@id\":\"https:\\\/\\\/labonacarn.com\\\/es\\\/producte\\\/el-autentico-pollo-de-corral\\\/#breadcrumb\"},\"inLanguage\":\"es\",\"potentialAction\":[{\"@type\":\"ReadAction\",\"target\":[\"https:\\\/\\\/labonacarn.com\\\/es\\\/producte\\\/el-autentico-pollo-de-corral\\\/\"]}]},{\"@type\":\"ImageObject\",\"inLanguage\":\"es\",\"@id\":\"https:\\\/\\\/labonacarn.com\\\/es\\\/producte\\\/el-autentico-pollo-de-corral\\\/#primaryimage\",\"url\":\"https:\\\/\\\/labonacarn.com\\\/wp-content\\\/uploads\\\/2022\\\/03\\\/pollastre-pages.jpg\",\"contentUrl\":\"https:\\\/\\\/labonacarn.com\\\/wp-content\\\/uploads\\\/2022\\\/03\\\/pollastre-pages.jpg\",\"width\":800,\"height\":533},{\"@type\":\"BreadcrumbList\",\"@id\":\"https:\\\/\\\/labonacarn.com\\\/es\\\/producte\\\/el-autentico-pollo-de-corral\\\/#breadcrumb\",\"itemListElement\":[{\"@type\":\"ListItem\",\"position\":1,\"name\":\"Portada\",\"item\":\"https:\\\/\\\/labonacarn.com\\\/es\\\/\"},{\"@type\":\"ListItem\",\"position\":2,\"name\":\"Tienda\",\"item\":\"https:\\\/\\\/labonacarn.com\\\/es\\\/tienda\\\/\"},{\"@type\":\"ListItem\",\"position\":3,\"name\":\"El aut\u00e9ntico pollo de corral !!!\"}]},{\"@type\":\"WebSite\",\"@id\":\"https:\\\/\\\/labonacarn.com\\\/es\\\/#website\",\"url\":\"https:\\\/\\\/labonacarn.com\\\/es\\\/\",\"name\":\"labonacarn.com\",\"description\":\"Venem carn de vedella, porc, pollastre, xai, poltre, gall dindi i embotits de primera qualitat i fets per nosaltres.\",\"potentialAction\":[{\"@type\":\"SearchAction\",\"target\":{\"@type\":\"EntryPoint\",\"urlTemplate\":\"https:\\\/\\\/labonacarn.com\\\/es\\\/?s={search_term_string}\"},\"query-input\":{\"@type\":\"PropertyValueSpecification\",\"valueRequired\":true,\"valueName\":\"search_term_string\"}}],\"inLanguage\":\"es\"}]}<\/script>\n<!-- \/ Yoast SEO plugin. -->","yoast_head_json":{"title":"El aut\u00e9ntico pollo de corral !!! - labonacarn.com","description":"El aut\u00e9ntico pollo de corral, criado en libertad en nuestras granjas y alimentado bajo los bosques del Montseny, dan un pollo excelente !!!","robots":{"index":"index","follow":"follow","max-snippet":"max-snippet:-1","max-image-preview":"max-image-preview:large","max-video-preview":"max-video-preview:-1"},"canonical":"https:\/\/labonacarn.com\/es\/producte\/el-autentico-pollo-de-corral\/","og_locale":"es_ES","og_type":"article","og_title":"El aut\u00e9ntico pollo de corral !!! - labonacarn.com","og_description":"El aut\u00e9ntico pollo de corral, criado en libertad en nuestras granjas y alimentado bajo los bosques del Montseny, dan un pollo excelente !!!","og_url":"https:\/\/labonacarn.com\/es\/producte\/el-autentico-pollo-de-corral\/","og_site_name":"labonacarn.com","article_modified_time":"2023-12-01T19:04:32+00:00","og_image":[{"width":800,"height":533,"url":"https:\/\/labonacarn.com\/wp-content\/uploads\/2022\/03\/pollastre-pages.jpg","type":"image\/jpeg"}],"twitter_card":"summary_large_image","twitter_misc":{"Tiempo de lectura":"1 minuto"},"schema":{"@context":"https:\/\/schema.org","@graph":[{"@type":"WebPage","@id":"https:\/\/labonacarn.com\/es\/producte\/el-autentico-pollo-de-corral\/","url":"https:\/\/labonacarn.com\/es\/producte\/el-autentico-pollo-de-corral\/","name":"El aut\u00e9ntico pollo de corral !!! - labonacarn.com","isPartOf":{"@id":"https:\/\/labonacarn.com\/es\/#website"},"primaryImageOfPage":{"@id":"https:\/\/labonacarn.com\/es\/producte\/el-autentico-pollo-de-corral\/#primaryimage"},"image":{"@id":"https:\/\/labonacarn.com\/es\/producte\/el-autentico-pollo-de-corral\/#primaryimage"},"thumbnailUrl":"https:\/\/labonacarn.com\/wp-content\/uploads\/2022\/03\/pollastre-pages.jpg","datePublished":"2022-03-01T11:06:19+00:00","dateModified":"2023-12-01T19:04:32+00:00","description":"El aut\u00e9ntico pollo de corral, criado en libertad en nuestras granjas y alimentado bajo los bosques del Montseny, dan un pollo excelente !!!","breadcrumb":{"@id":"https:\/\/labonacarn.com\/es\/producte\/el-autentico-pollo-de-corral\/#breadcrumb"},"inLanguage":"es","potentialAction":[{"@type":"ReadAction","target":["https:\/\/labonacarn.com\/es\/producte\/el-autentico-pollo-de-corral\/"]}]},{"@type":"ImageObject","inLanguage":"es","@id":"https:\/\/labonacarn.com\/es\/producte\/el-autentico-pollo-de-corral\/#primaryimage","url":"https:\/\/labonacarn.com\/wp-content\/uploads\/2022\/03\/pollastre-pages.jpg","contentUrl":"https:\/\/labonacarn.com\/wp-content\/uploads\/2022\/03\/pollastre-pages.jpg","width":800,"height":533},{"@type":"BreadcrumbList","@id":"https:\/\/labonacarn.com\/es\/producte\/el-autentico-pollo-de-corral\/#breadcrumb","itemListElement":[{"@type":"ListItem","position":1,"name":"Portada","item":"https:\/\/labonacarn.com\/es\/"},{"@type":"ListItem","position":2,"name":"Tienda","item":"https:\/\/labonacarn.com\/es\/tienda\/"},{"@type":"ListItem","position":3,"name":"El aut\u00e9ntico pollo de corral !!!"}]},{"@type":"WebSite","@id":"https:\/\/labonacarn.com\/es\/#website","url":"https:\/\/labonacarn.com\/es\/","name":"labonacarn.com","description":"Venem carn de vedella, porc, pollastre, xai, poltre, gall dindi i embotits de primera qualitat i fets per nosaltres.","potentialAction":[{"@type":"SearchAction","target":{"@type":"EntryPoint","urlTemplate":"https:\/\/labonacarn.com\/es\/?s={search_term_string}"},"query-input":{"@type":"PropertyValueSpecification","valueRequired":true,"valueName":"search_term_string"}}],"inLanguage":"es"}]}},"_links":{"self":[{"href":"https:\/\/labonacarn.com\/es\/wp-json\/wp\/v2\/product\/4702","targetHints":{"allow":["GET"]}}],"collection":[{"href":"https:\/\/labonacarn.com\/es\/wp-json\/wp\/v2\/product"}],"about":[{"href":"https:\/\/labonacarn.com\/es\/wp-json\/wp\/v2\/types\/product"}],"wp:featuredmedia":[{"embeddable":true,"href":"https:\/\/labonacarn.com\/es\/wp-json\/wp\/v2\/media\/3695"}],"wp:attachment":[{"href":"https:\/\/labonacarn.com\/es\/wp-json\/wp\/v2\/media?parent=4702"}],"wp:term":[{"taxonomy":"product_brand","embeddable":true,"href":"https:\/\/labonacarn.com\/es\/wp-json\/wp\/v2\/product_brand?post=4702"},{"taxonomy":"product_cat","embeddable":true,"href":"https:\/\/labonacarn.com\/es\/wp-json\/wp\/v2\/product_cat?post=4702"},{"taxonomy":"product_tag","embeddable":true,"href":"https:\/\/labonacarn.com\/es\/wp-json\/wp\/v2\/product_tag?post=4702"}],"curies":[{"name":"wp","href":"https:\/\/api.w.org\/{rel}","templated":true}]}}