{"id":4696,"date":"2022-03-01T18:23:18","date_gmt":"2022-03-01T17:23:18","guid":{"rendered":"https:\/\/labonacarn.com\/producto\/pechuga-de-pollo-sin-hueso-4-unidades-peso-aprox-1-kgrs\/"},"modified":"2024-11-25T16:19:02","modified_gmt":"2024-11-25T15:19:02","slug":"pecho-de-pollo-sin-hueso-4-unidades-peso-aprox-1-kgrs","status":"publish","type":"product","link":"https:\/\/labonacarn.com\/es\/producte\/pecho-de-pollo-sin-hueso-4-unidades-peso-aprox-1-kgrs\/","title":{"rendered":"Pechuga de pollo sin hueso ( 4 unidades) peso aprox 1 Kgrs."},"content":{"rendered":"<h2>Pechuga de pollo\u00a0 sin hueso<\/h2>\n<p>La pechuga de pollo sin hueso de labonacarn\u00a0 es una opci\u00f3n de alta calidad, ideal para quienes buscan una carne tierna y saludable. Procedente de pollos criados en Girona,\u00a0 destaca por su sabor aut\u00e9ntico y su textura jugosa. Nuestro pollo es de categor\u00eda extra, la mejor.<\/p>\n<h3>Como se cocina<\/h3>\n<p>Este corte es perfecto para diversas recetas, como a la plancha, al horno o en guisos, gracias a su versatilidad. Adem\u00e1s, al ser deshuesada, facilita la preparaci\u00f3n y ofrece mayor comodidad. Rica en prote\u00ednas y baja en grasa, la pechuga de pollo de labonacarn\u00a0 es una excelente elecci\u00f3n para una alimentaci\u00f3n equilibrada y deliciosa.<\/p>\n<h3>Como lo servimos<\/h3>\n<p>Envasado al vac\u00edo en dos o cuatro unidades. Si lo deseas congelar, mejor que no rompas el envasado al vac\u00edo. De esta forma la congelaci\u00f3n no alterar\u00e1 ni su textura ni su calidad.<\/p>\n<p>Rica en prote\u00ednas y baja en grasa, si deseas comprar pollo de calidad, la pechuga de pollo de labonacarn\u00a0 es una excelente elecci\u00f3n para una alimentaci\u00f3n equilibrada y deliciosa.<\/p>\n<p>&nbsp;<\/p>\n","protected":false},"excerpt":{"rendered":"<p>Pechuga de pollo amarillo catal\u00e1n sin hueso ( 4 unidades) con un peso aprox 1 Kgrs. Cortado a mano, listo para la plancha. (Categor\u00eda extra). Precio: 9&#8217;85\u20ac\/kgr.<\/p>\n","protected":false},"featured_media":3841,"template":"","meta":{"_acf_changed":false,"_joinchat":[]},"product_brand":[],"product_cat":[63,99],"product_tag":[],"class_list":{"0":"post-4696","1":"product","2":"type-product","3":"status-publish","4":"has-post-thumbnail","6":"product_cat-carne","7":"product_cat-pollo","9":"first","10":"instock","11":"taxable","12":"shipping-taxable","13":"purchasable","14":"product-type-simple"},"acf":[],"yoast_head":"<!-- This site is optimized with the Yoast SEO plugin v27.4 - https:\/\/yoast.com\/product\/yoast-seo-wordpress\/ -->\n<title>Pechuga de pollo sin hueso ( 4 unidades) peso aprox 1 Kgrs. - labonacarn.com<\/title>\n<meta name=\"description\" content=\"Si deseas comprar pollo de calidad, la pechuga de pollo de labonacarn\u00a0 es una excelente elecci\u00f3n para una alimentaci\u00f3n equilibrada y deliciosa.\" \/>\n<meta name=\"robots\" content=\"index, follow, max-snippet:-1, max-image-preview:large, max-video-preview:-1\" \/>\n<link rel=\"canonical\" href=\"https:\/\/labonacarn.com\/es\/producte\/pecho-de-pollo-sin-hueso-4-unidades-peso-aprox-1-kgrs\/\" \/>\n<meta property=\"og:locale\" content=\"es_ES\" \/>\n<meta property=\"og:type\" content=\"article\" \/>\n<meta property=\"og:title\" content=\"Pechuga de pollo sin hueso ( 4 unidades) peso aprox 1 Kgrs. - labonacarn.com\" \/>\n<meta property=\"og:description\" content=\"Si deseas comprar pollo de calidad, la pechuga de pollo de labonacarn\u00a0 es una excelente elecci\u00f3n para una alimentaci\u00f3n equilibrada y deliciosa.\" \/>\n<meta property=\"og:url\" content=\"https:\/\/labonacarn.com\/es\/producte\/pecho-de-pollo-sin-hueso-4-unidades-peso-aprox-1-kgrs\/\" \/>\n<meta property=\"og:site_name\" content=\"labonacarn.com\" \/>\n<meta property=\"article:modified_time\" content=\"2024-11-25T15:19:02+00:00\" \/>\n<meta property=\"og:image\" content=\"https:\/\/labonacarn.com\/wp-content\/uploads\/2022\/03\/54g.jpg\" \/>\n\t<meta property=\"og:image:width\" content=\"800\" \/>\n\t<meta property=\"og:image:height\" content=\"533\" \/>\n\t<meta property=\"og:image:type\" content=\"image\/jpeg\" \/>\n<meta name=\"twitter:card\" content=\"summary_large_image\" \/>\n<meta name=\"twitter:label1\" content=\"Tiempo de lectura\" \/>\n\t<meta name=\"twitter:data1\" content=\"2 minutos\" \/>\n<script type=\"application\/ld+json\" class=\"yoast-schema-graph\">{\"@context\":\"https:\\\/\\\/schema.org\",\"@graph\":[{\"@type\":\"WebPage\",\"@id\":\"https:\\\/\\\/labonacarn.com\\\/es\\\/producte\\\/pecho-de-pollo-sin-hueso-4-unidades-peso-aprox-1-kgrs\\\/\",\"url\":\"https:\\\/\\\/labonacarn.com\\\/es\\\/producte\\\/pecho-de-pollo-sin-hueso-4-unidades-peso-aprox-1-kgrs\\\/\",\"name\":\"Pechuga de pollo sin hueso ( 4 unidades) peso aprox 1 Kgrs. - labonacarn.com\",\"isPartOf\":{\"@id\":\"https:\\\/\\\/labonacarn.com\\\/es\\\/#website\"},\"primaryImageOfPage\":{\"@id\":\"https:\\\/\\\/labonacarn.com\\\/es\\\/producte\\\/pecho-de-pollo-sin-hueso-4-unidades-peso-aprox-1-kgrs\\\/#primaryimage\"},\"image\":{\"@id\":\"https:\\\/\\\/labonacarn.com\\\/es\\\/producte\\\/pecho-de-pollo-sin-hueso-4-unidades-peso-aprox-1-kgrs\\\/#primaryimage\"},\"thumbnailUrl\":\"https:\\\/\\\/labonacarn.com\\\/wp-content\\\/uploads\\\/2022\\\/03\\\/54g.jpg\",\"datePublished\":\"2022-03-01T17:23:18+00:00\",\"dateModified\":\"2024-11-25T15:19:02+00:00\",\"description\":\"Si deseas comprar pollo de calidad, la pechuga de pollo de labonacarn\u00a0 es una excelente elecci\u00f3n para una alimentaci\u00f3n equilibrada y deliciosa.\",\"breadcrumb\":{\"@id\":\"https:\\\/\\\/labonacarn.com\\\/es\\\/producte\\\/pecho-de-pollo-sin-hueso-4-unidades-peso-aprox-1-kgrs\\\/#breadcrumb\"},\"inLanguage\":\"es\",\"potentialAction\":[{\"@type\":\"ReadAction\",\"target\":[\"https:\\\/\\\/labonacarn.com\\\/es\\\/producte\\\/pecho-de-pollo-sin-hueso-4-unidades-peso-aprox-1-kgrs\\\/\"]}]},{\"@type\":\"ImageObject\",\"inLanguage\":\"es\",\"@id\":\"https:\\\/\\\/labonacarn.com\\\/es\\\/producte\\\/pecho-de-pollo-sin-hueso-4-unidades-peso-aprox-1-kgrs\\\/#primaryimage\",\"url\":\"https:\\\/\\\/labonacarn.com\\\/wp-content\\\/uploads\\\/2022\\\/03\\\/54g.jpg\",\"contentUrl\":\"https:\\\/\\\/labonacarn.com\\\/wp-content\\\/uploads\\\/2022\\\/03\\\/54g.jpg\",\"width\":800,\"height\":533},{\"@type\":\"BreadcrumbList\",\"@id\":\"https:\\\/\\\/labonacarn.com\\\/es\\\/producte\\\/pecho-de-pollo-sin-hueso-4-unidades-peso-aprox-1-kgrs\\\/#breadcrumb\",\"itemListElement\":[{\"@type\":\"ListItem\",\"position\":1,\"name\":\"Portada\",\"item\":\"https:\\\/\\\/labonacarn.com\\\/es\\\/\"},{\"@type\":\"ListItem\",\"position\":2,\"name\":\"Tienda\",\"item\":\"https:\\\/\\\/labonacarn.com\\\/es\\\/tienda\\\/\"},{\"@type\":\"ListItem\",\"position\":3,\"name\":\"Pechuga de pollo sin hueso ( 4 unidades) peso aprox 1 Kgrs.\"}]},{\"@type\":\"WebSite\",\"@id\":\"https:\\\/\\\/labonacarn.com\\\/es\\\/#website\",\"url\":\"https:\\\/\\\/labonacarn.com\\\/es\\\/\",\"name\":\"labonacarn.com\",\"description\":\"Venem carn de vedella, porc, pollastre, xai, poltre, gall dindi i embotits de primera qualitat i fets per nosaltres.\",\"potentialAction\":[{\"@type\":\"SearchAction\",\"target\":{\"@type\":\"EntryPoint\",\"urlTemplate\":\"https:\\\/\\\/labonacarn.com\\\/es\\\/?s={search_term_string}\"},\"query-input\":{\"@type\":\"PropertyValueSpecification\",\"valueRequired\":true,\"valueName\":\"search_term_string\"}}],\"inLanguage\":\"es\"}]}<\/script>\n<!-- \/ Yoast SEO plugin. -->","yoast_head_json":{"title":"Pechuga de pollo sin hueso ( 4 unidades) peso aprox 1 Kgrs. - labonacarn.com","description":"Si deseas comprar pollo de calidad, la pechuga de pollo de labonacarn\u00a0 es una excelente elecci\u00f3n para una alimentaci\u00f3n equilibrada y deliciosa.","robots":{"index":"index","follow":"follow","max-snippet":"max-snippet:-1","max-image-preview":"max-image-preview:large","max-video-preview":"max-video-preview:-1"},"canonical":"https:\/\/labonacarn.com\/es\/producte\/pecho-de-pollo-sin-hueso-4-unidades-peso-aprox-1-kgrs\/","og_locale":"es_ES","og_type":"article","og_title":"Pechuga de pollo sin hueso ( 4 unidades) peso aprox 1 Kgrs. - labonacarn.com","og_description":"Si deseas comprar pollo de calidad, la pechuga de pollo de labonacarn\u00a0 es una excelente elecci\u00f3n para una alimentaci\u00f3n equilibrada y deliciosa.","og_url":"https:\/\/labonacarn.com\/es\/producte\/pecho-de-pollo-sin-hueso-4-unidades-peso-aprox-1-kgrs\/","og_site_name":"labonacarn.com","article_modified_time":"2024-11-25T15:19:02+00:00","og_image":[{"width":800,"height":533,"url":"https:\/\/labonacarn.com\/wp-content\/uploads\/2022\/03\/54g.jpg","type":"image\/jpeg"}],"twitter_card":"summary_large_image","twitter_misc":{"Tiempo de lectura":"2 minutos"},"schema":{"@context":"https:\/\/schema.org","@graph":[{"@type":"WebPage","@id":"https:\/\/labonacarn.com\/es\/producte\/pecho-de-pollo-sin-hueso-4-unidades-peso-aprox-1-kgrs\/","url":"https:\/\/labonacarn.com\/es\/producte\/pecho-de-pollo-sin-hueso-4-unidades-peso-aprox-1-kgrs\/","name":"Pechuga de pollo sin hueso ( 4 unidades) peso aprox 1 Kgrs. - labonacarn.com","isPartOf":{"@id":"https:\/\/labonacarn.com\/es\/#website"},"primaryImageOfPage":{"@id":"https:\/\/labonacarn.com\/es\/producte\/pecho-de-pollo-sin-hueso-4-unidades-peso-aprox-1-kgrs\/#primaryimage"},"image":{"@id":"https:\/\/labonacarn.com\/es\/producte\/pecho-de-pollo-sin-hueso-4-unidades-peso-aprox-1-kgrs\/#primaryimage"},"thumbnailUrl":"https:\/\/labonacarn.com\/wp-content\/uploads\/2022\/03\/54g.jpg","datePublished":"2022-03-01T17:23:18+00:00","dateModified":"2024-11-25T15:19:02+00:00","description":"Si deseas comprar pollo de calidad, la pechuga de pollo de labonacarn\u00a0 es una excelente elecci\u00f3n para una alimentaci\u00f3n equilibrada y deliciosa.","breadcrumb":{"@id":"https:\/\/labonacarn.com\/es\/producte\/pecho-de-pollo-sin-hueso-4-unidades-peso-aprox-1-kgrs\/#breadcrumb"},"inLanguage":"es","potentialAction":[{"@type":"ReadAction","target":["https:\/\/labonacarn.com\/es\/producte\/pecho-de-pollo-sin-hueso-4-unidades-peso-aprox-1-kgrs\/"]}]},{"@type":"ImageObject","inLanguage":"es","@id":"https:\/\/labonacarn.com\/es\/producte\/pecho-de-pollo-sin-hueso-4-unidades-peso-aprox-1-kgrs\/#primaryimage","url":"https:\/\/labonacarn.com\/wp-content\/uploads\/2022\/03\/54g.jpg","contentUrl":"https:\/\/labonacarn.com\/wp-content\/uploads\/2022\/03\/54g.jpg","width":800,"height":533},{"@type":"BreadcrumbList","@id":"https:\/\/labonacarn.com\/es\/producte\/pecho-de-pollo-sin-hueso-4-unidades-peso-aprox-1-kgrs\/#breadcrumb","itemListElement":[{"@type":"ListItem","position":1,"name":"Portada","item":"https:\/\/labonacarn.com\/es\/"},{"@type":"ListItem","position":2,"name":"Tienda","item":"https:\/\/labonacarn.com\/es\/tienda\/"},{"@type":"ListItem","position":3,"name":"Pechuga de pollo sin hueso ( 4 unidades) peso aprox 1 Kgrs."}]},{"@type":"WebSite","@id":"https:\/\/labonacarn.com\/es\/#website","url":"https:\/\/labonacarn.com\/es\/","name":"labonacarn.com","description":"Venem carn de vedella, porc, pollastre, xai, poltre, gall dindi i embotits de primera qualitat i fets per nosaltres.","potentialAction":[{"@type":"SearchAction","target":{"@type":"EntryPoint","urlTemplate":"https:\/\/labonacarn.com\/es\/?s={search_term_string}"},"query-input":{"@type":"PropertyValueSpecification","valueRequired":true,"valueName":"search_term_string"}}],"inLanguage":"es"}]}},"_links":{"self":[{"href":"https:\/\/labonacarn.com\/es\/wp-json\/wp\/v2\/product\/4696","targetHints":{"allow":["GET"]}}],"collection":[{"href":"https:\/\/labonacarn.com\/es\/wp-json\/wp\/v2\/product"}],"about":[{"href":"https:\/\/labonacarn.com\/es\/wp-json\/wp\/v2\/types\/product"}],"wp:featuredmedia":[{"embeddable":true,"href":"https:\/\/labonacarn.com\/es\/wp-json\/wp\/v2\/media\/3841"}],"wp:attachment":[{"href":"https:\/\/labonacarn.com\/es\/wp-json\/wp\/v2\/media?parent=4696"}],"wp:term":[{"taxonomy":"product_brand","embeddable":true,"href":"https:\/\/labonacarn.com\/es\/wp-json\/wp\/v2\/product_brand?post=4696"},{"taxonomy":"product_cat","embeddable":true,"href":"https:\/\/labonacarn.com\/es\/wp-json\/wp\/v2\/product_cat?post=4696"},{"taxonomy":"product_tag","embeddable":true,"href":"https:\/\/labonacarn.com\/es\/wp-json\/wp\/v2\/product_tag?post=4696"}],"curies":[{"name":"wp","href":"https:\/\/api.w.org\/{rel}","templated":true}]}}