{"id":4688,"date":"2022-03-01T12:05:16","date_gmt":"2022-03-01T11:05:16","guid":{"rendered":"https:\/\/labonacarn.com\/producto\/muslos-pollo-amarillo-catalan-sin-hueso-4-unidos-peso-aprox-900-grs\/"},"modified":"2024-11-25T15:04:48","modified_gmt":"2024-11-25T14:04:48","slug":"muslos-pollo-amarillo-catalan-sin-hueso-4-unidos-peso-aprox-900-grs","status":"publish","type":"product","link":"https:\/\/labonacarn.com\/es\/producte\/muslos-pollo-amarillo-catalan-sin-hueso-4-unidos-peso-aprox-900-grs\/","title":{"rendered":"Muslos pollo amarillo catal\u00e1n sin hueso (4 unidos) peso aprox 900 grs."},"content":{"rendered":"<h2>Muslos de pollo amarillo sin hueso<\/h2>\n<p>Los muslos de pollo sin hueso de labonacarn\u00a0 son una opci\u00f3n deliciosa y vers\u00e1til en la cocina.<br \/>\nSu carne jugosa y tierna los hace perfectos para preparar a la plancha, al horno, guisados o incluso marinados para barbacoas. Este corte combina un sabor intenso con facilidad de preparaci\u00f3n, ya que la ausencia de hueso facilita su cocci\u00f3n y presentaci\u00f3n. Adem\u00e1s, son ricos en prote\u00ednas y una excelente alternativa para comidas equilibradas. Su versatilidad permite combinarlos con especias, salsas o acompa\u00f1amientos variados, adapt\u00e1ndose a todo tipo de recetas y paladares. Los muslos de pollo sin hueso son un imprescindible en cualquier cocina.<\/p>\n<h3>Como se cocinan<\/h3>\n<p>Tenemos diferentes opciones, la m\u00e1s usada es a la plancha o a la barbacoa, pero al horno quedan magn\u00edficas. En internet podr\u00e1s encontrar multitud de recetas<\/p>\n<h3>Como las servimos<\/h3>\n<p>Envasadas al vac\u00edo en paquetes de dos unidades. Si las deseas congelar mejor que no rompas el envase al vac\u00edo. De esta forma no perderan su textura. Se tienen que mantener en fr\u00edo. Todos los muslos han sido trabajados a mano.<\/p>\n","protected":false},"excerpt":{"rendered":"<p>Jugosos, tiernos y vers\u00e1tiles, perfectos para recetas r\u00e1pidas y deliciosas.<\/p>\n","protected":false},"featured_media":3795,"template":"","meta":{"_acf_changed":false,"_joinchat":[]},"product_brand":[],"product_cat":[63,99],"product_tag":[],"class_list":{"0":"post-4688","1":"product","2":"type-product","3":"status-publish","4":"has-post-thumbnail","6":"product_cat-carne","7":"product_cat-pollo","9":"first","10":"instock","11":"taxable","12":"shipping-taxable","13":"purchasable","14":"product-type-simple"},"acf":[],"yoast_head":"<!-- This site is optimized with the Yoast SEO plugin v27.4 - https:\/\/yoast.com\/product\/yoast-seo-wordpress\/ -->\n<title>Muslos pollo amarillo catal\u00e1n sin hueso (4 unidos) peso aprox 900 grs. - labonacarn.com<\/title>\n<meta name=\"description\" content=\"Muslos de pollo de labonacarn, jugosos, tiernos y vers\u00e1tiles, con poca grasa y perfectos para recetas r\u00e1pidas y deliciosas.\" \/>\n<meta name=\"robots\" content=\"index, follow, max-snippet:-1, max-image-preview:large, max-video-preview:-1\" \/>\n<link rel=\"canonical\" href=\"https:\/\/labonacarn.com\/es\/producte\/muslos-pollo-amarillo-catalan-sin-hueso-4-unidos-peso-aprox-900-grs\/\" \/>\n<meta property=\"og:locale\" content=\"es_ES\" \/>\n<meta property=\"og:type\" content=\"article\" \/>\n<meta property=\"og:title\" content=\"Muslos pollo amarillo catal\u00e1n sin hueso (4 unidos) peso aprox 900 grs. - labonacarn.com\" \/>\n<meta property=\"og:description\" content=\"Muslos de pollo de labonacarn, jugosos, tiernos y vers\u00e1tiles, con poca grasa y perfectos para recetas r\u00e1pidas y deliciosas.\" \/>\n<meta property=\"og:url\" content=\"https:\/\/labonacarn.com\/es\/producte\/muslos-pollo-amarillo-catalan-sin-hueso-4-unidos-peso-aprox-900-grs\/\" \/>\n<meta property=\"og:site_name\" content=\"labonacarn.com\" \/>\n<meta property=\"article:modified_time\" content=\"2024-11-25T14:04:48+00:00\" \/>\n<meta property=\"og:image\" content=\"https:\/\/labonacarn.com\/wp-content\/uploads\/2022\/03\/57g.jpg\" \/>\n\t<meta property=\"og:image:width\" content=\"800\" \/>\n\t<meta property=\"og:image:height\" content=\"533\" \/>\n\t<meta property=\"og:image:type\" content=\"image\/jpeg\" \/>\n<meta name=\"twitter:card\" content=\"summary_large_image\" \/>\n<meta name=\"twitter:label1\" content=\"Tiempo de lectura\" \/>\n\t<meta name=\"twitter:data1\" content=\"2 minutos\" \/>\n<script type=\"application\/ld+json\" class=\"yoast-schema-graph\">{\"@context\":\"https:\\\/\\\/schema.org\",\"@graph\":[{\"@type\":\"WebPage\",\"@id\":\"https:\\\/\\\/labonacarn.com\\\/es\\\/producte\\\/muslos-pollo-amarillo-catalan-sin-hueso-4-unidos-peso-aprox-900-grs\\\/\",\"url\":\"https:\\\/\\\/labonacarn.com\\\/es\\\/producte\\\/muslos-pollo-amarillo-catalan-sin-hueso-4-unidos-peso-aprox-900-grs\\\/\",\"name\":\"Muslos pollo amarillo catal\u00e1n sin hueso (4 unidos) peso aprox 900 grs. - labonacarn.com\",\"isPartOf\":{\"@id\":\"https:\\\/\\\/labonacarn.com\\\/es\\\/#website\"},\"primaryImageOfPage\":{\"@id\":\"https:\\\/\\\/labonacarn.com\\\/es\\\/producte\\\/muslos-pollo-amarillo-catalan-sin-hueso-4-unidos-peso-aprox-900-grs\\\/#primaryimage\"},\"image\":{\"@id\":\"https:\\\/\\\/labonacarn.com\\\/es\\\/producte\\\/muslos-pollo-amarillo-catalan-sin-hueso-4-unidos-peso-aprox-900-grs\\\/#primaryimage\"},\"thumbnailUrl\":\"https:\\\/\\\/labonacarn.com\\\/wp-content\\\/uploads\\\/2022\\\/03\\\/57g.jpg\",\"datePublished\":\"2022-03-01T11:05:16+00:00\",\"dateModified\":\"2024-11-25T14:04:48+00:00\",\"description\":\"Muslos de pollo de labonacarn, jugosos, tiernos y vers\u00e1tiles, con poca grasa y perfectos para recetas r\u00e1pidas y deliciosas.\",\"breadcrumb\":{\"@id\":\"https:\\\/\\\/labonacarn.com\\\/es\\\/producte\\\/muslos-pollo-amarillo-catalan-sin-hueso-4-unidos-peso-aprox-900-grs\\\/#breadcrumb\"},\"inLanguage\":\"es\",\"potentialAction\":[{\"@type\":\"ReadAction\",\"target\":[\"https:\\\/\\\/labonacarn.com\\\/es\\\/producte\\\/muslos-pollo-amarillo-catalan-sin-hueso-4-unidos-peso-aprox-900-grs\\\/\"]}]},{\"@type\":\"ImageObject\",\"inLanguage\":\"es\",\"@id\":\"https:\\\/\\\/labonacarn.com\\\/es\\\/producte\\\/muslos-pollo-amarillo-catalan-sin-hueso-4-unidos-peso-aprox-900-grs\\\/#primaryimage\",\"url\":\"https:\\\/\\\/labonacarn.com\\\/wp-content\\\/uploads\\\/2022\\\/03\\\/57g.jpg\",\"contentUrl\":\"https:\\\/\\\/labonacarn.com\\\/wp-content\\\/uploads\\\/2022\\\/03\\\/57g.jpg\",\"width\":800,\"height\":533},{\"@type\":\"BreadcrumbList\",\"@id\":\"https:\\\/\\\/labonacarn.com\\\/es\\\/producte\\\/muslos-pollo-amarillo-catalan-sin-hueso-4-unidos-peso-aprox-900-grs\\\/#breadcrumb\",\"itemListElement\":[{\"@type\":\"ListItem\",\"position\":1,\"name\":\"Portada\",\"item\":\"https:\\\/\\\/labonacarn.com\\\/es\\\/\"},{\"@type\":\"ListItem\",\"position\":2,\"name\":\"Tienda\",\"item\":\"https:\\\/\\\/labonacarn.com\\\/es\\\/tienda\\\/\"},{\"@type\":\"ListItem\",\"position\":3,\"name\":\"Muslos pollo amarillo catal\u00e1n sin hueso (4 unidos) peso aprox 900 grs.\"}]},{\"@type\":\"WebSite\",\"@id\":\"https:\\\/\\\/labonacarn.com\\\/es\\\/#website\",\"url\":\"https:\\\/\\\/labonacarn.com\\\/es\\\/\",\"name\":\"labonacarn.com\",\"description\":\"Venem carn de vedella, porc, pollastre, xai, poltre, gall dindi i embotits de primera qualitat i fets per nosaltres.\",\"potentialAction\":[{\"@type\":\"SearchAction\",\"target\":{\"@type\":\"EntryPoint\",\"urlTemplate\":\"https:\\\/\\\/labonacarn.com\\\/es\\\/?s={search_term_string}\"},\"query-input\":{\"@type\":\"PropertyValueSpecification\",\"valueRequired\":true,\"valueName\":\"search_term_string\"}}],\"inLanguage\":\"es\"}]}<\/script>\n<!-- \/ Yoast SEO plugin. -->","yoast_head_json":{"title":"Muslos pollo amarillo catal\u00e1n sin hueso (4 unidos) peso aprox 900 grs. - labonacarn.com","description":"Muslos de pollo de labonacarn, jugosos, tiernos y vers\u00e1tiles, con poca grasa y perfectos para recetas r\u00e1pidas y deliciosas.","robots":{"index":"index","follow":"follow","max-snippet":"max-snippet:-1","max-image-preview":"max-image-preview:large","max-video-preview":"max-video-preview:-1"},"canonical":"https:\/\/labonacarn.com\/es\/producte\/muslos-pollo-amarillo-catalan-sin-hueso-4-unidos-peso-aprox-900-grs\/","og_locale":"es_ES","og_type":"article","og_title":"Muslos pollo amarillo catal\u00e1n sin hueso (4 unidos) peso aprox 900 grs. - labonacarn.com","og_description":"Muslos de pollo de labonacarn, jugosos, tiernos y vers\u00e1tiles, con poca grasa y perfectos para recetas r\u00e1pidas y deliciosas.","og_url":"https:\/\/labonacarn.com\/es\/producte\/muslos-pollo-amarillo-catalan-sin-hueso-4-unidos-peso-aprox-900-grs\/","og_site_name":"labonacarn.com","article_modified_time":"2024-11-25T14:04:48+00:00","og_image":[{"width":800,"height":533,"url":"https:\/\/labonacarn.com\/wp-content\/uploads\/2022\/03\/57g.jpg","type":"image\/jpeg"}],"twitter_card":"summary_large_image","twitter_misc":{"Tiempo de lectura":"2 minutos"},"schema":{"@context":"https:\/\/schema.org","@graph":[{"@type":"WebPage","@id":"https:\/\/labonacarn.com\/es\/producte\/muslos-pollo-amarillo-catalan-sin-hueso-4-unidos-peso-aprox-900-grs\/","url":"https:\/\/labonacarn.com\/es\/producte\/muslos-pollo-amarillo-catalan-sin-hueso-4-unidos-peso-aprox-900-grs\/","name":"Muslos pollo amarillo catal\u00e1n sin hueso (4 unidos) peso aprox 900 grs. - labonacarn.com","isPartOf":{"@id":"https:\/\/labonacarn.com\/es\/#website"},"primaryImageOfPage":{"@id":"https:\/\/labonacarn.com\/es\/producte\/muslos-pollo-amarillo-catalan-sin-hueso-4-unidos-peso-aprox-900-grs\/#primaryimage"},"image":{"@id":"https:\/\/labonacarn.com\/es\/producte\/muslos-pollo-amarillo-catalan-sin-hueso-4-unidos-peso-aprox-900-grs\/#primaryimage"},"thumbnailUrl":"https:\/\/labonacarn.com\/wp-content\/uploads\/2022\/03\/57g.jpg","datePublished":"2022-03-01T11:05:16+00:00","dateModified":"2024-11-25T14:04:48+00:00","description":"Muslos de pollo de labonacarn, jugosos, tiernos y vers\u00e1tiles, con poca grasa y perfectos para recetas r\u00e1pidas y deliciosas.","breadcrumb":{"@id":"https:\/\/labonacarn.com\/es\/producte\/muslos-pollo-amarillo-catalan-sin-hueso-4-unidos-peso-aprox-900-grs\/#breadcrumb"},"inLanguage":"es","potentialAction":[{"@type":"ReadAction","target":["https:\/\/labonacarn.com\/es\/producte\/muslos-pollo-amarillo-catalan-sin-hueso-4-unidos-peso-aprox-900-grs\/"]}]},{"@type":"ImageObject","inLanguage":"es","@id":"https:\/\/labonacarn.com\/es\/producte\/muslos-pollo-amarillo-catalan-sin-hueso-4-unidos-peso-aprox-900-grs\/#primaryimage","url":"https:\/\/labonacarn.com\/wp-content\/uploads\/2022\/03\/57g.jpg","contentUrl":"https:\/\/labonacarn.com\/wp-content\/uploads\/2022\/03\/57g.jpg","width":800,"height":533},{"@type":"BreadcrumbList","@id":"https:\/\/labonacarn.com\/es\/producte\/muslos-pollo-amarillo-catalan-sin-hueso-4-unidos-peso-aprox-900-grs\/#breadcrumb","itemListElement":[{"@type":"ListItem","position":1,"name":"Portada","item":"https:\/\/labonacarn.com\/es\/"},{"@type":"ListItem","position":2,"name":"Tienda","item":"https:\/\/labonacarn.com\/es\/tienda\/"},{"@type":"ListItem","position":3,"name":"Muslos pollo amarillo catal\u00e1n sin hueso (4 unidos) peso aprox 900 grs."}]},{"@type":"WebSite","@id":"https:\/\/labonacarn.com\/es\/#website","url":"https:\/\/labonacarn.com\/es\/","name":"labonacarn.com","description":"Venem carn de vedella, porc, pollastre, xai, poltre, gall dindi i embotits de primera qualitat i fets per nosaltres.","potentialAction":[{"@type":"SearchAction","target":{"@type":"EntryPoint","urlTemplate":"https:\/\/labonacarn.com\/es\/?s={search_term_string}"},"query-input":{"@type":"PropertyValueSpecification","valueRequired":true,"valueName":"search_term_string"}}],"inLanguage":"es"}]}},"_links":{"self":[{"href":"https:\/\/labonacarn.com\/es\/wp-json\/wp\/v2\/product\/4688","targetHints":{"allow":["GET"]}}],"collection":[{"href":"https:\/\/labonacarn.com\/es\/wp-json\/wp\/v2\/product"}],"about":[{"href":"https:\/\/labonacarn.com\/es\/wp-json\/wp\/v2\/types\/product"}],"wp:featuredmedia":[{"embeddable":true,"href":"https:\/\/labonacarn.com\/es\/wp-json\/wp\/v2\/media\/3795"}],"wp:attachment":[{"href":"https:\/\/labonacarn.com\/es\/wp-json\/wp\/v2\/media?parent=4688"}],"wp:term":[{"taxonomy":"product_brand","embeddable":true,"href":"https:\/\/labonacarn.com\/es\/wp-json\/wp\/v2\/product_brand?post=4688"},{"taxonomy":"product_cat","embeddable":true,"href":"https:\/\/labonacarn.com\/es\/wp-json\/wp\/v2\/product_cat?post=4688"},{"taxonomy":"product_tag","embeddable":true,"href":"https:\/\/labonacarn.com\/es\/wp-json\/wp\/v2\/product_tag?post=4688"}],"curies":[{"name":"wp","href":"https:\/\/api.w.org\/{rel}","templated":true}]}}