{"id":4682,"date":"2022-03-01T18:21:37","date_gmt":"2022-03-01T18:21:37","guid":{"rendered":"https:\/\/labonacarn.com\/producto\/brocheta-de-pollo-4x150grs\/"},"modified":"2022-09-27T21:02:44","modified_gmt":"2022-09-27T21:02:44","slug":"brocheta-de-pollo-4x150grs","status":"publish","type":"product","link":"https:\/\/labonacarn.com\/es\/producte\/brocheta-de-pollo-4x150grs\/","title":{"rendered":"Brocheta de pollo (4x150grs)"},"content":{"rendered":"<p>Brocheta de pollo, (4x150grs), encurtido con almendra picada, piment\u00f3n dulce, aceite de oliva, sal y pimienta, ajo, perejil y un poco de or\u00e9gano. Esta combinaci\u00f3n con nuestro pollo amarillo catal\u00e1n hace que sea un plato muy delicioso. Se puede cocer tanto a la plancha, frito como a la brasa, sin palo. Precio: 15&#8217;75\u20ac\/kgr. Como siempre, este producto est\u00e1 libre de cualquier conservante ni colorante. Se presenta envasado al vac\u00edo y puede estar dentro de la nevera un m\u00e1ximo de cinco d\u00edas. Entonces, si no es consumido, recomendamos que lo congele y lo deguste cuando m\u00e1s le apetezca.<\/p>\n","protected":false},"excerpt":{"rendered":"<p>Brocheta de pollo, (4x150grs), envasado al vac\u00edo. Precio: 15&#8217;10\u20ac\/kgr.<\/p>\n","protected":false},"featured_media":3838,"template":"","meta":{"_acf_changed":false,"_joinchat":[]},"product_brand":[],"product_cat":[63,105,99],"product_tag":[],"class_list":{"0":"post-4682","1":"product","2":"type-product","3":"status-publish","4":"has-post-thumbnail","6":"product_cat-carne","7":"product_cat-no-quiero-cocinar","8":"product_cat-pollo","10":"first","11":"instock","12":"taxable","13":"shipping-taxable","14":"purchasable","15":"product-type-simple"},"acf":[],"yoast_head":"<!-- This site is optimized with the Yoast SEO plugin v27.4 - https:\/\/yoast.com\/product\/yoast-seo-wordpress\/ -->\n<title>Brocheta de pollo (4x150grs) - labonacarn.com<\/title>\n<meta name=\"description\" content=\"Pinchos de pollo deliciosos, con nuestra picada especial, los convierten en un plato \u00fanico. No dejes escapar esta oportunidad !!!\" \/>\n<meta name=\"robots\" content=\"index, follow, max-snippet:-1, max-image-preview:large, max-video-preview:-1\" \/>\n<link rel=\"canonical\" href=\"https:\/\/labonacarn.com\/es\/producte\/brocheta-de-pollo-4x150grs\/\" \/>\n<meta property=\"og:locale\" content=\"es_ES\" \/>\n<meta property=\"og:type\" content=\"article\" \/>\n<meta property=\"og:title\" content=\"Brocheta de pollo (4x150grs) - labonacarn.com\" \/>\n<meta property=\"og:description\" content=\"Pinchos de pollo deliciosos, con nuestra picada especial, los convierten en un plato \u00fanico. No dejes escapar esta oportunidad !!!\" \/>\n<meta property=\"og:url\" content=\"https:\/\/labonacarn.com\/es\/producte\/brocheta-de-pollo-4x150grs\/\" \/>\n<meta property=\"og:site_name\" content=\"labonacarn.com\" \/>\n<meta property=\"article:modified_time\" content=\"2022-09-27T21:02:44+00:00\" \/>\n<meta property=\"og:image\" content=\"https:\/\/labonacarn.com\/wp-content\/uploads\/2022\/03\/52g.jpg\" \/>\n\t<meta property=\"og:image:width\" content=\"800\" \/>\n\t<meta property=\"og:image:height\" content=\"533\" \/>\n\t<meta property=\"og:image:type\" content=\"image\/jpeg\" \/>\n<meta name=\"twitter:card\" content=\"summary_large_image\" \/>\n<meta name=\"twitter:label1\" content=\"Tiempo de lectura\" \/>\n\t<meta name=\"twitter:data1\" content=\"1 minuto\" \/>\n<script type=\"application\/ld+json\" class=\"yoast-schema-graph\">{\"@context\":\"https:\\\/\\\/schema.org\",\"@graph\":[{\"@type\":\"WebPage\",\"@id\":\"https:\\\/\\\/labonacarn.com\\\/es\\\/producte\\\/brocheta-de-pollo-4x150grs\\\/\",\"url\":\"https:\\\/\\\/labonacarn.com\\\/es\\\/producte\\\/brocheta-de-pollo-4x150grs\\\/\",\"name\":\"Brocheta de pollo (4x150grs) - labonacarn.com\",\"isPartOf\":{\"@id\":\"https:\\\/\\\/labonacarn.com\\\/es\\\/#website\"},\"primaryImageOfPage\":{\"@id\":\"https:\\\/\\\/labonacarn.com\\\/es\\\/producte\\\/brocheta-de-pollo-4x150grs\\\/#primaryimage\"},\"image\":{\"@id\":\"https:\\\/\\\/labonacarn.com\\\/es\\\/producte\\\/brocheta-de-pollo-4x150grs\\\/#primaryimage\"},\"thumbnailUrl\":\"https:\\\/\\\/labonacarn.com\\\/wp-content\\\/uploads\\\/2022\\\/03\\\/52g.jpg\",\"datePublished\":\"2022-03-01T18:21:37+00:00\",\"dateModified\":\"2022-09-27T21:02:44+00:00\",\"description\":\"Pinchos de pollo deliciosos, con nuestra picada especial, los convierten en un plato \u00fanico. No dejes escapar esta oportunidad !!!\",\"breadcrumb\":{\"@id\":\"https:\\\/\\\/labonacarn.com\\\/es\\\/producte\\\/brocheta-de-pollo-4x150grs\\\/#breadcrumb\"},\"inLanguage\":\"es\",\"potentialAction\":[{\"@type\":\"ReadAction\",\"target\":[\"https:\\\/\\\/labonacarn.com\\\/es\\\/producte\\\/brocheta-de-pollo-4x150grs\\\/\"]}]},{\"@type\":\"ImageObject\",\"inLanguage\":\"es\",\"@id\":\"https:\\\/\\\/labonacarn.com\\\/es\\\/producte\\\/brocheta-de-pollo-4x150grs\\\/#primaryimage\",\"url\":\"https:\\\/\\\/labonacarn.com\\\/wp-content\\\/uploads\\\/2022\\\/03\\\/52g.jpg\",\"contentUrl\":\"https:\\\/\\\/labonacarn.com\\\/wp-content\\\/uploads\\\/2022\\\/03\\\/52g.jpg\",\"width\":800,\"height\":533,\"caption\":\"Pinchos de pollo\"},{\"@type\":\"BreadcrumbList\",\"@id\":\"https:\\\/\\\/labonacarn.com\\\/es\\\/producte\\\/brocheta-de-pollo-4x150grs\\\/#breadcrumb\",\"itemListElement\":[{\"@type\":\"ListItem\",\"position\":1,\"name\":\"Portada\",\"item\":\"https:\\\/\\\/labonacarn.com\\\/es\\\/\"},{\"@type\":\"ListItem\",\"position\":2,\"name\":\"Tienda\",\"item\":\"https:\\\/\\\/labonacarn.com\\\/es\\\/tienda\\\/\"},{\"@type\":\"ListItem\",\"position\":3,\"name\":\"Brocheta de pollo (4x150grs)\"}]},{\"@type\":\"WebSite\",\"@id\":\"https:\\\/\\\/labonacarn.com\\\/es\\\/#website\",\"url\":\"https:\\\/\\\/labonacarn.com\\\/es\\\/\",\"name\":\"labonacarn.com\",\"description\":\"Venem carn de vedella, porc, pollastre, xai, poltre, gall dindi i embotits de primera qualitat i fets per nosaltres.\",\"potentialAction\":[{\"@type\":\"SearchAction\",\"target\":{\"@type\":\"EntryPoint\",\"urlTemplate\":\"https:\\\/\\\/labonacarn.com\\\/es\\\/?s={search_term_string}\"},\"query-input\":{\"@type\":\"PropertyValueSpecification\",\"valueRequired\":true,\"valueName\":\"search_term_string\"}}],\"inLanguage\":\"es\"}]}<\/script>\n<!-- \/ Yoast SEO plugin. -->","yoast_head_json":{"title":"Brocheta de pollo (4x150grs) - labonacarn.com","description":"Pinchos de pollo deliciosos, con nuestra picada especial, los convierten en un plato \u00fanico. No dejes escapar esta oportunidad !!!","robots":{"index":"index","follow":"follow","max-snippet":"max-snippet:-1","max-image-preview":"max-image-preview:large","max-video-preview":"max-video-preview:-1"},"canonical":"https:\/\/labonacarn.com\/es\/producte\/brocheta-de-pollo-4x150grs\/","og_locale":"es_ES","og_type":"article","og_title":"Brocheta de pollo (4x150grs) - labonacarn.com","og_description":"Pinchos de pollo deliciosos, con nuestra picada especial, los convierten en un plato \u00fanico. No dejes escapar esta oportunidad !!!","og_url":"https:\/\/labonacarn.com\/es\/producte\/brocheta-de-pollo-4x150grs\/","og_site_name":"labonacarn.com","article_modified_time":"2022-09-27T21:02:44+00:00","og_image":[{"width":800,"height":533,"url":"https:\/\/labonacarn.com\/wp-content\/uploads\/2022\/03\/52g.jpg","type":"image\/jpeg"}],"twitter_card":"summary_large_image","twitter_misc":{"Tiempo de lectura":"1 minuto"},"schema":{"@context":"https:\/\/schema.org","@graph":[{"@type":"WebPage","@id":"https:\/\/labonacarn.com\/es\/producte\/brocheta-de-pollo-4x150grs\/","url":"https:\/\/labonacarn.com\/es\/producte\/brocheta-de-pollo-4x150grs\/","name":"Brocheta de pollo (4x150grs) - labonacarn.com","isPartOf":{"@id":"https:\/\/labonacarn.com\/es\/#website"},"primaryImageOfPage":{"@id":"https:\/\/labonacarn.com\/es\/producte\/brocheta-de-pollo-4x150grs\/#primaryimage"},"image":{"@id":"https:\/\/labonacarn.com\/es\/producte\/brocheta-de-pollo-4x150grs\/#primaryimage"},"thumbnailUrl":"https:\/\/labonacarn.com\/wp-content\/uploads\/2022\/03\/52g.jpg","datePublished":"2022-03-01T18:21:37+00:00","dateModified":"2022-09-27T21:02:44+00:00","description":"Pinchos de pollo deliciosos, con nuestra picada especial, los convierten en un plato \u00fanico. No dejes escapar esta oportunidad !!!","breadcrumb":{"@id":"https:\/\/labonacarn.com\/es\/producte\/brocheta-de-pollo-4x150grs\/#breadcrumb"},"inLanguage":"es","potentialAction":[{"@type":"ReadAction","target":["https:\/\/labonacarn.com\/es\/producte\/brocheta-de-pollo-4x150grs\/"]}]},{"@type":"ImageObject","inLanguage":"es","@id":"https:\/\/labonacarn.com\/es\/producte\/brocheta-de-pollo-4x150grs\/#primaryimage","url":"https:\/\/labonacarn.com\/wp-content\/uploads\/2022\/03\/52g.jpg","contentUrl":"https:\/\/labonacarn.com\/wp-content\/uploads\/2022\/03\/52g.jpg","width":800,"height":533,"caption":"Pinchos de pollo"},{"@type":"BreadcrumbList","@id":"https:\/\/labonacarn.com\/es\/producte\/brocheta-de-pollo-4x150grs\/#breadcrumb","itemListElement":[{"@type":"ListItem","position":1,"name":"Portada","item":"https:\/\/labonacarn.com\/es\/"},{"@type":"ListItem","position":2,"name":"Tienda","item":"https:\/\/labonacarn.com\/es\/tienda\/"},{"@type":"ListItem","position":3,"name":"Brocheta de pollo (4x150grs)"}]},{"@type":"WebSite","@id":"https:\/\/labonacarn.com\/es\/#website","url":"https:\/\/labonacarn.com\/es\/","name":"labonacarn.com","description":"Venem carn de vedella, porc, pollastre, xai, poltre, gall dindi i embotits de primera qualitat i fets per nosaltres.","potentialAction":[{"@type":"SearchAction","target":{"@type":"EntryPoint","urlTemplate":"https:\/\/labonacarn.com\/es\/?s={search_term_string}"},"query-input":{"@type":"PropertyValueSpecification","valueRequired":true,"valueName":"search_term_string"}}],"inLanguage":"es"}]}},"_links":{"self":[{"href":"https:\/\/labonacarn.com\/es\/wp-json\/wp\/v2\/product\/4682","targetHints":{"allow":["GET"]}}],"collection":[{"href":"https:\/\/labonacarn.com\/es\/wp-json\/wp\/v2\/product"}],"about":[{"href":"https:\/\/labonacarn.com\/es\/wp-json\/wp\/v2\/types\/product"}],"wp:featuredmedia":[{"embeddable":true,"href":"https:\/\/labonacarn.com\/es\/wp-json\/wp\/v2\/media\/3838"}],"wp:attachment":[{"href":"https:\/\/labonacarn.com\/es\/wp-json\/wp\/v2\/media?parent=4682"}],"wp:term":[{"taxonomy":"product_brand","embeddable":true,"href":"https:\/\/labonacarn.com\/es\/wp-json\/wp\/v2\/product_brand?post=4682"},{"taxonomy":"product_cat","embeddable":true,"href":"https:\/\/labonacarn.com\/es\/wp-json\/wp\/v2\/product_cat?post=4682"},{"taxonomy":"product_tag","embeddable":true,"href":"https:\/\/labonacarn.com\/es\/wp-json\/wp\/v2\/product_tag?post=4682"}],"curies":[{"name":"wp","href":"https:\/\/api.w.org\/{rel}","templated":true}]}}