{"id":4680,"date":"2022-03-02T16:35:59","date_gmt":"2022-03-02T15:35:59","guid":{"rendered":"https:\/\/labonacarn.com\/producto\/butifarra-con-espinacas-pasas-y-pinones-1-x-400-grs\/"},"modified":"2022-10-10T17:03:01","modified_gmt":"2022-10-10T17:03:01","slug":"butifarra-con-espinacas-pasas-y-pinones-1-x-400-grs","status":"publish","type":"product","link":"https:\/\/labonacarn.com\/es\/producte\/butifarra-con-espinacas-pasas-y-pinones-1-x-400-grs\/","title":{"rendered":"Butifarra con espinacas, pasas y pi\u00f1ones (1 x 400 grs)"},"content":{"rendered":"<p>Una butifarra tambi\u00e9n muy especial, para los amantes de las cosas distintas. Es una butifarra de las gordas, con un peso de 400 grs aproximadamente. Hemos seleccionado unas buenas espinacas, las mejores pasas y pi\u00f1ones y lo hemos mezclado con nuestra gran morcilla. Da un sabor muy especial que convierte a esta butifarra en una delicia. Como ingredientes tenemos la carne de cerdo, espinacas, pasas y pi\u00f1ones, sal, pimienta y tripa natural. No llevan otro a\u00f1adido. Como siempre, todo son productos naturales. Es apto para cel\u00edacos. Precio: 19&#8217;50\u20ac\/kgr.<\/p>\n<p>Recomendamos una cocci\u00f3n a la brasa o al horno. En la plancha, la parte que no toca la plancha caliente quedar\u00e1 cruda y por tanto no queda bien cocinada. Recuerde que las butifarras nunca se deben pinchar. Si las pinchamos pierden el ingrediente y las devolvemos ins\u00edpidas. Si el tiempo de cocci\u00f3n lo hacemos largo, la morcilla nos quedar\u00e1 seca y poco tierna. Tenemos que estar atentos cuando la hacemos.<\/p>\n","protected":false},"excerpt":{"rendered":"<p>Una combinaci\u00f3n perfecta !!!<\/p>\n","protected":false},"featured_media":4243,"template":"","meta":{"_acf_changed":false,"_joinchat":[]},"product_brand":[],"product_cat":[61,62],"product_tag":[],"class_list":{"0":"post-4680","1":"product","2":"type-product","3":"status-publish","4":"has-post-thumbnail","6":"product_cat-butifarras","7":"product_cat-butifarras-de-cerdo","9":"first","10":"outofstock","11":"taxable","12":"shipping-taxable","13":"purchasable","14":"product-type-simple"},"acf":[],"yoast_head":"<!-- This site is optimized with the Yoast SEO plugin v27.4 - https:\/\/yoast.com\/product\/yoast-seo-wordpress\/ -->\n<title>Butifarra con espinacas, pasas y pi\u00f1ones (1 x 400 grs) - labonacarn.com<\/title>\n<meta name=\"robots\" content=\"index, follow, max-snippet:-1, max-image-preview:large, max-video-preview:-1\" \/>\n<link rel=\"canonical\" href=\"https:\/\/labonacarn.com\/es\/producte\/butifarra-con-espinacas-pasas-y-pinones-1-x-400-grs\/\" \/>\n<meta property=\"og:locale\" content=\"es_ES\" \/>\n<meta property=\"og:type\" content=\"article\" \/>\n<meta property=\"og:title\" content=\"Butifarra con espinacas, pasas y pi\u00f1ones (1 x 400 grs) - labonacarn.com\" \/>\n<meta property=\"og:description\" content=\"Una combinaci\u00f3n perfecta !!!\" \/>\n<meta property=\"og:url\" content=\"https:\/\/labonacarn.com\/es\/producte\/butifarra-con-espinacas-pasas-y-pinones-1-x-400-grs\/\" \/>\n<meta property=\"og:site_name\" content=\"labonacarn.com\" \/>\n<meta property=\"article:modified_time\" content=\"2022-10-10T17:03:01+00:00\" \/>\n<meta property=\"og:image\" content=\"https:\/\/labonacarn.com\/wp-content\/uploads\/2022\/03\/141g.jpg\" \/>\n\t<meta property=\"og:image:width\" content=\"900\" \/>\n\t<meta property=\"og:image:height\" content=\"602\" \/>\n\t<meta property=\"og:image:type\" content=\"image\/jpeg\" \/>\n<meta name=\"twitter:card\" content=\"summary_large_image\" \/>\n<meta name=\"twitter:label1\" content=\"Tiempo de lectura\" \/>\n\t<meta name=\"twitter:data1\" content=\"1 minuto\" \/>\n<script type=\"application\/ld+json\" class=\"yoast-schema-graph\">{\"@context\":\"https:\\\/\\\/schema.org\",\"@graph\":[{\"@type\":\"WebPage\",\"@id\":\"https:\\\/\\\/labonacarn.com\\\/es\\\/producte\\\/butifarra-con-espinacas-pasas-y-pinones-1-x-400-grs\\\/\",\"url\":\"https:\\\/\\\/labonacarn.com\\\/es\\\/producte\\\/butifarra-con-espinacas-pasas-y-pinones-1-x-400-grs\\\/\",\"name\":\"Butifarra con espinacas, pasas y pi\u00f1ones (1 x 400 grs) - labonacarn.com\",\"isPartOf\":{\"@id\":\"https:\\\/\\\/labonacarn.com\\\/es\\\/#website\"},\"primaryImageOfPage\":{\"@id\":\"https:\\\/\\\/labonacarn.com\\\/es\\\/producte\\\/butifarra-con-espinacas-pasas-y-pinones-1-x-400-grs\\\/#primaryimage\"},\"image\":{\"@id\":\"https:\\\/\\\/labonacarn.com\\\/es\\\/producte\\\/butifarra-con-espinacas-pasas-y-pinones-1-x-400-grs\\\/#primaryimage\"},\"thumbnailUrl\":\"https:\\\/\\\/labonacarn.com\\\/wp-content\\\/uploads\\\/2022\\\/03\\\/141g.jpg\",\"datePublished\":\"2022-03-02T15:35:59+00:00\",\"dateModified\":\"2022-10-10T17:03:01+00:00\",\"breadcrumb\":{\"@id\":\"https:\\\/\\\/labonacarn.com\\\/es\\\/producte\\\/butifarra-con-espinacas-pasas-y-pinones-1-x-400-grs\\\/#breadcrumb\"},\"inLanguage\":\"es\",\"potentialAction\":[{\"@type\":\"ReadAction\",\"target\":[\"https:\\\/\\\/labonacarn.com\\\/es\\\/producte\\\/butifarra-con-espinacas-pasas-y-pinones-1-x-400-grs\\\/\"]}]},{\"@type\":\"ImageObject\",\"inLanguage\":\"es\",\"@id\":\"https:\\\/\\\/labonacarn.com\\\/es\\\/producte\\\/butifarra-con-espinacas-pasas-y-pinones-1-x-400-grs\\\/#primaryimage\",\"url\":\"https:\\\/\\\/labonacarn.com\\\/wp-content\\\/uploads\\\/2022\\\/03\\\/141g.jpg\",\"contentUrl\":\"https:\\\/\\\/labonacarn.com\\\/wp-content\\\/uploads\\\/2022\\\/03\\\/141g.jpg\",\"width\":900,\"height\":602},{\"@type\":\"BreadcrumbList\",\"@id\":\"https:\\\/\\\/labonacarn.com\\\/es\\\/producte\\\/butifarra-con-espinacas-pasas-y-pinones-1-x-400-grs\\\/#breadcrumb\",\"itemListElement\":[{\"@type\":\"ListItem\",\"position\":1,\"name\":\"Portada\",\"item\":\"https:\\\/\\\/labonacarn.com\\\/es\\\/\"},{\"@type\":\"ListItem\",\"position\":2,\"name\":\"Tienda\",\"item\":\"https:\\\/\\\/labonacarn.com\\\/es\\\/tienda\\\/\"},{\"@type\":\"ListItem\",\"position\":3,\"name\":\"Butifarra con espinacas, pasas y pi\u00f1ones (1 x 400 grs)\"}]},{\"@type\":\"WebSite\",\"@id\":\"https:\\\/\\\/labonacarn.com\\\/es\\\/#website\",\"url\":\"https:\\\/\\\/labonacarn.com\\\/es\\\/\",\"name\":\"labonacarn.com\",\"description\":\"Venem carn de vedella, porc, pollastre, xai, poltre, gall dindi i embotits de primera qualitat i fets per nosaltres.\",\"potentialAction\":[{\"@type\":\"SearchAction\",\"target\":{\"@type\":\"EntryPoint\",\"urlTemplate\":\"https:\\\/\\\/labonacarn.com\\\/es\\\/?s={search_term_string}\"},\"query-input\":{\"@type\":\"PropertyValueSpecification\",\"valueRequired\":true,\"valueName\":\"search_term_string\"}}],\"inLanguage\":\"es\"}]}<\/script>\n<!-- \/ Yoast SEO plugin. -->","yoast_head_json":{"title":"Butifarra con espinacas, pasas y pi\u00f1ones (1 x 400 grs) - labonacarn.com","robots":{"index":"index","follow":"follow","max-snippet":"max-snippet:-1","max-image-preview":"max-image-preview:large","max-video-preview":"max-video-preview:-1"},"canonical":"https:\/\/labonacarn.com\/es\/producte\/butifarra-con-espinacas-pasas-y-pinones-1-x-400-grs\/","og_locale":"es_ES","og_type":"article","og_title":"Butifarra con espinacas, pasas y pi\u00f1ones (1 x 400 grs) - labonacarn.com","og_description":"Una combinaci\u00f3n perfecta !!!","og_url":"https:\/\/labonacarn.com\/es\/producte\/butifarra-con-espinacas-pasas-y-pinones-1-x-400-grs\/","og_site_name":"labonacarn.com","article_modified_time":"2022-10-10T17:03:01+00:00","og_image":[{"width":900,"height":602,"url":"https:\/\/labonacarn.com\/wp-content\/uploads\/2022\/03\/141g.jpg","type":"image\/jpeg"}],"twitter_card":"summary_large_image","twitter_misc":{"Tiempo de lectura":"1 minuto"},"schema":{"@context":"https:\/\/schema.org","@graph":[{"@type":"WebPage","@id":"https:\/\/labonacarn.com\/es\/producte\/butifarra-con-espinacas-pasas-y-pinones-1-x-400-grs\/","url":"https:\/\/labonacarn.com\/es\/producte\/butifarra-con-espinacas-pasas-y-pinones-1-x-400-grs\/","name":"Butifarra con espinacas, pasas y pi\u00f1ones (1 x 400 grs) - labonacarn.com","isPartOf":{"@id":"https:\/\/labonacarn.com\/es\/#website"},"primaryImageOfPage":{"@id":"https:\/\/labonacarn.com\/es\/producte\/butifarra-con-espinacas-pasas-y-pinones-1-x-400-grs\/#primaryimage"},"image":{"@id":"https:\/\/labonacarn.com\/es\/producte\/butifarra-con-espinacas-pasas-y-pinones-1-x-400-grs\/#primaryimage"},"thumbnailUrl":"https:\/\/labonacarn.com\/wp-content\/uploads\/2022\/03\/141g.jpg","datePublished":"2022-03-02T15:35:59+00:00","dateModified":"2022-10-10T17:03:01+00:00","breadcrumb":{"@id":"https:\/\/labonacarn.com\/es\/producte\/butifarra-con-espinacas-pasas-y-pinones-1-x-400-grs\/#breadcrumb"},"inLanguage":"es","potentialAction":[{"@type":"ReadAction","target":["https:\/\/labonacarn.com\/es\/producte\/butifarra-con-espinacas-pasas-y-pinones-1-x-400-grs\/"]}]},{"@type":"ImageObject","inLanguage":"es","@id":"https:\/\/labonacarn.com\/es\/producte\/butifarra-con-espinacas-pasas-y-pinones-1-x-400-grs\/#primaryimage","url":"https:\/\/labonacarn.com\/wp-content\/uploads\/2022\/03\/141g.jpg","contentUrl":"https:\/\/labonacarn.com\/wp-content\/uploads\/2022\/03\/141g.jpg","width":900,"height":602},{"@type":"BreadcrumbList","@id":"https:\/\/labonacarn.com\/es\/producte\/butifarra-con-espinacas-pasas-y-pinones-1-x-400-grs\/#breadcrumb","itemListElement":[{"@type":"ListItem","position":1,"name":"Portada","item":"https:\/\/labonacarn.com\/es\/"},{"@type":"ListItem","position":2,"name":"Tienda","item":"https:\/\/labonacarn.com\/es\/tienda\/"},{"@type":"ListItem","position":3,"name":"Butifarra con espinacas, pasas y pi\u00f1ones (1 x 400 grs)"}]},{"@type":"WebSite","@id":"https:\/\/labonacarn.com\/es\/#website","url":"https:\/\/labonacarn.com\/es\/","name":"labonacarn.com","description":"Venem carn de vedella, porc, pollastre, xai, poltre, gall dindi i embotits de primera qualitat i fets per nosaltres.","potentialAction":[{"@type":"SearchAction","target":{"@type":"EntryPoint","urlTemplate":"https:\/\/labonacarn.com\/es\/?s={search_term_string}"},"query-input":{"@type":"PropertyValueSpecification","valueRequired":true,"valueName":"search_term_string"}}],"inLanguage":"es"}]}},"_links":{"self":[{"href":"https:\/\/labonacarn.com\/es\/wp-json\/wp\/v2\/product\/4680","targetHints":{"allow":["GET"]}}],"collection":[{"href":"https:\/\/labonacarn.com\/es\/wp-json\/wp\/v2\/product"}],"about":[{"href":"https:\/\/labonacarn.com\/es\/wp-json\/wp\/v2\/types\/product"}],"wp:featuredmedia":[{"embeddable":true,"href":"https:\/\/labonacarn.com\/es\/wp-json\/wp\/v2\/media\/4243"}],"wp:attachment":[{"href":"https:\/\/labonacarn.com\/es\/wp-json\/wp\/v2\/media?parent=4680"}],"wp:term":[{"taxonomy":"product_brand","embeddable":true,"href":"https:\/\/labonacarn.com\/es\/wp-json\/wp\/v2\/product_brand?post=4680"},{"taxonomy":"product_cat","embeddable":true,"href":"https:\/\/labonacarn.com\/es\/wp-json\/wp\/v2\/product_cat?post=4680"},{"taxonomy":"product_tag","embeddable":true,"href":"https:\/\/labonacarn.com\/es\/wp-json\/wp\/v2\/product_tag?post=4680"}],"curies":[{"name":"wp","href":"https:\/\/api.w.org\/{rel}","templated":true}]}}