{"id":4664,"date":"2022-03-01T12:03:13","date_gmt":"2022-03-01T11:03:13","guid":{"rendered":"https:\/\/labonacarn.com\/producto\/pollo-de-payes-relleno-2-25-kgrs-para-6-personas\/"},"modified":"2022-03-01T12:03:13","modified_gmt":"2022-03-01T12:03:13","slug":"pollo-de-pages-relleno-2-25-kgrs-per-6-persones","status":"publish","type":"product","link":"https:\/\/labonacarn.com\/es\/producte\/pollo-de-pages-relleno-2-25-kgrs-per-6-persones\/","title":{"rendered":"Pollo de pay\u00e9s relleno (2-2&#8217;5 kgrs) para 6 personas"},"content":{"rendered":"","protected":false},"excerpt":{"rendered":"<p>Pollo de pay\u00e9s, sin hueso, y relleno con tres variedades que las tienes a continuaci\u00f3n.<br \/>\nSelecciona lo que m\u00e1s te apetezca. Este art\u00edculo viene con la malla que te recomendamos la saques una vez ya has hecho su cocci\u00f3n.<br \/>\nEs apto para todos, no lleva gluten ni otra cosa salvo las que te hemos dicho.<br \/>\nPrecio:18&#8217;75\u20ac\/kgr<\/p>\n","protected":false},"featured_media":3789,"template":"","meta":{"_acf_changed":false,"_joinchat":[]},"product_brand":[],"product_cat":[63,99],"product_tag":[],"class_list":{"0":"post-4664","1":"product","2":"type-product","3":"status-publish","4":"has-post-thumbnail","6":"product_cat-carne","7":"product_cat-pollo","9":"first","10":"instock","11":"taxable","12":"shipping-taxable","13":"purchasable","14":"product-type-variable"},"acf":[],"yoast_head":"<!-- This site is optimized with the Yoast SEO plugin v27.4 - https:\/\/yoast.com\/product\/yoast-seo-wordpress\/ -->\n<title>Pollo de pay\u00e9s relleno (2-2&#039;5 kgrs) para 6 personas - labonacarn.com<\/title>\n<meta name=\"robots\" content=\"index, follow, max-snippet:-1, max-image-preview:large, max-video-preview:-1\" \/>\n<link rel=\"canonical\" href=\"https:\/\/labonacarn.com\/es\/producte\/pollo-de-pages-relleno-2-25-kgrs-per-6-persones\/\" \/>\n<meta property=\"og:locale\" content=\"es_ES\" \/>\n<meta property=\"og:type\" content=\"article\" \/>\n<meta property=\"og:title\" content=\"Pollo de pay\u00e9s relleno (2-2&#039;5 kgrs) para 6 personas - labonacarn.com\" \/>\n<meta property=\"og:description\" content=\"Pollo de pay\u00e9s, sin hueso, y relleno con tres variedades que las tienes a continuaci\u00f3n. Selecciona lo que m\u00e1s te apetezca. Este art\u00edculo viene con la malla que te recomendamos la saques una vez ya has hecho su cocci\u00f3n. Es apto para todos, no lleva gluten ni otra cosa salvo las que te hemos dicho. Precio:18&#039;75\u20ac\/kgr\" \/>\n<meta property=\"og:url\" content=\"https:\/\/labonacarn.com\/es\/producte\/pollo-de-pages-relleno-2-25-kgrs-per-6-persones\/\" \/>\n<meta property=\"og:site_name\" content=\"labonacarn.com\" \/>\n<meta property=\"article:modified_time\" content=\"2022-03-01T12:03:13+00:00\" \/>\n<meta property=\"og:image\" content=\"https:\/\/labonacarn.com\/wp-content\/uploads\/2022\/03\/171g.jpg\" \/>\n\t<meta property=\"og:image:width\" content=\"800\" \/>\n\t<meta property=\"og:image:height\" content=\"533\" \/>\n\t<meta property=\"og:image:type\" content=\"image\/jpeg\" \/>\n<meta name=\"twitter:card\" content=\"summary_large_image\" \/>\n<script type=\"application\/ld+json\" class=\"yoast-schema-graph\">{\"@context\":\"https:\\\/\\\/schema.org\",\"@graph\":[{\"@type\":\"WebPage\",\"@id\":\"https:\\\/\\\/labonacarn.com\\\/es\\\/producte\\\/pollo-de-pages-relleno-2-25-kgrs-per-6-persones\\\/\",\"url\":\"https:\\\/\\\/labonacarn.com\\\/es\\\/producte\\\/pollo-de-pages-relleno-2-25-kgrs-per-6-persones\\\/\",\"name\":\"Pollo de pay\u00e9s relleno (2-2'5 kgrs) para 6 personas - labonacarn.com\",\"isPartOf\":{\"@id\":\"https:\\\/\\\/labonacarn.com\\\/es\\\/#website\"},\"primaryImageOfPage\":{\"@id\":\"https:\\\/\\\/labonacarn.com\\\/es\\\/producte\\\/pollo-de-pages-relleno-2-25-kgrs-per-6-persones\\\/#primaryimage\"},\"image\":{\"@id\":\"https:\\\/\\\/labonacarn.com\\\/es\\\/producte\\\/pollo-de-pages-relleno-2-25-kgrs-per-6-persones\\\/#primaryimage\"},\"thumbnailUrl\":\"https:\\\/\\\/labonacarn.com\\\/wp-content\\\/uploads\\\/2022\\\/03\\\/171g.jpg\",\"datePublished\":\"2022-03-01T11:03:13+00:00\",\"dateModified\":\"2022-03-01T12:03:13+00:00\",\"breadcrumb\":{\"@id\":\"https:\\\/\\\/labonacarn.com\\\/es\\\/producte\\\/pollo-de-pages-relleno-2-25-kgrs-per-6-persones\\\/#breadcrumb\"},\"inLanguage\":\"es\",\"potentialAction\":[{\"@type\":\"ReadAction\",\"target\":[\"https:\\\/\\\/labonacarn.com\\\/es\\\/producte\\\/pollo-de-pages-relleno-2-25-kgrs-per-6-persones\\\/\"]}]},{\"@type\":\"ImageObject\",\"inLanguage\":\"es\",\"@id\":\"https:\\\/\\\/labonacarn.com\\\/es\\\/producte\\\/pollo-de-pages-relleno-2-25-kgrs-per-6-persones\\\/#primaryimage\",\"url\":\"https:\\\/\\\/labonacarn.com\\\/wp-content\\\/uploads\\\/2022\\\/03\\\/171g.jpg\",\"contentUrl\":\"https:\\\/\\\/labonacarn.com\\\/wp-content\\\/uploads\\\/2022\\\/03\\\/171g.jpg\",\"width\":800,\"height\":533},{\"@type\":\"BreadcrumbList\",\"@id\":\"https:\\\/\\\/labonacarn.com\\\/es\\\/producte\\\/pollo-de-pages-relleno-2-25-kgrs-per-6-persones\\\/#breadcrumb\",\"itemListElement\":[{\"@type\":\"ListItem\",\"position\":1,\"name\":\"Portada\",\"item\":\"https:\\\/\\\/labonacarn.com\\\/es\\\/\"},{\"@type\":\"ListItem\",\"position\":2,\"name\":\"Tienda\",\"item\":\"https:\\\/\\\/labonacarn.com\\\/es\\\/tienda\\\/\"},{\"@type\":\"ListItem\",\"position\":3,\"name\":\"Pollo de pay\u00e9s relleno (2-2&#8217;5 kgrs) para 6 personas\"}]},{\"@type\":\"WebSite\",\"@id\":\"https:\\\/\\\/labonacarn.com\\\/es\\\/#website\",\"url\":\"https:\\\/\\\/labonacarn.com\\\/es\\\/\",\"name\":\"labonacarn.com\",\"description\":\"Venem carn de vedella, porc, pollastre, xai, poltre, gall dindi i embotits de primera qualitat i fets per nosaltres.\",\"potentialAction\":[{\"@type\":\"SearchAction\",\"target\":{\"@type\":\"EntryPoint\",\"urlTemplate\":\"https:\\\/\\\/labonacarn.com\\\/es\\\/?s={search_term_string}\"},\"query-input\":{\"@type\":\"PropertyValueSpecification\",\"valueRequired\":true,\"valueName\":\"search_term_string\"}}],\"inLanguage\":\"es\"}]}<\/script>\n<!-- \/ Yoast SEO plugin. -->","yoast_head_json":{"title":"Pollo de pay\u00e9s relleno (2-2'5 kgrs) para 6 personas - labonacarn.com","robots":{"index":"index","follow":"follow","max-snippet":"max-snippet:-1","max-image-preview":"max-image-preview:large","max-video-preview":"max-video-preview:-1"},"canonical":"https:\/\/labonacarn.com\/es\/producte\/pollo-de-pages-relleno-2-25-kgrs-per-6-persones\/","og_locale":"es_ES","og_type":"article","og_title":"Pollo de pay\u00e9s relleno (2-2'5 kgrs) para 6 personas - labonacarn.com","og_description":"Pollo de pay\u00e9s, sin hueso, y relleno con tres variedades que las tienes a continuaci\u00f3n. Selecciona lo que m\u00e1s te apetezca. Este art\u00edculo viene con la malla que te recomendamos la saques una vez ya has hecho su cocci\u00f3n. Es apto para todos, no lleva gluten ni otra cosa salvo las que te hemos dicho. Precio:18'75\u20ac\/kgr","og_url":"https:\/\/labonacarn.com\/es\/producte\/pollo-de-pages-relleno-2-25-kgrs-per-6-persones\/","og_site_name":"labonacarn.com","article_modified_time":"2022-03-01T12:03:13+00:00","og_image":[{"width":800,"height":533,"url":"https:\/\/labonacarn.com\/wp-content\/uploads\/2022\/03\/171g.jpg","type":"image\/jpeg"}],"twitter_card":"summary_large_image","schema":{"@context":"https:\/\/schema.org","@graph":[{"@type":"WebPage","@id":"https:\/\/labonacarn.com\/es\/producte\/pollo-de-pages-relleno-2-25-kgrs-per-6-persones\/","url":"https:\/\/labonacarn.com\/es\/producte\/pollo-de-pages-relleno-2-25-kgrs-per-6-persones\/","name":"Pollo de pay\u00e9s relleno (2-2'5 kgrs) para 6 personas - labonacarn.com","isPartOf":{"@id":"https:\/\/labonacarn.com\/es\/#website"},"primaryImageOfPage":{"@id":"https:\/\/labonacarn.com\/es\/producte\/pollo-de-pages-relleno-2-25-kgrs-per-6-persones\/#primaryimage"},"image":{"@id":"https:\/\/labonacarn.com\/es\/producte\/pollo-de-pages-relleno-2-25-kgrs-per-6-persones\/#primaryimage"},"thumbnailUrl":"https:\/\/labonacarn.com\/wp-content\/uploads\/2022\/03\/171g.jpg","datePublished":"2022-03-01T11:03:13+00:00","dateModified":"2022-03-01T12:03:13+00:00","breadcrumb":{"@id":"https:\/\/labonacarn.com\/es\/producte\/pollo-de-pages-relleno-2-25-kgrs-per-6-persones\/#breadcrumb"},"inLanguage":"es","potentialAction":[{"@type":"ReadAction","target":["https:\/\/labonacarn.com\/es\/producte\/pollo-de-pages-relleno-2-25-kgrs-per-6-persones\/"]}]},{"@type":"ImageObject","inLanguage":"es","@id":"https:\/\/labonacarn.com\/es\/producte\/pollo-de-pages-relleno-2-25-kgrs-per-6-persones\/#primaryimage","url":"https:\/\/labonacarn.com\/wp-content\/uploads\/2022\/03\/171g.jpg","contentUrl":"https:\/\/labonacarn.com\/wp-content\/uploads\/2022\/03\/171g.jpg","width":800,"height":533},{"@type":"BreadcrumbList","@id":"https:\/\/labonacarn.com\/es\/producte\/pollo-de-pages-relleno-2-25-kgrs-per-6-persones\/#breadcrumb","itemListElement":[{"@type":"ListItem","position":1,"name":"Portada","item":"https:\/\/labonacarn.com\/es\/"},{"@type":"ListItem","position":2,"name":"Tienda","item":"https:\/\/labonacarn.com\/es\/tienda\/"},{"@type":"ListItem","position":3,"name":"Pollo de pay\u00e9s relleno (2-2&#8217;5 kgrs) para 6 personas"}]},{"@type":"WebSite","@id":"https:\/\/labonacarn.com\/es\/#website","url":"https:\/\/labonacarn.com\/es\/","name":"labonacarn.com","description":"Venem carn de vedella, porc, pollastre, xai, poltre, gall dindi i embotits de primera qualitat i fets per nosaltres.","potentialAction":[{"@type":"SearchAction","target":{"@type":"EntryPoint","urlTemplate":"https:\/\/labonacarn.com\/es\/?s={search_term_string}"},"query-input":{"@type":"PropertyValueSpecification","valueRequired":true,"valueName":"search_term_string"}}],"inLanguage":"es"}]}},"_links":{"self":[{"href":"https:\/\/labonacarn.com\/es\/wp-json\/wp\/v2\/product\/4664","targetHints":{"allow":["GET"]}}],"collection":[{"href":"https:\/\/labonacarn.com\/es\/wp-json\/wp\/v2\/product"}],"about":[{"href":"https:\/\/labonacarn.com\/es\/wp-json\/wp\/v2\/types\/product"}],"wp:featuredmedia":[{"embeddable":true,"href":"https:\/\/labonacarn.com\/es\/wp-json\/wp\/v2\/media\/3789"}],"wp:attachment":[{"href":"https:\/\/labonacarn.com\/es\/wp-json\/wp\/v2\/media?parent=4664"}],"wp:term":[{"taxonomy":"product_brand","embeddable":true,"href":"https:\/\/labonacarn.com\/es\/wp-json\/wp\/v2\/product_brand?post=4664"},{"taxonomy":"product_cat","embeddable":true,"href":"https:\/\/labonacarn.com\/es\/wp-json\/wp\/v2\/product_cat?post=4664"},{"taxonomy":"product_tag","embeddable":true,"href":"https:\/\/labonacarn.com\/es\/wp-json\/wp\/v2\/product_tag?post=4664"}],"curies":[{"name":"wp","href":"https:\/\/api.w.org\/{rel}","templated":true}]}}