{"id":4653,"date":"2022-03-01T11:35:47","date_gmt":"2022-03-01T10:35:47","guid":{"rendered":"https:\/\/labonacarn.com\/producto\/bistec-de-potro-del-pirineo-catalan-4x180-gramos-aprox\/"},"modified":"2023-09-12T20:30:00","modified_gmt":"2023-09-12T18:30:00","slug":"bistec-de-potro-del-pirineo-catalan-4x180-gramos-aprox","status":"publish","type":"product","link":"https:\/\/labonacarn.com\/es\/producte\/bistec-de-potro-del-pirineo-catalan-4x180-gramos-aprox\/","title":{"rendered":"Bistec de potro del Pirineo catal\u00e1n (4&#215;180 gramos aprox)"},"content":{"rendered":"<h2>Bistec de potro del Pirineo<\/h2>\n<p>Nuestro potro proviene del Pirineo catal\u00e1n. Se trata de animales que viven en plena libertad por las monta\u00f1as. Por tanto, el factor humano no interviene en ning\u00fan caso, ni en su alimentaci\u00f3n ni en ninguna cosa. Esto hace que estos animales se alimenten de su entorno: agua de las monta\u00f1as y coman la hierba de los prados. El resultado es una carne sensacional, apta para cualquier persona, totalmente natural. En labonacarne lo servimos envasado al vac\u00edo y con un peso aproximado de 720 grs. Recuerde que la carne de potro es riqu\u00edsima en hierro, la m\u00e1s baja en colesterol y muy rica en prote\u00ednas. Precio: 24&#8217;10\u20ac\/kgr.<\/p>\n","protected":false},"excerpt":{"rendered":"<p>El mejor bistec de potro del Pirineo, que proviene de animales que viven en total libertad.<\/p>\n","protected":false},"featured_media":3751,"template":"","meta":{"_acf_changed":false,"_joinchat":[]},"product_brand":[],"product_cat":[96,63,67,103,68],"product_tag":[],"class_list":{"0":"post-4653","1":"product","2":"type-product","3":"status-publish","4":"has-post-thumbnail","6":"product_cat-caballo-potro","7":"product_cat-carne","8":"product_cat-estilo-de-vida","9":"product_cat-hago-deporte","10":"product_cat-hago-dieta","12":"first","13":"instock","14":"taxable","15":"shipping-taxable","16":"purchasable","17":"product-type-simple"},"acf":[],"yoast_head":"<!-- This site is optimized with the Yoast SEO plugin v27.4 - https:\/\/yoast.com\/product\/yoast-seo-wordpress\/ -->\n<title>Bistec de potro del Pirineo catal\u00e1n (4x180 gramos aprox) - labonacarn.com<\/title>\n<meta name=\"description\" content=\"Una de las mejores carnes que podemos encontrar, que proviene de animales que viven en total libertad por nuestras monta\u00f1as.\" \/>\n<meta name=\"robots\" content=\"index, follow, max-snippet:-1, max-image-preview:large, max-video-preview:-1\" \/>\n<link rel=\"canonical\" href=\"https:\/\/labonacarn.com\/es\/producte\/bistec-de-potro-del-pirineo-catalan-4x180-gramos-aprox\/\" \/>\n<meta property=\"og:locale\" content=\"es_ES\" \/>\n<meta property=\"og:type\" content=\"article\" \/>\n<meta property=\"og:title\" content=\"Bistec de potro del Pirineo catal\u00e1n (4x180 gramos aprox) - labonacarn.com\" \/>\n<meta property=\"og:description\" content=\"Una de las mejores carnes que podemos encontrar, que proviene de animales que viven en total libertad por nuestras monta\u00f1as.\" \/>\n<meta property=\"og:url\" content=\"https:\/\/labonacarn.com\/es\/producte\/bistec-de-potro-del-pirineo-catalan-4x180-gramos-aprox\/\" \/>\n<meta property=\"og:site_name\" content=\"labonacarn.com\" \/>\n<meta property=\"article:modified_time\" content=\"2023-09-12T18:30:00+00:00\" \/>\n<meta property=\"og:image\" content=\"https:\/\/labonacarn.com\/wp-content\/uploads\/2022\/03\/bistec-poltre.jpg\" \/>\n\t<meta property=\"og:image:width\" content=\"800\" \/>\n\t<meta property=\"og:image:height\" content=\"533\" \/>\n\t<meta property=\"og:image:type\" content=\"image\/jpeg\" \/>\n<meta name=\"twitter:card\" content=\"summary_large_image\" \/>\n<meta name=\"twitter:label1\" content=\"Tiempo de lectura\" \/>\n\t<meta name=\"twitter:data1\" content=\"1 minuto\" \/>\n<script type=\"application\/ld+json\" class=\"yoast-schema-graph\">{\"@context\":\"https:\\\/\\\/schema.org\",\"@graph\":[{\"@type\":\"WebPage\",\"@id\":\"https:\\\/\\\/labonacarn.com\\\/es\\\/producte\\\/bistec-de-potro-del-pirineo-catalan-4x180-gramos-aprox\\\/\",\"url\":\"https:\\\/\\\/labonacarn.com\\\/es\\\/producte\\\/bistec-de-potro-del-pirineo-catalan-4x180-gramos-aprox\\\/\",\"name\":\"Bistec de potro del Pirineo catal\u00e1n (4x180 gramos aprox) - labonacarn.com\",\"isPartOf\":{\"@id\":\"https:\\\/\\\/labonacarn.com\\\/es\\\/#website\"},\"primaryImageOfPage\":{\"@id\":\"https:\\\/\\\/labonacarn.com\\\/es\\\/producte\\\/bistec-de-potro-del-pirineo-catalan-4x180-gramos-aprox\\\/#primaryimage\"},\"image\":{\"@id\":\"https:\\\/\\\/labonacarn.com\\\/es\\\/producte\\\/bistec-de-potro-del-pirineo-catalan-4x180-gramos-aprox\\\/#primaryimage\"},\"thumbnailUrl\":\"https:\\\/\\\/labonacarn.com\\\/wp-content\\\/uploads\\\/2022\\\/03\\\/bistec-poltre.jpg\",\"datePublished\":\"2022-03-01T10:35:47+00:00\",\"dateModified\":\"2023-09-12T18:30:00+00:00\",\"description\":\"Una de las mejores carnes que podemos encontrar, que proviene de animales que viven en total libertad por nuestras monta\u00f1as.\",\"breadcrumb\":{\"@id\":\"https:\\\/\\\/labonacarn.com\\\/es\\\/producte\\\/bistec-de-potro-del-pirineo-catalan-4x180-gramos-aprox\\\/#breadcrumb\"},\"inLanguage\":\"es\",\"potentialAction\":[{\"@type\":\"ReadAction\",\"target\":[\"https:\\\/\\\/labonacarn.com\\\/es\\\/producte\\\/bistec-de-potro-del-pirineo-catalan-4x180-gramos-aprox\\\/\"]}]},{\"@type\":\"ImageObject\",\"inLanguage\":\"es\",\"@id\":\"https:\\\/\\\/labonacarn.com\\\/es\\\/producte\\\/bistec-de-potro-del-pirineo-catalan-4x180-gramos-aprox\\\/#primaryimage\",\"url\":\"https:\\\/\\\/labonacarn.com\\\/wp-content\\\/uploads\\\/2022\\\/03\\\/bistec-poltre.jpg\",\"contentUrl\":\"https:\\\/\\\/labonacarn.com\\\/wp-content\\\/uploads\\\/2022\\\/03\\\/bistec-poltre.jpg\",\"width\":800,\"height\":533},{\"@type\":\"BreadcrumbList\",\"@id\":\"https:\\\/\\\/labonacarn.com\\\/es\\\/producte\\\/bistec-de-potro-del-pirineo-catalan-4x180-gramos-aprox\\\/#breadcrumb\",\"itemListElement\":[{\"@type\":\"ListItem\",\"position\":1,\"name\":\"Portada\",\"item\":\"https:\\\/\\\/labonacarn.com\\\/es\\\/\"},{\"@type\":\"ListItem\",\"position\":2,\"name\":\"Tienda\",\"item\":\"https:\\\/\\\/labonacarn.com\\\/es\\\/tienda\\\/\"},{\"@type\":\"ListItem\",\"position\":3,\"name\":\"Bistec de potro del Pirineo catal\u00e1n (4&#215;180 gramos aprox)\"}]},{\"@type\":\"WebSite\",\"@id\":\"https:\\\/\\\/labonacarn.com\\\/es\\\/#website\",\"url\":\"https:\\\/\\\/labonacarn.com\\\/es\\\/\",\"name\":\"labonacarn.com\",\"description\":\"Venem carn de vedella, porc, pollastre, xai, poltre, gall dindi i embotits de primera qualitat i fets per nosaltres.\",\"potentialAction\":[{\"@type\":\"SearchAction\",\"target\":{\"@type\":\"EntryPoint\",\"urlTemplate\":\"https:\\\/\\\/labonacarn.com\\\/es\\\/?s={search_term_string}\"},\"query-input\":{\"@type\":\"PropertyValueSpecification\",\"valueRequired\":true,\"valueName\":\"search_term_string\"}}],\"inLanguage\":\"es\"}]}<\/script>\n<!-- \/ Yoast SEO plugin. -->","yoast_head_json":{"title":"Bistec de potro del Pirineo catal\u00e1n (4x180 gramos aprox) - labonacarn.com","description":"Una de las mejores carnes que podemos encontrar, que proviene de animales que viven en total libertad por nuestras monta\u00f1as.","robots":{"index":"index","follow":"follow","max-snippet":"max-snippet:-1","max-image-preview":"max-image-preview:large","max-video-preview":"max-video-preview:-1"},"canonical":"https:\/\/labonacarn.com\/es\/producte\/bistec-de-potro-del-pirineo-catalan-4x180-gramos-aprox\/","og_locale":"es_ES","og_type":"article","og_title":"Bistec de potro del Pirineo catal\u00e1n (4x180 gramos aprox) - labonacarn.com","og_description":"Una de las mejores carnes que podemos encontrar, que proviene de animales que viven en total libertad por nuestras monta\u00f1as.","og_url":"https:\/\/labonacarn.com\/es\/producte\/bistec-de-potro-del-pirineo-catalan-4x180-gramos-aprox\/","og_site_name":"labonacarn.com","article_modified_time":"2023-09-12T18:30:00+00:00","og_image":[{"width":800,"height":533,"url":"https:\/\/labonacarn.com\/wp-content\/uploads\/2022\/03\/bistec-poltre.jpg","type":"image\/jpeg"}],"twitter_card":"summary_large_image","twitter_misc":{"Tiempo de lectura":"1 minuto"},"schema":{"@context":"https:\/\/schema.org","@graph":[{"@type":"WebPage","@id":"https:\/\/labonacarn.com\/es\/producte\/bistec-de-potro-del-pirineo-catalan-4x180-gramos-aprox\/","url":"https:\/\/labonacarn.com\/es\/producte\/bistec-de-potro-del-pirineo-catalan-4x180-gramos-aprox\/","name":"Bistec de potro del Pirineo catal\u00e1n (4x180 gramos aprox) - labonacarn.com","isPartOf":{"@id":"https:\/\/labonacarn.com\/es\/#website"},"primaryImageOfPage":{"@id":"https:\/\/labonacarn.com\/es\/producte\/bistec-de-potro-del-pirineo-catalan-4x180-gramos-aprox\/#primaryimage"},"image":{"@id":"https:\/\/labonacarn.com\/es\/producte\/bistec-de-potro-del-pirineo-catalan-4x180-gramos-aprox\/#primaryimage"},"thumbnailUrl":"https:\/\/labonacarn.com\/wp-content\/uploads\/2022\/03\/bistec-poltre.jpg","datePublished":"2022-03-01T10:35:47+00:00","dateModified":"2023-09-12T18:30:00+00:00","description":"Una de las mejores carnes que podemos encontrar, que proviene de animales que viven en total libertad por nuestras monta\u00f1as.","breadcrumb":{"@id":"https:\/\/labonacarn.com\/es\/producte\/bistec-de-potro-del-pirineo-catalan-4x180-gramos-aprox\/#breadcrumb"},"inLanguage":"es","potentialAction":[{"@type":"ReadAction","target":["https:\/\/labonacarn.com\/es\/producte\/bistec-de-potro-del-pirineo-catalan-4x180-gramos-aprox\/"]}]},{"@type":"ImageObject","inLanguage":"es","@id":"https:\/\/labonacarn.com\/es\/producte\/bistec-de-potro-del-pirineo-catalan-4x180-gramos-aprox\/#primaryimage","url":"https:\/\/labonacarn.com\/wp-content\/uploads\/2022\/03\/bistec-poltre.jpg","contentUrl":"https:\/\/labonacarn.com\/wp-content\/uploads\/2022\/03\/bistec-poltre.jpg","width":800,"height":533},{"@type":"BreadcrumbList","@id":"https:\/\/labonacarn.com\/es\/producte\/bistec-de-potro-del-pirineo-catalan-4x180-gramos-aprox\/#breadcrumb","itemListElement":[{"@type":"ListItem","position":1,"name":"Portada","item":"https:\/\/labonacarn.com\/es\/"},{"@type":"ListItem","position":2,"name":"Tienda","item":"https:\/\/labonacarn.com\/es\/tienda\/"},{"@type":"ListItem","position":3,"name":"Bistec de potro del Pirineo catal\u00e1n (4&#215;180 gramos aprox)"}]},{"@type":"WebSite","@id":"https:\/\/labonacarn.com\/es\/#website","url":"https:\/\/labonacarn.com\/es\/","name":"labonacarn.com","description":"Venem carn de vedella, porc, pollastre, xai, poltre, gall dindi i embotits de primera qualitat i fets per nosaltres.","potentialAction":[{"@type":"SearchAction","target":{"@type":"EntryPoint","urlTemplate":"https:\/\/labonacarn.com\/es\/?s={search_term_string}"},"query-input":{"@type":"PropertyValueSpecification","valueRequired":true,"valueName":"search_term_string"}}],"inLanguage":"es"}]}},"_links":{"self":[{"href":"https:\/\/labonacarn.com\/es\/wp-json\/wp\/v2\/product\/4653","targetHints":{"allow":["GET"]}}],"collection":[{"href":"https:\/\/labonacarn.com\/es\/wp-json\/wp\/v2\/product"}],"about":[{"href":"https:\/\/labonacarn.com\/es\/wp-json\/wp\/v2\/types\/product"}],"wp:featuredmedia":[{"embeddable":true,"href":"https:\/\/labonacarn.com\/es\/wp-json\/wp\/v2\/media\/3751"}],"wp:attachment":[{"href":"https:\/\/labonacarn.com\/es\/wp-json\/wp\/v2\/media?parent=4653"}],"wp:term":[{"taxonomy":"product_brand","embeddable":true,"href":"https:\/\/labonacarn.com\/es\/wp-json\/wp\/v2\/product_brand?post=4653"},{"taxonomy":"product_cat","embeddable":true,"href":"https:\/\/labonacarn.com\/es\/wp-json\/wp\/v2\/product_cat?post=4653"},{"taxonomy":"product_tag","embeddable":true,"href":"https:\/\/labonacarn.com\/es\/wp-json\/wp\/v2\/product_tag?post=4653"}],"curies":[{"name":"wp","href":"https:\/\/api.w.org\/{rel}","templated":true}]}}