{"id":4648,"date":"2022-03-01T11:44:02","date_gmt":"2022-03-01T10:44:02","guid":{"rendered":"https:\/\/labonacarn.com\/producto\/entrecot-de-potro-sin-hueso-2-x-250-grs\/"},"modified":"2023-09-12T20:35:25","modified_gmt":"2023-09-12T18:35:25","slug":"entrecot-de-potro-sin-hueso-2-x-250-grs","status":"publish","type":"product","link":"https:\/\/labonacarn.com\/es\/producte\/entrecot-de-potro-sin-hueso-2-x-250-grs\/","title":{"rendered":"Entrecot de potro sin hueso (2 x 250 grs.)"},"content":{"rendered":"<h2>Entrecot de potro del Pirineo<\/h2>\n<p>En el mundo de la alimentaci\u00f3n podemos encontrar diferentes carnes pero una de las mejores es la carne de potro.<\/p>\n<p>\u00bfPor qu\u00e9? Nuestra carne de potro proviene de animales que viven en plena libertad en el pirineo catal\u00e1n. Esto hace que estos animales est\u00e9n alimentados con la hierba de las monta\u00f1as y el agua de los arroyos. No han sufrido ning\u00fan tratamiento ni algo natural.<\/p>\n<p>El resultado de todo ello hace que nos encontremos con una carne totalmente natural, sin ning\u00fan conservante ni colorante, rica en hierro y magnesio, la m\u00e1s baja de todas en grasas, y cinco veces superior en \u00e1cidos grasos esenciales omega 3. Muy recomendada por los ni\u00f1os y tambi\u00e9n por la gente mayor, ya que aporta una gran cantidad de vitaminas y su riqueza en hierro ayuda a la gente mayor por la p\u00e9rdida de cal. Los servimos envasados al vac\u00edo, con un peso aprox de 250 gramos (2 unidades x 250 gramos). Precio: 29&#8217;75\u20ac\/kgr.<\/p>\n","protected":false},"excerpt":{"rendered":"<p>Una de las mejores carnes que podemos encontrar que proviene de animales que viven en total libertad por las monta\u00f1as del Pirineo.<\/p>\n","protected":false},"featured_media":3766,"template":"","meta":{"_acf_changed":false,"_joinchat":[]},"product_brand":[],"product_cat":[96,63],"product_tag":[],"class_list":{"0":"post-4648","1":"product","2":"type-product","3":"status-publish","4":"has-post-thumbnail","6":"product_cat-caballo-potro","7":"product_cat-carne","9":"first","10":"instock","11":"taxable","12":"shipping-taxable","13":"purchasable","14":"product-type-simple"},"acf":[],"yoast_head":"<!-- This site is optimized with the Yoast SEO plugin v27.4 - https:\/\/yoast.com\/product\/yoast-seo-wordpress\/ -->\n<title>Entrecot de potro sin hueso (2 x 250 grs.) - labonacarn.com<\/title>\n<meta name=\"description\" content=\"Entrecot de potro del Pirineo, una carne exquisita que proviene de animales que viven en total libertad por las monta\u00f1as del Pirineo.\" \/>\n<meta name=\"robots\" content=\"index, follow, max-snippet:-1, max-image-preview:large, max-video-preview:-1\" \/>\n<link rel=\"canonical\" href=\"https:\/\/labonacarn.com\/es\/producte\/entrecot-de-potro-sin-hueso-2-x-250-grs\/\" \/>\n<meta property=\"og:locale\" content=\"es_ES\" \/>\n<meta property=\"og:type\" content=\"article\" \/>\n<meta property=\"og:title\" content=\"Entrecot de potro sin hueso (2 x 250 grs.) - labonacarn.com\" \/>\n<meta property=\"og:description\" content=\"Entrecot de potro del Pirineo, una carne exquisita que proviene de animales que viven en total libertad por las monta\u00f1as del Pirineo.\" \/>\n<meta property=\"og:url\" content=\"https:\/\/labonacarn.com\/es\/producte\/entrecot-de-potro-sin-hueso-2-x-250-grs\/\" \/>\n<meta property=\"og:site_name\" content=\"labonacarn.com\" \/>\n<meta property=\"article:modified_time\" content=\"2023-09-12T18:35:25+00:00\" \/>\n<meta property=\"og:image\" content=\"https:\/\/labonacarn.com\/wp-content\/uploads\/2022\/03\/entrecot-de-poltre.jpg\" \/>\n\t<meta property=\"og:image:width\" content=\"800\" \/>\n\t<meta property=\"og:image:height\" content=\"533\" \/>\n\t<meta property=\"og:image:type\" content=\"image\/jpeg\" \/>\n<meta name=\"twitter:card\" content=\"summary_large_image\" \/>\n<meta name=\"twitter:label1\" content=\"Tiempo de lectura\" \/>\n\t<meta name=\"twitter:data1\" content=\"1 minuto\" \/>\n<script type=\"application\/ld+json\" class=\"yoast-schema-graph\">{\"@context\":\"https:\\\/\\\/schema.org\",\"@graph\":[{\"@type\":\"WebPage\",\"@id\":\"https:\\\/\\\/labonacarn.com\\\/es\\\/producte\\\/entrecot-de-potro-sin-hueso-2-x-250-grs\\\/\",\"url\":\"https:\\\/\\\/labonacarn.com\\\/es\\\/producte\\\/entrecot-de-potro-sin-hueso-2-x-250-grs\\\/\",\"name\":\"Entrecot de potro sin hueso (2 x 250 grs.) - labonacarn.com\",\"isPartOf\":{\"@id\":\"https:\\\/\\\/labonacarn.com\\\/es\\\/#website\"},\"primaryImageOfPage\":{\"@id\":\"https:\\\/\\\/labonacarn.com\\\/es\\\/producte\\\/entrecot-de-potro-sin-hueso-2-x-250-grs\\\/#primaryimage\"},\"image\":{\"@id\":\"https:\\\/\\\/labonacarn.com\\\/es\\\/producte\\\/entrecot-de-potro-sin-hueso-2-x-250-grs\\\/#primaryimage\"},\"thumbnailUrl\":\"https:\\\/\\\/labonacarn.com\\\/wp-content\\\/uploads\\\/2022\\\/03\\\/entrecot-de-poltre.jpg\",\"datePublished\":\"2022-03-01T10:44:02+00:00\",\"dateModified\":\"2023-09-12T18:35:25+00:00\",\"description\":\"Entrecot de potro del Pirineo, una carne exquisita que proviene de animales que viven en total libertad por las monta\u00f1as del Pirineo.\",\"breadcrumb\":{\"@id\":\"https:\\\/\\\/labonacarn.com\\\/es\\\/producte\\\/entrecot-de-potro-sin-hueso-2-x-250-grs\\\/#breadcrumb\"},\"inLanguage\":\"es\",\"potentialAction\":[{\"@type\":\"ReadAction\",\"target\":[\"https:\\\/\\\/labonacarn.com\\\/es\\\/producte\\\/entrecot-de-potro-sin-hueso-2-x-250-grs\\\/\"]}]},{\"@type\":\"ImageObject\",\"inLanguage\":\"es\",\"@id\":\"https:\\\/\\\/labonacarn.com\\\/es\\\/producte\\\/entrecot-de-potro-sin-hueso-2-x-250-grs\\\/#primaryimage\",\"url\":\"https:\\\/\\\/labonacarn.com\\\/wp-content\\\/uploads\\\/2022\\\/03\\\/entrecot-de-poltre.jpg\",\"contentUrl\":\"https:\\\/\\\/labonacarn.com\\\/wp-content\\\/uploads\\\/2022\\\/03\\\/entrecot-de-poltre.jpg\",\"width\":800,\"height\":533},{\"@type\":\"BreadcrumbList\",\"@id\":\"https:\\\/\\\/labonacarn.com\\\/es\\\/producte\\\/entrecot-de-potro-sin-hueso-2-x-250-grs\\\/#breadcrumb\",\"itemListElement\":[{\"@type\":\"ListItem\",\"position\":1,\"name\":\"Portada\",\"item\":\"https:\\\/\\\/labonacarn.com\\\/es\\\/\"},{\"@type\":\"ListItem\",\"position\":2,\"name\":\"Tienda\",\"item\":\"https:\\\/\\\/labonacarn.com\\\/es\\\/tienda\\\/\"},{\"@type\":\"ListItem\",\"position\":3,\"name\":\"Entrecot de potro sin hueso (2 x 250 grs.)\"}]},{\"@type\":\"WebSite\",\"@id\":\"https:\\\/\\\/labonacarn.com\\\/es\\\/#website\",\"url\":\"https:\\\/\\\/labonacarn.com\\\/es\\\/\",\"name\":\"labonacarn.com\",\"description\":\"Venem carn de vedella, porc, pollastre, xai, poltre, gall dindi i embotits de primera qualitat i fets per nosaltres.\",\"potentialAction\":[{\"@type\":\"SearchAction\",\"target\":{\"@type\":\"EntryPoint\",\"urlTemplate\":\"https:\\\/\\\/labonacarn.com\\\/es\\\/?s={search_term_string}\"},\"query-input\":{\"@type\":\"PropertyValueSpecification\",\"valueRequired\":true,\"valueName\":\"search_term_string\"}}],\"inLanguage\":\"es\"}]}<\/script>\n<!-- \/ Yoast SEO plugin. -->","yoast_head_json":{"title":"Entrecot de potro sin hueso (2 x 250 grs.) - labonacarn.com","description":"Entrecot de potro del Pirineo, una carne exquisita que proviene de animales que viven en total libertad por las monta\u00f1as del Pirineo.","robots":{"index":"index","follow":"follow","max-snippet":"max-snippet:-1","max-image-preview":"max-image-preview:large","max-video-preview":"max-video-preview:-1"},"canonical":"https:\/\/labonacarn.com\/es\/producte\/entrecot-de-potro-sin-hueso-2-x-250-grs\/","og_locale":"es_ES","og_type":"article","og_title":"Entrecot de potro sin hueso (2 x 250 grs.) - labonacarn.com","og_description":"Entrecot de potro del Pirineo, una carne exquisita que proviene de animales que viven en total libertad por las monta\u00f1as del Pirineo.","og_url":"https:\/\/labonacarn.com\/es\/producte\/entrecot-de-potro-sin-hueso-2-x-250-grs\/","og_site_name":"labonacarn.com","article_modified_time":"2023-09-12T18:35:25+00:00","og_image":[{"width":800,"height":533,"url":"https:\/\/labonacarn.com\/wp-content\/uploads\/2022\/03\/entrecot-de-poltre.jpg","type":"image\/jpeg"}],"twitter_card":"summary_large_image","twitter_misc":{"Tiempo de lectura":"1 minuto"},"schema":{"@context":"https:\/\/schema.org","@graph":[{"@type":"WebPage","@id":"https:\/\/labonacarn.com\/es\/producte\/entrecot-de-potro-sin-hueso-2-x-250-grs\/","url":"https:\/\/labonacarn.com\/es\/producte\/entrecot-de-potro-sin-hueso-2-x-250-grs\/","name":"Entrecot de potro sin hueso (2 x 250 grs.) - labonacarn.com","isPartOf":{"@id":"https:\/\/labonacarn.com\/es\/#website"},"primaryImageOfPage":{"@id":"https:\/\/labonacarn.com\/es\/producte\/entrecot-de-potro-sin-hueso-2-x-250-grs\/#primaryimage"},"image":{"@id":"https:\/\/labonacarn.com\/es\/producte\/entrecot-de-potro-sin-hueso-2-x-250-grs\/#primaryimage"},"thumbnailUrl":"https:\/\/labonacarn.com\/wp-content\/uploads\/2022\/03\/entrecot-de-poltre.jpg","datePublished":"2022-03-01T10:44:02+00:00","dateModified":"2023-09-12T18:35:25+00:00","description":"Entrecot de potro del Pirineo, una carne exquisita que proviene de animales que viven en total libertad por las monta\u00f1as del Pirineo.","breadcrumb":{"@id":"https:\/\/labonacarn.com\/es\/producte\/entrecot-de-potro-sin-hueso-2-x-250-grs\/#breadcrumb"},"inLanguage":"es","potentialAction":[{"@type":"ReadAction","target":["https:\/\/labonacarn.com\/es\/producte\/entrecot-de-potro-sin-hueso-2-x-250-grs\/"]}]},{"@type":"ImageObject","inLanguage":"es","@id":"https:\/\/labonacarn.com\/es\/producte\/entrecot-de-potro-sin-hueso-2-x-250-grs\/#primaryimage","url":"https:\/\/labonacarn.com\/wp-content\/uploads\/2022\/03\/entrecot-de-poltre.jpg","contentUrl":"https:\/\/labonacarn.com\/wp-content\/uploads\/2022\/03\/entrecot-de-poltre.jpg","width":800,"height":533},{"@type":"BreadcrumbList","@id":"https:\/\/labonacarn.com\/es\/producte\/entrecot-de-potro-sin-hueso-2-x-250-grs\/#breadcrumb","itemListElement":[{"@type":"ListItem","position":1,"name":"Portada","item":"https:\/\/labonacarn.com\/es\/"},{"@type":"ListItem","position":2,"name":"Tienda","item":"https:\/\/labonacarn.com\/es\/tienda\/"},{"@type":"ListItem","position":3,"name":"Entrecot de potro sin hueso (2 x 250 grs.)"}]},{"@type":"WebSite","@id":"https:\/\/labonacarn.com\/es\/#website","url":"https:\/\/labonacarn.com\/es\/","name":"labonacarn.com","description":"Venem carn de vedella, porc, pollastre, xai, poltre, gall dindi i embotits de primera qualitat i fets per nosaltres.","potentialAction":[{"@type":"SearchAction","target":{"@type":"EntryPoint","urlTemplate":"https:\/\/labonacarn.com\/es\/?s={search_term_string}"},"query-input":{"@type":"PropertyValueSpecification","valueRequired":true,"valueName":"search_term_string"}}],"inLanguage":"es"}]}},"_links":{"self":[{"href":"https:\/\/labonacarn.com\/es\/wp-json\/wp\/v2\/product\/4648","targetHints":{"allow":["GET"]}}],"collection":[{"href":"https:\/\/labonacarn.com\/es\/wp-json\/wp\/v2\/product"}],"about":[{"href":"https:\/\/labonacarn.com\/es\/wp-json\/wp\/v2\/types\/product"}],"wp:featuredmedia":[{"embeddable":true,"href":"https:\/\/labonacarn.com\/es\/wp-json\/wp\/v2\/media\/3766"}],"wp:attachment":[{"href":"https:\/\/labonacarn.com\/es\/wp-json\/wp\/v2\/media?parent=4648"}],"wp:term":[{"taxonomy":"product_brand","embeddable":true,"href":"https:\/\/labonacarn.com\/es\/wp-json\/wp\/v2\/product_brand?post=4648"},{"taxonomy":"product_cat","embeddable":true,"href":"https:\/\/labonacarn.com\/es\/wp-json\/wp\/v2\/product_cat?post=4648"},{"taxonomy":"product_tag","embeddable":true,"href":"https:\/\/labonacarn.com\/es\/wp-json\/wp\/v2\/product_tag?post=4648"}],"curies":[{"name":"wp","href":"https:\/\/api.w.org\/{rel}","templated":true}]}}