{"id":4603,"date":"2022-02-22T10:39:39","date_gmt":"2022-02-22T09:39:39","guid":{"rendered":"https:\/\/labonacarn.com\/producto\/butifarra-de-niscalos-con-ajo-y-perejil-400-grs\/"},"modified":"2022-10-10T17:06:18","modified_gmt":"2022-10-10T17:06:18","slug":"morcilla-de-niscalos-con-all-y-perejil-400-grs","status":"publish","type":"product","link":"https:\/\/labonacarn.com\/es\/producte\/morcilla-de-niscalos-con-all-y-perejil-400-grs\/","title":{"rendered":"Butifarra de n\u00edscalos con ajo y perejil (400 grs)"},"content":{"rendered":"<p>Para las personas que les gustan las setas, el n\u00edscalo es una seta especial. Tiene mucho cuerpo, cuando lo degustas tiene una textura rugosa y con sabor a bosque. Es una de las grandes setas que tenemos en nuestra tierra. Por eso hemos querido ofreceros una butifarra con esta seta y una picada de ajo y perejil. La hacemos con el formato de gran butifarra con un peso de 400 grs o si se desea de un palmo y medio. Como siempre est\u00e1 libre de cualquier colorante o conservante, como ingredientes principales son la carne de cerdo, n\u00edscalos, ajo y perejil, sal y pimienta y tripa natural. Aparte de esto no lleva nada m\u00e1s y por tanto, es apto para cualquier persona que no sea intolerante a estos productos.<br \/>\nPrecio: 19&#8217;50\u20ac\/kgr.<\/p>\n<p>Por su cocci\u00f3n recomendamos si puede, hacerla a la brasa. Si no tiene, su mejor aliado ser\u00e1 el horno, ya que con el aire caliente, su cocci\u00f3n ser\u00e1 total. Si la quiere hacer en el horno, col\u00f3quelo en una bandeja y caliente el horno a unos 130 grados y deje que vaya haciendo. A la que ve que est\u00e1 cocida ya puede sacarla. Recuerde que las butifarras no deben pincharse nunca, ya que pierden el sabor y su textura.<\/p>\n","protected":false},"excerpt":{"rendered":"<p>Con n\u00edscalos del Montseny !!!<\/p>\n","protected":false},"featured_media":3527,"template":"","meta":{"_acf_changed":false,"_joinchat":[]},"product_brand":[],"product_cat":[61,62],"product_tag":[],"class_list":{"0":"post-4603","1":"product","2":"type-product","3":"status-publish","4":"has-post-thumbnail","6":"product_cat-butifarras","7":"product_cat-butifarras-de-cerdo","9":"first","10":"instock","11":"taxable","12":"shipping-taxable","13":"purchasable","14":"product-type-simple"},"acf":[],"yoast_head":"<!-- This site is optimized with the Yoast SEO plugin v27.4 - https:\/\/yoast.com\/product\/yoast-seo-wordpress\/ -->\n<title>Butifarra de n\u00edscalos con ajo y perejil (400 grs) - labonacarn.com<\/title>\n<meta name=\"robots\" content=\"index, follow, max-snippet:-1, max-image-preview:large, max-video-preview:-1\" \/>\n<link rel=\"canonical\" href=\"https:\/\/labonacarn.com\/es\/producte\/morcilla-de-niscalos-con-all-y-perejil-400-grs\/\" \/>\n<meta property=\"og:locale\" content=\"es_ES\" \/>\n<meta property=\"og:type\" content=\"article\" \/>\n<meta property=\"og:title\" content=\"Butifarra de n\u00edscalos con ajo y perejil (400 grs) - labonacarn.com\" \/>\n<meta property=\"og:description\" content=\"Con n\u00edscalos del Montseny !!!\" \/>\n<meta property=\"og:url\" content=\"https:\/\/labonacarn.com\/es\/producte\/morcilla-de-niscalos-con-all-y-perejil-400-grs\/\" \/>\n<meta property=\"og:site_name\" content=\"labonacarn.com\" \/>\n<meta property=\"article:modified_time\" content=\"2022-10-10T17:06:18+00:00\" \/>\n<meta property=\"og:image\" content=\"https:\/\/labonacarn.com\/wp-content\/uploads\/2022\/02\/153g.jpg\" \/>\n\t<meta property=\"og:image:width\" content=\"800\" \/>\n\t<meta property=\"og:image:height\" content=\"533\" \/>\n\t<meta property=\"og:image:type\" content=\"image\/jpeg\" \/>\n<meta name=\"twitter:card\" content=\"summary_large_image\" \/>\n<meta name=\"twitter:label1\" content=\"Tiempo de lectura\" \/>\n\t<meta name=\"twitter:data1\" content=\"2 minutos\" \/>\n<script type=\"application\/ld+json\" class=\"yoast-schema-graph\">{\"@context\":\"https:\\\/\\\/schema.org\",\"@graph\":[{\"@type\":\"WebPage\",\"@id\":\"https:\\\/\\\/labonacarn.com\\\/es\\\/producte\\\/morcilla-de-niscalos-con-all-y-perejil-400-grs\\\/\",\"url\":\"https:\\\/\\\/labonacarn.com\\\/es\\\/producte\\\/morcilla-de-niscalos-con-all-y-perejil-400-grs\\\/\",\"name\":\"Butifarra de n\u00edscalos con ajo y perejil (400 grs) - labonacarn.com\",\"isPartOf\":{\"@id\":\"https:\\\/\\\/labonacarn.com\\\/es\\\/#website\"},\"primaryImageOfPage\":{\"@id\":\"https:\\\/\\\/labonacarn.com\\\/es\\\/producte\\\/morcilla-de-niscalos-con-all-y-perejil-400-grs\\\/#primaryimage\"},\"image\":{\"@id\":\"https:\\\/\\\/labonacarn.com\\\/es\\\/producte\\\/morcilla-de-niscalos-con-all-y-perejil-400-grs\\\/#primaryimage\"},\"thumbnailUrl\":\"https:\\\/\\\/labonacarn.com\\\/wp-content\\\/uploads\\\/2022\\\/02\\\/153g.jpg\",\"datePublished\":\"2022-02-22T09:39:39+00:00\",\"dateModified\":\"2022-10-10T17:06:18+00:00\",\"breadcrumb\":{\"@id\":\"https:\\\/\\\/labonacarn.com\\\/es\\\/producte\\\/morcilla-de-niscalos-con-all-y-perejil-400-grs\\\/#breadcrumb\"},\"inLanguage\":\"es\",\"potentialAction\":[{\"@type\":\"ReadAction\",\"target\":[\"https:\\\/\\\/labonacarn.com\\\/es\\\/producte\\\/morcilla-de-niscalos-con-all-y-perejil-400-grs\\\/\"]}]},{\"@type\":\"ImageObject\",\"inLanguage\":\"es\",\"@id\":\"https:\\\/\\\/labonacarn.com\\\/es\\\/producte\\\/morcilla-de-niscalos-con-all-y-perejil-400-grs\\\/#primaryimage\",\"url\":\"https:\\\/\\\/labonacarn.com\\\/wp-content\\\/uploads\\\/2022\\\/02\\\/153g.jpg\",\"contentUrl\":\"https:\\\/\\\/labonacarn.com\\\/wp-content\\\/uploads\\\/2022\\\/02\\\/153g.jpg\",\"width\":800,\"height\":533},{\"@type\":\"BreadcrumbList\",\"@id\":\"https:\\\/\\\/labonacarn.com\\\/es\\\/producte\\\/morcilla-de-niscalos-con-all-y-perejil-400-grs\\\/#breadcrumb\",\"itemListElement\":[{\"@type\":\"ListItem\",\"position\":1,\"name\":\"Portada\",\"item\":\"https:\\\/\\\/labonacarn.com\\\/es\\\/\"},{\"@type\":\"ListItem\",\"position\":2,\"name\":\"Tienda\",\"item\":\"https:\\\/\\\/labonacarn.com\\\/es\\\/tienda\\\/\"},{\"@type\":\"ListItem\",\"position\":3,\"name\":\"Butifarra de n\u00edscalos con ajo y perejil (400 grs)\"}]},{\"@type\":\"WebSite\",\"@id\":\"https:\\\/\\\/labonacarn.com\\\/es\\\/#website\",\"url\":\"https:\\\/\\\/labonacarn.com\\\/es\\\/\",\"name\":\"labonacarn.com\",\"description\":\"Venem carn de vedella, porc, pollastre, xai, poltre, gall dindi i embotits de primera qualitat i fets per nosaltres.\",\"potentialAction\":[{\"@type\":\"SearchAction\",\"target\":{\"@type\":\"EntryPoint\",\"urlTemplate\":\"https:\\\/\\\/labonacarn.com\\\/es\\\/?s={search_term_string}\"},\"query-input\":{\"@type\":\"PropertyValueSpecification\",\"valueRequired\":true,\"valueName\":\"search_term_string\"}}],\"inLanguage\":\"es\"}]}<\/script>\n<!-- \/ Yoast SEO plugin. -->","yoast_head_json":{"title":"Butifarra de n\u00edscalos con ajo y perejil (400 grs) - labonacarn.com","robots":{"index":"index","follow":"follow","max-snippet":"max-snippet:-1","max-image-preview":"max-image-preview:large","max-video-preview":"max-video-preview:-1"},"canonical":"https:\/\/labonacarn.com\/es\/producte\/morcilla-de-niscalos-con-all-y-perejil-400-grs\/","og_locale":"es_ES","og_type":"article","og_title":"Butifarra de n\u00edscalos con ajo y perejil (400 grs) - labonacarn.com","og_description":"Con n\u00edscalos del Montseny !!!","og_url":"https:\/\/labonacarn.com\/es\/producte\/morcilla-de-niscalos-con-all-y-perejil-400-grs\/","og_site_name":"labonacarn.com","article_modified_time":"2022-10-10T17:06:18+00:00","og_image":[{"width":800,"height":533,"url":"https:\/\/labonacarn.com\/wp-content\/uploads\/2022\/02\/153g.jpg","type":"image\/jpeg"}],"twitter_card":"summary_large_image","twitter_misc":{"Tiempo de lectura":"2 minutos"},"schema":{"@context":"https:\/\/schema.org","@graph":[{"@type":"WebPage","@id":"https:\/\/labonacarn.com\/es\/producte\/morcilla-de-niscalos-con-all-y-perejil-400-grs\/","url":"https:\/\/labonacarn.com\/es\/producte\/morcilla-de-niscalos-con-all-y-perejil-400-grs\/","name":"Butifarra de n\u00edscalos con ajo y perejil (400 grs) - labonacarn.com","isPartOf":{"@id":"https:\/\/labonacarn.com\/es\/#website"},"primaryImageOfPage":{"@id":"https:\/\/labonacarn.com\/es\/producte\/morcilla-de-niscalos-con-all-y-perejil-400-grs\/#primaryimage"},"image":{"@id":"https:\/\/labonacarn.com\/es\/producte\/morcilla-de-niscalos-con-all-y-perejil-400-grs\/#primaryimage"},"thumbnailUrl":"https:\/\/labonacarn.com\/wp-content\/uploads\/2022\/02\/153g.jpg","datePublished":"2022-02-22T09:39:39+00:00","dateModified":"2022-10-10T17:06:18+00:00","breadcrumb":{"@id":"https:\/\/labonacarn.com\/es\/producte\/morcilla-de-niscalos-con-all-y-perejil-400-grs\/#breadcrumb"},"inLanguage":"es","potentialAction":[{"@type":"ReadAction","target":["https:\/\/labonacarn.com\/es\/producte\/morcilla-de-niscalos-con-all-y-perejil-400-grs\/"]}]},{"@type":"ImageObject","inLanguage":"es","@id":"https:\/\/labonacarn.com\/es\/producte\/morcilla-de-niscalos-con-all-y-perejil-400-grs\/#primaryimage","url":"https:\/\/labonacarn.com\/wp-content\/uploads\/2022\/02\/153g.jpg","contentUrl":"https:\/\/labonacarn.com\/wp-content\/uploads\/2022\/02\/153g.jpg","width":800,"height":533},{"@type":"BreadcrumbList","@id":"https:\/\/labonacarn.com\/es\/producte\/morcilla-de-niscalos-con-all-y-perejil-400-grs\/#breadcrumb","itemListElement":[{"@type":"ListItem","position":1,"name":"Portada","item":"https:\/\/labonacarn.com\/es\/"},{"@type":"ListItem","position":2,"name":"Tienda","item":"https:\/\/labonacarn.com\/es\/tienda\/"},{"@type":"ListItem","position":3,"name":"Butifarra de n\u00edscalos con ajo y perejil (400 grs)"}]},{"@type":"WebSite","@id":"https:\/\/labonacarn.com\/es\/#website","url":"https:\/\/labonacarn.com\/es\/","name":"labonacarn.com","description":"Venem carn de vedella, porc, pollastre, xai, poltre, gall dindi i embotits de primera qualitat i fets per nosaltres.","potentialAction":[{"@type":"SearchAction","target":{"@type":"EntryPoint","urlTemplate":"https:\/\/labonacarn.com\/es\/?s={search_term_string}"},"query-input":{"@type":"PropertyValueSpecification","valueRequired":true,"valueName":"search_term_string"}}],"inLanguage":"es"}]}},"_links":{"self":[{"href":"https:\/\/labonacarn.com\/es\/wp-json\/wp\/v2\/product\/4603","targetHints":{"allow":["GET"]}}],"collection":[{"href":"https:\/\/labonacarn.com\/es\/wp-json\/wp\/v2\/product"}],"about":[{"href":"https:\/\/labonacarn.com\/es\/wp-json\/wp\/v2\/types\/product"}],"wp:featuredmedia":[{"embeddable":true,"href":"https:\/\/labonacarn.com\/es\/wp-json\/wp\/v2\/media\/3527"}],"wp:attachment":[{"href":"https:\/\/labonacarn.com\/es\/wp-json\/wp\/v2\/media?parent=4603"}],"wp:term":[{"taxonomy":"product_brand","embeddable":true,"href":"https:\/\/labonacarn.com\/es\/wp-json\/wp\/v2\/product_brand?post=4603"},{"taxonomy":"product_cat","embeddable":true,"href":"https:\/\/labonacarn.com\/es\/wp-json\/wp\/v2\/product_cat?post=4603"},{"taxonomy":"product_tag","embeddable":true,"href":"https:\/\/labonacarn.com\/es\/wp-json\/wp\/v2\/product_tag?post=4603"}],"curies":[{"name":"wp","href":"https:\/\/api.w.org\/{rel}","templated":true}]}}