{"id":16872,"date":"2026-05-04T12:02:00","date_gmt":"2026-05-04T10:02:00","guid":{"rendered":"https:\/\/labonacarn.com\/producte\/pechuga-de-pollo-rebozado-500-grs\/"},"modified":"2026-05-04T13:42:36","modified_gmt":"2026-05-04T11:42:36","slug":"pechuga-de-pollo-rebozada-500-grs","status":"publish","type":"product","link":"https:\/\/labonacarn.com\/es\/producte\/pechuga-de-pollo-rebozada-500-grs\/","title":{"rendered":"Pechuga de pollo rebozada (500 grs)"},"content":{"rendered":"<h2>Pechuga de pollo rebozada<\/h2>\n<p data-start=\"0\" data-end=\"414\">La pechuga de pollo rebozada de labonacarn es la opci\u00f3n perfecta para familias que buscan comida r\u00e1pida, saludable y de calidad.<br \/>\nElaborado con pollo de Girona, pan rallado sin gluten y huevo pasteurizado, este producto destaca por su textura crujiente y su sabor casero. Adem\u00e1s, no contiene alergenos, ni conservantes ni colorantes, lo que le hace apto para todos e ideal para una alimentaci\u00f3n equilibrada.<\/p>\n<p data-start=\"416\" data-end=\"652\">Cada caja incluye entre 400 y 500 gramos de pechuga de pollo rebozado, una soluci\u00f3n pr\u00e1ctica para las comidas del d\u00eda a d\u00eda. Es un producto pensado para la compra online, especialmente para familias que valoran su calidad y su proximidad.<\/p>\n<p data-start=\"654\" data-end=\"704\"><strong data-start=\"654\" data-end=\"702\">Valores nutricionales por cada 100 g (aprox.):<\/strong><\/p>\n<ul data-start=\"705\" data-end=\"869\">\n<li data-section-id=\"180i2s5\" data-start=\"705\" data-end=\"726\">Energia: 230 kcal<\/li>\n<li data-section-id=\"wat6v4\" data-start=\"727\" data-end=\"776\">Grasas: 9 g\n<ul data-start=\"746\" data-end=\"776\">\n<li data-section-id=\"1ucet5q\" data-start=\"746\" data-end=\"776\">de los cuales saturadas: 1,5 g<\/li>\n<\/ul>\n<\/li>\n<li data-section-id=\"1lz9lg\" data-start=\"777\" data-end=\"834\">Hidratos de carbono: 14 g\n<ul data-start=\"808\" data-end=\"834\">\n<li data-section-id=\"16xk9j5\" data-start=\"808\" data-end=\"834\">de los cuales az\u00facares: 1 g<\/li>\n<\/ul>\n<\/li>\n<li data-section-id=\"1cvzn3y\" data-start=\"835\" data-end=\"854\">Proteinas: 22 g<\/li>\n<li data-section-id=\"1q9kbam\" data-start=\"855\" data-end=\"869\">Sal: 0,9 g<\/li>\n<\/ul>\n<p data-start=\"871\" data-end=\"1136\">C\u00f3mo cocinarlo:<br \/>\nPuedes preparar la pechuga rebozada f\u00e1cilmente en casa.<br data-start=\"889\" data-end=\"892\" \/>Recomendamos cocinarlo en la sart\u00e9n con un poco de aceite hasta que quede bien dorado y crujiente. Tambi\u00e9n es perfecto para hacer en el airfryer, consiguiendo un resultado ligero e igualmente sabroso.<\/p>\n<p data-start=\"1138\" data-end=\"1278\" data-is-last-node=\"\" data-is-only-node=\"\">Si quieres comprar pechuga de pollo rebozada sin gluten, saludable y listo en minutos, labonacarn es la mejor elecci\u00f3n para tu familia.<\/p>\n<p>&nbsp;<\/p>\n","protected":false},"excerpt":{"rendered":"<section class=\"text-token-text-primary w-full focus:outline-none [--shadow-height:45px] has-data-writing-block:pointer-events-none has-data-writing-block:-mt-(--shadow-height) has-data-writing-block:pt-(--shadow-height) [&amp;:has([data-writing-block])&gt;*]:pointer-events-auto R6Vx5W_threadScrollVars scroll-mb-[calc(var(--scroll-root-safe-area-inset-bottom,0px)+var(--thread-response-height))] scroll-mt-(--header-height)\" dir=\"auto\" data-turn-id=\"666c3326-c8de-40ea-85a8-41b86c4ac4ba\" data-testid=\"conversation-turn-9\" data-scroll-anchor=\"false\" data-turn=\"user\"><\/section>\n<section class=\"text-token-text-primary w-full focus:outline-none [--shadow-height:45px] has-data-writing-block:pointer-events-none has-data-writing-block:-mt-(--shadow-height) has-data-writing-block:pt-(--shadow-height) [&amp;:has([data-writing-block])&gt;*]:pointer-events-auto [content-visibility:auto] supports-[content-visibility:auto]:[contain-intrinsic-size:auto_100lvh] R6Vx5W_threadScrollVars scroll-mb-[calc(var(--scroll-root-safe-area-inset-bottom,0px)+var(--thread-response-height))] scroll-mt-[calc(var(--header-height)+min(200px,max(70px,20svh)))]\" dir=\"auto\" data-turn-id=\"request-WEB:4be148ad-0ce4-42a3-a788-525f38f7e100-4\" data-testid=\"conversation-turn-10\" data-scroll-anchor=\"false\" data-turn=\"assistant\">\n<div class=\"text-base my-auto mx-auto pb-10 [--thread-content-margin:var(--thread-content-margin-xs,calc(var(--spacing)*4))] @w-sm\/main:[--thread-content-margin:var(--thread-content-margin-sm,calc(var(--spacing)*6))] @w-lg\/main:[--thread-content-margin:var(--thread-content-margin-lg,calc(var(--spacing)*16))] px-(--thread-content-margin)\">\n<div class=\"[--thread-content-max-width:40rem] @w-lg\/main:[--thread-content-max-width:48rem] mx-auto max-w-(--thread-content-max-width) flex-1 group\/turn-messages focus-visible:outline-hidden relative flex w-full min-w-0 flex-col agent-turn\">\n<div class=\"flex max-w-full flex-col gap-4 grow\">\n<div class=\"min-h-8 text-message relative flex w-full flex-col items-end gap-2 text-start break-words whitespace-normal outline-none keyboard-focused:focus-ring [.text-message+&amp;]:mt-1\" dir=\"auto\" tabindex=\"0\" data-message-author-role=\"assistant\" data-message-id=\"ae4292fa-fe9b-4da5-aea4-0fca65e4b965\" data-message-model-slug=\"gpt-5-3\" data-turn-start-message=\"true\">\n<div class=\"flex w-full flex-col gap-1 empty:hidden\">\n<div class=\"markdown prose dark:prose-invert w-full wrap-break-word light markdown-new-styling\">\n<p data-start=\"0\" data-end=\"63\" data-is-last-node=\"\" data-is-only-node=\"\">\u00bfCu\u00e1nto tiempo hace que no disfrutas de un pechuga buen\u00edsima?<\/p>\n<\/div>\n<\/div>\n<\/div>\n<\/div>\n<\/div>\n<\/div>\n<\/section>\n","protected":false},"featured_media":16868,"template":"","meta":{"_acf_changed":false,"_joinchat":[]},"product_brand":[],"product_cat":[63,104,99,106],"product_tag":[196,188],"class_list":{"0":"post-16872","1":"product","2":"type-product","3":"status-publish","4":"has-post-thumbnail","6":"product_cat-carne","7":"product_cat-para-los-reyes-de-la-casa","8":"product_cat-pollo","9":"product_cat-tengo-invitados","10":"product_tag-amigos-es","11":"product_tag-calidad-es","13":"first","14":"instock","15":"taxable","16":"shipping-taxable","17":"purchasable","18":"product-type-simple"},"acf":[],"yoast_head":"<!-- This site is optimized with the Yoast SEO plugin v27.5 - https:\/\/yoast.com\/product\/yoast-seo-wordpress\/ -->\n<title>Pechuga de pollo rebozada (500 grs) - labonacarn.com<\/title>\n<meta name=\"description\" content=\"Pechuga de pollo rebozada sin gluten de Girona, crujiente y saludable. Con un clic tienes un producto natural, pr\u00e1ctico y delicioso para el d\u00eda a d\u00eda.\" \/>\n<meta name=\"robots\" content=\"index, follow, max-snippet:-1, max-image-preview:large, max-video-preview:-1\" \/>\n<link rel=\"canonical\" href=\"https:\/\/labonacarn.com\/es\/producte\/pechuga-de-pollo-rebozada-500-grs\/\" \/>\n<meta property=\"og:locale\" content=\"es_ES\" \/>\n<meta property=\"og:type\" content=\"article\" \/>\n<meta property=\"og:title\" content=\"Pechuga de pollo rebozada (500 grs) - labonacarn.com\" \/>\n<meta property=\"og:description\" content=\"Pechuga de pollo rebozada sin gluten de Girona, crujiente y saludable. Con un clic tienes un producto natural, pr\u00e1ctico y delicioso para el d\u00eda a d\u00eda.\" \/>\n<meta property=\"og:url\" content=\"https:\/\/labonacarn.com\/es\/producte\/pechuga-de-pollo-rebozada-500-grs\/\" \/>\n<meta property=\"og:site_name\" content=\"labonacarn.com\" \/>\n<meta property=\"article:modified_time\" content=\"2026-05-04T11:42:36+00:00\" \/>\n<meta property=\"og:image\" content=\"https:\/\/labonacarn.com\/wp-content\/uploads\/2026\/05\/233-PIT-POLLASTRE-ARREBOSSAT.jpg\" \/>\n\t<meta property=\"og:image:width\" content=\"800\" \/>\n\t<meta property=\"og:image:height\" content=\"533\" \/>\n\t<meta property=\"og:image:type\" content=\"image\/jpeg\" \/>\n<meta name=\"twitter:card\" content=\"summary_large_image\" \/>\n<meta name=\"twitter:label1\" content=\"Tiempo de lectura\" \/>\n\t<meta name=\"twitter:data1\" content=\"2 minutos\" \/>\n<script type=\"application\/ld+json\" class=\"yoast-schema-graph\">{\"@context\":\"https:\\\/\\\/schema.org\",\"@graph\":[{\"@type\":\"WebPage\",\"@id\":\"https:\\\/\\\/labonacarn.com\\\/es\\\/producte\\\/pechuga-de-pollo-rebozada-500-grs\\\/\",\"url\":\"https:\\\/\\\/labonacarn.com\\\/es\\\/producte\\\/pechuga-de-pollo-rebozada-500-grs\\\/\",\"name\":\"Pechuga de pollo rebozada (500 grs) - labonacarn.com\",\"isPartOf\":{\"@id\":\"https:\\\/\\\/labonacarn.com\\\/es\\\/#website\"},\"primaryImageOfPage\":{\"@id\":\"https:\\\/\\\/labonacarn.com\\\/es\\\/producte\\\/pechuga-de-pollo-rebozada-500-grs\\\/#primaryimage\"},\"image\":{\"@id\":\"https:\\\/\\\/labonacarn.com\\\/es\\\/producte\\\/pechuga-de-pollo-rebozada-500-grs\\\/#primaryimage\"},\"thumbnailUrl\":\"https:\\\/\\\/labonacarn.com\\\/wp-content\\\/uploads\\\/2026\\\/05\\\/233-PIT-POLLASTRE-ARREBOSSAT.jpg\",\"datePublished\":\"2026-05-04T10:02:00+00:00\",\"dateModified\":\"2026-05-04T11:42:36+00:00\",\"description\":\"Pechuga de pollo rebozada sin gluten de Girona, crujiente y saludable. Con un clic tienes un producto natural, pr\u00e1ctico y delicioso para el d\u00eda a d\u00eda.\",\"breadcrumb\":{\"@id\":\"https:\\\/\\\/labonacarn.com\\\/es\\\/producte\\\/pechuga-de-pollo-rebozada-500-grs\\\/#breadcrumb\"},\"inLanguage\":\"es\",\"potentialAction\":[{\"@type\":\"ReadAction\",\"target\":[\"https:\\\/\\\/labonacarn.com\\\/es\\\/producte\\\/pechuga-de-pollo-rebozada-500-grs\\\/\"]}]},{\"@type\":\"ImageObject\",\"inLanguage\":\"es\",\"@id\":\"https:\\\/\\\/labonacarn.com\\\/es\\\/producte\\\/pechuga-de-pollo-rebozada-500-grs\\\/#primaryimage\",\"url\":\"https:\\\/\\\/labonacarn.com\\\/wp-content\\\/uploads\\\/2026\\\/05\\\/233-PIT-POLLASTRE-ARREBOSSAT.jpg\",\"contentUrl\":\"https:\\\/\\\/labonacarn.com\\\/wp-content\\\/uploads\\\/2026\\\/05\\\/233-PIT-POLLASTRE-ARREBOSSAT.jpg\",\"width\":800,\"height\":533,\"caption\":\"Pechuga de pollo rebozada\"},{\"@type\":\"BreadcrumbList\",\"@id\":\"https:\\\/\\\/labonacarn.com\\\/es\\\/producte\\\/pechuga-de-pollo-rebozada-500-grs\\\/#breadcrumb\",\"itemListElement\":[{\"@type\":\"ListItem\",\"position\":1,\"name\":\"Portada\",\"item\":\"https:\\\/\\\/labonacarn.com\\\/es\\\/\"},{\"@type\":\"ListItem\",\"position\":2,\"name\":\"Tienda\",\"item\":\"https:\\\/\\\/labonacarn.com\\\/es\\\/tienda\\\/\"},{\"@type\":\"ListItem\",\"position\":3,\"name\":\"Pechuga de pollo rebozada (500 grs)\"}]},{\"@type\":\"WebSite\",\"@id\":\"https:\\\/\\\/labonacarn.com\\\/es\\\/#website\",\"url\":\"https:\\\/\\\/labonacarn.com\\\/es\\\/\",\"name\":\"labonacarn.com\",\"description\":\"Venem carn de vedella, porc, pollastre, xai, poltre, gall dindi i embotits de primera qualitat i fets per nosaltres.\",\"potentialAction\":[{\"@type\":\"SearchAction\",\"target\":{\"@type\":\"EntryPoint\",\"urlTemplate\":\"https:\\\/\\\/labonacarn.com\\\/es\\\/?s={search_term_string}\"},\"query-input\":{\"@type\":\"PropertyValueSpecification\",\"valueRequired\":true,\"valueName\":\"search_term_string\"}}],\"inLanguage\":\"es\"}]}<\/script>\n<!-- \/ Yoast SEO plugin. -->","yoast_head_json":{"title":"Pechuga de pollo rebozada (500 grs) - labonacarn.com","description":"Pechuga de pollo rebozada sin gluten de Girona, crujiente y saludable. Con un clic tienes un producto natural, pr\u00e1ctico y delicioso para el d\u00eda a d\u00eda.","robots":{"index":"index","follow":"follow","max-snippet":"max-snippet:-1","max-image-preview":"max-image-preview:large","max-video-preview":"max-video-preview:-1"},"canonical":"https:\/\/labonacarn.com\/es\/producte\/pechuga-de-pollo-rebozada-500-grs\/","og_locale":"es_ES","og_type":"article","og_title":"Pechuga de pollo rebozada (500 grs) - labonacarn.com","og_description":"Pechuga de pollo rebozada sin gluten de Girona, crujiente y saludable. Con un clic tienes un producto natural, pr\u00e1ctico y delicioso para el d\u00eda a d\u00eda.","og_url":"https:\/\/labonacarn.com\/es\/producte\/pechuga-de-pollo-rebozada-500-grs\/","og_site_name":"labonacarn.com","article_modified_time":"2026-05-04T11:42:36+00:00","og_image":[{"width":800,"height":533,"url":"https:\/\/labonacarn.com\/wp-content\/uploads\/2026\/05\/233-PIT-POLLASTRE-ARREBOSSAT.jpg","type":"image\/jpeg"}],"twitter_card":"summary_large_image","twitter_misc":{"Tiempo de lectura":"2 minutos"},"schema":{"@context":"https:\/\/schema.org","@graph":[{"@type":"WebPage","@id":"https:\/\/labonacarn.com\/es\/producte\/pechuga-de-pollo-rebozada-500-grs\/","url":"https:\/\/labonacarn.com\/es\/producte\/pechuga-de-pollo-rebozada-500-grs\/","name":"Pechuga de pollo rebozada (500 grs) - labonacarn.com","isPartOf":{"@id":"https:\/\/labonacarn.com\/es\/#website"},"primaryImageOfPage":{"@id":"https:\/\/labonacarn.com\/es\/producte\/pechuga-de-pollo-rebozada-500-grs\/#primaryimage"},"image":{"@id":"https:\/\/labonacarn.com\/es\/producte\/pechuga-de-pollo-rebozada-500-grs\/#primaryimage"},"thumbnailUrl":"https:\/\/labonacarn.com\/wp-content\/uploads\/2026\/05\/233-PIT-POLLASTRE-ARREBOSSAT.jpg","datePublished":"2026-05-04T10:02:00+00:00","dateModified":"2026-05-04T11:42:36+00:00","description":"Pechuga de pollo rebozada sin gluten de Girona, crujiente y saludable. Con un clic tienes un producto natural, pr\u00e1ctico y delicioso para el d\u00eda a d\u00eda.","breadcrumb":{"@id":"https:\/\/labonacarn.com\/es\/producte\/pechuga-de-pollo-rebozada-500-grs\/#breadcrumb"},"inLanguage":"es","potentialAction":[{"@type":"ReadAction","target":["https:\/\/labonacarn.com\/es\/producte\/pechuga-de-pollo-rebozada-500-grs\/"]}]},{"@type":"ImageObject","inLanguage":"es","@id":"https:\/\/labonacarn.com\/es\/producte\/pechuga-de-pollo-rebozada-500-grs\/#primaryimage","url":"https:\/\/labonacarn.com\/wp-content\/uploads\/2026\/05\/233-PIT-POLLASTRE-ARREBOSSAT.jpg","contentUrl":"https:\/\/labonacarn.com\/wp-content\/uploads\/2026\/05\/233-PIT-POLLASTRE-ARREBOSSAT.jpg","width":800,"height":533,"caption":"Pechuga de pollo rebozada"},{"@type":"BreadcrumbList","@id":"https:\/\/labonacarn.com\/es\/producte\/pechuga-de-pollo-rebozada-500-grs\/#breadcrumb","itemListElement":[{"@type":"ListItem","position":1,"name":"Portada","item":"https:\/\/labonacarn.com\/es\/"},{"@type":"ListItem","position":2,"name":"Tienda","item":"https:\/\/labonacarn.com\/es\/tienda\/"},{"@type":"ListItem","position":3,"name":"Pechuga de pollo rebozada (500 grs)"}]},{"@type":"WebSite","@id":"https:\/\/labonacarn.com\/es\/#website","url":"https:\/\/labonacarn.com\/es\/","name":"labonacarn.com","description":"Venem carn de vedella, porc, pollastre, xai, poltre, gall dindi i embotits de primera qualitat i fets per nosaltres.","potentialAction":[{"@type":"SearchAction","target":{"@type":"EntryPoint","urlTemplate":"https:\/\/labonacarn.com\/es\/?s={search_term_string}"},"query-input":{"@type":"PropertyValueSpecification","valueRequired":true,"valueName":"search_term_string"}}],"inLanguage":"es"}]}},"_links":{"self":[{"href":"https:\/\/labonacarn.com\/es\/wp-json\/wp\/v2\/product\/16872","targetHints":{"allow":["GET"]}}],"collection":[{"href":"https:\/\/labonacarn.com\/es\/wp-json\/wp\/v2\/product"}],"about":[{"href":"https:\/\/labonacarn.com\/es\/wp-json\/wp\/v2\/types\/product"}],"wp:featuredmedia":[{"embeddable":true,"href":"https:\/\/labonacarn.com\/es\/wp-json\/wp\/v2\/media\/16868"}],"wp:attachment":[{"href":"https:\/\/labonacarn.com\/es\/wp-json\/wp\/v2\/media?parent=16872"}],"wp:term":[{"taxonomy":"product_brand","embeddable":true,"href":"https:\/\/labonacarn.com\/es\/wp-json\/wp\/v2\/product_brand?post=16872"},{"taxonomy":"product_cat","embeddable":true,"href":"https:\/\/labonacarn.com\/es\/wp-json\/wp\/v2\/product_cat?post=16872"},{"taxonomy":"product_tag","embeddable":true,"href":"https:\/\/labonacarn.com\/es\/wp-json\/wp\/v2\/product_tag?post=16872"}],"curies":[{"name":"wp","href":"https:\/\/api.w.org\/{rel}","templated":true}]}}