{"id":15912,"date":"2026-02-02T17:33:04","date_gmt":"2026-02-02T16:33:04","guid":{"rendered":"https:\/\/labonacarn.com\/producte\/chicharrones-de-cerdo-150-grs\/"},"modified":"2026-02-02T18:05:05","modified_gmt":"2026-02-02T17:05:05","slug":"chicharrones-de-cerdo-150-grs","status":"publish","type":"product","link":"https:\/\/labonacarn.com\/es\/producte\/chicharrones-de-cerdo-150-grs\/","title":{"rendered":"Chicharrones de cerdo (150 grs)"},"content":{"rendered":"<h2>Chicharrones de cerdo<\/h2>\n<p data-start=\"165\" data-end=\"520\">Los chicharrones son un producto tradicional obtenido de la grasa de cerdo de calidad, con una larga trayectoria dentro de la cocina catalana y los productos de proximidad.<br \/>\nEn labonacarn apostamos por mantener viva esta tradici\u00f3n, ofreciendo chicharrones del vano artesanales, elaborados con cuidado para conservar todo el gusto aut\u00e9ntico de la carne de cerdo.<\/p>\n<p data-start=\"522\" data-end=\"1073\">Este producto tiene una forma irregular, con una textura ligeramente crujiente y aceitosa, resultado de su elaboraci\u00f3n artesanal.<\/p>\n<p data-start=\"522\" data-end=\"1073\">Los chicharrones del abanico se preparan cocinando la grasa en calderas tradicionales, dejando que los pedazos se vayan fundiendo y cuajando lentamente.<br \/>\nCuando pierden todo el aceite, quedan cocidos y dorados, conservando todo el sabor intenso y caracter\u00edstico del abanico del cerdo.<br \/>\nDespu\u00e9s de la cocci\u00f3n, se pueden prensar ligeramente para eliminar el exceso de aceite, o consumir directamente una vez escurridos, seg\u00fan la preferencia.<\/p>\n<h4 data-start=\"1075\" data-end=\"1451\">\u00bfQuieres un buen aperitivo?<\/h4>\n<p data-start=\"1075\" data-end=\"1451\">Nuestros chicharrones del abanico son el ingrediente estrella de la tradicional torta de chicharrones, especialmente popular durante las fiestas de Carnaval. Adem\u00e1s, son ideales para comer como snack entre horas, para a\u00f1adir un toque crujiente y sabroso a platos tradicionales, o para enriquecer recetas artesanales con carne de cerdo de primera calidad, como las que ofrecemos en labonacarn.<\/p>\n<p data-start=\"1453\" data-end=\"1790\">En labonacarn nos enorgullece ofrecer productos de la tierra elaborados con cuidado y respeto por la tradici\u00f3n, garantizando que cada chicharr\u00f3n del vano mantenga su textura, sabor y autenticidad. Descubre c\u00f3mo nuestros chicharrones del vano pueden ser un elemento esencial en tu cocina y en tus celebraciones m\u00e1s tradicionales.<\/p>\n","protected":false},"excerpt":{"rendered":"<p>Descubre los chicharrones del vano de labonacarn, artesanos y crujientes, ideales para tortas, snacks y platos tradicionales catalanes.<\/p>\n","protected":false},"featured_media":15904,"template":"","meta":{"_acf_changed":false,"_joinchat":[]},"product_brand":[],"product_cat":[63,100,65,105],"product_tag":[201,189],"class_list":{"0":"post-15912","1":"product","2":"type-product","3":"status-publish","4":"has-post-thumbnail","6":"product_cat-carne","7":"product_cat-cerdo","8":"product_cat-la-despensa","9":"product_cat-no-quiero-cocinar","10":"product_tag-aperitivo-es","11":"product_tag-no-quiero-cocinar","13":"first","14":"instock","15":"taxable","16":"shipping-taxable","17":"purchasable","18":"product-type-simple"},"acf":[],"yoast_head":"<!-- This site is optimized with the Yoast SEO plugin v27.4 - https:\/\/yoast.com\/product\/yoast-seo-wordpress\/ -->\n<title>Chicharrones de cerdo (150 grs) - labonacarn.com<\/title>\n<meta name=\"description\" content=\"Descubre los chicharrones de labonacarn, artesanos y crujientes, ideales para tortas, snacks y platos tradicionales catalanes.\" \/>\n<meta name=\"robots\" content=\"index, follow, max-snippet:-1, max-image-preview:large, max-video-preview:-1\" \/>\n<link rel=\"canonical\" href=\"https:\/\/labonacarn.com\/es\/producte\/chicharrones-de-cerdo-150-grs\/\" \/>\n<meta property=\"og:locale\" content=\"es_ES\" \/>\n<meta property=\"og:type\" content=\"article\" \/>\n<meta property=\"og:title\" content=\"Chicharrones de cerdo (150 grs) - labonacarn.com\" \/>\n<meta property=\"og:description\" content=\"Descubre los chicharrones de labonacarn, artesanos y crujientes, ideales para tortas, snacks y platos tradicionales catalanes.\" \/>\n<meta property=\"og:url\" content=\"https:\/\/labonacarn.com\/es\/producte\/chicharrones-de-cerdo-150-grs\/\" \/>\n<meta property=\"og:site_name\" content=\"labonacarn.com\" \/>\n<meta property=\"article:modified_time\" content=\"2026-02-02T17:05:05+00:00\" \/>\n<meta property=\"og:image\" content=\"https:\/\/labonacarn.com\/wp-content\/uploads\/2026\/02\/41-LLARDONS-PRENSSATS.jpg\" \/>\n\t<meta property=\"og:image:width\" content=\"800\" \/>\n\t<meta property=\"og:image:height\" content=\"533\" \/>\n\t<meta property=\"og:image:type\" content=\"image\/jpeg\" \/>\n<meta name=\"twitter:card\" content=\"summary_large_image\" \/>\n<meta name=\"twitter:label1\" content=\"Tiempo de lectura\" \/>\n\t<meta name=\"twitter:data1\" content=\"2 minutos\" \/>\n<script type=\"application\/ld+json\" class=\"yoast-schema-graph\">{\"@context\":\"https:\\\/\\\/schema.org\",\"@graph\":[{\"@type\":\"WebPage\",\"@id\":\"https:\\\/\\\/labonacarn.com\\\/es\\\/producte\\\/chicharrones-de-cerdo-150-grs\\\/\",\"url\":\"https:\\\/\\\/labonacarn.com\\\/es\\\/producte\\\/chicharrones-de-cerdo-150-grs\\\/\",\"name\":\"Chicharrones de cerdo (150 grs) - labonacarn.com\",\"isPartOf\":{\"@id\":\"https:\\\/\\\/labonacarn.com\\\/es\\\/#website\"},\"primaryImageOfPage\":{\"@id\":\"https:\\\/\\\/labonacarn.com\\\/es\\\/producte\\\/chicharrones-de-cerdo-150-grs\\\/#primaryimage\"},\"image\":{\"@id\":\"https:\\\/\\\/labonacarn.com\\\/es\\\/producte\\\/chicharrones-de-cerdo-150-grs\\\/#primaryimage\"},\"thumbnailUrl\":\"https:\\\/\\\/labonacarn.com\\\/wp-content\\\/uploads\\\/2026\\\/02\\\/41-LLARDONS-PRENSSATS.jpg\",\"datePublished\":\"2026-02-02T16:33:04+00:00\",\"dateModified\":\"2026-02-02T17:05:05+00:00\",\"description\":\"Descubre los chicharrones de labonacarn, artesanos y crujientes, ideales para tortas, snacks y platos tradicionales catalanes.\",\"breadcrumb\":{\"@id\":\"https:\\\/\\\/labonacarn.com\\\/es\\\/producte\\\/chicharrones-de-cerdo-150-grs\\\/#breadcrumb\"},\"inLanguage\":\"es\",\"potentialAction\":[{\"@type\":\"ReadAction\",\"target\":[\"https:\\\/\\\/labonacarn.com\\\/es\\\/producte\\\/chicharrones-de-cerdo-150-grs\\\/\"]}]},{\"@type\":\"ImageObject\",\"inLanguage\":\"es\",\"@id\":\"https:\\\/\\\/labonacarn.com\\\/es\\\/producte\\\/chicharrones-de-cerdo-150-grs\\\/#primaryimage\",\"url\":\"https:\\\/\\\/labonacarn.com\\\/wp-content\\\/uploads\\\/2026\\\/02\\\/41-LLARDONS-PRENSSATS.jpg\",\"contentUrl\":\"https:\\\/\\\/labonacarn.com\\\/wp-content\\\/uploads\\\/2026\\\/02\\\/41-LLARDONS-PRENSSATS.jpg\",\"width\":800,\"height\":533,\"caption\":\"Chicharrones\"},{\"@type\":\"BreadcrumbList\",\"@id\":\"https:\\\/\\\/labonacarn.com\\\/es\\\/producte\\\/chicharrones-de-cerdo-150-grs\\\/#breadcrumb\",\"itemListElement\":[{\"@type\":\"ListItem\",\"position\":1,\"name\":\"Portada\",\"item\":\"https:\\\/\\\/labonacarn.com\\\/es\\\/\"},{\"@type\":\"ListItem\",\"position\":2,\"name\":\"Tienda\",\"item\":\"https:\\\/\\\/labonacarn.com\\\/es\\\/tienda\\\/\"},{\"@type\":\"ListItem\",\"position\":3,\"name\":\"Chicharrones de cerdo (150 grs)\"}]},{\"@type\":\"WebSite\",\"@id\":\"https:\\\/\\\/labonacarn.com\\\/es\\\/#website\",\"url\":\"https:\\\/\\\/labonacarn.com\\\/es\\\/\",\"name\":\"labonacarn.com\",\"description\":\"Venem carn de vedella, porc, pollastre, xai, poltre, gall dindi i embotits de primera qualitat i fets per nosaltres.\",\"potentialAction\":[{\"@type\":\"SearchAction\",\"target\":{\"@type\":\"EntryPoint\",\"urlTemplate\":\"https:\\\/\\\/labonacarn.com\\\/es\\\/?s={search_term_string}\"},\"query-input\":{\"@type\":\"PropertyValueSpecification\",\"valueRequired\":true,\"valueName\":\"search_term_string\"}}],\"inLanguage\":\"es\"}]}<\/script>\n<!-- \/ Yoast SEO plugin. -->","yoast_head_json":{"title":"Chicharrones de cerdo (150 grs) - labonacarn.com","description":"Descubre los chicharrones de labonacarn, artesanos y crujientes, ideales para tortas, snacks y platos tradicionales catalanes.","robots":{"index":"index","follow":"follow","max-snippet":"max-snippet:-1","max-image-preview":"max-image-preview:large","max-video-preview":"max-video-preview:-1"},"canonical":"https:\/\/labonacarn.com\/es\/producte\/chicharrones-de-cerdo-150-grs\/","og_locale":"es_ES","og_type":"article","og_title":"Chicharrones de cerdo (150 grs) - labonacarn.com","og_description":"Descubre los chicharrones de labonacarn, artesanos y crujientes, ideales para tortas, snacks y platos tradicionales catalanes.","og_url":"https:\/\/labonacarn.com\/es\/producte\/chicharrones-de-cerdo-150-grs\/","og_site_name":"labonacarn.com","article_modified_time":"2026-02-02T17:05:05+00:00","og_image":[{"width":800,"height":533,"url":"https:\/\/labonacarn.com\/wp-content\/uploads\/2026\/02\/41-LLARDONS-PRENSSATS.jpg","type":"image\/jpeg"}],"twitter_card":"summary_large_image","twitter_misc":{"Tiempo de lectura":"2 minutos"},"schema":{"@context":"https:\/\/schema.org","@graph":[{"@type":"WebPage","@id":"https:\/\/labonacarn.com\/es\/producte\/chicharrones-de-cerdo-150-grs\/","url":"https:\/\/labonacarn.com\/es\/producte\/chicharrones-de-cerdo-150-grs\/","name":"Chicharrones de cerdo (150 grs) - labonacarn.com","isPartOf":{"@id":"https:\/\/labonacarn.com\/es\/#website"},"primaryImageOfPage":{"@id":"https:\/\/labonacarn.com\/es\/producte\/chicharrones-de-cerdo-150-grs\/#primaryimage"},"image":{"@id":"https:\/\/labonacarn.com\/es\/producte\/chicharrones-de-cerdo-150-grs\/#primaryimage"},"thumbnailUrl":"https:\/\/labonacarn.com\/wp-content\/uploads\/2026\/02\/41-LLARDONS-PRENSSATS.jpg","datePublished":"2026-02-02T16:33:04+00:00","dateModified":"2026-02-02T17:05:05+00:00","description":"Descubre los chicharrones de labonacarn, artesanos y crujientes, ideales para tortas, snacks y platos tradicionales catalanes.","breadcrumb":{"@id":"https:\/\/labonacarn.com\/es\/producte\/chicharrones-de-cerdo-150-grs\/#breadcrumb"},"inLanguage":"es","potentialAction":[{"@type":"ReadAction","target":["https:\/\/labonacarn.com\/es\/producte\/chicharrones-de-cerdo-150-grs\/"]}]},{"@type":"ImageObject","inLanguage":"es","@id":"https:\/\/labonacarn.com\/es\/producte\/chicharrones-de-cerdo-150-grs\/#primaryimage","url":"https:\/\/labonacarn.com\/wp-content\/uploads\/2026\/02\/41-LLARDONS-PRENSSATS.jpg","contentUrl":"https:\/\/labonacarn.com\/wp-content\/uploads\/2026\/02\/41-LLARDONS-PRENSSATS.jpg","width":800,"height":533,"caption":"Chicharrones"},{"@type":"BreadcrumbList","@id":"https:\/\/labonacarn.com\/es\/producte\/chicharrones-de-cerdo-150-grs\/#breadcrumb","itemListElement":[{"@type":"ListItem","position":1,"name":"Portada","item":"https:\/\/labonacarn.com\/es\/"},{"@type":"ListItem","position":2,"name":"Tienda","item":"https:\/\/labonacarn.com\/es\/tienda\/"},{"@type":"ListItem","position":3,"name":"Chicharrones de cerdo (150 grs)"}]},{"@type":"WebSite","@id":"https:\/\/labonacarn.com\/es\/#website","url":"https:\/\/labonacarn.com\/es\/","name":"labonacarn.com","description":"Venem carn de vedella, porc, pollastre, xai, poltre, gall dindi i embotits de primera qualitat i fets per nosaltres.","potentialAction":[{"@type":"SearchAction","target":{"@type":"EntryPoint","urlTemplate":"https:\/\/labonacarn.com\/es\/?s={search_term_string}"},"query-input":{"@type":"PropertyValueSpecification","valueRequired":true,"valueName":"search_term_string"}}],"inLanguage":"es"}]}},"_links":{"self":[{"href":"https:\/\/labonacarn.com\/es\/wp-json\/wp\/v2\/product\/15912","targetHints":{"allow":["GET"]}}],"collection":[{"href":"https:\/\/labonacarn.com\/es\/wp-json\/wp\/v2\/product"}],"about":[{"href":"https:\/\/labonacarn.com\/es\/wp-json\/wp\/v2\/types\/product"}],"wp:featuredmedia":[{"embeddable":true,"href":"https:\/\/labonacarn.com\/es\/wp-json\/wp\/v2\/media\/15904"}],"wp:attachment":[{"href":"https:\/\/labonacarn.com\/es\/wp-json\/wp\/v2\/media?parent=15912"}],"wp:term":[{"taxonomy":"product_brand","embeddable":true,"href":"https:\/\/labonacarn.com\/es\/wp-json\/wp\/v2\/product_brand?post=15912"},{"taxonomy":"product_cat","embeddable":true,"href":"https:\/\/labonacarn.com\/es\/wp-json\/wp\/v2\/product_cat?post=15912"},{"taxonomy":"product_tag","embeddable":true,"href":"https:\/\/labonacarn.com\/es\/wp-json\/wp\/v2\/product_tag?post=15912"}],"curies":[{"name":"wp","href":"https:\/\/api.w.org\/{rel}","templated":true}]}}