{"id":14938,"date":"2025-02-10T15:50:55","date_gmt":"2025-02-10T14:50:55","guid":{"rendered":"https:\/\/labonacarn.com\/producte\/bistec-de-ternera-de-girona-tapaplana-4x150-grs\/"},"modified":"2025-02-10T15:50:55","modified_gmt":"2025-02-10T14:50:55","slug":"bistec-de-ternera-de-girona-tapaplana-4x150-grs","status":"publish","type":"product","link":"https:\/\/labonacarn.com\/es\/producte\/bistec-de-ternera-de-girona-tapaplana-4x150-grs\/","title":{"rendered":"Bistec de ternera de Girona (tapaplana) (4&#215;150 grs)"},"content":{"rendered":"<h2>Bistec de ternera de Girona (tapaplana)<\/h2>\n<p>El bistec de ternera de la tapaplana de Girona es un corte de carne tierno y sabroso, proveniente de la parte trasera del animal. Este corte, poco conocido pero muy apreciado por los expertos en carne, se caracteriza por su suculencia y textura melosa gracias a la infiltraci\u00f3n de grasa que le aporta un sabor intenso y equilibrado. <\/p>\n<p>En Girona, donde la ganader\u00eda de calidad es una tradici\u00f3n arraigada, la ternera se cr\u00eda de forma sostenible, con una alimentaci\u00f3n basada en pastos naturales y cereales seleccionados. Esto se refleja en su carne, que destaca por su ternura y un sabor aut\u00e9ntico. <\/p>\n<h3>Vamos a la cocina<\/h3>\n<p>El bistec de tapaplana se puede cocinar de varias formas, pero la mejor forma de disfrutarlo es a la plancha oa la brasa, con un toque de sal gruesa y aceite de oliva. Esto permite que sus zumos naturales se conserven, ofreciendo una experiencia gastron\u00f3mica excepcional. <\/p>\n<p>Este corte es ideal para quien busca un bistec gustoso y saludable, con un perfecto equilibrio entre ternura e intensidad. Sin duda, una delicia imprescindible para los amantes de la buena carne. <\/p>\n<h3>Presentaci\u00f3n<\/h3>\n<p>Lo servimos en cuatro cortes, con un peso aproximado de 150 gr. cada corte y envasado al vac\u00edo. No lleva ning\u00fan a\u00f1adido y por tanto es apto para todos.<\/p>\n","protected":false},"excerpt":{"rendered":"<p>\u00bfBuscas un bistec gustoso y saludable, con un equilibrio perfecto entre ternura e intensidad?<br \/>\nAqu\u00ed lo tienes !!!<\/p>\n","protected":false},"featured_media":4526,"template":"","meta":{"_acf_changed":false,"_joinchat":[]},"product_brand":[],"product_cat":[64],"product_tag":[],"class_list":{"0":"post-14938","1":"product","2":"type-product","3":"status-publish","4":"has-post-thumbnail","6":"product_cat-ternera","8":"first","9":"instock","10":"taxable","11":"shipping-taxable","12":"purchasable","13":"product-type-simple"},"acf":[],"yoast_head":"<!-- This site is optimized with the Yoast SEO plugin v27.4 - https:\/\/yoast.com\/product\/yoast-seo-wordpress\/ -->\n<title>Bistec de ternera de Girona (tapaplana) (4x150 grs) - labonacarn.com<\/title>\n<meta name=\"description\" content=\"Bistec de ternera, de la parte de la tapaplana, ideal para quien busca un bistec gustoso y saludable, con un equilibrio perfecto entre ternura e intensidad.\" \/>\n<meta name=\"robots\" content=\"index, follow, max-snippet:-1, max-image-preview:large, max-video-preview:-1\" \/>\n<link rel=\"canonical\" href=\"https:\/\/labonacarn.com\/es\/producte\/bistec-de-ternera-de-girona-tapaplana-4x150-grs\/\" \/>\n<meta property=\"og:locale\" content=\"es_ES\" \/>\n<meta property=\"og:type\" content=\"article\" \/>\n<meta property=\"og:title\" content=\"Bistec de ternera de Girona (tapaplana) (4x150 grs) - labonacarn.com\" \/>\n<meta property=\"og:description\" content=\"Bistec de ternera, de la parte de la tapaplana, ideal para quien busca un bistec gustoso y saludable, con un equilibrio perfecto entre ternura e intensidad.\" \/>\n<meta property=\"og:url\" content=\"https:\/\/labonacarn.com\/es\/producte\/bistec-de-ternera-de-girona-tapaplana-4x150-grs\/\" \/>\n<meta property=\"og:site_name\" content=\"labonacarn.com\" \/>\n<meta property=\"og:image\" content=\"https:\/\/labonacarn.com\/wp-content\/uploads\/2022\/03\/48g.jpg\" \/>\n\t<meta property=\"og:image:width\" content=\"800\" \/>\n\t<meta property=\"og:image:height\" content=\"533\" \/>\n\t<meta property=\"og:image:type\" content=\"image\/jpeg\" \/>\n<meta name=\"twitter:card\" content=\"summary_large_image\" \/>\n<meta name=\"twitter:label1\" content=\"Tiempo de lectura\" \/>\n\t<meta name=\"twitter:data1\" content=\"1 minuto\" \/>\n<script type=\"application\/ld+json\" class=\"yoast-schema-graph\">{\"@context\":\"https:\\\/\\\/schema.org\",\"@graph\":[{\"@type\":\"WebPage\",\"@id\":\"https:\\\/\\\/labonacarn.com\\\/es\\\/producte\\\/bistec-de-ternera-de-girona-tapaplana-4x150-grs\\\/\",\"url\":\"https:\\\/\\\/labonacarn.com\\\/es\\\/producte\\\/bistec-de-ternera-de-girona-tapaplana-4x150-grs\\\/\",\"name\":\"Bistec de ternera de Girona (tapaplana) (4x150 grs) - labonacarn.com\",\"isPartOf\":{\"@id\":\"https:\\\/\\\/labonacarn.com\\\/es\\\/#website\"},\"primaryImageOfPage\":{\"@id\":\"https:\\\/\\\/labonacarn.com\\\/es\\\/producte\\\/bistec-de-ternera-de-girona-tapaplana-4x150-grs\\\/#primaryimage\"},\"image\":{\"@id\":\"https:\\\/\\\/labonacarn.com\\\/es\\\/producte\\\/bistec-de-ternera-de-girona-tapaplana-4x150-grs\\\/#primaryimage\"},\"thumbnailUrl\":\"https:\\\/\\\/labonacarn.com\\\/wp-content\\\/uploads\\\/2022\\\/03\\\/48g.jpg\",\"datePublished\":\"2025-02-10T14:50:55+00:00\",\"description\":\"Bistec de ternera, de la parte de la tapaplana, ideal para quien busca un bistec gustoso y saludable, con un equilibrio perfecto entre ternura e intensidad.\",\"breadcrumb\":{\"@id\":\"https:\\\/\\\/labonacarn.com\\\/es\\\/producte\\\/bistec-de-ternera-de-girona-tapaplana-4x150-grs\\\/#breadcrumb\"},\"inLanguage\":\"es\",\"potentialAction\":[{\"@type\":\"ReadAction\",\"target\":[\"https:\\\/\\\/labonacarn.com\\\/es\\\/producte\\\/bistec-de-ternera-de-girona-tapaplana-4x150-grs\\\/\"]}]},{\"@type\":\"ImageObject\",\"inLanguage\":\"es\",\"@id\":\"https:\\\/\\\/labonacarn.com\\\/es\\\/producte\\\/bistec-de-ternera-de-girona-tapaplana-4x150-grs\\\/#primaryimage\",\"url\":\"https:\\\/\\\/labonacarn.com\\\/wp-content\\\/uploads\\\/2022\\\/03\\\/48g.jpg\",\"contentUrl\":\"https:\\\/\\\/labonacarn.com\\\/wp-content\\\/uploads\\\/2022\\\/03\\\/48g.jpg\",\"width\":800,\"height\":533,\"caption\":\"Bistec de vedella\"},{\"@type\":\"BreadcrumbList\",\"@id\":\"https:\\\/\\\/labonacarn.com\\\/es\\\/producte\\\/bistec-de-ternera-de-girona-tapaplana-4x150-grs\\\/#breadcrumb\",\"itemListElement\":[{\"@type\":\"ListItem\",\"position\":1,\"name\":\"Portada\",\"item\":\"https:\\\/\\\/labonacarn.com\\\/es\\\/\"},{\"@type\":\"ListItem\",\"position\":2,\"name\":\"Tienda\",\"item\":\"https:\\\/\\\/labonacarn.com\\\/es\\\/tienda\\\/\"},{\"@type\":\"ListItem\",\"position\":3,\"name\":\"Bistec de ternera de Girona (tapaplana) (4&#215;150 grs)\"}]},{\"@type\":\"WebSite\",\"@id\":\"https:\\\/\\\/labonacarn.com\\\/es\\\/#website\",\"url\":\"https:\\\/\\\/labonacarn.com\\\/es\\\/\",\"name\":\"labonacarn.com\",\"description\":\"Venem carn de vedella, porc, pollastre, xai, poltre, gall dindi i embotits de primera qualitat i fets per nosaltres.\",\"potentialAction\":[{\"@type\":\"SearchAction\",\"target\":{\"@type\":\"EntryPoint\",\"urlTemplate\":\"https:\\\/\\\/labonacarn.com\\\/es\\\/?s={search_term_string}\"},\"query-input\":{\"@type\":\"PropertyValueSpecification\",\"valueRequired\":true,\"valueName\":\"search_term_string\"}}],\"inLanguage\":\"es\"}]}<\/script>\n<!-- \/ Yoast SEO plugin. -->","yoast_head_json":{"title":"Bistec de ternera de Girona (tapaplana) (4x150 grs) - labonacarn.com","description":"Bistec de ternera, de la parte de la tapaplana, ideal para quien busca un bistec gustoso y saludable, con un equilibrio perfecto entre ternura e intensidad.","robots":{"index":"index","follow":"follow","max-snippet":"max-snippet:-1","max-image-preview":"max-image-preview:large","max-video-preview":"max-video-preview:-1"},"canonical":"https:\/\/labonacarn.com\/es\/producte\/bistec-de-ternera-de-girona-tapaplana-4x150-grs\/","og_locale":"es_ES","og_type":"article","og_title":"Bistec de ternera de Girona (tapaplana) (4x150 grs) - labonacarn.com","og_description":"Bistec de ternera, de la parte de la tapaplana, ideal para quien busca un bistec gustoso y saludable, con un equilibrio perfecto entre ternura e intensidad.","og_url":"https:\/\/labonacarn.com\/es\/producte\/bistec-de-ternera-de-girona-tapaplana-4x150-grs\/","og_site_name":"labonacarn.com","og_image":[{"width":800,"height":533,"url":"https:\/\/labonacarn.com\/wp-content\/uploads\/2022\/03\/48g.jpg","type":"image\/jpeg"}],"twitter_card":"summary_large_image","twitter_misc":{"Tiempo de lectura":"1 minuto"},"schema":{"@context":"https:\/\/schema.org","@graph":[{"@type":"WebPage","@id":"https:\/\/labonacarn.com\/es\/producte\/bistec-de-ternera-de-girona-tapaplana-4x150-grs\/","url":"https:\/\/labonacarn.com\/es\/producte\/bistec-de-ternera-de-girona-tapaplana-4x150-grs\/","name":"Bistec de ternera de Girona (tapaplana) (4x150 grs) - labonacarn.com","isPartOf":{"@id":"https:\/\/labonacarn.com\/es\/#website"},"primaryImageOfPage":{"@id":"https:\/\/labonacarn.com\/es\/producte\/bistec-de-ternera-de-girona-tapaplana-4x150-grs\/#primaryimage"},"image":{"@id":"https:\/\/labonacarn.com\/es\/producte\/bistec-de-ternera-de-girona-tapaplana-4x150-grs\/#primaryimage"},"thumbnailUrl":"https:\/\/labonacarn.com\/wp-content\/uploads\/2022\/03\/48g.jpg","datePublished":"2025-02-10T14:50:55+00:00","description":"Bistec de ternera, de la parte de la tapaplana, ideal para quien busca un bistec gustoso y saludable, con un equilibrio perfecto entre ternura e intensidad.","breadcrumb":{"@id":"https:\/\/labonacarn.com\/es\/producte\/bistec-de-ternera-de-girona-tapaplana-4x150-grs\/#breadcrumb"},"inLanguage":"es","potentialAction":[{"@type":"ReadAction","target":["https:\/\/labonacarn.com\/es\/producte\/bistec-de-ternera-de-girona-tapaplana-4x150-grs\/"]}]},{"@type":"ImageObject","inLanguage":"es","@id":"https:\/\/labonacarn.com\/es\/producte\/bistec-de-ternera-de-girona-tapaplana-4x150-grs\/#primaryimage","url":"https:\/\/labonacarn.com\/wp-content\/uploads\/2022\/03\/48g.jpg","contentUrl":"https:\/\/labonacarn.com\/wp-content\/uploads\/2022\/03\/48g.jpg","width":800,"height":533,"caption":"Bistec de vedella"},{"@type":"BreadcrumbList","@id":"https:\/\/labonacarn.com\/es\/producte\/bistec-de-ternera-de-girona-tapaplana-4x150-grs\/#breadcrumb","itemListElement":[{"@type":"ListItem","position":1,"name":"Portada","item":"https:\/\/labonacarn.com\/es\/"},{"@type":"ListItem","position":2,"name":"Tienda","item":"https:\/\/labonacarn.com\/es\/tienda\/"},{"@type":"ListItem","position":3,"name":"Bistec de ternera de Girona (tapaplana) (4&#215;150 grs)"}]},{"@type":"WebSite","@id":"https:\/\/labonacarn.com\/es\/#website","url":"https:\/\/labonacarn.com\/es\/","name":"labonacarn.com","description":"Venem carn de vedella, porc, pollastre, xai, poltre, gall dindi i embotits de primera qualitat i fets per nosaltres.","potentialAction":[{"@type":"SearchAction","target":{"@type":"EntryPoint","urlTemplate":"https:\/\/labonacarn.com\/es\/?s={search_term_string}"},"query-input":{"@type":"PropertyValueSpecification","valueRequired":true,"valueName":"search_term_string"}}],"inLanguage":"es"}]}},"_links":{"self":[{"href":"https:\/\/labonacarn.com\/es\/wp-json\/wp\/v2\/product\/14938","targetHints":{"allow":["GET"]}}],"collection":[{"href":"https:\/\/labonacarn.com\/es\/wp-json\/wp\/v2\/product"}],"about":[{"href":"https:\/\/labonacarn.com\/es\/wp-json\/wp\/v2\/types\/product"}],"wp:featuredmedia":[{"embeddable":true,"href":"https:\/\/labonacarn.com\/es\/wp-json\/wp\/v2\/media\/4526"}],"wp:attachment":[{"href":"https:\/\/labonacarn.com\/es\/wp-json\/wp\/v2\/media?parent=14938"}],"wp:term":[{"taxonomy":"product_brand","embeddable":true,"href":"https:\/\/labonacarn.com\/es\/wp-json\/wp\/v2\/product_brand?post=14938"},{"taxonomy":"product_cat","embeddable":true,"href":"https:\/\/labonacarn.com\/es\/wp-json\/wp\/v2\/product_cat?post=14938"},{"taxonomy":"product_tag","embeddable":true,"href":"https:\/\/labonacarn.com\/es\/wp-json\/wp\/v2\/product_tag?post=14938"}],"curies":[{"name":"wp","href":"https:\/\/api.w.org\/{rel}","templated":true}]}}