{"id":14932,"date":"2022-11-20T11:21:44","date_gmt":"2022-11-20T10:21:44","guid":{"rendered":"https:\/\/labonacarn.com\/producte\/aguja-de-ternera-4x150-grs\/"},"modified":"2025-09-02T18:34:38","modified_gmt":"2025-09-02T16:34:38","slug":"aguja-de-ternera-4x150-grs","status":"publish","type":"product","link":"https:\/\/labonacarn.com\/es\/producte\/aguja-de-ternera-4x150-grs\/","title":{"rendered":"Aguja de ternera (4&#215;150 grs)"},"content":{"rendered":"<h1>Aguja de ternera (4&#215;150 grs)<\/h1>\n<p>Servido en un paquete envasado al vac\u00edo con 4 unidades, y cada una con un peso de 150 grs aproximadamente.<br \/>\nLa aguja es uno de los grandes bistecs m\u00e1s solicitados por los amantes de la buena cocina. Es la parte que est\u00e1 al lado del entrecot. Es el enlace entre el cuello y el lomo (entrecot), el aspecto no es igual que el del lomo pero es de la misma calidad gustativa, de carne magra y muy tierno ideal para la brasa a corte grueso y la plancha a m\u00e1s delgado.<br \/>\nPor tanto, si pruebas nuestro bistec de aguja, disfrutar\u00e1s de un gran bistec. A parte, contiene una cantidad de grasa infiltrada, que la hace a\u00fan m\u00e1s gustosa.<br \/>\nSi tu objetivo es comprar carne online de alta calidad y en este caso de aguja de ternera, en labonacarn lo tienes muy f\u00e1cil.<\/p>\n<h2>Como lo servimos?<\/h2>\n<p>Servido en paquetes de 4-5 unidades y cada uno con un peso de 150 grs aproximadamente.<br \/>\nComo siempre, es un producto totalmente natural, sin ning\u00fan colorante ni conservante, apto para todo el mundo.<\/p>\n","protected":false},"excerpt":{"rendered":"<p>Uno de los mejores bistecs que podemos encontrar de ternera.<br \/>\nMuy gustoso, con grasa infiltrada que har\u00e1 que sea buen\u00edsimo !!!<\/p>\n","protected":false},"featured_media":7211,"template":"","meta":{"_acf_changed":false,"_joinchat":[]},"product_brand":[],"product_cat":[63,64],"product_tag":[134,162],"class_list":{"0":"post-14932","1":"product","2":"type-product","3":"status-publish","4":"has-post-thumbnail","6":"product_cat-carne","7":"product_cat-ternera","8":"product_tag-barbacoa-es","9":"product_tag-calidad","11":"first","12":"instock","13":"taxable","14":"shipping-taxable","15":"purchasable","16":"product-type-simple"},"acf":[],"yoast_head":"<!-- This site is optimized with the Yoast SEO plugin v27.4 - https:\/\/yoast.com\/product\/yoast-seo-wordpress\/ -->\n<title>Aguja de ternera (4x150 grs) - labonacarn.com<\/title>\n<meta name=\"description\" content=\"Aguja de ternera, uno de los mejores bistecs que puedes degustar de la ternera. Muy gustoso, con grasa infiltrada hace que sea buen\u00edsimo !!!\" \/>\n<meta name=\"robots\" content=\"index, follow, max-snippet:-1, max-image-preview:large, max-video-preview:-1\" \/>\n<link rel=\"canonical\" href=\"https:\/\/labonacarn.com\/es\/producte\/aguja-de-ternera-4x150-grs\/\" \/>\n<meta property=\"og:locale\" content=\"es_ES\" \/>\n<meta property=\"og:type\" content=\"article\" \/>\n<meta property=\"og:title\" content=\"Aguja de ternera (4x150 grs) - labonacarn.com\" \/>\n<meta property=\"og:description\" content=\"Aguja de ternera, uno de los mejores bistecs que puedes degustar de la ternera. Muy gustoso, con grasa infiltrada hace que sea buen\u00edsimo !!!\" \/>\n<meta property=\"og:url\" content=\"https:\/\/labonacarn.com\/es\/producte\/aguja-de-ternera-4x150-grs\/\" \/>\n<meta property=\"og:site_name\" content=\"labonacarn.com\" \/>\n<meta property=\"article:modified_time\" content=\"2025-09-02T16:34:38+00:00\" \/>\n<meta property=\"og:image\" content=\"https:\/\/labonacarn.com\/wp-content\/uploads\/2022\/11\/IMG20221117110057-scaled.jpg\" \/>\n\t<meta property=\"og:image:width\" content=\"2560\" \/>\n\t<meta property=\"og:image:height\" content=\"1920\" \/>\n\t<meta property=\"og:image:type\" content=\"image\/jpeg\" \/>\n<meta name=\"twitter:card\" content=\"summary_large_image\" \/>\n<meta name=\"twitter:label1\" content=\"Tiempo de lectura\" \/>\n\t<meta name=\"twitter:data1\" content=\"2 minutos\" \/>\n<script type=\"application\/ld+json\" class=\"yoast-schema-graph\">{\"@context\":\"https:\\\/\\\/schema.org\",\"@graph\":[{\"@type\":\"WebPage\",\"@id\":\"https:\\\/\\\/labonacarn.com\\\/es\\\/producte\\\/aguja-de-ternera-4x150-grs\\\/\",\"url\":\"https:\\\/\\\/labonacarn.com\\\/es\\\/producte\\\/aguja-de-ternera-4x150-grs\\\/\",\"name\":\"Aguja de ternera (4x150 grs) - labonacarn.com\",\"isPartOf\":{\"@id\":\"https:\\\/\\\/labonacarn.com\\\/es\\\/#website\"},\"primaryImageOfPage\":{\"@id\":\"https:\\\/\\\/labonacarn.com\\\/es\\\/producte\\\/aguja-de-ternera-4x150-grs\\\/#primaryimage\"},\"image\":{\"@id\":\"https:\\\/\\\/labonacarn.com\\\/es\\\/producte\\\/aguja-de-ternera-4x150-grs\\\/#primaryimage\"},\"thumbnailUrl\":\"https:\\\/\\\/labonacarn.com\\\/wp-content\\\/uploads\\\/2022\\\/11\\\/IMG20221117110057-scaled.jpg\",\"datePublished\":\"2022-11-20T10:21:44+00:00\",\"dateModified\":\"2025-09-02T16:34:38+00:00\",\"description\":\"Aguja de ternera, uno de los mejores bistecs que puedes degustar de la ternera. Muy gustoso, con grasa infiltrada hace que sea buen\u00edsimo !!!\",\"breadcrumb\":{\"@id\":\"https:\\\/\\\/labonacarn.com\\\/es\\\/producte\\\/aguja-de-ternera-4x150-grs\\\/#breadcrumb\"},\"inLanguage\":\"es\",\"potentialAction\":[{\"@type\":\"ReadAction\",\"target\":[\"https:\\\/\\\/labonacarn.com\\\/es\\\/producte\\\/aguja-de-ternera-4x150-grs\\\/\"]}]},{\"@type\":\"ImageObject\",\"inLanguage\":\"es\",\"@id\":\"https:\\\/\\\/labonacarn.com\\\/es\\\/producte\\\/aguja-de-ternera-4x150-grs\\\/#primaryimage\",\"url\":\"https:\\\/\\\/labonacarn.com\\\/wp-content\\\/uploads\\\/2022\\\/11\\\/IMG20221117110057-scaled.jpg\",\"contentUrl\":\"https:\\\/\\\/labonacarn.com\\\/wp-content\\\/uploads\\\/2022\\\/11\\\/IMG20221117110057-scaled.jpg\",\"width\":2560,\"height\":1920,\"caption\":\"Bistec de aguja\"},{\"@type\":\"BreadcrumbList\",\"@id\":\"https:\\\/\\\/labonacarn.com\\\/es\\\/producte\\\/aguja-de-ternera-4x150-grs\\\/#breadcrumb\",\"itemListElement\":[{\"@type\":\"ListItem\",\"position\":1,\"name\":\"Portada\",\"item\":\"https:\\\/\\\/labonacarn.com\\\/es\\\/\"},{\"@type\":\"ListItem\",\"position\":2,\"name\":\"Tienda\",\"item\":\"https:\\\/\\\/labonacarn.com\\\/es\\\/tienda\\\/\"},{\"@type\":\"ListItem\",\"position\":3,\"name\":\"Aguja de ternera (4&#215;150 grs)\"}]},{\"@type\":\"WebSite\",\"@id\":\"https:\\\/\\\/labonacarn.com\\\/es\\\/#website\",\"url\":\"https:\\\/\\\/labonacarn.com\\\/es\\\/\",\"name\":\"labonacarn.com\",\"description\":\"Venem carn de vedella, porc, pollastre, xai, poltre, gall dindi i embotits de primera qualitat i fets per nosaltres.\",\"potentialAction\":[{\"@type\":\"SearchAction\",\"target\":{\"@type\":\"EntryPoint\",\"urlTemplate\":\"https:\\\/\\\/labonacarn.com\\\/es\\\/?s={search_term_string}\"},\"query-input\":{\"@type\":\"PropertyValueSpecification\",\"valueRequired\":true,\"valueName\":\"search_term_string\"}}],\"inLanguage\":\"es\"}]}<\/script>\n<!-- \/ Yoast SEO plugin. -->","yoast_head_json":{"title":"Aguja de ternera (4x150 grs) - labonacarn.com","description":"Aguja de ternera, uno de los mejores bistecs que puedes degustar de la ternera. Muy gustoso, con grasa infiltrada hace que sea buen\u00edsimo !!!","robots":{"index":"index","follow":"follow","max-snippet":"max-snippet:-1","max-image-preview":"max-image-preview:large","max-video-preview":"max-video-preview:-1"},"canonical":"https:\/\/labonacarn.com\/es\/producte\/aguja-de-ternera-4x150-grs\/","og_locale":"es_ES","og_type":"article","og_title":"Aguja de ternera (4x150 grs) - labonacarn.com","og_description":"Aguja de ternera, uno de los mejores bistecs que puedes degustar de la ternera. Muy gustoso, con grasa infiltrada hace que sea buen\u00edsimo !!!","og_url":"https:\/\/labonacarn.com\/es\/producte\/aguja-de-ternera-4x150-grs\/","og_site_name":"labonacarn.com","article_modified_time":"2025-09-02T16:34:38+00:00","og_image":[{"width":2560,"height":1920,"url":"https:\/\/labonacarn.com\/wp-content\/uploads\/2022\/11\/IMG20221117110057-scaled.jpg","type":"image\/jpeg"}],"twitter_card":"summary_large_image","twitter_misc":{"Tiempo de lectura":"2 minutos"},"schema":{"@context":"https:\/\/schema.org","@graph":[{"@type":"WebPage","@id":"https:\/\/labonacarn.com\/es\/producte\/aguja-de-ternera-4x150-grs\/","url":"https:\/\/labonacarn.com\/es\/producte\/aguja-de-ternera-4x150-grs\/","name":"Aguja de ternera (4x150 grs) - labonacarn.com","isPartOf":{"@id":"https:\/\/labonacarn.com\/es\/#website"},"primaryImageOfPage":{"@id":"https:\/\/labonacarn.com\/es\/producte\/aguja-de-ternera-4x150-grs\/#primaryimage"},"image":{"@id":"https:\/\/labonacarn.com\/es\/producte\/aguja-de-ternera-4x150-grs\/#primaryimage"},"thumbnailUrl":"https:\/\/labonacarn.com\/wp-content\/uploads\/2022\/11\/IMG20221117110057-scaled.jpg","datePublished":"2022-11-20T10:21:44+00:00","dateModified":"2025-09-02T16:34:38+00:00","description":"Aguja de ternera, uno de los mejores bistecs que puedes degustar de la ternera. Muy gustoso, con grasa infiltrada hace que sea buen\u00edsimo !!!","breadcrumb":{"@id":"https:\/\/labonacarn.com\/es\/producte\/aguja-de-ternera-4x150-grs\/#breadcrumb"},"inLanguage":"es","potentialAction":[{"@type":"ReadAction","target":["https:\/\/labonacarn.com\/es\/producte\/aguja-de-ternera-4x150-grs\/"]}]},{"@type":"ImageObject","inLanguage":"es","@id":"https:\/\/labonacarn.com\/es\/producte\/aguja-de-ternera-4x150-grs\/#primaryimage","url":"https:\/\/labonacarn.com\/wp-content\/uploads\/2022\/11\/IMG20221117110057-scaled.jpg","contentUrl":"https:\/\/labonacarn.com\/wp-content\/uploads\/2022\/11\/IMG20221117110057-scaled.jpg","width":2560,"height":1920,"caption":"Bistec de aguja"},{"@type":"BreadcrumbList","@id":"https:\/\/labonacarn.com\/es\/producte\/aguja-de-ternera-4x150-grs\/#breadcrumb","itemListElement":[{"@type":"ListItem","position":1,"name":"Portada","item":"https:\/\/labonacarn.com\/es\/"},{"@type":"ListItem","position":2,"name":"Tienda","item":"https:\/\/labonacarn.com\/es\/tienda\/"},{"@type":"ListItem","position":3,"name":"Aguja de ternera (4&#215;150 grs)"}]},{"@type":"WebSite","@id":"https:\/\/labonacarn.com\/es\/#website","url":"https:\/\/labonacarn.com\/es\/","name":"labonacarn.com","description":"Venem carn de vedella, porc, pollastre, xai, poltre, gall dindi i embotits de primera qualitat i fets per nosaltres.","potentialAction":[{"@type":"SearchAction","target":{"@type":"EntryPoint","urlTemplate":"https:\/\/labonacarn.com\/es\/?s={search_term_string}"},"query-input":{"@type":"PropertyValueSpecification","valueRequired":true,"valueName":"search_term_string"}}],"inLanguage":"es"}]}},"_links":{"self":[{"href":"https:\/\/labonacarn.com\/es\/wp-json\/wp\/v2\/product\/14932","targetHints":{"allow":["GET"]}}],"collection":[{"href":"https:\/\/labonacarn.com\/es\/wp-json\/wp\/v2\/product"}],"about":[{"href":"https:\/\/labonacarn.com\/es\/wp-json\/wp\/v2\/types\/product"}],"wp:featuredmedia":[{"embeddable":true,"href":"https:\/\/labonacarn.com\/es\/wp-json\/wp\/v2\/media\/7211"}],"wp:attachment":[{"href":"https:\/\/labonacarn.com\/es\/wp-json\/wp\/v2\/media?parent=14932"}],"wp:term":[{"taxonomy":"product_brand","embeddable":true,"href":"https:\/\/labonacarn.com\/es\/wp-json\/wp\/v2\/product_brand?post=14932"},{"taxonomy":"product_cat","embeddable":true,"href":"https:\/\/labonacarn.com\/es\/wp-json\/wp\/v2\/product_cat?post=14932"},{"taxonomy":"product_tag","embeddable":true,"href":"https:\/\/labonacarn.com\/es\/wp-json\/wp\/v2\/product_tag?post=14932"}],"curies":[{"name":"wp","href":"https:\/\/api.w.org\/{rel}","templated":true}]}}