{"id":14408,"date":"2025-05-20T23:35:04","date_gmt":"2025-05-20T21:35:04","guid":{"rendered":"https:\/\/labonacarn.com\/producte\/hamburguesa-de-ternera-con-crema-de-espinacas-4x120-grs\/"},"modified":"2025-05-20T23:35:04","modified_gmt":"2025-05-20T21:35:04","slug":"hamburguesa-de-ternera-con-crema-de-espinacas-4x120-grs","status":"publish","type":"product","link":"https:\/\/labonacarn.com\/es\/producte\/hamburguesa-de-ternera-con-crema-de-espinacas-4x120-grs\/","title":{"rendered":"Hamburguesa de ternera con crema de espinacas (4&#215;120 grs)"},"content":{"rendered":"<h2>Hamburguesa de ternera con crema de espinacas<\/h2>\n<p class=\"\" data-start=\"0\" data-end=\"455\">En la venta de carne por internet podemos encontrar muchos productos, pero no siempre encontraremos hamburguesas artesanas online.<\/p>\n<p class=\"\" data-start=\"0\" data-end=\"455\">Nuestra hamburguesa de ternera con crema de espinacas es mucho m\u00e1s que un plato. Es una aut\u00e9ntica delicia para los amantes de la buena comida.<br \/>\nElaborada con carne de ternera de primera calidad, tierna y sabrosa, esta hamburguesa destaca por su sabor intenso y suculento. Pero lo que realmente la hace \u00fanica es la quema de espinacas: suave, cremosa y ligeramente especiada, aporta un contraste perfecto a la carne, equilibrando su potencia con un toque vegetal y fresco.  <\/p>\n<p class=\"\" data-start=\"457\" data-end=\"754\">Cada mordisco es una explosi\u00f3n de sabores que te transporta. Si lo acompa\u00f1as con pan, ligeramente tostado, sin dominar, y el conjunto se redondea con un punto de queso fundido e ingredientes frescos que aportan textura. Es una combinaci\u00f3n sorprendente, equilibrada y distinta de las hamburguesas convencionales.  <\/p>\n<p class=\"\" data-start=\"756\" data-end=\"1115\">Ideal para quien busca una opci\u00f3n gourmet sin complicaciones, nuestra hamburguesa de ternera con crema de espinacas no deja a nadie indiferente. Sea en comidas informales, cenas entre amigos o un capricho personal, es de esos platos que se recuerdan y que, una vez probados, quieren repetirse. Pru\u00e9bala y d\u00e9jate enamorar por su gusto aut\u00e9ntico e irresistible.  <\/p>\n<h4 data-start=\"756\" data-end=\"1115\">Como la servimos<\/h4>\n<p>En formato de 125 grs y en cajas de 4 unidades.<\/p>\n<h4>Que ingredientes hay<\/h4>\n<p>Nuestra carne de ternera, sal y una pizca de pimienta y espinacas, cebolla, aceite de oliva, mantequilla, leche y aceite de girasol. Este producto es apto para cel\u00edacos.<\/p>\n<h4>La cocci\u00f3n<\/h4>\n<p>Siempre recomendaremos que se haga a la plancha o cualquier plancha el\u00e9ctrica, pero tambi\u00e9n una opci\u00f3n es a la brasa o barbacoa. Cuanto m\u00e1s corta sea la cocci\u00f3n mejor, puesto que el sabor de la crema queda mucho m\u00e1s marcado. Si deseas comer hamburguesas artesanas online de alta calidad, \u00e9sta es tu opci\u00f3n.  <\/p>\n","protected":false},"excerpt":{"rendered":"<p>Nuestra hamburguesa de ternera con crema de espinacas es mucho m\u00e1s que un plato.<br \/>\nEs una aut\u00e9ntica delicia para los amantes de la buena comida.<\/p>\n","protected":false},"featured_media":14407,"template":"","meta":{"_acf_changed":false,"_joinchat":[]},"product_brand":[],"product_cat":[63,114],"product_tag":[134,213],"class_list":{"0":"post-14408","1":"product","2":"type-product","3":"status-publish","4":"has-post-thumbnail","6":"product_cat-carne","7":"product_cat-hamburguesas-exclusivas","8":"product_tag-barbacoa-es","9":"product_tag-premium-es","11":"first","12":"instock","13":"taxable","14":"shipping-taxable","15":"purchasable","16":"product-type-simple"},"acf":[],"yoast_head":"<!-- This site is optimized with the Yoast SEO plugin v27.4 - https:\/\/yoast.com\/product\/yoast-seo-wordpress\/ -->\n<title>Hamburguesa de ternera con crema de espinacas (4x120 grs) - labonacarn.com<\/title>\n<meta name=\"description\" content=\"Nuestra hamburguesa de ternera con crema de espinacas es mucho m\u00e1s que un plato. Es una aut\u00e9ntica delicia para los amantes de la buena comida.\" \/>\n<meta name=\"robots\" content=\"index, follow, max-snippet:-1, max-image-preview:large, max-video-preview:-1\" \/>\n<link rel=\"canonical\" href=\"https:\/\/labonacarn.com\/es\/producte\/hamburguesa-de-ternera-con-crema-de-espinacas-4x120-grs\/\" \/>\n<meta property=\"og:locale\" content=\"es_ES\" \/>\n<meta property=\"og:type\" content=\"article\" \/>\n<meta property=\"og:title\" content=\"Hamburguesa de ternera con crema de espinacas (4x120 grs) - labonacarn.com\" \/>\n<meta property=\"og:description\" content=\"Nuestra hamburguesa de ternera con crema de espinacas es mucho m\u00e1s que un plato. Es una aut\u00e9ntica delicia para los amantes de la buena comida.\" \/>\n<meta property=\"og:url\" content=\"https:\/\/labonacarn.com\/es\/producte\/hamburguesa-de-ternera-con-crema-de-espinacas-4x120-grs\/\" \/>\n<meta property=\"og:site_name\" content=\"labonacarn.com\" \/>\n<meta property=\"og:image\" content=\"https:\/\/labonacarn.com\/wp-content\/uploads\/2025\/05\/hamb1.jpg\" \/>\n\t<meta property=\"og:image:width\" content=\"858\" \/>\n\t<meta property=\"og:image:height\" content=\"644\" \/>\n\t<meta property=\"og:image:type\" content=\"image\/jpeg\" \/>\n<meta name=\"twitter:card\" content=\"summary_large_image\" \/>\n<meta name=\"twitter:label1\" content=\"Tiempo de lectura\" \/>\n\t<meta name=\"twitter:data1\" content=\"2 minutos\" \/>\n<script type=\"application\/ld+json\" class=\"yoast-schema-graph\">{\"@context\":\"https:\\\/\\\/schema.org\",\"@graph\":[{\"@type\":\"WebPage\",\"@id\":\"https:\\\/\\\/labonacarn.com\\\/es\\\/producte\\\/hamburguesa-de-ternera-con-crema-de-espinacas-4x120-grs\\\/\",\"url\":\"https:\\\/\\\/labonacarn.com\\\/es\\\/producte\\\/hamburguesa-de-ternera-con-crema-de-espinacas-4x120-grs\\\/\",\"name\":\"Hamburguesa de ternera con crema de espinacas (4x120 grs) - labonacarn.com\",\"isPartOf\":{\"@id\":\"https:\\\/\\\/labonacarn.com\\\/es\\\/#website\"},\"primaryImageOfPage\":{\"@id\":\"https:\\\/\\\/labonacarn.com\\\/es\\\/producte\\\/hamburguesa-de-ternera-con-crema-de-espinacas-4x120-grs\\\/#primaryimage\"},\"image\":{\"@id\":\"https:\\\/\\\/labonacarn.com\\\/es\\\/producte\\\/hamburguesa-de-ternera-con-crema-de-espinacas-4x120-grs\\\/#primaryimage\"},\"thumbnailUrl\":\"https:\\\/\\\/labonacarn.com\\\/wp-content\\\/uploads\\\/2025\\\/05\\\/hamb1.jpg\",\"datePublished\":\"2025-05-20T21:35:04+00:00\",\"description\":\"Nuestra hamburguesa de ternera con crema de espinacas es mucho m\u00e1s que un plato. Es una aut\u00e9ntica delicia para los amantes de la buena comida.\",\"breadcrumb\":{\"@id\":\"https:\\\/\\\/labonacarn.com\\\/es\\\/producte\\\/hamburguesa-de-ternera-con-crema-de-espinacas-4x120-grs\\\/#breadcrumb\"},\"inLanguage\":\"es\",\"potentialAction\":[{\"@type\":\"ReadAction\",\"target\":[\"https:\\\/\\\/labonacarn.com\\\/es\\\/producte\\\/hamburguesa-de-ternera-con-crema-de-espinacas-4x120-grs\\\/\"]}]},{\"@type\":\"ImageObject\",\"inLanguage\":\"es\",\"@id\":\"https:\\\/\\\/labonacarn.com\\\/es\\\/producte\\\/hamburguesa-de-ternera-con-crema-de-espinacas-4x120-grs\\\/#primaryimage\",\"url\":\"https:\\\/\\\/labonacarn.com\\\/wp-content\\\/uploads\\\/2025\\\/05\\\/hamb1.jpg\",\"contentUrl\":\"https:\\\/\\\/labonacarn.com\\\/wp-content\\\/uploads\\\/2025\\\/05\\\/hamb1.jpg\",\"width\":858,\"height\":644,\"caption\":\"Hamburguesa de ternera con crema de espinacas\"},{\"@type\":\"BreadcrumbList\",\"@id\":\"https:\\\/\\\/labonacarn.com\\\/es\\\/producte\\\/hamburguesa-de-ternera-con-crema-de-espinacas-4x120-grs\\\/#breadcrumb\",\"itemListElement\":[{\"@type\":\"ListItem\",\"position\":1,\"name\":\"Portada\",\"item\":\"https:\\\/\\\/labonacarn.com\\\/es\\\/\"},{\"@type\":\"ListItem\",\"position\":2,\"name\":\"Tienda\",\"item\":\"https:\\\/\\\/labonacarn.com\\\/es\\\/tienda\\\/\"},{\"@type\":\"ListItem\",\"position\":3,\"name\":\"Hamburguesa de ternera con crema de espinacas (4&#215;120 grs)\"}]},{\"@type\":\"WebSite\",\"@id\":\"https:\\\/\\\/labonacarn.com\\\/es\\\/#website\",\"url\":\"https:\\\/\\\/labonacarn.com\\\/es\\\/\",\"name\":\"labonacarn.com\",\"description\":\"Venem carn de vedella, porc, pollastre, xai, poltre, gall dindi i embotits de primera qualitat i fets per nosaltres.\",\"potentialAction\":[{\"@type\":\"SearchAction\",\"target\":{\"@type\":\"EntryPoint\",\"urlTemplate\":\"https:\\\/\\\/labonacarn.com\\\/es\\\/?s={search_term_string}\"},\"query-input\":{\"@type\":\"PropertyValueSpecification\",\"valueRequired\":true,\"valueName\":\"search_term_string\"}}],\"inLanguage\":\"es\"}]}<\/script>\n<!-- \/ Yoast SEO plugin. -->","yoast_head_json":{"title":"Hamburguesa de ternera con crema de espinacas (4x120 grs) - labonacarn.com","description":"Nuestra hamburguesa de ternera con crema de espinacas es mucho m\u00e1s que un plato. Es una aut\u00e9ntica delicia para los amantes de la buena comida.","robots":{"index":"index","follow":"follow","max-snippet":"max-snippet:-1","max-image-preview":"max-image-preview:large","max-video-preview":"max-video-preview:-1"},"canonical":"https:\/\/labonacarn.com\/es\/producte\/hamburguesa-de-ternera-con-crema-de-espinacas-4x120-grs\/","og_locale":"es_ES","og_type":"article","og_title":"Hamburguesa de ternera con crema de espinacas (4x120 grs) - labonacarn.com","og_description":"Nuestra hamburguesa de ternera con crema de espinacas es mucho m\u00e1s que un plato. Es una aut\u00e9ntica delicia para los amantes de la buena comida.","og_url":"https:\/\/labonacarn.com\/es\/producte\/hamburguesa-de-ternera-con-crema-de-espinacas-4x120-grs\/","og_site_name":"labonacarn.com","og_image":[{"width":858,"height":644,"url":"https:\/\/labonacarn.com\/wp-content\/uploads\/2025\/05\/hamb1.jpg","type":"image\/jpeg"}],"twitter_card":"summary_large_image","twitter_misc":{"Tiempo de lectura":"2 minutos"},"schema":{"@context":"https:\/\/schema.org","@graph":[{"@type":"WebPage","@id":"https:\/\/labonacarn.com\/es\/producte\/hamburguesa-de-ternera-con-crema-de-espinacas-4x120-grs\/","url":"https:\/\/labonacarn.com\/es\/producte\/hamburguesa-de-ternera-con-crema-de-espinacas-4x120-grs\/","name":"Hamburguesa de ternera con crema de espinacas (4x120 grs) - labonacarn.com","isPartOf":{"@id":"https:\/\/labonacarn.com\/es\/#website"},"primaryImageOfPage":{"@id":"https:\/\/labonacarn.com\/es\/producte\/hamburguesa-de-ternera-con-crema-de-espinacas-4x120-grs\/#primaryimage"},"image":{"@id":"https:\/\/labonacarn.com\/es\/producte\/hamburguesa-de-ternera-con-crema-de-espinacas-4x120-grs\/#primaryimage"},"thumbnailUrl":"https:\/\/labonacarn.com\/wp-content\/uploads\/2025\/05\/hamb1.jpg","datePublished":"2025-05-20T21:35:04+00:00","description":"Nuestra hamburguesa de ternera con crema de espinacas es mucho m\u00e1s que un plato. Es una aut\u00e9ntica delicia para los amantes de la buena comida.","breadcrumb":{"@id":"https:\/\/labonacarn.com\/es\/producte\/hamburguesa-de-ternera-con-crema-de-espinacas-4x120-grs\/#breadcrumb"},"inLanguage":"es","potentialAction":[{"@type":"ReadAction","target":["https:\/\/labonacarn.com\/es\/producte\/hamburguesa-de-ternera-con-crema-de-espinacas-4x120-grs\/"]}]},{"@type":"ImageObject","inLanguage":"es","@id":"https:\/\/labonacarn.com\/es\/producte\/hamburguesa-de-ternera-con-crema-de-espinacas-4x120-grs\/#primaryimage","url":"https:\/\/labonacarn.com\/wp-content\/uploads\/2025\/05\/hamb1.jpg","contentUrl":"https:\/\/labonacarn.com\/wp-content\/uploads\/2025\/05\/hamb1.jpg","width":858,"height":644,"caption":"Hamburguesa de ternera con crema de espinacas"},{"@type":"BreadcrumbList","@id":"https:\/\/labonacarn.com\/es\/producte\/hamburguesa-de-ternera-con-crema-de-espinacas-4x120-grs\/#breadcrumb","itemListElement":[{"@type":"ListItem","position":1,"name":"Portada","item":"https:\/\/labonacarn.com\/es\/"},{"@type":"ListItem","position":2,"name":"Tienda","item":"https:\/\/labonacarn.com\/es\/tienda\/"},{"@type":"ListItem","position":3,"name":"Hamburguesa de ternera con crema de espinacas (4&#215;120 grs)"}]},{"@type":"WebSite","@id":"https:\/\/labonacarn.com\/es\/#website","url":"https:\/\/labonacarn.com\/es\/","name":"labonacarn.com","description":"Venem carn de vedella, porc, pollastre, xai, poltre, gall dindi i embotits de primera qualitat i fets per nosaltres.","potentialAction":[{"@type":"SearchAction","target":{"@type":"EntryPoint","urlTemplate":"https:\/\/labonacarn.com\/es\/?s={search_term_string}"},"query-input":{"@type":"PropertyValueSpecification","valueRequired":true,"valueName":"search_term_string"}}],"inLanguage":"es"}]}},"_links":{"self":[{"href":"https:\/\/labonacarn.com\/es\/wp-json\/wp\/v2\/product\/14408","targetHints":{"allow":["GET"]}}],"collection":[{"href":"https:\/\/labonacarn.com\/es\/wp-json\/wp\/v2\/product"}],"about":[{"href":"https:\/\/labonacarn.com\/es\/wp-json\/wp\/v2\/types\/product"}],"wp:featuredmedia":[{"embeddable":true,"href":"https:\/\/labonacarn.com\/es\/wp-json\/wp\/v2\/media\/14407"}],"wp:attachment":[{"href":"https:\/\/labonacarn.com\/es\/wp-json\/wp\/v2\/media?parent=14408"}],"wp:term":[{"taxonomy":"product_brand","embeddable":true,"href":"https:\/\/labonacarn.com\/es\/wp-json\/wp\/v2\/product_brand?post=14408"},{"taxonomy":"product_cat","embeddable":true,"href":"https:\/\/labonacarn.com\/es\/wp-json\/wp\/v2\/product_cat?post=14408"},{"taxonomy":"product_tag","embeddable":true,"href":"https:\/\/labonacarn.com\/es\/wp-json\/wp\/v2\/product_tag?post=14408"}],"curies":[{"name":"wp","href":"https:\/\/api.w.org\/{rel}","templated":true}]}}