{"id":14029,"date":"2025-03-19T10:41:40","date_gmt":"2025-03-19T09:41:40","guid":{"rendered":"https:\/\/labonacarn.com\/producte\/callos-de-ternera-cortada-500-grs\/"},"modified":"2025-03-19T11:40:09","modified_gmt":"2025-03-19T10:40:09","slug":"callos-de-ternera-cortada-500-grs","status":"publish","type":"product","link":"https:\/\/labonacarn.com\/es\/producte\/callos-de-ternera-cortada-500-grs\/","title":{"rendered":"Callos de ternera cortada (500 grs)"},"content":{"rendered":"<h2>Callos tripa de vedella blanca tallada<\/h2>\n<p data-start=\"0\" data-end=\"126\"><span class=\"relative -mx-px my-[-0.2rem] rounded px-px py-[0.2rem]\">Los callos son un plato tradicional de la cocina espa\u00f1ola, especialmente apreciado por su riqueza de sabores y texturas<\/span>. <span class=\"relative -mx-px my-[-0.2rem] rounded px-px py-[0.2rem]\">Se preparan habitualmente con tripa blanca de ternera, conocida por su consistencia gelatinosa que aporta una textura melosa al guiso.<\/span><\/p>\n<p data-start=\"128\" data-end=\"285\"><span class=\"relative -mx-px my-[-0.2rem] rounded px-px py-[0.2rem]\">En Labonacarn, donde \u00fanicamente tocamos productos de calidad, te ofrecemos la tripa de ternera cortada en porciones de 500 gramos, ideal para la elaboraci\u00f3n de callos caseros.<\/span> <span class=\"relative -mx-px my-[-0.2rem] rounded px-px py-[0.2rem]\">Este producto se presenta limpio y cortado, listo para cocinar seg\u00fan la receta tradicional o adaptada al gusto de cada uno.<br \/>\nEste producto lo servimos en paquetes de 500 grs y envasados \u200b\u200bal vac\u00edo. No llevan ning\u00fan al\u00e9rgeno y son aptos para todos. <\/span><\/p>\n<h2 data-start=\"128\" data-end=\"285\">Preparaci\u00f3\u200bn<\/h2>\n<p data-start=\"287\" data-end=\"368\"><span class=\"relative -mx-px my-[-0.2rem] rounded px-px py-[0.2rem]\">Para preparar unos deliciosos callos con tripa de ternera, se recomienda seguir estos pasos:<\/span><\/p>\n<ol data-start=\"370\" data-end=\"917\">\n<li data-start=\"370\" data-end=\"475\">\n<p data-start=\"373\" data-end=\"475\"><strong data-start=\"373\" data-end=\"390\">Limpieza previa:<\/strong> <span class=\"relative -mx-px my-[-0.2rem] rounded px-px py-[0.2rem]\">Aunque la tripa de labonacarn.com ya viene limpia, es aconsejable enjuagarla bajo agua fr\u00eda antes de cocinar.<\/span><\/p>\n<\/li>\n<li data-start=\"477\" data-end=\"585\">\n<p data-start=\"480\" data-end=\"585\"><strong data-start=\"480\" data-end=\"498\">Cocci\u00f3n inicial<\/strong>: <span class=\"relative -mx-px my-[-0.2rem] rounded px-px py-[0.2rem]\">Blanquear la tripa hirvi\u00e9ndola durante unos minutos y despu\u00e9s escurrirla. Esto ayuda a eliminar impurezas ya suavizar la textura. <\/span>\u200b<\/p>\n<\/li>\n<li data-start=\"587\" data-end=\"689\">\n<p data-start=\"590\" data-end=\"689\"><strong data-start=\"590\" data-end=\"602\">Sofrito: <\/strong> <span class=\"relative -mx-px my-[-0.2rem] rounded px-px py-[0.2rem]\">En una cazuela, sofre\u00edr cebolla, ajo y pimiento rojo hasta que est\u00e9n tiernas. A\u00f1adir tomate triturado y cocinar hasta que la mezcla est\u00e9 bien integrada. <\/span>\u200b<\/p>\n<\/li>\n<li data-start=\"691\" data-end=\"809\">\n<p data-start=\"694\" data-end=\"809\"><strong data-start=\"694\" data-end=\"722\">Incorporaci\u00f3n de la tripa:<\/strong> <span class=\"relative -mx-px my-[-0.2rem] rounded px-px py-[0.2rem]\">A\u00f1adir la tripa cortada al sofrito junto con especias como piment\u00f3n dulce, laurel y un poco de comino.<\/span><\/p>\n<\/li>\n<li data-start=\"811\" data-end=\"917\">\n<p data-start=\"814\" data-end=\"917\"><strong data-start=\"814\" data-end=\"830\">Cocci\u00f3n lenta:<\/strong> <span class=\"relative -mx-px my-[-0.2rem] rounded px-px py-[0.2rem]\">Cubrir con caldo y cocinar a fuego lento durante aproximadamente dos horas, hasta que la tripa est\u00e9 tierna y los sabores se hayan fusionado.<\/span><\/p>\n<\/li>\n<\/ol>\n<p data-start=\"919\" data-end=\"1044\"><span class=\"relative -mx-px my-[-0.2rem] rounded px-px py-[0.2rem]\">Este plato se puede enriquecer con garbanzos o chorizo, seg\u00fan la tradici\u00f3n de cada regi\u00f3n<\/span>. <span class=\"relative -mx-px my-[-0.2rem] rounded px-px py-[0.2rem]\">Servirlo caliente, acompa\u00f1ado de pan crujiente, es una experiencia culinaria que refleja la esencia de la cocina tradicional.<\/span><\/p>\n<p data-start=\"919\" data-end=\"1044\">Confiando en labonacarn.com para la compra de la tripa blanca de ternera, aseguramos la calidad y frescura necesarias para el \u00e9xito de esta receta cl\u00e1sica.<\/p>\n","protected":false},"excerpt":{"rendered":"<p>Un plato sensacional que se deshace en la boca !!!<br \/>\nAqu\u00ed tienes la receta: <a href=\"https:\/\/www.youtube.com\/watch?v=hO61_zKLYWU\">Tripa con cabeza y pata<\/a><\/p>\n","protected":false},"featured_media":14026,"template":"","meta":{"_acf_changed":false,"_joinchat":[]},"product_brand":[],"product_cat":[63,106,64],"product_tag":[],"class_list":{"0":"post-14029","1":"product","2":"type-product","3":"status-publish","4":"has-post-thumbnail","6":"product_cat-carne","7":"product_cat-tengo-invitados","8":"product_cat-ternera","10":"first","11":"instock","12":"taxable","13":"shipping-taxable","14":"purchasable","15":"product-type-simple"},"acf":[],"yoast_head":"<!-- This site is optimized with the Yoast SEO plugin v27.4 - https:\/\/yoast.com\/product\/yoast-seo-wordpress\/ -->\n<title>Callos de ternera cortada (500 grs) - labonacarn.com<\/title>\n<meta name=\"description\" content=\"Callos de ternera blanca cortada, \u00bfquieres comer un plato muy f\u00e1cil de hacer, con poco tiempo y que triunfar\u00e1s seguro?\" \/>\n<meta name=\"robots\" content=\"index, follow, max-snippet:-1, max-image-preview:large, max-video-preview:-1\" \/>\n<link rel=\"canonical\" href=\"https:\/\/labonacarn.com\/es\/producte\/callos-de-ternera-cortada-500-grs\/\" \/>\n<meta property=\"og:locale\" content=\"es_ES\" \/>\n<meta property=\"og:type\" content=\"article\" \/>\n<meta property=\"og:title\" content=\"Callos de ternera cortada (500 grs) - labonacarn.com\" \/>\n<meta property=\"og:description\" content=\"Callos de ternera blanca cortada, \u00bfquieres comer un plato muy f\u00e1cil de hacer, con poco tiempo y que triunfar\u00e1s seguro?\" \/>\n<meta property=\"og:url\" content=\"https:\/\/labonacarn.com\/es\/producte\/callos-de-ternera-cortada-500-grs\/\" \/>\n<meta property=\"og:site_name\" content=\"labonacarn.com\" \/>\n<meta property=\"article:modified_time\" content=\"2025-03-19T10:40:09+00:00\" \/>\n<meta property=\"og:image\" content=\"https:\/\/labonacarn.com\/wp-content\/uploads\/2025\/03\/callos1.jpg\" \/>\n\t<meta property=\"og:image:width\" content=\"859\" \/>\n\t<meta property=\"og:image:height\" content=\"644\" \/>\n\t<meta property=\"og:image:type\" content=\"image\/jpeg\" \/>\n<meta name=\"twitter:card\" content=\"summary_large_image\" \/>\n<meta name=\"twitter:label1\" content=\"Tiempo de lectura\" \/>\n\t<meta name=\"twitter:data1\" content=\"2 minutos\" \/>\n<script type=\"application\/ld+json\" class=\"yoast-schema-graph\">{\"@context\":\"https:\\\/\\\/schema.org\",\"@graph\":[{\"@type\":\"WebPage\",\"@id\":\"https:\\\/\\\/labonacarn.com\\\/es\\\/producte\\\/callos-de-ternera-cortada-500-grs\\\/\",\"url\":\"https:\\\/\\\/labonacarn.com\\\/es\\\/producte\\\/callos-de-ternera-cortada-500-grs\\\/\",\"name\":\"Callos de ternera cortada (500 grs) - labonacarn.com\",\"isPartOf\":{\"@id\":\"https:\\\/\\\/labonacarn.com\\\/es\\\/#website\"},\"primaryImageOfPage\":{\"@id\":\"https:\\\/\\\/labonacarn.com\\\/es\\\/producte\\\/callos-de-ternera-cortada-500-grs\\\/#primaryimage\"},\"image\":{\"@id\":\"https:\\\/\\\/labonacarn.com\\\/es\\\/producte\\\/callos-de-ternera-cortada-500-grs\\\/#primaryimage\"},\"thumbnailUrl\":\"https:\\\/\\\/labonacarn.com\\\/wp-content\\\/uploads\\\/2025\\\/03\\\/callos1.jpg\",\"datePublished\":\"2025-03-19T09:41:40+00:00\",\"dateModified\":\"2025-03-19T10:40:09+00:00\",\"description\":\"Callos de ternera blanca cortada, \u00bfquieres comer un plato muy f\u00e1cil de hacer, con poco tiempo y que triunfar\u00e1s seguro?\",\"breadcrumb\":{\"@id\":\"https:\\\/\\\/labonacarn.com\\\/es\\\/producte\\\/callos-de-ternera-cortada-500-grs\\\/#breadcrumb\"},\"inLanguage\":\"es\",\"potentialAction\":[{\"@type\":\"ReadAction\",\"target\":[\"https:\\\/\\\/labonacarn.com\\\/es\\\/producte\\\/callos-de-ternera-cortada-500-grs\\\/\"]}]},{\"@type\":\"ImageObject\",\"inLanguage\":\"es\",\"@id\":\"https:\\\/\\\/labonacarn.com\\\/es\\\/producte\\\/callos-de-ternera-cortada-500-grs\\\/#primaryimage\",\"url\":\"https:\\\/\\\/labonacarn.com\\\/wp-content\\\/uploads\\\/2025\\\/03\\\/callos1.jpg\",\"contentUrl\":\"https:\\\/\\\/labonacarn.com\\\/wp-content\\\/uploads\\\/2025\\\/03\\\/callos1.jpg\",\"width\":859,\"height\":644,\"caption\":\"Els callos de labonacarn.com\"},{\"@type\":\"BreadcrumbList\",\"@id\":\"https:\\\/\\\/labonacarn.com\\\/es\\\/producte\\\/callos-de-ternera-cortada-500-grs\\\/#breadcrumb\",\"itemListElement\":[{\"@type\":\"ListItem\",\"position\":1,\"name\":\"Portada\",\"item\":\"https:\\\/\\\/labonacarn.com\\\/es\\\/\"},{\"@type\":\"ListItem\",\"position\":2,\"name\":\"Tienda\",\"item\":\"https:\\\/\\\/labonacarn.com\\\/es\\\/tienda\\\/\"},{\"@type\":\"ListItem\",\"position\":3,\"name\":\"Callos de ternera cortada (500 grs)\"}]},{\"@type\":\"WebSite\",\"@id\":\"https:\\\/\\\/labonacarn.com\\\/es\\\/#website\",\"url\":\"https:\\\/\\\/labonacarn.com\\\/es\\\/\",\"name\":\"labonacarn.com\",\"description\":\"Venem carn de vedella, porc, pollastre, xai, poltre, gall dindi i embotits de primera qualitat i fets per nosaltres.\",\"potentialAction\":[{\"@type\":\"SearchAction\",\"target\":{\"@type\":\"EntryPoint\",\"urlTemplate\":\"https:\\\/\\\/labonacarn.com\\\/es\\\/?s={search_term_string}\"},\"query-input\":{\"@type\":\"PropertyValueSpecification\",\"valueRequired\":true,\"valueName\":\"search_term_string\"}}],\"inLanguage\":\"es\"}]}<\/script>\n<!-- \/ Yoast SEO plugin. -->","yoast_head_json":{"title":"Callos de ternera cortada (500 grs) - labonacarn.com","description":"Callos de ternera blanca cortada, \u00bfquieres comer un plato muy f\u00e1cil de hacer, con poco tiempo y que triunfar\u00e1s seguro?","robots":{"index":"index","follow":"follow","max-snippet":"max-snippet:-1","max-image-preview":"max-image-preview:large","max-video-preview":"max-video-preview:-1"},"canonical":"https:\/\/labonacarn.com\/es\/producte\/callos-de-ternera-cortada-500-grs\/","og_locale":"es_ES","og_type":"article","og_title":"Callos de ternera cortada (500 grs) - labonacarn.com","og_description":"Callos de ternera blanca cortada, \u00bfquieres comer un plato muy f\u00e1cil de hacer, con poco tiempo y que triunfar\u00e1s seguro?","og_url":"https:\/\/labonacarn.com\/es\/producte\/callos-de-ternera-cortada-500-grs\/","og_site_name":"labonacarn.com","article_modified_time":"2025-03-19T10:40:09+00:00","og_image":[{"width":859,"height":644,"url":"https:\/\/labonacarn.com\/wp-content\/uploads\/2025\/03\/callos1.jpg","type":"image\/jpeg"}],"twitter_card":"summary_large_image","twitter_misc":{"Tiempo de lectura":"2 minutos"},"schema":{"@context":"https:\/\/schema.org","@graph":[{"@type":"WebPage","@id":"https:\/\/labonacarn.com\/es\/producte\/callos-de-ternera-cortada-500-grs\/","url":"https:\/\/labonacarn.com\/es\/producte\/callos-de-ternera-cortada-500-grs\/","name":"Callos de ternera cortada (500 grs) - labonacarn.com","isPartOf":{"@id":"https:\/\/labonacarn.com\/es\/#website"},"primaryImageOfPage":{"@id":"https:\/\/labonacarn.com\/es\/producte\/callos-de-ternera-cortada-500-grs\/#primaryimage"},"image":{"@id":"https:\/\/labonacarn.com\/es\/producte\/callos-de-ternera-cortada-500-grs\/#primaryimage"},"thumbnailUrl":"https:\/\/labonacarn.com\/wp-content\/uploads\/2025\/03\/callos1.jpg","datePublished":"2025-03-19T09:41:40+00:00","dateModified":"2025-03-19T10:40:09+00:00","description":"Callos de ternera blanca cortada, \u00bfquieres comer un plato muy f\u00e1cil de hacer, con poco tiempo y que triunfar\u00e1s seguro?","breadcrumb":{"@id":"https:\/\/labonacarn.com\/es\/producte\/callos-de-ternera-cortada-500-grs\/#breadcrumb"},"inLanguage":"es","potentialAction":[{"@type":"ReadAction","target":["https:\/\/labonacarn.com\/es\/producte\/callos-de-ternera-cortada-500-grs\/"]}]},{"@type":"ImageObject","inLanguage":"es","@id":"https:\/\/labonacarn.com\/es\/producte\/callos-de-ternera-cortada-500-grs\/#primaryimage","url":"https:\/\/labonacarn.com\/wp-content\/uploads\/2025\/03\/callos1.jpg","contentUrl":"https:\/\/labonacarn.com\/wp-content\/uploads\/2025\/03\/callos1.jpg","width":859,"height":644,"caption":"Els callos de labonacarn.com"},{"@type":"BreadcrumbList","@id":"https:\/\/labonacarn.com\/es\/producte\/callos-de-ternera-cortada-500-grs\/#breadcrumb","itemListElement":[{"@type":"ListItem","position":1,"name":"Portada","item":"https:\/\/labonacarn.com\/es\/"},{"@type":"ListItem","position":2,"name":"Tienda","item":"https:\/\/labonacarn.com\/es\/tienda\/"},{"@type":"ListItem","position":3,"name":"Callos de ternera cortada (500 grs)"}]},{"@type":"WebSite","@id":"https:\/\/labonacarn.com\/es\/#website","url":"https:\/\/labonacarn.com\/es\/","name":"labonacarn.com","description":"Venem carn de vedella, porc, pollastre, xai, poltre, gall dindi i embotits de primera qualitat i fets per nosaltres.","potentialAction":[{"@type":"SearchAction","target":{"@type":"EntryPoint","urlTemplate":"https:\/\/labonacarn.com\/es\/?s={search_term_string}"},"query-input":{"@type":"PropertyValueSpecification","valueRequired":true,"valueName":"search_term_string"}}],"inLanguage":"es"}]}},"_links":{"self":[{"href":"https:\/\/labonacarn.com\/es\/wp-json\/wp\/v2\/product\/14029","targetHints":{"allow":["GET"]}}],"collection":[{"href":"https:\/\/labonacarn.com\/es\/wp-json\/wp\/v2\/product"}],"about":[{"href":"https:\/\/labonacarn.com\/es\/wp-json\/wp\/v2\/types\/product"}],"wp:featuredmedia":[{"embeddable":true,"href":"https:\/\/labonacarn.com\/es\/wp-json\/wp\/v2\/media\/14026"}],"wp:attachment":[{"href":"https:\/\/labonacarn.com\/es\/wp-json\/wp\/v2\/media?parent=14029"}],"wp:term":[{"taxonomy":"product_brand","embeddable":true,"href":"https:\/\/labonacarn.com\/es\/wp-json\/wp\/v2\/product_brand?post=14029"},{"taxonomy":"product_cat","embeddable":true,"href":"https:\/\/labonacarn.com\/es\/wp-json\/wp\/v2\/product_cat?post=14029"},{"taxonomy":"product_tag","embeddable":true,"href":"https:\/\/labonacarn.com\/es\/wp-json\/wp\/v2\/product_tag?post=14029"}],"curies":[{"name":"wp","href":"https:\/\/api.w.org\/{rel}","templated":true}]}}