{"id":13920,"date":"2025-03-03T19:13:52","date_gmt":"2025-03-03T18:13:52","guid":{"rendered":"https:\/\/labonacarn.com\/producte\/cap-i-pota-de-ternera-cortada-500-grs\/"},"modified":"2025-03-03T21:00:29","modified_gmt":"2025-03-03T20:00:29","slug":"cap-i-pota-de-ternera-cortada-500-grs","status":"publish","type":"product","link":"https:\/\/labonacarn.com\/es\/producte\/cap-i-pota-de-ternera-cortada-500-grs\/","title":{"rendered":"Cap i pota de ternera cortada (500 grs)"},"content":{"rendered":"<h2>Cap i pota<\/h2>\n<p data-start=\"76\" data-end=\"330\">En Labonacarn nos enorgullece presentarte nuestra incomparable cabeza y pata, una aut\u00e9ntica joya de la gastronom\u00eda catalana. Cada corte cuenta una historia de tradici\u00f3n, pasi\u00f3n y maestr\u00eda artesanal, resultado de a\u00f1os de dedicaci\u00f3n a la excelencia culinaria.<\/p>\n<p data-start=\"332\" data-end=\"673\">Con el paso del tiempo, hemos perfeccionado cada detalle de este plato emblem\u00e1tico, seleccionando cuidadosamente los mejores ingredientes para garantizarte una experiencia aut\u00e9ntica. Con una textura melosa y un sabor profundo, nuestro Cabo y Pota te transportar\u00e1 directamente a la cocina de siempre, donde la tradici\u00f3n y la calidad se funden en cada bocado.<\/p>\n<h3 data-start=\"332\" data-end=\"673\">Tradiciones<\/h3>\n<p data-start=\"64\" data-end=\"446\">El Cap i Pota es un plato emblem\u00e1tico de la gastronom\u00eda catalana, una aut\u00e9ntica demostraci\u00f3n de c\u00f3mo la cocina tradicional puede convertir ingredientes humildes en una experiencia gastron\u00f3mica rica y reconfortante. Este guiso se prepara con la careta de ternera sin hueso, que se blanquea y se enfr\u00eda antes de ser cocinada lentamente en un caldo arom\u00e1tico lleno de verduras, hierbas y especias.<\/p>\n<p data-start=\"448\" data-end=\"749\">La cocci\u00f3n pausada y prolongada permite que los tejidos conectivos se deshagan, liberando gelatinas naturales que dan al plato una textura melosa y un caldo denso y sabroso. A menudo se acompa\u00f1a con garbanzos y, en algunas versiones, con callos, potenciando a\u00fan m\u00e1s su car\u00e1cter tradicional y aut\u00e9ntico.<\/p>\n<p data-start=\"751\" data-end=\"925\">Cap i Pota no es s\u00f3lo un plato, sino un homenaje a la cocina de siempre, aquella que aprovecha cada ingrediente con maestr\u00eda para ofrecernos un sabor profundo e inolvidable.<\/p>\n<h3 data-start=\"751\" data-end=\"925\">C\u00f3mo lo cocinamos<\/h3>\n<p>Siempre lo haremos guiso.<\/p>\n<h3>C\u00f3mo lo servimos<\/h3>\n<p>Lo serviremos siempre envasado al vac\u00edo y en paquetes de 500 grs. Como siempre no lleva ning\u00fan conservante ni colorante ni ning\u00fan al\u00e9rgeno.<\/p>\n<p>&nbsp;<\/p>\n","protected":false},"excerpt":{"rendered":"<p>Te invitamos a explorar la riqueza de la aut\u00e9ntica cocina catalana<\/p>\n","protected":false},"featured_media":13914,"template":"","meta":{"_acf_changed":false,"_joinchat":[]},"product_brand":[],"product_cat":[63,64],"product_tag":[235],"class_list":{"0":"post-13920","1":"product","2":"type-product","3":"status-publish","4":"has-post-thumbnail","6":"product_cat-carne","7":"product_cat-ternera","8":"product_tag-cocina-tracidional-catalana","10":"first","11":"instock","12":"taxable","13":"shipping-taxable","14":"purchasable","15":"product-type-simple"},"acf":[],"yoast_head":"<!-- This site is optimized with the Yoast SEO plugin v27.4 - https:\/\/yoast.com\/product\/yoast-seo-wordpress\/ -->\n<title>Cap i pota de ternera cortada (500 grs) - labonacarn.com<\/title>\n<meta name=\"description\" content=\"El Cap i Pota elaborado con ingredientes de primera calidad, un plato tradicional se cocina lentamente para conseguir una textura melosa y un sabor intenso.\" \/>\n<meta name=\"robots\" content=\"index, follow, max-snippet:-1, max-image-preview:large, max-video-preview:-1\" \/>\n<link rel=\"canonical\" href=\"https:\/\/labonacarn.com\/es\/producte\/cap-i-pota-de-ternera-cortada-500-grs\/\" \/>\n<meta property=\"og:locale\" content=\"es_ES\" \/>\n<meta property=\"og:type\" content=\"article\" \/>\n<meta property=\"og:title\" content=\"Cap i pota de ternera cortada (500 grs) - labonacarn.com\" \/>\n<meta property=\"og:description\" content=\"El Cap i Pota elaborado con ingredientes de primera calidad, un plato tradicional se cocina lentamente para conseguir una textura melosa y un sabor intenso.\" \/>\n<meta property=\"og:url\" content=\"https:\/\/labonacarn.com\/es\/producte\/cap-i-pota-de-ternera-cortada-500-grs\/\" \/>\n<meta property=\"og:site_name\" content=\"labonacarn.com\" \/>\n<meta property=\"article:modified_time\" content=\"2025-03-03T20:00:29+00:00\" \/>\n<meta property=\"og:image\" content=\"https:\/\/labonacarn.com\/wp-content\/uploads\/2025\/03\/capipota.jpg\" \/>\n\t<meta property=\"og:image:width\" content=\"1781\" \/>\n\t<meta property=\"og:image:height\" content=\"1336\" \/>\n\t<meta property=\"og:image:type\" content=\"image\/jpeg\" \/>\n<meta name=\"twitter:card\" content=\"summary_large_image\" \/>\n<meta name=\"twitter:label1\" content=\"Tiempo de lectura\" \/>\n\t<meta name=\"twitter:data1\" content=\"2 minutos\" \/>\n<script type=\"application\/ld+json\" class=\"yoast-schema-graph\">{\"@context\":\"https:\\\/\\\/schema.org\",\"@graph\":[{\"@type\":\"WebPage\",\"@id\":\"https:\\\/\\\/labonacarn.com\\\/es\\\/producte\\\/cap-i-pota-de-ternera-cortada-500-grs\\\/\",\"url\":\"https:\\\/\\\/labonacarn.com\\\/es\\\/producte\\\/cap-i-pota-de-ternera-cortada-500-grs\\\/\",\"name\":\"Cap i pota de ternera cortada (500 grs) - labonacarn.com\",\"isPartOf\":{\"@id\":\"https:\\\/\\\/labonacarn.com\\\/es\\\/#website\"},\"primaryImageOfPage\":{\"@id\":\"https:\\\/\\\/labonacarn.com\\\/es\\\/producte\\\/cap-i-pota-de-ternera-cortada-500-grs\\\/#primaryimage\"},\"image\":{\"@id\":\"https:\\\/\\\/labonacarn.com\\\/es\\\/producte\\\/cap-i-pota-de-ternera-cortada-500-grs\\\/#primaryimage\"},\"thumbnailUrl\":\"https:\\\/\\\/labonacarn.com\\\/wp-content\\\/uploads\\\/2025\\\/03\\\/capipota.jpg\",\"datePublished\":\"2025-03-03T18:13:52+00:00\",\"dateModified\":\"2025-03-03T20:00:29+00:00\",\"description\":\"El Cap i Pota elaborado con ingredientes de primera calidad, un plato tradicional se cocina lentamente para conseguir una textura melosa y un sabor intenso.\",\"breadcrumb\":{\"@id\":\"https:\\\/\\\/labonacarn.com\\\/es\\\/producte\\\/cap-i-pota-de-ternera-cortada-500-grs\\\/#breadcrumb\"},\"inLanguage\":\"es\",\"potentialAction\":[{\"@type\":\"ReadAction\",\"target\":[\"https:\\\/\\\/labonacarn.com\\\/es\\\/producte\\\/cap-i-pota-de-ternera-cortada-500-grs\\\/\"]}]},{\"@type\":\"ImageObject\",\"inLanguage\":\"es\",\"@id\":\"https:\\\/\\\/labonacarn.com\\\/es\\\/producte\\\/cap-i-pota-de-ternera-cortada-500-grs\\\/#primaryimage\",\"url\":\"https:\\\/\\\/labonacarn.com\\\/wp-content\\\/uploads\\\/2025\\\/03\\\/capipota.jpg\",\"contentUrl\":\"https:\\\/\\\/labonacarn.com\\\/wp-content\\\/uploads\\\/2025\\\/03\\\/capipota.jpg\",\"width\":1781,\"height\":1336,\"caption\":\"Cap i pota de vedella de Girona\"},{\"@type\":\"BreadcrumbList\",\"@id\":\"https:\\\/\\\/labonacarn.com\\\/es\\\/producte\\\/cap-i-pota-de-ternera-cortada-500-grs\\\/#breadcrumb\",\"itemListElement\":[{\"@type\":\"ListItem\",\"position\":1,\"name\":\"Portada\",\"item\":\"https:\\\/\\\/labonacarn.com\\\/es\\\/\"},{\"@type\":\"ListItem\",\"position\":2,\"name\":\"Tienda\",\"item\":\"https:\\\/\\\/labonacarn.com\\\/es\\\/tienda\\\/\"},{\"@type\":\"ListItem\",\"position\":3,\"name\":\"Cap i pota de ternera cortada (500 grs)\"}]},{\"@type\":\"WebSite\",\"@id\":\"https:\\\/\\\/labonacarn.com\\\/es\\\/#website\",\"url\":\"https:\\\/\\\/labonacarn.com\\\/es\\\/\",\"name\":\"labonacarn.com\",\"description\":\"Venem carn de vedella, porc, pollastre, xai, poltre, gall dindi i embotits de primera qualitat i fets per nosaltres.\",\"potentialAction\":[{\"@type\":\"SearchAction\",\"target\":{\"@type\":\"EntryPoint\",\"urlTemplate\":\"https:\\\/\\\/labonacarn.com\\\/es\\\/?s={search_term_string}\"},\"query-input\":{\"@type\":\"PropertyValueSpecification\",\"valueRequired\":true,\"valueName\":\"search_term_string\"}}],\"inLanguage\":\"es\"}]}<\/script>\n<!-- \/ Yoast SEO plugin. -->","yoast_head_json":{"title":"Cap i pota de ternera cortada (500 grs) - labonacarn.com","description":"El Cap i Pota elaborado con ingredientes de primera calidad, un plato tradicional se cocina lentamente para conseguir una textura melosa y un sabor intenso.","robots":{"index":"index","follow":"follow","max-snippet":"max-snippet:-1","max-image-preview":"max-image-preview:large","max-video-preview":"max-video-preview:-1"},"canonical":"https:\/\/labonacarn.com\/es\/producte\/cap-i-pota-de-ternera-cortada-500-grs\/","og_locale":"es_ES","og_type":"article","og_title":"Cap i pota de ternera cortada (500 grs) - labonacarn.com","og_description":"El Cap i Pota elaborado con ingredientes de primera calidad, un plato tradicional se cocina lentamente para conseguir una textura melosa y un sabor intenso.","og_url":"https:\/\/labonacarn.com\/es\/producte\/cap-i-pota-de-ternera-cortada-500-grs\/","og_site_name":"labonacarn.com","article_modified_time":"2025-03-03T20:00:29+00:00","og_image":[{"width":1781,"height":1336,"url":"https:\/\/labonacarn.com\/wp-content\/uploads\/2025\/03\/capipota.jpg","type":"image\/jpeg"}],"twitter_card":"summary_large_image","twitter_misc":{"Tiempo de lectura":"2 minutos"},"schema":{"@context":"https:\/\/schema.org","@graph":[{"@type":"WebPage","@id":"https:\/\/labonacarn.com\/es\/producte\/cap-i-pota-de-ternera-cortada-500-grs\/","url":"https:\/\/labonacarn.com\/es\/producte\/cap-i-pota-de-ternera-cortada-500-grs\/","name":"Cap i pota de ternera cortada (500 grs) - labonacarn.com","isPartOf":{"@id":"https:\/\/labonacarn.com\/es\/#website"},"primaryImageOfPage":{"@id":"https:\/\/labonacarn.com\/es\/producte\/cap-i-pota-de-ternera-cortada-500-grs\/#primaryimage"},"image":{"@id":"https:\/\/labonacarn.com\/es\/producte\/cap-i-pota-de-ternera-cortada-500-grs\/#primaryimage"},"thumbnailUrl":"https:\/\/labonacarn.com\/wp-content\/uploads\/2025\/03\/capipota.jpg","datePublished":"2025-03-03T18:13:52+00:00","dateModified":"2025-03-03T20:00:29+00:00","description":"El Cap i Pota elaborado con ingredientes de primera calidad, un plato tradicional se cocina lentamente para conseguir una textura melosa y un sabor intenso.","breadcrumb":{"@id":"https:\/\/labonacarn.com\/es\/producte\/cap-i-pota-de-ternera-cortada-500-grs\/#breadcrumb"},"inLanguage":"es","potentialAction":[{"@type":"ReadAction","target":["https:\/\/labonacarn.com\/es\/producte\/cap-i-pota-de-ternera-cortada-500-grs\/"]}]},{"@type":"ImageObject","inLanguage":"es","@id":"https:\/\/labonacarn.com\/es\/producte\/cap-i-pota-de-ternera-cortada-500-grs\/#primaryimage","url":"https:\/\/labonacarn.com\/wp-content\/uploads\/2025\/03\/capipota.jpg","contentUrl":"https:\/\/labonacarn.com\/wp-content\/uploads\/2025\/03\/capipota.jpg","width":1781,"height":1336,"caption":"Cap i pota de vedella de Girona"},{"@type":"BreadcrumbList","@id":"https:\/\/labonacarn.com\/es\/producte\/cap-i-pota-de-ternera-cortada-500-grs\/#breadcrumb","itemListElement":[{"@type":"ListItem","position":1,"name":"Portada","item":"https:\/\/labonacarn.com\/es\/"},{"@type":"ListItem","position":2,"name":"Tienda","item":"https:\/\/labonacarn.com\/es\/tienda\/"},{"@type":"ListItem","position":3,"name":"Cap i pota de ternera cortada (500 grs)"}]},{"@type":"WebSite","@id":"https:\/\/labonacarn.com\/es\/#website","url":"https:\/\/labonacarn.com\/es\/","name":"labonacarn.com","description":"Venem carn de vedella, porc, pollastre, xai, poltre, gall dindi i embotits de primera qualitat i fets per nosaltres.","potentialAction":[{"@type":"SearchAction","target":{"@type":"EntryPoint","urlTemplate":"https:\/\/labonacarn.com\/es\/?s={search_term_string}"},"query-input":{"@type":"PropertyValueSpecification","valueRequired":true,"valueName":"search_term_string"}}],"inLanguage":"es"}]}},"_links":{"self":[{"href":"https:\/\/labonacarn.com\/es\/wp-json\/wp\/v2\/product\/13920","targetHints":{"allow":["GET"]}}],"collection":[{"href":"https:\/\/labonacarn.com\/es\/wp-json\/wp\/v2\/product"}],"about":[{"href":"https:\/\/labonacarn.com\/es\/wp-json\/wp\/v2\/types\/product"}],"wp:featuredmedia":[{"embeddable":true,"href":"https:\/\/labonacarn.com\/es\/wp-json\/wp\/v2\/media\/13914"}],"wp:attachment":[{"href":"https:\/\/labonacarn.com\/es\/wp-json\/wp\/v2\/media?parent=13920"}],"wp:term":[{"taxonomy":"product_brand","embeddable":true,"href":"https:\/\/labonacarn.com\/es\/wp-json\/wp\/v2\/product_brand?post=13920"},{"taxonomy":"product_cat","embeddable":true,"href":"https:\/\/labonacarn.com\/es\/wp-json\/wp\/v2\/product_cat?post=13920"},{"taxonomy":"product_tag","embeddable":true,"href":"https:\/\/labonacarn.com\/es\/wp-json\/wp\/v2\/product_tag?post=13920"}],"curies":[{"name":"wp","href":"https:\/\/api.w.org\/{rel}","templated":true}]}}