{"id":10999,"date":"2024-03-10T09:37:57","date_gmt":"2024-03-10T08:37:57","guid":{"rendered":"https:\/\/labonacarn.com\/producte\/queso-de-oveja-reserva-trufado-400-grs\/"},"modified":"2024-03-10T09:37:57","modified_gmt":"2024-03-10T08:37:57","slug":"queso-de-oveja-reserva-trufado-400-grs","status":"publish","type":"product","link":"https:\/\/labonacarn.com\/es\/producte\/queso-de-oveja-reserva-trufado-400-grs\/","title":{"rendered":"Queso de oveja reserva trufado (400 grs)"},"content":{"rendered":"<h2>Queso de oveja reserva trufado (400 grs)<\/h2>\n<div class=\"flex-1 overflow-hidden\">\n<div class=\"react-scroll-to-bottom--css-fcnpe-79elbk h-full\">\n<div class=\"react-scroll-to-bottom--css-fcnpe-1n7m0yu\">\n<div class=\"flex flex-col text-sm pb-9\">\n<div class=\"w-full text-token-text-primary\" data-testid=\"conversation-turn-3\">\n<div class=\"px-4 py-2 justify-center text-base md:gap-6 m-auto\">\n<div class=\"flex flex-1 text-base mx-auto gap-3 md:px-5 lg:px-1 xl:px-5 md:max-w-3xl lg:max-w-[40rem] xl:max-w-[48rem] group final-completion\">\n<div class=\"relative flex w-full flex-col agent-turn\">\n<div class=\"flex-col gap-1 md:gap-3\">\n<div class=\"flex flex-grow flex-col max-w-full\">\n<div class=\"min-h-[20px] text-message flex flex-col items-start gap-3 whitespace-pre-wrap break-words [.text-message+&amp;]:mt-5 overflow-x-auto\" data-message-author-role=\"assistant\" data-message-id=\"6fb81d77-bf4b-499b-9d78-f8a1617721c3\">\n<p class=\"markdown prose w-full break-words dark:prose-invert light\">Este queso es una delicia para los amantes de los sabores intensos y elegantes!<br \/>\nLa combinaci\u00f3n de la leche de oveja cruada y la pasta de trufa negra promete una experiencia gustativa \u00fanica. La textura cremosa y fondant seguramente enriquece a\u00fan m\u00e1s el placer de degustarlo.<br \/>\nCon un per\u00edodo de curaci\u00f3n de 5-6 meses, ha adquirido una complejidad y profundidad de sabores extraordinaria. La nota de cata describe un queso con car\u00e1cter y personalidad, cuyo retrogusto perdura y ofrece una experiencia memorable. Ser\u00eda una excelente elecci\u00f3n para una mesa de quesos o como acompa\u00f1amiento de un buen vino.<\/p>\n<\/div>\n<\/div>\n<\/div>\n<\/div>\n<\/div>\n<\/div>\n<\/div>\n<\/div>\n<\/div>\n<\/div>\n<\/div>\n<p>Un queso muy especial para los amantes de los grandes quesos.<br \/>\nServido en cortes con un peso aproximado de 400 gr., tiene una curaci\u00f3n de 5-6 meses.<\/p>\n<h2>Ingredientes<\/h2>\n<p class=\"tw-data-text tw-text-large tw-ta\" dir=\"ltr\" data-placeholder=\"Traducci\u00f3\" data-ved=\"2ahUKEwij6uztnemEAxXOVaQEHdc6ACUQ3ewLegQIDRAU\"><span class=\"Y2IQFc\" lang=\"ca\">Leche cruda de oveja, 3% pasta de trufa negra y fermentos l\u00e1cteos. En corteza: nNatamicina, contiene <\/span><span class=\"Y2IQFc\" lang=\"ca\">Lisozima (derivado del huevo) y leche.<\/span><\/p>\n<h2>Nota de cata<\/h2>\n<p><span class=\"Y2IQFc\" lang=\"ca\">Textura cremosa y fundente, intensidad alta. La leche cruda dota de un aroma y sabor sin igual este queso con gran car\u00e1cter, muy arom\u00e1tico gracias a la trufa negra con la que se condimenta. Queso muy redondo con gran cuerpo y elegancia, de retrogusto largo, picoso y persistente.<\/span><\/p>\n","protected":false},"excerpt":{"rendered":"<p>Un queso muy especial para los amantes de los grandes quesos.<br \/>\nLa nota de cata describe un queso con car\u00e1cter y personalidad, cuyo retrogusto perdura y ofrece una experiencia memorable. Ser\u00eda una excelente elecci\u00f3n para una mesa de quesos o como acompa\u00f1amiento de un buen vino.<\/p>\n","protected":false},"featured_media":10997,"template":"","meta":{"_acf_changed":false,"_joinchat":[]},"product_brand":[],"product_cat":[69],"product_tag":[201,213,212],"class_list":{"0":"post-10999","1":"product","2":"type-product","3":"status-publish","4":"has-post-thumbnail","6":"product_cat-quesos-yogures","7":"product_tag-aperitivo-es","8":"product_tag-premium-es","9":"product_tag-quesos","11":"first","12":"instock","13":"taxable","14":"shipping-taxable","15":"purchasable","16":"product-type-simple"},"acf":[],"yoast_head":"<!-- This site is optimized with the Yoast SEO plugin v27.4 - https:\/\/yoast.com\/product\/yoast-seo-wordpress\/ -->\n<title>Queso de oveja reserva trufado (400 grs) - labonacarn.com<\/title>\n<meta name=\"description\" content=\"Queso de oveja reserva trufado, un queso con car\u00e1cter y personalidad, con un retrogusto que perdura y ofrece una experiencia memorable.\" \/>\n<meta name=\"robots\" content=\"index, follow, max-snippet:-1, max-image-preview:large, max-video-preview:-1\" \/>\n<link rel=\"canonical\" href=\"https:\/\/labonacarn.com\/es\/producte\/queso-de-oveja-reserva-trufado-400-grs\/\" \/>\n<meta property=\"og:locale\" content=\"es_ES\" \/>\n<meta property=\"og:type\" content=\"article\" \/>\n<meta property=\"og:title\" content=\"Queso de oveja reserva trufado (400 grs) - labonacarn.com\" \/>\n<meta property=\"og:description\" content=\"Queso de oveja reserva trufado, un queso con car\u00e1cter y personalidad, con un retrogusto que perdura y ofrece una experiencia memorable.\" \/>\n<meta property=\"og:url\" content=\"https:\/\/labonacarn.com\/es\/producte\/queso-de-oveja-reserva-trufado-400-grs\/\" \/>\n<meta property=\"og:site_name\" content=\"labonacarn.com\" \/>\n<meta property=\"og:image\" content=\"https:\/\/labonacarn.com\/wp-content\/uploads\/2024\/03\/Formatgeovellatrufat.jpg\" \/>\n\t<meta property=\"og:image:width\" content=\"1000\" \/>\n\t<meta property=\"og:image:height\" content=\"750\" \/>\n\t<meta property=\"og:image:type\" content=\"image\/jpeg\" \/>\n<meta name=\"twitter:card\" content=\"summary_large_image\" \/>\n<meta name=\"twitter:label1\" content=\"Tiempo de lectura\" \/>\n\t<meta name=\"twitter:data1\" content=\"1 minuto\" \/>\n<script type=\"application\/ld+json\" class=\"yoast-schema-graph\">{\"@context\":\"https:\\\/\\\/schema.org\",\"@graph\":[{\"@type\":\"WebPage\",\"@id\":\"https:\\\/\\\/labonacarn.com\\\/es\\\/producte\\\/queso-de-oveja-reserva-trufado-400-grs\\\/\",\"url\":\"https:\\\/\\\/labonacarn.com\\\/es\\\/producte\\\/queso-de-oveja-reserva-trufado-400-grs\\\/\",\"name\":\"Queso de oveja reserva trufado (400 grs) - labonacarn.com\",\"isPartOf\":{\"@id\":\"https:\\\/\\\/labonacarn.com\\\/es\\\/#website\"},\"primaryImageOfPage\":{\"@id\":\"https:\\\/\\\/labonacarn.com\\\/es\\\/producte\\\/queso-de-oveja-reserva-trufado-400-grs\\\/#primaryimage\"},\"image\":{\"@id\":\"https:\\\/\\\/labonacarn.com\\\/es\\\/producte\\\/queso-de-oveja-reserva-trufado-400-grs\\\/#primaryimage\"},\"thumbnailUrl\":\"https:\\\/\\\/labonacarn.com\\\/wp-content\\\/uploads\\\/2024\\\/03\\\/Formatgeovellatrufat.jpg\",\"datePublished\":\"2024-03-10T08:37:57+00:00\",\"description\":\"Queso de oveja reserva trufado, un queso con car\u00e1cter y personalidad, con un retrogusto que perdura y ofrece una experiencia memorable.\",\"breadcrumb\":{\"@id\":\"https:\\\/\\\/labonacarn.com\\\/es\\\/producte\\\/queso-de-oveja-reserva-trufado-400-grs\\\/#breadcrumb\"},\"inLanguage\":\"es\",\"potentialAction\":[{\"@type\":\"ReadAction\",\"target\":[\"https:\\\/\\\/labonacarn.com\\\/es\\\/producte\\\/queso-de-oveja-reserva-trufado-400-grs\\\/\"]}]},{\"@type\":\"ImageObject\",\"inLanguage\":\"es\",\"@id\":\"https:\\\/\\\/labonacarn.com\\\/es\\\/producte\\\/queso-de-oveja-reserva-trufado-400-grs\\\/#primaryimage\",\"url\":\"https:\\\/\\\/labonacarn.com\\\/wp-content\\\/uploads\\\/2024\\\/03\\\/Formatgeovellatrufat.jpg\",\"contentUrl\":\"https:\\\/\\\/labonacarn.com\\\/wp-content\\\/uploads\\\/2024\\\/03\\\/Formatgeovellatrufat.jpg\",\"width\":1000,\"height\":750,\"caption\":\"Queso de oveja trufado\"},{\"@type\":\"BreadcrumbList\",\"@id\":\"https:\\\/\\\/labonacarn.com\\\/es\\\/producte\\\/queso-de-oveja-reserva-trufado-400-grs\\\/#breadcrumb\",\"itemListElement\":[{\"@type\":\"ListItem\",\"position\":1,\"name\":\"Portada\",\"item\":\"https:\\\/\\\/labonacarn.com\\\/es\\\/\"},{\"@type\":\"ListItem\",\"position\":2,\"name\":\"Tienda\",\"item\":\"https:\\\/\\\/labonacarn.com\\\/es\\\/tienda\\\/\"},{\"@type\":\"ListItem\",\"position\":3,\"name\":\"Queso de oveja reserva trufado (400 grs)\"}]},{\"@type\":\"WebSite\",\"@id\":\"https:\\\/\\\/labonacarn.com\\\/es\\\/#website\",\"url\":\"https:\\\/\\\/labonacarn.com\\\/es\\\/\",\"name\":\"labonacarn.com\",\"description\":\"Venem carn de vedella, porc, pollastre, xai, poltre, gall dindi i embotits de primera qualitat i fets per nosaltres.\",\"potentialAction\":[{\"@type\":\"SearchAction\",\"target\":{\"@type\":\"EntryPoint\",\"urlTemplate\":\"https:\\\/\\\/labonacarn.com\\\/es\\\/?s={search_term_string}\"},\"query-input\":{\"@type\":\"PropertyValueSpecification\",\"valueRequired\":true,\"valueName\":\"search_term_string\"}}],\"inLanguage\":\"es\"}]}<\/script>\n<!-- \/ Yoast SEO plugin. -->","yoast_head_json":{"title":"Queso de oveja reserva trufado (400 grs) - labonacarn.com","description":"Queso de oveja reserva trufado, un queso con car\u00e1cter y personalidad, con un retrogusto que perdura y ofrece una experiencia memorable.","robots":{"index":"index","follow":"follow","max-snippet":"max-snippet:-1","max-image-preview":"max-image-preview:large","max-video-preview":"max-video-preview:-1"},"canonical":"https:\/\/labonacarn.com\/es\/producte\/queso-de-oveja-reserva-trufado-400-grs\/","og_locale":"es_ES","og_type":"article","og_title":"Queso de oveja reserva trufado (400 grs) - labonacarn.com","og_description":"Queso de oveja reserva trufado, un queso con car\u00e1cter y personalidad, con un retrogusto que perdura y ofrece una experiencia memorable.","og_url":"https:\/\/labonacarn.com\/es\/producte\/queso-de-oveja-reserva-trufado-400-grs\/","og_site_name":"labonacarn.com","og_image":[{"width":1000,"height":750,"url":"https:\/\/labonacarn.com\/wp-content\/uploads\/2024\/03\/Formatgeovellatrufat.jpg","type":"image\/jpeg"}],"twitter_card":"summary_large_image","twitter_misc":{"Tiempo de lectura":"1 minuto"},"schema":{"@context":"https:\/\/schema.org","@graph":[{"@type":"WebPage","@id":"https:\/\/labonacarn.com\/es\/producte\/queso-de-oveja-reserva-trufado-400-grs\/","url":"https:\/\/labonacarn.com\/es\/producte\/queso-de-oveja-reserva-trufado-400-grs\/","name":"Queso de oveja reserva trufado (400 grs) - labonacarn.com","isPartOf":{"@id":"https:\/\/labonacarn.com\/es\/#website"},"primaryImageOfPage":{"@id":"https:\/\/labonacarn.com\/es\/producte\/queso-de-oveja-reserva-trufado-400-grs\/#primaryimage"},"image":{"@id":"https:\/\/labonacarn.com\/es\/producte\/queso-de-oveja-reserva-trufado-400-grs\/#primaryimage"},"thumbnailUrl":"https:\/\/labonacarn.com\/wp-content\/uploads\/2024\/03\/Formatgeovellatrufat.jpg","datePublished":"2024-03-10T08:37:57+00:00","description":"Queso de oveja reserva trufado, un queso con car\u00e1cter y personalidad, con un retrogusto que perdura y ofrece una experiencia memorable.","breadcrumb":{"@id":"https:\/\/labonacarn.com\/es\/producte\/queso-de-oveja-reserva-trufado-400-grs\/#breadcrumb"},"inLanguage":"es","potentialAction":[{"@type":"ReadAction","target":["https:\/\/labonacarn.com\/es\/producte\/queso-de-oveja-reserva-trufado-400-grs\/"]}]},{"@type":"ImageObject","inLanguage":"es","@id":"https:\/\/labonacarn.com\/es\/producte\/queso-de-oveja-reserva-trufado-400-grs\/#primaryimage","url":"https:\/\/labonacarn.com\/wp-content\/uploads\/2024\/03\/Formatgeovellatrufat.jpg","contentUrl":"https:\/\/labonacarn.com\/wp-content\/uploads\/2024\/03\/Formatgeovellatrufat.jpg","width":1000,"height":750,"caption":"Queso de oveja trufado"},{"@type":"BreadcrumbList","@id":"https:\/\/labonacarn.com\/es\/producte\/queso-de-oveja-reserva-trufado-400-grs\/#breadcrumb","itemListElement":[{"@type":"ListItem","position":1,"name":"Portada","item":"https:\/\/labonacarn.com\/es\/"},{"@type":"ListItem","position":2,"name":"Tienda","item":"https:\/\/labonacarn.com\/es\/tienda\/"},{"@type":"ListItem","position":3,"name":"Queso de oveja reserva trufado (400 grs)"}]},{"@type":"WebSite","@id":"https:\/\/labonacarn.com\/es\/#website","url":"https:\/\/labonacarn.com\/es\/","name":"labonacarn.com","description":"Venem carn de vedella, porc, pollastre, xai, poltre, gall dindi i embotits de primera qualitat i fets per nosaltres.","potentialAction":[{"@type":"SearchAction","target":{"@type":"EntryPoint","urlTemplate":"https:\/\/labonacarn.com\/es\/?s={search_term_string}"},"query-input":{"@type":"PropertyValueSpecification","valueRequired":true,"valueName":"search_term_string"}}],"inLanguage":"es"}]}},"_links":{"self":[{"href":"https:\/\/labonacarn.com\/es\/wp-json\/wp\/v2\/product\/10999","targetHints":{"allow":["GET"]}}],"collection":[{"href":"https:\/\/labonacarn.com\/es\/wp-json\/wp\/v2\/product"}],"about":[{"href":"https:\/\/labonacarn.com\/es\/wp-json\/wp\/v2\/types\/product"}],"wp:featuredmedia":[{"embeddable":true,"href":"https:\/\/labonacarn.com\/es\/wp-json\/wp\/v2\/media\/10997"}],"wp:attachment":[{"href":"https:\/\/labonacarn.com\/es\/wp-json\/wp\/v2\/media?parent=10999"}],"wp:term":[{"taxonomy":"product_brand","embeddable":true,"href":"https:\/\/labonacarn.com\/es\/wp-json\/wp\/v2\/product_brand?post=10999"},{"taxonomy":"product_cat","embeddable":true,"href":"https:\/\/labonacarn.com\/es\/wp-json\/wp\/v2\/product_cat?post=10999"},{"taxonomy":"product_tag","embeddable":true,"href":"https:\/\/labonacarn.com\/es\/wp-json\/wp\/v2\/product_tag?post=10999"}],"curies":[{"name":"wp","href":"https:\/\/api.w.org\/{rel}","templated":true}]}}