{"id":10960,"date":"2024-03-03T11:17:55","date_gmt":"2024-03-03T10:17:55","guid":{"rendered":"https:\/\/labonacarn.com\/producte\/butifarra-de-cerdo-con-esparragos-verdes-y-queso-emmental-400-grs\/"},"modified":"2024-03-03T11:17:55","modified_gmt":"2024-03-03T10:17:55","slug":"butifarra-de-cerdo-con-esparragos-verdes-y-queso-emmental-400-grs","status":"publish","type":"product","link":"https:\/\/labonacarn.com\/es\/producte\/butifarra-de-cerdo-con-esparragos-verdes-y-queso-emmental-400-grs\/","title":{"rendered":"Butifarra de cerdo con esp\u00e1rragos verdes y queso emmental (400 grs)"},"content":{"rendered":"<h2>Butifarra de cerdo con esp\u00e1rragos verdes y queso emmental<\/h2>\n<p>Una butifarra muy especial<\/p>\n<p>\u00a1La nueva butifarra de esp\u00e1rragos verdes con queso emmental suena deliciosa!. Servida como siempre con productos naturales, sin m\u00e1s a\u00f1adido y apto para todos. La combinaci\u00f3n de esp\u00e1rragos con el queso emmental nos aporta un sabor \u00fanico e irresistible y distinto. Hecha a mano, con el mejor cerdo de Girona.<\/p>\n<p>Servida envasada al vac\u00edo con un peso aproximado de 400 grs.<\/p>\n<h2>Los beneficios de consumier esp\u00e1rragos<\/h2>\n<p>Los esp\u00e1rragos nos aportan muchos beneficios: ricos en \u00e1cido f\u00f3lico, contra el estre\u00f1imiento. Adem\u00e1s de aportarnos minerales y vitaminas, los esp\u00e1rragos contienen much\u00edsima fibra, especialmente los esp\u00e1rragos silvestres.<br \/>\nPara regular el peso: los esp\u00e1rragos aportan muy pocas calor\u00edas, son ricos en agua y son asaciantes, y adem\u00e1s nos ayudan a ir regularmente al ba\u00f1o por su aporte en fibra diet\u00e9tica.<br \/>\nDiur\u00e9ticos: por su gran contenido en agua y por un compuesto llamado asparagina, el esp\u00e1rrago tiene acci\u00f3n diur\u00e9tica, por lo que estimula la producci\u00f3n de orina y la eliminaci\u00f3n de los productos de desecho del organismo.<br \/>\nPor tanto, su consumo es especialmente interesante para personas con retenci\u00f3n de l\u00edquidos.<\/p>\n","protected":false},"excerpt":{"rendered":"<p>La nueva butifarra de esp\u00e1rragos verdes con queso emmental suena deliciosa !!!<br \/>\nUna combinaci\u00f3n extraordinaria<\/p>\n","protected":false},"featured_media":10959,"template":"","meta":{"_acf_changed":false,"_joinchat":[]},"product_brand":[],"product_cat":[62,63],"product_tag":[134,208,193],"class_list":{"0":"post-10960","1":"product","2":"type-product","3":"status-publish","4":"has-post-thumbnail","6":"product_cat-butifarras-de-cerdo","7":"product_cat-carne","8":"product_tag-barbacoa-es","9":"product_tag-barbacoas","10":"product_tag-brasa-es","12":"first","13":"outofstock","14":"taxable","15":"shipping-taxable","16":"purchasable","17":"product-type-simple"},"acf":[],"yoast_head":"<!-- This site is optimized with the Yoast SEO plugin v27.4 - https:\/\/yoast.com\/product\/yoast-seo-wordpress\/ -->\n<title>Butifarra de cerdo con esp\u00e1rragos verdes y queso emmental (400 grs) - labonacarn.com<\/title>\n<meta name=\"description\" content=\"La nueva butifarra de esp\u00e1rragos verdes con queso emmental, servida, como siempre con productos naturales, sin ning\u00fan otro a\u00f1adido y es apta para todo el mundo.\" \/>\n<meta name=\"robots\" content=\"index, follow, max-snippet:-1, max-image-preview:large, max-video-preview:-1\" \/>\n<link rel=\"canonical\" href=\"https:\/\/labonacarn.com\/es\/producte\/butifarra-de-cerdo-con-esparragos-verdes-y-queso-emmental-400-grs\/\" \/>\n<meta property=\"og:locale\" content=\"es_ES\" \/>\n<meta property=\"og:type\" content=\"article\" \/>\n<meta property=\"og:title\" content=\"Butifarra de cerdo con esp\u00e1rragos verdes y queso emmental (400 grs) - labonacarn.com\" \/>\n<meta property=\"og:description\" content=\"La nueva butifarra de esp\u00e1rragos verdes con queso emmental, servida, como siempre con productos naturales, sin ning\u00fan otro a\u00f1adido y es apta para todo el mundo.\" \/>\n<meta property=\"og:url\" content=\"https:\/\/labonacarn.com\/es\/producte\/butifarra-de-cerdo-con-esparragos-verdes-y-queso-emmental-400-grs\/\" \/>\n<meta property=\"og:site_name\" content=\"labonacarn.com\" \/>\n<meta property=\"og:image\" content=\"https:\/\/labonacarn.com\/wp-content\/uploads\/2024\/03\/IMG_20180131_125454.jpg\" \/>\n\t<meta property=\"og:image:width\" content=\"600\" \/>\n\t<meta property=\"og:image:height\" content=\"450\" \/>\n\t<meta property=\"og:image:type\" content=\"image\/jpeg\" \/>\n<meta name=\"twitter:card\" content=\"summary_large_image\" \/>\n<meta name=\"twitter:label1\" content=\"Tiempo de lectura\" \/>\n\t<meta name=\"twitter:data1\" content=\"1 minuto\" \/>\n<script type=\"application\/ld+json\" class=\"yoast-schema-graph\">{\"@context\":\"https:\\\/\\\/schema.org\",\"@graph\":[{\"@type\":\"WebPage\",\"@id\":\"https:\\\/\\\/labonacarn.com\\\/es\\\/producte\\\/butifarra-de-cerdo-con-esparragos-verdes-y-queso-emmental-400-grs\\\/\",\"url\":\"https:\\\/\\\/labonacarn.com\\\/es\\\/producte\\\/butifarra-de-cerdo-con-esparragos-verdes-y-queso-emmental-400-grs\\\/\",\"name\":\"Butifarra de cerdo con esp\u00e1rragos verdes y queso emmental (400 grs) - labonacarn.com\",\"isPartOf\":{\"@id\":\"https:\\\/\\\/labonacarn.com\\\/es\\\/#website\"},\"primaryImageOfPage\":{\"@id\":\"https:\\\/\\\/labonacarn.com\\\/es\\\/producte\\\/butifarra-de-cerdo-con-esparragos-verdes-y-queso-emmental-400-grs\\\/#primaryimage\"},\"image\":{\"@id\":\"https:\\\/\\\/labonacarn.com\\\/es\\\/producte\\\/butifarra-de-cerdo-con-esparragos-verdes-y-queso-emmental-400-grs\\\/#primaryimage\"},\"thumbnailUrl\":\"https:\\\/\\\/labonacarn.com\\\/wp-content\\\/uploads\\\/2024\\\/03\\\/IMG_20180131_125454.jpg\",\"datePublished\":\"2024-03-03T10:17:55+00:00\",\"description\":\"La nueva butifarra de esp\u00e1rragos verdes con queso emmental, servida, como siempre con productos naturales, sin ning\u00fan otro a\u00f1adido y es apta para todo el mundo.\",\"breadcrumb\":{\"@id\":\"https:\\\/\\\/labonacarn.com\\\/es\\\/producte\\\/butifarra-de-cerdo-con-esparragos-verdes-y-queso-emmental-400-grs\\\/#breadcrumb\"},\"inLanguage\":\"es\",\"potentialAction\":[{\"@type\":\"ReadAction\",\"target\":[\"https:\\\/\\\/labonacarn.com\\\/es\\\/producte\\\/butifarra-de-cerdo-con-esparragos-verdes-y-queso-emmental-400-grs\\\/\"]}]},{\"@type\":\"ImageObject\",\"inLanguage\":\"es\",\"@id\":\"https:\\\/\\\/labonacarn.com\\\/es\\\/producte\\\/butifarra-de-cerdo-con-esparragos-verdes-y-queso-emmental-400-grs\\\/#primaryimage\",\"url\":\"https:\\\/\\\/labonacarn.com\\\/wp-content\\\/uploads\\\/2024\\\/03\\\/IMG_20180131_125454.jpg\",\"contentUrl\":\"https:\\\/\\\/labonacarn.com\\\/wp-content\\\/uploads\\\/2024\\\/03\\\/IMG_20180131_125454.jpg\",\"width\":600,\"height\":450,\"caption\":\"Butifarra de esp\u00e1rragos con queso emmental\"},{\"@type\":\"BreadcrumbList\",\"@id\":\"https:\\\/\\\/labonacarn.com\\\/es\\\/producte\\\/butifarra-de-cerdo-con-esparragos-verdes-y-queso-emmental-400-grs\\\/#breadcrumb\",\"itemListElement\":[{\"@type\":\"ListItem\",\"position\":1,\"name\":\"Portada\",\"item\":\"https:\\\/\\\/labonacarn.com\\\/es\\\/\"},{\"@type\":\"ListItem\",\"position\":2,\"name\":\"Tienda\",\"item\":\"https:\\\/\\\/labonacarn.com\\\/es\\\/tienda\\\/\"},{\"@type\":\"ListItem\",\"position\":3,\"name\":\"Butifarra de cerdo con esp\u00e1rragos verdes y queso emmental (400 grs)\"}]},{\"@type\":\"WebSite\",\"@id\":\"https:\\\/\\\/labonacarn.com\\\/es\\\/#website\",\"url\":\"https:\\\/\\\/labonacarn.com\\\/es\\\/\",\"name\":\"labonacarn.com\",\"description\":\"Venem carn de vedella, porc, pollastre, xai, poltre, gall dindi i embotits de primera qualitat i fets per nosaltres.\",\"potentialAction\":[{\"@type\":\"SearchAction\",\"target\":{\"@type\":\"EntryPoint\",\"urlTemplate\":\"https:\\\/\\\/labonacarn.com\\\/es\\\/?s={search_term_string}\"},\"query-input\":{\"@type\":\"PropertyValueSpecification\",\"valueRequired\":true,\"valueName\":\"search_term_string\"}}],\"inLanguage\":\"es\"}]}<\/script>\n<!-- \/ Yoast SEO plugin. -->","yoast_head_json":{"title":"Butifarra de cerdo con esp\u00e1rragos verdes y queso emmental (400 grs) - labonacarn.com","description":"La nueva butifarra de esp\u00e1rragos verdes con queso emmental, servida, como siempre con productos naturales, sin ning\u00fan otro a\u00f1adido y es apta para todo el mundo.","robots":{"index":"index","follow":"follow","max-snippet":"max-snippet:-1","max-image-preview":"max-image-preview:large","max-video-preview":"max-video-preview:-1"},"canonical":"https:\/\/labonacarn.com\/es\/producte\/butifarra-de-cerdo-con-esparragos-verdes-y-queso-emmental-400-grs\/","og_locale":"es_ES","og_type":"article","og_title":"Butifarra de cerdo con esp\u00e1rragos verdes y queso emmental (400 grs) - labonacarn.com","og_description":"La nueva butifarra de esp\u00e1rragos verdes con queso emmental, servida, como siempre con productos naturales, sin ning\u00fan otro a\u00f1adido y es apta para todo el mundo.","og_url":"https:\/\/labonacarn.com\/es\/producte\/butifarra-de-cerdo-con-esparragos-verdes-y-queso-emmental-400-grs\/","og_site_name":"labonacarn.com","og_image":[{"width":600,"height":450,"url":"https:\/\/labonacarn.com\/wp-content\/uploads\/2024\/03\/IMG_20180131_125454.jpg","type":"image\/jpeg"}],"twitter_card":"summary_large_image","twitter_misc":{"Tiempo de lectura":"1 minuto"},"schema":{"@context":"https:\/\/schema.org","@graph":[{"@type":"WebPage","@id":"https:\/\/labonacarn.com\/es\/producte\/butifarra-de-cerdo-con-esparragos-verdes-y-queso-emmental-400-grs\/","url":"https:\/\/labonacarn.com\/es\/producte\/butifarra-de-cerdo-con-esparragos-verdes-y-queso-emmental-400-grs\/","name":"Butifarra de cerdo con esp\u00e1rragos verdes y queso emmental (400 grs) - labonacarn.com","isPartOf":{"@id":"https:\/\/labonacarn.com\/es\/#website"},"primaryImageOfPage":{"@id":"https:\/\/labonacarn.com\/es\/producte\/butifarra-de-cerdo-con-esparragos-verdes-y-queso-emmental-400-grs\/#primaryimage"},"image":{"@id":"https:\/\/labonacarn.com\/es\/producte\/butifarra-de-cerdo-con-esparragos-verdes-y-queso-emmental-400-grs\/#primaryimage"},"thumbnailUrl":"https:\/\/labonacarn.com\/wp-content\/uploads\/2024\/03\/IMG_20180131_125454.jpg","datePublished":"2024-03-03T10:17:55+00:00","description":"La nueva butifarra de esp\u00e1rragos verdes con queso emmental, servida, como siempre con productos naturales, sin ning\u00fan otro a\u00f1adido y es apta para todo el mundo.","breadcrumb":{"@id":"https:\/\/labonacarn.com\/es\/producte\/butifarra-de-cerdo-con-esparragos-verdes-y-queso-emmental-400-grs\/#breadcrumb"},"inLanguage":"es","potentialAction":[{"@type":"ReadAction","target":["https:\/\/labonacarn.com\/es\/producte\/butifarra-de-cerdo-con-esparragos-verdes-y-queso-emmental-400-grs\/"]}]},{"@type":"ImageObject","inLanguage":"es","@id":"https:\/\/labonacarn.com\/es\/producte\/butifarra-de-cerdo-con-esparragos-verdes-y-queso-emmental-400-grs\/#primaryimage","url":"https:\/\/labonacarn.com\/wp-content\/uploads\/2024\/03\/IMG_20180131_125454.jpg","contentUrl":"https:\/\/labonacarn.com\/wp-content\/uploads\/2024\/03\/IMG_20180131_125454.jpg","width":600,"height":450,"caption":"Butifarra de esp\u00e1rragos con queso emmental"},{"@type":"BreadcrumbList","@id":"https:\/\/labonacarn.com\/es\/producte\/butifarra-de-cerdo-con-esparragos-verdes-y-queso-emmental-400-grs\/#breadcrumb","itemListElement":[{"@type":"ListItem","position":1,"name":"Portada","item":"https:\/\/labonacarn.com\/es\/"},{"@type":"ListItem","position":2,"name":"Tienda","item":"https:\/\/labonacarn.com\/es\/tienda\/"},{"@type":"ListItem","position":3,"name":"Butifarra de cerdo con esp\u00e1rragos verdes y queso emmental (400 grs)"}]},{"@type":"WebSite","@id":"https:\/\/labonacarn.com\/es\/#website","url":"https:\/\/labonacarn.com\/es\/","name":"labonacarn.com","description":"Venem carn de vedella, porc, pollastre, xai, poltre, gall dindi i embotits de primera qualitat i fets per nosaltres.","potentialAction":[{"@type":"SearchAction","target":{"@type":"EntryPoint","urlTemplate":"https:\/\/labonacarn.com\/es\/?s={search_term_string}"},"query-input":{"@type":"PropertyValueSpecification","valueRequired":true,"valueName":"search_term_string"}}],"inLanguage":"es"}]}},"_links":{"self":[{"href":"https:\/\/labonacarn.com\/es\/wp-json\/wp\/v2\/product\/10960","targetHints":{"allow":["GET"]}}],"collection":[{"href":"https:\/\/labonacarn.com\/es\/wp-json\/wp\/v2\/product"}],"about":[{"href":"https:\/\/labonacarn.com\/es\/wp-json\/wp\/v2\/types\/product"}],"wp:featuredmedia":[{"embeddable":true,"href":"https:\/\/labonacarn.com\/es\/wp-json\/wp\/v2\/media\/10959"}],"wp:attachment":[{"href":"https:\/\/labonacarn.com\/es\/wp-json\/wp\/v2\/media?parent=10960"}],"wp:term":[{"taxonomy":"product_brand","embeddable":true,"href":"https:\/\/labonacarn.com\/es\/wp-json\/wp\/v2\/product_brand?post=10960"},{"taxonomy":"product_cat","embeddable":true,"href":"https:\/\/labonacarn.com\/es\/wp-json\/wp\/v2\/product_cat?post=10960"},{"taxonomy":"product_tag","embeddable":true,"href":"https:\/\/labonacarn.com\/es\/wp-json\/wp\/v2\/product_tag?post=10960"}],"curies":[{"name":"wp","href":"https:\/\/api.w.org\/{rel}","templated":true}]}}