{"id":5145,"date":"2022-03-06T14:34:42","date_gmt":"2022-03-06T14:34:42","guid":{"rendered":"https:\/\/labonacarn.com\/?page_id=5145"},"modified":"2022-03-06T14:40:54","modified_gmt":"2022-03-06T14:40:54","slug":"aviso-legal","status":"publish","type":"page","link":"https:\/\/labonacarn.com\/es\/aviso-legal\/","title":{"rendered":"Aviso legal"},"content":{"rendered":"<h1>Aviso legal<\/h1>\n<p>El sitio web y el dominio\u00a0labonacarn.com corresponden a\u00a0CABAS2011 S.L con CIF\u00a0B65580789 y domicilio en la C\/ Anselm Clav\u00e9, 6, de Sant Celoni (CP\u00a008470), direcci\u00f3n electr\u00f3nica info@labonacarn.com, inscrita en el Registro Mercantil de , Tomo , Folio , Secci\u00f3n , Hoja , Inscripci\u00f3n .<\/p>\n<p><strong>Propiedad intelectual e industrial<\/strong><br \/>\nLos derechos sobre los contenidos de este sitio, incluyendo los textos, im\u00e1genes, dise\u00f1os gr\u00e1ficos, marcas y otros signos distintivos (en adelante los contenidos), pertenecen a LA BONA CARN o a terceros que han autorizado su uso.\u00a0LA BONA CARN presenta estos contenidos para informar de sus servicios y actividades. LA BONA CARN autoriza la utilizaci\u00f3n de los contenidos para usos no comerciales siempre que se indique de forma clara la fuente. Si los contenidos se utilizan en entornos web ser\u00e1 necesario incluir un enlace\u00a0<a title=\"a la p\u00e1gina de inicio del sitio web\" href=\"https:\/\/www.labonacarn.com\/gestorweb\/a%20la%20p%C3%A0gina%20d%E2%80%99inici%20del%20lloc%20web\">a la p\u00e1gina de inicio del sitio web<\/a>. LA BONA CARN se reserva el derecho a iniciar las acciones legales oportunas en defensa de sus derechos de propiedad intelectual o industrial.<br \/>\nNo se autorizan presentaciones de los contenidos de este sitio en una ventana ajena a https:\/\/www.labonacarn.com\/(framing).<\/p>\n<p><strong>Responsabilidad sobre los contenidos<\/strong><br \/>\nAunque\u00a0LA BONA CARN act\u00faa con la m\u00e1xima diligencia posible, puede darse el caso de que alg\u00fan dato o informaci\u00f3n no est\u00e9 del todo actualizada en el momento que el usuario del sitio web lo consulte. Por eso\u00a0LA BONA CARN manifiesta que las referencias de los servicios que se presentan en su sitio web tienen una funci\u00f3n orientativa y no obligan a\u00a0LA BONA CARN hasta la contrataci\u00f3n expresa de un pedido.<br \/>\nLA BONA CARN\u00a0se reserva el derecho a modificar unilateralmente, en cualquier momento y sin previo aviso, la presentaci\u00f3n, configuraci\u00f3n y contenidos de la web.<br \/>\nLA BONA CARN\u00a0no ser\u00e1 responsable de la informaci\u00f3n que se pueda obtener a trav\u00e9s de enlaces incluidos en el sitio.<\/p>\n<p><strong>Condiciones de uso<\/strong><br \/>\nEl uso de este sitio web implica la aceptaci\u00f3n plena de los t\u00e9rminos y condiciones del presente aviso legal. Los posibles conflictos relativos a esta web se regir\u00e1n exclusivamente por el derecho del Estado espa\u00f1ol. Toda persona usuaria del web, independientemente de la jurisdicci\u00f3n territorial desde la que se produzca su acceso, acepta el cumplimiento y respeto de estas cl\u00e1usulas con renuncia expresa a cualquier otro fuero que pudiera corresponder.<\/p>\n","protected":false},"excerpt":{"rendered":"<p>Aviso legal El sitio web y el dominio\u00a0labonacarn.com corresponden a\u00a0CABAS2011 S.L con CIF\u00a0B65580789 y domicilio en la C\/ Anselm Clav\u00e9, 6, de Sant Celoni (CP\u00a008470),&#8230;<\/p>\n","protected":false},"author":1,"featured_media":0,"parent":0,"menu_order":0,"comment_status":"closed","ping_status":"closed","template":"","meta":{"_acf_changed":false,"_joinchat":[],"footnotes":""},"class_list":["post-5145","page","type-page","status-publish"],"acf":[],"yoast_head":"<!-- This site is optimized with the Yoast SEO plugin v27.4 - https:\/\/yoast.com\/product\/yoast-seo-wordpress\/ -->\n<title>Aviso legal - labonacarn.com<\/title>\n<meta name=\"robots\" content=\"index, follow, max-snippet:-1, max-image-preview:large, max-video-preview:-1\" \/>\n<link rel=\"canonical\" href=\"https:\/\/labonacarn.com\/es\/aviso-legal\/\" \/>\n<meta property=\"og:locale\" content=\"es_ES\" \/>\n<meta property=\"og:type\" content=\"article\" \/>\n<meta property=\"og:title\" content=\"Aviso legal - labonacarn.com\" \/>\n<meta property=\"og:description\" content=\"Aviso legal El sitio web y el dominio\u00a0labonacarn.com corresponden a\u00a0CABAS2011 S.L con CIF\u00a0B65580789 y domicilio en la C\/ Anselm Clav\u00e9, 6, de Sant Celoni (CP\u00a008470),...\" \/>\n<meta property=\"og:url\" content=\"https:\/\/labonacarn.com\/es\/aviso-legal\/\" \/>\n<meta property=\"og:site_name\" content=\"labonacarn.com\" \/>\n<meta property=\"article:modified_time\" content=\"2022-03-06T14:40:54+00:00\" \/>\n<meta name=\"twitter:card\" content=\"summary_large_image\" \/>\n<meta name=\"twitter:label1\" content=\"Tiempo de lectura\" \/>\n\t<meta name=\"twitter:data1\" content=\"2 minutos\" \/>\n<script type=\"application\/ld+json\" class=\"yoast-schema-graph\">{\"@context\":\"https:\\\/\\\/schema.org\",\"@graph\":[{\"@type\":\"WebPage\",\"@id\":\"https:\\\/\\\/labonacarn.com\\\/es\\\/aviso-legal\\\/\",\"url\":\"https:\\\/\\\/labonacarn.com\\\/es\\\/aviso-legal\\\/\",\"name\":\"Aviso legal - labonacarn.com\",\"isPartOf\":{\"@id\":\"https:\\\/\\\/labonacarn.com\\\/es\\\/#website\"},\"datePublished\":\"2022-03-06T14:34:42+00:00\",\"dateModified\":\"2022-03-06T14:40:54+00:00\",\"breadcrumb\":{\"@id\":\"https:\\\/\\\/labonacarn.com\\\/es\\\/aviso-legal\\\/#breadcrumb\"},\"inLanguage\":\"es\",\"potentialAction\":[{\"@type\":\"ReadAction\",\"target\":[\"https:\\\/\\\/labonacarn.com\\\/es\\\/aviso-legal\\\/\"]}]},{\"@type\":\"BreadcrumbList\",\"@id\":\"https:\\\/\\\/labonacarn.com\\\/es\\\/aviso-legal\\\/#breadcrumb\",\"itemListElement\":[{\"@type\":\"ListItem\",\"position\":1,\"name\":\"Portada\",\"item\":\"https:\\\/\\\/labonacarn.com\\\/es\\\/\"},{\"@type\":\"ListItem\",\"position\":2,\"name\":\"Aviso legal\"}]},{\"@type\":\"WebSite\",\"@id\":\"https:\\\/\\\/labonacarn.com\\\/es\\\/#website\",\"url\":\"https:\\\/\\\/labonacarn.com\\\/es\\\/\",\"name\":\"labonacarn.com\",\"description\":\"Venem carn de vedella, porc, pollastre, xai, poltre, gall dindi i embotits de primera qualitat i fets per nosaltres.\",\"potentialAction\":[{\"@type\":\"SearchAction\",\"target\":{\"@type\":\"EntryPoint\",\"urlTemplate\":\"https:\\\/\\\/labonacarn.com\\\/es\\\/?s={search_term_string}\"},\"query-input\":{\"@type\":\"PropertyValueSpecification\",\"valueRequired\":true,\"valueName\":\"search_term_string\"}}],\"inLanguage\":\"es\"}]}<\/script>\n<!-- \/ Yoast SEO plugin. -->","yoast_head_json":{"title":"Aviso legal - labonacarn.com","robots":{"index":"index","follow":"follow","max-snippet":"max-snippet:-1","max-image-preview":"max-image-preview:large","max-video-preview":"max-video-preview:-1"},"canonical":"https:\/\/labonacarn.com\/es\/aviso-legal\/","og_locale":"es_ES","og_type":"article","og_title":"Aviso legal - labonacarn.com","og_description":"Aviso legal El sitio web y el dominio\u00a0labonacarn.com corresponden a\u00a0CABAS2011 S.L con CIF\u00a0B65580789 y domicilio en la C\/ Anselm Clav\u00e9, 6, de Sant Celoni (CP\u00a008470),...","og_url":"https:\/\/labonacarn.com\/es\/aviso-legal\/","og_site_name":"labonacarn.com","article_modified_time":"2022-03-06T14:40:54+00:00","twitter_card":"summary_large_image","twitter_misc":{"Tiempo de lectura":"2 minutos"},"schema":{"@context":"https:\/\/schema.org","@graph":[{"@type":"WebPage","@id":"https:\/\/labonacarn.com\/es\/aviso-legal\/","url":"https:\/\/labonacarn.com\/es\/aviso-legal\/","name":"Aviso legal - labonacarn.com","isPartOf":{"@id":"https:\/\/labonacarn.com\/es\/#website"},"datePublished":"2022-03-06T14:34:42+00:00","dateModified":"2022-03-06T14:40:54+00:00","breadcrumb":{"@id":"https:\/\/labonacarn.com\/es\/aviso-legal\/#breadcrumb"},"inLanguage":"es","potentialAction":[{"@type":"ReadAction","target":["https:\/\/labonacarn.com\/es\/aviso-legal\/"]}]},{"@type":"BreadcrumbList","@id":"https:\/\/labonacarn.com\/es\/aviso-legal\/#breadcrumb","itemListElement":[{"@type":"ListItem","position":1,"name":"Portada","item":"https:\/\/labonacarn.com\/es\/"},{"@type":"ListItem","position":2,"name":"Aviso legal"}]},{"@type":"WebSite","@id":"https:\/\/labonacarn.com\/es\/#website","url":"https:\/\/labonacarn.com\/es\/","name":"labonacarn.com","description":"Venem carn de vedella, porc, pollastre, xai, poltre, gall dindi i embotits de primera qualitat i fets per nosaltres.","potentialAction":[{"@type":"SearchAction","target":{"@type":"EntryPoint","urlTemplate":"https:\/\/labonacarn.com\/es\/?s={search_term_string}"},"query-input":{"@type":"PropertyValueSpecification","valueRequired":true,"valueName":"search_term_string"}}],"inLanguage":"es"}]}},"_links":{"self":[{"href":"https:\/\/labonacarn.com\/es\/wp-json\/wp\/v2\/pages\/5145","targetHints":{"allow":["GET"]}}],"collection":[{"href":"https:\/\/labonacarn.com\/es\/wp-json\/wp\/v2\/pages"}],"about":[{"href":"https:\/\/labonacarn.com\/es\/wp-json\/wp\/v2\/types\/page"}],"author":[{"embeddable":true,"href":"https:\/\/labonacarn.com\/es\/wp-json\/wp\/v2\/users\/1"}],"replies":[{"embeddable":true,"href":"https:\/\/labonacarn.com\/es\/wp-json\/wp\/v2\/comments?post=5145"}],"version-history":[{"count":0,"href":"https:\/\/labonacarn.com\/es\/wp-json\/wp\/v2\/pages\/5145\/revisions"}],"wp:attachment":[{"href":"https:\/\/labonacarn.com\/es\/wp-json\/wp\/v2\/media?parent=5145"}],"curies":[{"name":"wp","href":"https:\/\/api.w.org\/{rel}","templated":true}]}}