{"id":5133,"date":"2022-03-06T14:21:45","date_gmt":"2022-03-06T13:21:45","guid":{"rendered":"https:\/\/labonacarn.com\/servicio-al-cliente\/"},"modified":"2022-03-06T14:31:18","modified_gmt":"2022-03-06T14:31:18","slug":"servicio-al-cliente","status":"publish","type":"page","link":"https:\/\/labonacarn.com\/es\/servicio-al-cliente\/","title":{"rendered":"Servicio al cliente"},"content":{"rendered":"<div class=\"row\">\n<div class=\"col-md-12\">\n<h1>Confidencialidad, env\u00edos y devoluciones<\/h1>\n<\/div>\n<\/div>\n<div class=\"row\">\n<div class=\"col-md-12\">\n<p><strong>CONFIDENCIALIDAD<\/strong><\/p>\n<div>\n<p>Labonacarn.com, cumpliendo con la Ley Org\u00e1nica 15\/1999, de 13 de diciembre, de Protecci\u00f3n de Datos de Car\u00e1cter Personal, se compromete a no suministrar los datos suministrados por nuestros clientes a nadie. Si un cliente se quiere dar de baja de nuestra base de datos, s\u00f3lo nos lo comunicar\u00e1 y as\u00ed procederemos. Para cualquier otro hecho, estamos en la direcci\u00f3n <a href=\"mailto:info@labonacarn.com\" target=\"_blank\" rel=\"noopener\"><strong>info@labonacarn.com<\/strong><\/a><\/p>\n<p><strong>ENV\u00cdOS<\/strong><\/p>\n<p>Los env\u00edos se hacen dentro del horario de las 15 horas hasta las 21 horas de martes a jueves y viernes de 10 a 15 horas. Cuando se hace el pedido se pone la hora que se quiere recibir el pedido y el d\u00eda. Todos nuestros productos son envasados el d\u00eda antes de entregar el pedido, con el fin de entregar un producto bueno, fresco y en excelentes condiciones. Los pedidos inferiores a 30\u20ac tienen un cargo de transporte. Los pedidos fuera de nuestro radio de acci\u00f3n tambi\u00e9n hay cargo de transporte. Nuestro radio de acci\u00f3n \u00e9s la comarca de Vall\u00e9s Oriental, Vall\u00e9s Occidental, Maresme y Barcelona. Somos una peque\u00f1a empresa muy cercana al cliente y por lo tanto, las entregas de los pedidos las hacemos personalmente con gente de la casa, a la que se puede dirigir para cualquier consulta sobre productos, servicio, etc., as\u00ed como para poder manifestar cualquier queja o recomendaci\u00f3n para mejorar, le estaremos muy agradecidos.  <\/p>\n<p><strong>DEVOLUCIONES<\/strong><\/p>\n<p>Si desea devolver cualquier producto porque presenta alguna carencia, se comunica con un simple correo electr\u00f3nico a la direcci\u00f3n de abajo y os haremos llegar uno de nuevo que sustituye al anterior. Si el cliente lo desea, procedemos a devolver el dinero del producto servido.<\/p>\n<p><strong>Nuestro principal objetivo es servir un producto de calidad a vuestra casa y a un precio correcto. La clave de nuestro \u00e9xito es vuestra satisfacci\u00f3n.<br \/>\n<\/strong>Puede contactar con nosotros en el correo info@labonacarn.com o por correo en:<\/p>\n<p><strong>Labonacarn.com<\/strong><br \/>\nC\/Anselm Clav\u00e9, 6 08470 Sant Celoni<\/p>\n<\/div>\n<\/div>\n<\/div>\n","protected":false},"excerpt":{"rendered":"<p>Confidencialidad, env\u00edos y devoluciones CONFIDENCIALIDAD Labonacarn.com, cumpliendo con la Ley Org\u00e1nica 15\/1999, de 13 de diciembre, de Protecci\u00f3n de Datos de Car\u00e1cter Personal, se compromete&#8230;<\/p>\n","protected":false},"author":1,"featured_media":0,"parent":0,"menu_order":0,"comment_status":"closed","ping_status":"closed","template":"","meta":{"_acf_changed":false,"_joinchat":[],"footnotes":""},"class_list":["post-5133","page","type-page","status-publish"],"acf":[],"yoast_head":"<!-- This site is optimized with the Yoast SEO plugin v27.4 - https:\/\/yoast.com\/product\/yoast-seo-wordpress\/ -->\n<title>Servicio al cliente - labonacarn.com<\/title>\n<meta name=\"robots\" content=\"index, follow, max-snippet:-1, max-image-preview:large, max-video-preview:-1\" \/>\n<link rel=\"canonical\" href=\"https:\/\/labonacarn.com\/es\/servicio-al-cliente\/\" \/>\n<meta property=\"og:locale\" content=\"es_ES\" \/>\n<meta property=\"og:type\" content=\"article\" \/>\n<meta property=\"og:title\" content=\"Servicio al cliente - labonacarn.com\" \/>\n<meta property=\"og:description\" content=\"Confidencialidad, env\u00edos y devoluciones CONFIDENCIALIDAD Labonacarn.com, cumpliendo con la Ley Org\u00e1nica 15\/1999, de 13 de diciembre, de Protecci\u00f3n de Datos de Car\u00e1cter Personal, se compromete...\" \/>\n<meta property=\"og:url\" content=\"https:\/\/labonacarn.com\/es\/servicio-al-cliente\/\" \/>\n<meta property=\"og:site_name\" content=\"labonacarn.com\" \/>\n<meta property=\"article:modified_time\" content=\"2022-03-06T14:31:18+00:00\" \/>\n<meta name=\"twitter:card\" content=\"summary_large_image\" \/>\n<meta name=\"twitter:label1\" content=\"Tiempo de lectura\" \/>\n\t<meta name=\"twitter:data1\" content=\"2 minutos\" \/>\n<script type=\"application\/ld+json\" class=\"yoast-schema-graph\">{\"@context\":\"https:\\\/\\\/schema.org\",\"@graph\":[{\"@type\":\"WebPage\",\"@id\":\"https:\\\/\\\/labonacarn.com\\\/es\\\/servicio-al-cliente\\\/\",\"url\":\"https:\\\/\\\/labonacarn.com\\\/es\\\/servicio-al-cliente\\\/\",\"name\":\"Servicio al cliente - labonacarn.com\",\"isPartOf\":{\"@id\":\"https:\\\/\\\/labonacarn.com\\\/es\\\/#website\"},\"datePublished\":\"2022-03-06T13:21:45+00:00\",\"dateModified\":\"2022-03-06T14:31:18+00:00\",\"breadcrumb\":{\"@id\":\"https:\\\/\\\/labonacarn.com\\\/es\\\/servicio-al-cliente\\\/#breadcrumb\"},\"inLanguage\":\"es\",\"potentialAction\":[{\"@type\":\"ReadAction\",\"target\":[\"https:\\\/\\\/labonacarn.com\\\/es\\\/servicio-al-cliente\\\/\"]}]},{\"@type\":\"BreadcrumbList\",\"@id\":\"https:\\\/\\\/labonacarn.com\\\/es\\\/servicio-al-cliente\\\/#breadcrumb\",\"itemListElement\":[{\"@type\":\"ListItem\",\"position\":1,\"name\":\"Portada\",\"item\":\"https:\\\/\\\/labonacarn.com\\\/es\\\/\"},{\"@type\":\"ListItem\",\"position\":2,\"name\":\"Servicio al cliente\"}]},{\"@type\":\"WebSite\",\"@id\":\"https:\\\/\\\/labonacarn.com\\\/es\\\/#website\",\"url\":\"https:\\\/\\\/labonacarn.com\\\/es\\\/\",\"name\":\"labonacarn.com\",\"description\":\"Venem carn de vedella, porc, pollastre, xai, poltre, gall dindi i embotits de primera qualitat i fets per nosaltres.\",\"potentialAction\":[{\"@type\":\"SearchAction\",\"target\":{\"@type\":\"EntryPoint\",\"urlTemplate\":\"https:\\\/\\\/labonacarn.com\\\/es\\\/?s={search_term_string}\"},\"query-input\":{\"@type\":\"PropertyValueSpecification\",\"valueRequired\":true,\"valueName\":\"search_term_string\"}}],\"inLanguage\":\"es\"}]}<\/script>\n<!-- \/ Yoast SEO plugin. -->","yoast_head_json":{"title":"Servicio al cliente - labonacarn.com","robots":{"index":"index","follow":"follow","max-snippet":"max-snippet:-1","max-image-preview":"max-image-preview:large","max-video-preview":"max-video-preview:-1"},"canonical":"https:\/\/labonacarn.com\/es\/servicio-al-cliente\/","og_locale":"es_ES","og_type":"article","og_title":"Servicio al cliente - labonacarn.com","og_description":"Confidencialidad, env\u00edos y devoluciones CONFIDENCIALIDAD Labonacarn.com, cumpliendo con la Ley Org\u00e1nica 15\/1999, de 13 de diciembre, de Protecci\u00f3n de Datos de Car\u00e1cter Personal, se compromete...","og_url":"https:\/\/labonacarn.com\/es\/servicio-al-cliente\/","og_site_name":"labonacarn.com","article_modified_time":"2022-03-06T14:31:18+00:00","twitter_card":"summary_large_image","twitter_misc":{"Tiempo de lectura":"2 minutos"},"schema":{"@context":"https:\/\/schema.org","@graph":[{"@type":"WebPage","@id":"https:\/\/labonacarn.com\/es\/servicio-al-cliente\/","url":"https:\/\/labonacarn.com\/es\/servicio-al-cliente\/","name":"Servicio al cliente - labonacarn.com","isPartOf":{"@id":"https:\/\/labonacarn.com\/es\/#website"},"datePublished":"2022-03-06T13:21:45+00:00","dateModified":"2022-03-06T14:31:18+00:00","breadcrumb":{"@id":"https:\/\/labonacarn.com\/es\/servicio-al-cliente\/#breadcrumb"},"inLanguage":"es","potentialAction":[{"@type":"ReadAction","target":["https:\/\/labonacarn.com\/es\/servicio-al-cliente\/"]}]},{"@type":"BreadcrumbList","@id":"https:\/\/labonacarn.com\/es\/servicio-al-cliente\/#breadcrumb","itemListElement":[{"@type":"ListItem","position":1,"name":"Portada","item":"https:\/\/labonacarn.com\/es\/"},{"@type":"ListItem","position":2,"name":"Servicio al cliente"}]},{"@type":"WebSite","@id":"https:\/\/labonacarn.com\/es\/#website","url":"https:\/\/labonacarn.com\/es\/","name":"labonacarn.com","description":"Venem carn de vedella, porc, pollastre, xai, poltre, gall dindi i embotits de primera qualitat i fets per nosaltres.","potentialAction":[{"@type":"SearchAction","target":{"@type":"EntryPoint","urlTemplate":"https:\/\/labonacarn.com\/es\/?s={search_term_string}"},"query-input":{"@type":"PropertyValueSpecification","valueRequired":true,"valueName":"search_term_string"}}],"inLanguage":"es"}]}},"_links":{"self":[{"href":"https:\/\/labonacarn.com\/es\/wp-json\/wp\/v2\/pages\/5133","targetHints":{"allow":["GET"]}}],"collection":[{"href":"https:\/\/labonacarn.com\/es\/wp-json\/wp\/v2\/pages"}],"about":[{"href":"https:\/\/labonacarn.com\/es\/wp-json\/wp\/v2\/types\/page"}],"author":[{"embeddable":true,"href":"https:\/\/labonacarn.com\/es\/wp-json\/wp\/v2\/users\/1"}],"replies":[{"embeddable":true,"href":"https:\/\/labonacarn.com\/es\/wp-json\/wp\/v2\/comments?post=5133"}],"version-history":[{"count":0,"href":"https:\/\/labonacarn.com\/es\/wp-json\/wp\/v2\/pages\/5133\/revisions"}],"wp:attachment":[{"href":"https:\/\/labonacarn.com\/es\/wp-json\/wp\/v2\/media?parent=5133"}],"curies":[{"name":"wp","href":"https:\/\/api.w.org\/{rel}","templated":true}]}}